{"id":6145,"date":"2019-08-05T14:39:51","date_gmt":"2019-08-05T13:39:51","guid":{"rendered":"http:\/\/www.presstourism.ch\/WP_ALEX\/?page_id=6145"},"modified":"2019-08-05T14:52:12","modified_gmt":"2019-08-05T13:52:12","slug":"le-tourisme-est-un-predateur-il-detruit-ce-quil-fait-vivre","status":"publish","type":"page","link":"http:\/\/www.presstourism.ch\/?page_id=6145","title":{"rendered":"\u00ab\u00a0Le tourisme est un pr\u00e9dateur, il d\u00e9truit ce qu&rsquo;il fait vivre\u00a0\u00bb"},"content":{"rendered":"\n<p><\/p>\n\n\n\n<p>Laurent Tissot, sp\u00e9cialiste de\nl&rsquo;histoire des loisirs et du tourisme&nbsp;<\/p>\n\n\n\n<figure class=\"wp-block-image\"><img loading=\"lazy\" width=\"584\" height=\"328\" src=\"https:\/\/i0.wp.com\/www.presstourism.ch\/WP_ALEX\/wp-content\/uploads\/2019\/08\/Tissot.jpg?resize=584%2C328\" alt=\"\" class=\"wp-image-6146\" srcset=\"https:\/\/i1.wp.com\/www.presstourism.ch\/wp-content\/uploads\/2019\/08\/Tissot.jpg?w=900 900w, https:\/\/i1.wp.com\/www.presstourism.ch\/wp-content\/uploads\/2019\/08\/Tissot.jpg?resize=300%2C169 300w, https:\/\/i1.wp.com\/www.presstourism.ch\/wp-content\/uploads\/2019\/08\/Tissot.jpg?resize=768%2C432 768w, https:\/\/i1.wp.com\/www.presstourism.ch\/wp-content\/uploads\/2019\/08\/Tissot.jpg?resize=600%2C337 600w\" sizes=\"(max-width: 584px) 100vw, 584px\" data-recalc-dims=\"1\" \/><figcaption>Laurent Tissot<\/figcaption><\/figure>\n\n\n\n<p>Alors que le tourisme de masse p\u00e8se de plus en plus sur les villes europ\u00e9ennes, Lucerne tente de r\u00e9guler le nombre de ses visiteurs. Pour le professeur Laurent Tissot, toutefois, les c\u00f4t\u00e9s sombres du tourisme ont toujours \u00e9t\u00e9 indissociables de ses c\u00f4t\u00e9s positifs.<\/p>\n\n\n\n<div class=\"wp-block-image\"><figure class=\"aligncenter is-resized\"><img loading=\"lazy\" src=\"https:\/\/i2.wp.com\/www.presstourism.ch\/WP_ALEX\/wp-content\/uploads\/2019\/08\/Lucerne-Taille-dorigine.jpg?resize=253%2C172\" alt=\"\" class=\"wp-image-6147\" width=\"253\" height=\"172\" data-recalc-dims=\"1\" \/><\/figure><\/div>\n\n\n\n<p><\/p>\n\n\n\n<p>Devenues embl\u00e9matiques du tourisme de masse, les\nvilles de Venise et Barcelone n&rsquo;en peuvent plus des centaines de milliers de\nvisiteurs qui les envahissent chaque ann\u00e9e. En Suisse, c&rsquo;est Lucerne qui peine\nle plus \u00e0 g\u00e9rer son flot de touristes. Pour juguler les quelque 25&rsquo;000\npersonnes par jour qui s&rsquo;arr\u00eatent dans la cit\u00e9, elle songe \u00e0 introduire une\ntaxe sur les autocars touristiques.<\/p>\n\n\n\n<div class=\"wp-block-image\"><figure class=\"aligncenter is-resized\"><img loading=\"lazy\" src=\"https:\/\/i2.wp.com\/www.presstourism.ch\/WP_ALEX\/wp-content\/uploads\/2019\/08\/Venise-Taille-dorigine.jpg?resize=250%2C122\" alt=\"\" class=\"wp-image-6148\" width=\"250\" height=\"122\" srcset=\"https:\/\/i1.wp.com\/www.presstourism.ch\/wp-content\/uploads\/2019\/08\/Venise-Taille-dorigine.jpg?w=321 321w, https:\/\/i1.wp.com\/www.presstourism.ch\/wp-content\/uploads\/2019\/08\/Venise-Taille-dorigine.jpg?resize=300%2C147 300w\" sizes=\"(max-width: 250px) 100vw, 250px\" data-recalc-dims=\"1\" \/><\/figure><\/div>\n\n\n\n<p>Pour Laurent Tissot, professeur \u00e9m\u00e9rite en histoire\ncontemporaine \u00e0 l\u2019Universit\u00e9 de Neuch\u00e2tel, la Suisse dans son ensemble va\ndevoir faire face \u00e0 un tourisme de masse qui va devenir de plus en plus\nprobl\u00e9matique. Mais si l&rsquo;on parle beaucoup, actuellement, de ses aspects\nn\u00e9gatifs, il se n&rsquo;agit pas d&rsquo;un ph\u00e9nom\u00e8ne nouveau.<\/p>\n\n\n\n<div class=\"wp-block-image\"><figure class=\"aligncenter is-resized\"><img loading=\"lazy\" src=\"https:\/\/i2.wp.com\/www.presstourism.ch\/WP_ALEX\/wp-content\/uploads\/2019\/08\/Barcelone-Taille-dorigine.jpg?resize=250%2C125\" alt=\"\" class=\"wp-image-6149\" width=\"250\" height=\"125\" srcset=\"https:\/\/i1.wp.com\/www.presstourism.ch\/wp-content\/uploads\/2019\/08\/Barcelone-Taille-dorigine.jpg?w=318 318w, https:\/\/i1.wp.com\/www.presstourism.ch\/wp-content\/uploads\/2019\/08\/Barcelone-Taille-dorigine.jpg?resize=300%2C150 300w\" sizes=\"(max-width: 250px) 100vw, 250px\" data-recalc-dims=\"1\" \/><\/figure><\/div>\n\n\n\n<p>\u00ab\u00a0Jusqu&rsquo;ici, on ne voulait voir et parler que\nde la face positive du tourisme: les gens qui s&rsquo;\u00e9panouissent en voyageant, la\ncr\u00e9ation d&#8217;emplois dans les r\u00e9gions visit\u00e9es&#8230; Mais on ne peut pas occulter\nson autre face. Le tourisme est un pr\u00e9dateur. Il \u00e9rode, et \u00e0 terme peut mettre\nen p\u00e9ril et d\u00e9truire ce qu&rsquo;il fait vivre\u00a0\u00bb, avertit ce sp\u00e9cialiste de\nl\u2019histoire des loisirs et du tourisme, invit\u00e9 le lundi 4 ao\u00fbt 2019 dans La\nMatinale de la RTS.<\/p>\n\n\n\n<p>C\u00f4t\u00e9 sombre occult\u00e9<\/p>\n\n\n\n<p>Ce visage-l\u00e0 doit absolument \u00eatre associ\u00e9 \u00e0\nl&rsquo;autre, positif, auquel on pr\u00e9f\u00e8re penser, poursuit Laurent Tissot.\n\u00ab\u00a0C&rsquo;est peut-\u00eatre la critique que l&rsquo;on peut \u00e9mettre au niveau de la\npolitique touristique, non seulement en Suisse mais aussi \u00e0 l&rsquo;\u00e9tranger: ne voir\nque son bon c\u00f4t\u00e9, pour ensuite constater les d\u00e9g\u00e2ts au niveau social,\n\u00e9cologique et politique\u00a0\u00bb.<\/p>\n\n\n\n<p>\u00ab\u00a0On verra tout d&rsquo;un coup, j&rsquo;en suis s\u00fbr, des\ntags &lsquo;Tourists, you are not welcome&rsquo; appara\u00eetre \u00e0 Lucerne\u00a0\u00bb, pr\u00e9dit\nl&rsquo;historien. Des marques qui montrent que les habitants de ces villes en ont\nassez des touristes, car \u00e0 leurs yeux, ce trop grand nombre de visiteurs\nd\u00e9truit l&rsquo;environnement dans lequel ils vivent.<\/p>\n\n\n\n<p>Changer les circuits<\/p>\n\n\n\n<p>Pour endiguer ces ph\u00e9nom\u00e8nes, il faut se poser la\nquestion de savoir pourquoi certaines villes ou points d&rsquo;int\u00e9r\u00eat figurent sur\ntous les circuits touristiques, pourquoi ils constituent des \u00ab\u00a0cases \u00e0\ncocher\u00a0\u00bb pour un grand nombre de visiteurs. \u00ab\u00a0Il doit \u00eatre possible de\nvarier les circuits, de montrer autre chose\u00a0\u00bb, estime Laurent Tissot. A ses\nyeux, la taxe sur les cars envisag\u00e9e par Lucerne est une mesure un peu\npr\u00e9matur\u00e9e et pas forc\u00e9ment bonne \u00e0 long terme.<\/p>\n\n\n\n<div class=\"wp-block-image\"><figure class=\"aligncenter is-resized\"><img loading=\"lazy\" src=\"https:\/\/i1.wp.com\/www.presstourism.ch\/WP_ALEX\/wp-content\/uploads\/2019\/08\/Lucerne1-Taille-dorigine.jpg?resize=258%2C146\" alt=\"\" class=\"wp-image-6150\" width=\"258\" height=\"146\" data-recalc-dims=\"1\" \/><\/figure><\/div>\n\n\n\n<p>\u00ab\u00a0Il y a une forme d&rsquo;arrogance des Lucernois,\nqui pensent que, m\u00eame avec des taxes, les gens viendront. Or, ce n&rsquo;est pas\ns\u00fbr\u00a0\u00bb, pr\u00e9vient le sp\u00e9cialiste, qui pense pr\u00e9f\u00e9rable une ventilation des\nvisiteurs dans l&rsquo;espace ou l&rsquo;introduction de quotas de cars. Car les taxes ne\nr\u00e9solvent qu&rsquo;une partie du probl\u00e8me: les d\u00e9g\u00e2ts sur l&rsquo;environnement, par\nexemple, restent \u00e0 traiter.<\/p>\n\n\n\n<p>Une partie de la solution passera peut-\u00eatre par la\ntransition d&rsquo;un tourisme de masse vers un tourisme plus individuel, en petits\ngroupes, une tendance \u00e0 la hausse chez les touristes chinois, comme l&rsquo;a relev\u00e9\nla NZZ am Sonntag le week-end dernier. Cette \u00e9volution pourrait voir les\nvisiteurs mieux se r\u00e9partir sur les diff\u00e9rentes attractions touristiques que\ncompte la Suisse.<\/p>\n\n\n\n<p><a href=\"https:\/\/www.rts.ch\/info\/suisse\/10611311--le-tourisme-est-un-predateur-il-detruit-ce-qu-il-fait-vivre-.html\"><strong>Ecouter l&rsquo;interview<\/strong><\/a><\/p>\n\n\n\n<p style=\"text-align:right\"><em>Propos recueillis par Agathe Birden \/ Adaptation web: Vincent Cherpillod<\/em><\/p>\n\n\n\n<p style=\"text-align:right\"><em>Source&nbsp;:RTSinfo<\/em><\/p>\n","protected":false},"excerpt":{"rendered":"<p>Laurent Tissot, sp\u00e9cialiste de l&rsquo;histoire des loisirs et du tourisme&nbsp; Alors que le tourisme de masse p\u00e8se de plus en plus sur les villes europ\u00e9ennes, Lucerne tente de r\u00e9guler le nombre de ses visiteurs. Pour le professeur Laurent Tissot, toutefois, &hellip; <a href=\"http:\/\/www.presstourism.ch\/?page_id=6145\">Continuer la lecture <span class=\"meta-nav\">&rarr;<\/span><\/a><\/p>\n","protected":false},"author":1,"featured_media":0,"parent":341,"menu_order":0,"comment_status":"open","ping_status":"closed","template":"","meta":{"ngg_post_thumbnail":0,"spay_email":""},"jetpack_sharing_enabled":true,"jetpack_shortlink":"https:\/\/wp.me\/P468TV-1B7","_links":{"self":[{"href":"http:\/\/www.presstourism.ch\/index.php?rest_route=\/wp\/v2\/pages\/6145"}],"collection":[{"href":"http:\/\/www.presstourism.ch\/index.php?rest_route=\/wp\/v2\/pages"}],"about":[{"href":"http:\/\/www.presstourism.ch\/index.php?rest_route=\/wp\/v2\/types\/page"}],"author":[{"embeddable":true,"href":"http:\/\/www.presstourism.ch\/index.php?rest_route=\/wp\/v2\/users\/1"}],"replies":[{"embeddable":true,"href":"http:\/\/www.presstourism.ch\/index.php?rest_route=%2Fwp%2Fv2%2Fcomments&post=6145"}],"version-history":[{"count":3,"href":"http:\/\/www.presstourism.ch\/index.php?rest_route=\/wp\/v2\/pages\/6145\/revisions"}],"predecessor-version":[{"id":6154,"href":"http:\/\/www.presstourism.ch\/index.php?rest_route=\/wp\/v2\/pages\/6145\/revisions\/6154"}],"up":[{"embeddable":true,"href":"http:\/\/www.presstourism.ch\/index.php?rest_route=\/wp\/v2\/pages\/341"}],"wp:attachment":[{"href":"http:\/\/www.presstourism.ch\/index.php?rest_route=%2Fwp%2Fv2%2Fmedia&parent=6145"}],"curies":[{"name":"wp","href":"https:\/\/api.w.org\/{rel}","templated":true}]}}