{"id":6140,"date":"2019-08-02T11:23:50","date_gmt":"2019-08-02T10:23:50","guid":{"rendered":"http:\/\/www.presstourism.ch\/WP_ALEX\/?page_id=6140"},"modified":"2019-08-02T11:23:51","modified_gmt":"2019-08-02T10:23:51","slug":"impressions-darmenie","status":"publish","type":"page","link":"http:\/\/www.presstourism.ch\/?page_id=6140","title":{"rendered":"Impressions d\u2019Arm\u00e9nie"},"content":{"rendered":"\n<p>Par&nbsp;Michel Loutenbach<\/p>\n\n\n\n<h2>Carnet de voyage<\/h2>\n\n\n\n<div class=\"wp-block-image\"><figure class=\"aligncenter\"><a href=\"https:\/\/i2.wp.com\/www.exclusifmag.com\/online\/wp-content\/uploads\/2019\/07\/8.-Peinture-ancienne-sc%C3%A8ne-de-cour-repr%C3%A9sentant-les-habitudes-de-d%C3%A9guster-le-vin-c-G.A.-D.-.jpg\"><img src=\"https:\/\/i2.wp.com\/www.exclusifmag.com\/online\/wp-content\/uploads\/2019\/07\/8.-Peinture-ancienne-sc%C3%A8ne-de-cour-repr%C3%A9sentant-les-habitudes-de-d%C3%A9guster-le-vin-c-G.A.-D.-.jpg?w=584\" alt=\"Peinture ancienne sc\u00e8ne de cour repr\u00e9sentant les habitudes de d\u00e9guster le vin (c) G.A.-D.\" class=\"wp-image-7252\" data-recalc-dims=\"1\"\/><\/a><\/figure><\/div>\n\n\n\n<p><strong>Merveilleuse Arm\u00e9nie ! J\u2019ai eu le privil\u00e8ge de visiter cette destination qui garde une authenticit\u00e9 pr\u00e9serv\u00e9e encore inconnue. Ce r\u00e9cent court s\u00e9jour m\u2019a permis de d\u00e9couvrir ici une culture plusieurs fois mill\u00e9naire. Je suis tomb\u00e9 amoureux de l\u2019Arm\u00e9nie. R\u00e9cit.<\/strong><\/p>\n\n\n\n<p>G\u00e9ographiquement, l\u2019Arm\u00e9nie est un pays situ\u00e9 dans la r\u00e9gion du Petit Caucase en Asie Occidentale. Cette ancienne r\u00e9publique socialiste sovi\u00e9tique partage des fronti\u00e8res terrestres au nord avec la G\u00e9orgie, \u00e0 l\u2019est avec l\u2019Azerba\u00efdjan, \u00e0 l\u2019ouest avec la Turquie et l\u2019Iran au sud. Ses relations avec ses diff\u00e9rents voisins ont connu pour certains des \u00e9pisodes chahut\u00e9s.<\/p>\n\n\n\n<p>Avec un lourd pass\u00e9 et le souvenir inlassablement pr\u00e9sent du g\u00e9nocide de pr\u00e8s de 1.5 million d\u2019Arm\u00e9niens, le sujet reste sensible, voire tabou!<\/p>\n\n\n\n<figure class=\"wp-block-image\"><a href=\"https:\/\/www.exclusifmag.com\/online\/armenie-carnets-de-voyage\/1-larmenie-a-ete-le-premier-pays-a-adopter-le-christianisme-comme-religion-detat-c-g-a-d\/\"><img src=\"https:\/\/i0.wp.com\/www.exclusifmag.com\/online\/wp-content\/uploads\/2019\/07\/1.-LArm%C3%A9nie-a-%C3%A9t%C3%A9-le-premier-pays-a-adopter-le-christianisme-comme-religion-dEtat-c-G.A.-D.-.jpg?w=584&#038;ssl=1\" alt=\"L'Arm\u00e9nie a \u00e9t\u00e9 le premier pays \u00e0 adopter le christianisme comme religion d'Etat (c) G.A.-D.\" data-recalc-dims=\"1\"\/><\/a><\/figure>\n\n\n\n<figure class=\"wp-block-image\"><a href=\"https:\/\/www.exclusifmag.com\/online\/armenie-carnets-de-voyage\/2-monastere-de-sevan-au-loin-le-lac-sevan-c-m-l\/\"><img src=\"https:\/\/i2.wp.com\/www.exclusifmag.com\/online\/wp-content\/uploads\/2019\/07\/2.-Monast%C3%A8re-de-Sevan-au-loin-le-Lac-Sevan-c-M.L-.jpg?w=584&#038;ssl=1\" alt=\"Monast\u00e8re de Sevan au loin le Lac Sevan (c) M.L\" data-recalc-dims=\"1\"\/><\/a><\/figure>\n\n\n\n<figure class=\"wp-block-image\"><a href=\"https:\/\/www.exclusifmag.com\/online\/armenie-carnets-de-voyage\/3-armas-bouteilles-et-recompenses\/\"><img src=\"https:\/\/i1.wp.com\/www.exclusifmag.com\/online\/wp-content\/uploads\/2019\/07\/3.-Armas-bouteilles-et-r%C3%A9compenses-.jpg?w=584&#038;ssl=1\" alt=\"Armas bouteilles et r\u00e9compenses (c) M.L.\" data-recalc-dims=\"1\"\/><\/a><\/figure>\n\n\n\n<p><em><strong>Proverbe Arm\u00e9nien : L\u2019homme dou\u00e9 est dou\u00e9 en tout\u2026<\/strong><\/em><\/p>\n\n\n\n<p>Tout au long du voyage, j\u2019ai ressenti l\u2019\u00e9nergie positive de ce peuple charmant, souriant, toujours pr\u00eat \u00e0 aider et partager avec spontan\u00e9it\u00e9 sa culture et ses vastes connaissances. Sans arrogance et tout en modestie. Faisant preuve d\u2019une volont\u00e9 de survie acharn\u00e9e, cette d\u00e9termination, cette force ont touch\u00e9 au c\u0153ur le voyageur que je suis, qui a visit\u00e9 pas moins de 115 pays. Merveilleuse Arm\u00e9nie !<br>Comme une oasis surgie de nulle part, \u00e0 quelque 40 km de la capitale Erevan, dans la province Aragatsotn , \u00e0 plus de 1\u2019500 m d\u2019altitude, se trouve un vignoble de 180 hectares. Entrepreneur et p\u00e8re de famille, Armenak Aslanian a r\u00e9ussi un pari fou, transformer ces 180 hectares d\u2019un terrain pierreux et accident\u00e9 en un domaine produisant les meilleurs vins qui remportent de nombreux prix d\u00e9cern\u00e9s par des jurys internationaux.<\/p>\n\n\n\n<figure class=\"wp-block-image\"><a href=\"https:\/\/www.exclusifmag.com\/online\/armenie-carnets-de-voyage\/4-prix-internationaux-remportes-par-armas-c-m-l\/\"><img src=\"https:\/\/i1.wp.com\/www.exclusifmag.com\/online\/wp-content\/uploads\/2019\/07\/4.-Prix-internationaux-remport%C3%A9s-par-Armas-c-M.L.-.jpg?w=584&#038;ssl=1\" alt=\"Prix internationaux remport\u00e9s par Armas (c) M.L.\" data-recalc-dims=\"1\"\/><\/a><\/figure>\n\n\n\n<figure class=\"wp-block-image\"><a href=\"https:\/\/www.exclusifmag.com\/online\/armenie-carnets-de-voyage\/5-une-lutte-ardue-pour-degager-le-terrain-sest-imposee-durant-4-ans-c-m-l\/\"><img src=\"https:\/\/i0.wp.com\/www.exclusifmag.com\/online\/wp-content\/uploads\/2019\/07\/5.-Une-lutte-ardue-pour-d%C3%A9gager-le-terrain-sest-impos%C3%A9e-durant-4-ans-c-M.L.-.jpg?w=584&#038;ssl=1\" alt=\"Une lutte ardue pour d\u00e9gager le terrain s'est impos\u00e9e durant 4 ans (c) M.L.\" data-recalc-dims=\"1\"\/><\/a><\/figure>\n\n\n\n<figure class=\"wp-block-image\"><a href=\"https:\/\/www.exclusifmag.com\/online\/armenie-carnets-de-voyage\/6-perspective-sur-les-vignobles-a-parte-de-vue-c-m-l\/\"><img src=\"https:\/\/i1.wp.com\/www.exclusifmag.com\/online\/wp-content\/uploads\/2019\/07\/6-.-Perspective-sur-les-vignobles-%C3%A0-parte-de-vue-c-M.L.-.jpg?w=584&#038;ssl=1\" alt=\"Perspective sur les vignobles \u00e0 perte de vue (c) M.L.\" data-recalc-dims=\"1\"\/><\/a><\/figure>\n\n\n\n<p>Pour r\u00e9aliser ce r\u00eave, il aura fallu 400 ouvriers durant 4 ans pour d\u00e9blayer le terrain et en faire ce vignoble d\u2019exception, entour\u00e9 d\u2019un mur de pierre de 18 Km de protection contre les animaux sauvages\u2026 Aujourd\u2019hui ARMAS \u2013 le nom du domaine \u2013 est \u00e9quip\u00e9 d\u2019une technologie sophistiqu\u00e9e et dernier cri, contr\u00f4le de temp\u00e9rature, fermentation dans des cuves et en f\u00fbts de ch\u00eane. Il produit plus de 10 000 hectolitres de ce c\u00e9page dominant l\u2019Areni noir. T\u00e9moin de son amour pour son terroir \u2013 tr\u00e8s attach\u00e9 \u00e0 sa culture \u2013 ce p\u00e8re de famille repr\u00e9sente avec fiert\u00e9 l\u2019h\u00e9ritage viticole arm\u00e9nien.<\/p>\n\n\n\n<figure class=\"wp-block-image\"><a href=\"https:\/\/www.exclusifmag.com\/online\/armenie-carnets-de-voyage\/10-larmenie-est-renommee-pour-sa-production-et-lexcellence-de-ses-fruits-confits-c-g-a-d\/\"><img src=\"https:\/\/i0.wp.com\/www.exclusifmag.com\/online\/wp-content\/uploads\/2019\/07\/10.-LArm%C3%A9nie-est-renomm%C3%A9e-pour-sa-production-et-lexcellence-de-ses-fruits-confits-c-G.A.-D.-.jpg?w=584&#038;ssl=1\" alt=\"L'Arm\u00e9nie est renomm\u00e9e pour sa production et l'excellence de ses fruits confits (c) G.A.-D.\" data-recalc-dims=\"1\"\/><\/a><\/figure>\n\n\n\n<figure class=\"wp-block-image\"><a href=\"https:\/\/www.exclusifmag.com\/online\/armenie-carnets-de-voyage\/11-fresque-en-ceramique-representant-divers-fruits-et-la-grenade-lembleme-du-pays-c-g-a-d\/\"><img src=\"https:\/\/i1.wp.com\/www.exclusifmag.com\/online\/wp-content\/uploads\/2019\/07\/11.-Fresque-en-c%C3%A9ramique-repr%C3%A9sentant-divers-fruits-et-la-grenade-lembl%C3%A8me-du-pays-c-G.A.-D.-.jpg?w=584&#038;ssl=1\" alt=\"Fresque en c\u00e9ramique repr\u00e9sentant divers fruits et la grenade l'embl\u00e8me du pays (c) G.A.-D.\" data-recalc-dims=\"1\"\/><\/a><\/figure>\n\n\n\n<figure class=\"wp-block-image\"><a href=\"https:\/\/www.exclusifmag.com\/online\/armenie-carnets-de-voyage\/12-les-cascades-escaliers-monumentaux-devalant-vers-le-centre-ville-c-m-l\/\"><img src=\"https:\/\/i1.wp.com\/www.exclusifmag.com\/online\/wp-content\/uploads\/2019\/07\/12.-Les-Cascades-escaliers-monumentaux-d%C3%A9valant-vers-le-centre-ville-c-M.L-.jpg?w=584&#038;ssl=1\" alt=\"Les Cascades escaliers monumentaux d\u00e9valant vers le centre ville (c) M.L\" data-recalc-dims=\"1\"\/><\/a><\/figure>\n\n\n\n<p><em><strong>Proverbe Arm\u00e9nien : Toutes les richesses viennent du sol\u2026<\/strong><\/em><\/p>\n\n\n\n<p>Avec plus de 310 jours de soleil par ann\u00e9e, un sous-sol volcanique riche en azote, souffre et calcaire, la r\u00e9gion pr\u00e9sente plus d\u2019une trentaine de sols diff\u00e9rents. Perdus dans cet immense vignoble isol\u00e9, des \u00eelots de vergers \u00e9mergent entour\u00e9s de montagnes offrant ces paysages uniques d\u2019o\u00f9 l\u2019on peut apercevoir au loin le l\u00e9gendaire Mont Ararat. Au centre de ce p\u00e9rim\u00e8tre, quelques chambres dans un petit h\u00f4tel et un restaurant\u2026 De quoi se permettre de d\u00e9guster ces produits du terroir sans (re)prendre le volant. Je d\u00e9cidais sans tarder d\u2019en faire ici l\u2019\u00e9loge et celui des acteurs attel\u00e9s \u00e0 ce projet impossible!<\/p>\n\n\n\n<p>J\u2019invite les aventuriers hors des sentiers battus \u00e0 d\u00e9couvrir ce lieu et, pourquoi pas ? A d\u00e9guster ces vins et produits locaux accompagn\u00e9s d\u2019un d\u00e9licieux repas servi en toute simplicit\u00e9 sur un set carr\u00e9 o\u00f9 tous les vins blancs, ros\u00e9s et ces rouges d\u2019exception sont d\u00e9crits avec leurs caract\u00e9ristiques. Parmi divers c\u00e9pages, \u00e9tonnement r\u00e9sistant, le Lareni pousse en altitude et supporte aussi bien les chaleurs torrides de l\u2019\u00e9t\u00e9 que les froids extr\u00eames de l\u2019hiver. Particularit\u00e9 \u00e0 relever, en comparaison, les vignobles europ\u00e9ens seraient bien moins tol\u00e9rants\u2026<\/p>\n\n\n\n<figure class=\"wp-block-image\"><a href=\"https:\/\/www.exclusifmag.com\/online\/armenie-carnets-de-voyage\/14-memorial-du-genocide-armenien-et-la-flamme-c-g-a-d\/\"><img src=\"https:\/\/i1.wp.com\/www.exclusifmag.com\/online\/wp-content\/uploads\/2019\/07\/14.-M%C3%A9morial-du-g%C3%A9nocide-arm%C3%A9nien-et-la-flamme-c-G.A.-D.-.jpg?w=584&#038;ssl=1\" alt=\"M\u00e9morial du g\u00e9nocide arm\u00e9nien et la flamme (c) G.A.-D.\" data-recalc-dims=\"1\"\/><\/a><\/figure>\n\n\n\n<figure class=\"wp-block-image\"><a href=\"https:\/\/www.exclusifmag.com\/online\/armenie-carnets-de-voyage\/16-le-pays-est-ponctue-dedifices-religieux-qui-ont-traverse-le-temps-cg-a-d\/\"><img src=\"https:\/\/i1.wp.com\/www.exclusifmag.com\/online\/wp-content\/uploads\/2019\/07\/16.-Le-pays-est-ponctu%C3%A9-d%C3%A9difices-religieux-qui-ont-travers%C3%A9-le-temps-cG.A.-D.-.jpg?w=584&#038;ssl=1\" alt=\"Le pays est ponctu\u00e9 d'\u00e9difices religieux qui ont travers\u00e9 le temps (c)G.A.-D.\" data-recalc-dims=\"1\"\/><\/a><\/figure>\n\n\n\n<figure class=\"wp-block-image\"><a href=\"https:\/\/www.exclusifmag.com\/online\/armenie-carnets-de-voyage\/17-le-musee-en-plein-air-de-lalphabet-armenien-c-g-a-d\/\"><img src=\"https:\/\/i0.wp.com\/www.exclusifmag.com\/online\/wp-content\/uploads\/2019\/07\/17.-Le-Mus%C3%A9e-en-plein-air-de-lAlphabet-arm%C3%A9nien-c-G.A.-D.-.jpg?w=584&#038;ssl=1\" alt=\"Le Mus\u00e9e en plein air de l'Alphabet arm\u00e9nien (c) G.A.-D.\" data-recalc-dims=\"1\"\/><\/a><\/figure>\n\n\n\n<p><em><strong>Le saviez-vous ? L\u2019Arm\u00e9nie est le berceau du vin\u2026<\/strong><\/em><\/p>\n\n\n\n<div class=\"wp-block-image\"><figure class=\"aligncenter\"><a href=\"https:\/\/i2.wp.com\/www.exclusifmag.com\/online\/wp-content\/uploads\/2019\/07\/9.-Joker-Pr%C3%A9sentation-dun-blanc-sec-Armas-c-M.L.-.jpg\"><img src=\"https:\/\/i2.wp.com\/www.exclusifmag.com\/online\/wp-content\/uploads\/2019\/07\/9.-Joker-Pr%C3%A9sentation-dun-blanc-sec-Armas-c-M.L.-.jpg?w=584\" alt=\"Pr\u00e9sentation d'un blanc sec Armas (c) M.L.\" class=\"wp-image-7253\" data-recalc-dims=\"1\"\/><\/a><\/figure><\/div>\n\n\n\n<p><strong>L<\/strong>a culture vitivinicole&nbsp; arm\u00e9nienne est parmi les plus anciennes au monde. Le berceau du vin, pourrait bien se situer ici. En effet des arch\u00e9ologues ont d\u00e9couvert un site de vinification datant de 6\u2019100 ans pr\u00e8s du village d\u2019Areni &nbsp; qui, comme le veut la coutume, c\u00e9l\u00e8bre les vendanges accompagn\u00e9es de sp\u00e9cialit\u00e9s culinaires, en musique et danses traditionnelles. Le vignoble arm\u00e9nien remonte aux temps recul\u00e9s de l\u2019Histoire, en effet, rapportant l\u2019\u00e9pop\u00e9e de No\u00e9, la Bible mentionnait d\u00e9j\u00e0 la vigne et les vins. Et plus tard, dans le Nouveau Testament, les disciples de J\u00e9sus de leur c\u00f4t\u00e9 ne go\u00fbtaient-ils pas le&nbsp;<em>Sang du Chris<\/em>t\u2026<\/p>\n\n\n\n<p>De retour \u00e0 Erevan sur un petit nuage, j\u2019ai rencontr\u00e9 un&nbsp;<em>businessman<\/em>russe vivant en Arm\u00e9nie qui nous a invit\u00e9s \u00e0 d\u00e9guster un cognac arm\u00e9nien de 15ans d\u2019\u00e2ge et, qui, dans un m\u00eame \u00e9lan d\u2019\u00e9l\u00e9gance, offrait un bouquet de fleurs \u00e0 la dame qui nous accompagnait.<\/p>\n\n\n\n<p>Insistant pour nous montrer comment appr\u00e9cier pleinement le breuvage, saisissant le verre de la main gauche \u2013 celle proche du c\u0153ur pour en transmettre la chaleur \u2013 il s\u2019en r\u00e9gala lentement en le humant pour le savourer \u00e0&nbsp; travers chaque goutte. Accompagn\u00e9 de chocolat noir (comme on le fait chez nous avec le Ch\u00e2teauneuf- du-Pape) tout en \u00e9coutant du jazz. Synchronisation heureuse, nous revenions \u00e0 quelques minutes pr\u00e8s, d\u2019une bo\u00eete de jazz\u2026 Pour m\u00e9moire, l\u2019une des plus grandes figures de la Conf\u00e9rence de Yalta, Sir Winston Churchill raffolait du cognac arm\u00e9nien! Il lui avait \u00e9t\u00e9 offert par\u2026 Staline.<\/p>\n\n\n\n<figure class=\"wp-block-image\"><a href=\"https:\/\/i0.wp.com\/www.exclusifmag.com\/online\/wp-content\/uploads\/2019\/07\/Joker-Bandeau-Forteresse-dAmberd-10e-Si%C3%A8cle-%C3%A0-2300m-daltitude-c-M.L.jpg\"><img src=\"https:\/\/i0.wp.com\/www.exclusifmag.com\/online\/wp-content\/uploads\/2019\/07\/Joker-Bandeau-Forteresse-dAmberd-10e-Si%C3%A8cle-%C3%A0-2300m-daltitude-c-M.L.jpg?w=584\" alt=\"Forteresse d'Amberd 10e Si\u00e8cle \u00e0 2300m d'altitude (c) M.L\" class=\"wp-image-7265\" data-recalc-dims=\"1\"\/><\/a><\/figure>\n\n\n\n<p>Ce s\u00e9jour m\u2019a permis de constater que le peuple arm\u00e9nien, dont 3 millions de ressortissants vivent dans leur pays et compte pas moins de 7 millions d\u2019entre eux dispers\u00e9s dans le monde, semble comme rescap\u00e9 d\u2019une temp\u00eate. Ou d\u2019un enfer. Par cette mani\u00e8re de rassembler leurs forces pour pr\u00e9server leur culture et identit\u00e9, ils font preuve d\u2019une m\u00eame motivation, d\u2019une volont\u00e9 de survie qui, en les projetant dans le futur sans jamais une plainte, me rappelle \u00e9trangement le peuple tib\u00e9tain. Je suis tomb\u00e9 amoureux de l\u2019Arm\u00e9nie\u2026<\/p>\n\n\n\n<p style=\"text-align:right\">Exclusif Magazine  28 Juillet 2019<\/p>\n\n\n\n<p style=\"text-align:right\"><a rel=\"noreferrer noopener\" href=\"https:\/\/www.petitfute.com\/p99-armenie\/\" target=\"_blank\">SITE OFFICIEL WWW.PETITFUTE.COM\/P99-ARMENIE\/<\/a>\u00a0<\/p>\n\n\n\n<p style=\"text-align:right\">CR\u00c9DIT PHOTOS GEORGIKA AEBY-DEMETER &amp; MICHEL LOUTENBACH <\/p>\n","protected":false},"excerpt":{"rendered":"<p>Par&nbsp;Michel Loutenbach Carnet de voyage Merveilleuse Arm\u00e9nie ! J\u2019ai eu le privil\u00e8ge de visiter cette destination qui garde une authenticit\u00e9 pr\u00e9serv\u00e9e encore inconnue. Ce r\u00e9cent court s\u00e9jour m\u2019a permis de d\u00e9couvrir ici une culture plusieurs fois mill\u00e9naire. Je suis tomb\u00e9 &hellip; <a href=\"http:\/\/www.presstourism.ch\/?page_id=6140\">Continuer la lecture <span class=\"meta-nav\">&rarr;<\/span><\/a><\/p>\n","protected":false},"author":1,"featured_media":0,"parent":5565,"menu_order":0,"comment_status":"closed","ping_status":"closed","template":"","meta":{"ngg_post_thumbnail":0,"spay_email":""},"jetpack_sharing_enabled":true,"jetpack_shortlink":"https:\/\/wp.me\/P468TV-1B2","_links":{"self":[{"href":"http:\/\/www.presstourism.ch\/index.php?rest_route=\/wp\/v2\/pages\/6140"}],"collection":[{"href":"http:\/\/www.presstourism.ch\/index.php?rest_route=\/wp\/v2\/pages"}],"about":[{"href":"http:\/\/www.presstourism.ch\/index.php?rest_route=\/wp\/v2\/types\/page"}],"author":[{"embeddable":true,"href":"http:\/\/www.presstourism.ch\/index.php?rest_route=\/wp\/v2\/users\/1"}],"replies":[{"embeddable":true,"href":"http:\/\/www.presstourism.ch\/index.php?rest_route=%2Fwp%2Fv2%2Fcomments&post=6140"}],"version-history":[{"count":1,"href":"http:\/\/www.presstourism.ch\/index.php?rest_route=\/wp\/v2\/pages\/6140\/revisions"}],"predecessor-version":[{"id":6141,"href":"http:\/\/www.presstourism.ch\/index.php?rest_route=\/wp\/v2\/pages\/6140\/revisions\/6141"}],"up":[{"embeddable":true,"href":"http:\/\/www.presstourism.ch\/index.php?rest_route=\/wp\/v2\/pages\/5565"}],"wp:attachment":[{"href":"http:\/\/www.presstourism.ch\/index.php?rest_route=%2Fwp%2Fv2%2Fmedia&parent=6140"}],"curies":[{"name":"wp","href":"https:\/\/api.w.org\/{rel}","templated":true}]}}