{"id":6101,"date":"2019-07-20T07:51:37","date_gmt":"2019-07-20T06:51:37","guid":{"rendered":"http:\/\/www.presstourism.ch\/WP_ALEX\/?page_id=6101"},"modified":"2019-07-20T10:14:33","modified_gmt":"2019-07-20T09:14:33","slug":"erevan-un-soir-a-lopera","status":"publish","type":"page","link":"http:\/\/www.presstourism.ch\/?page_id=6101","title":{"rendered":"Erevan : un soir \u00e0 l\u2019op\u00e9ra"},"content":{"rendered":"\n<figure class=\"wp-block-image\"><img loading=\"lazy\" width=\"584\" height=\"438\" src=\"https:\/\/i1.wp.com\/www.presstourism.ch\/WP_ALEX\/wp-content\/uploads\/2019\/07\/03c12b16-e45c-47f9-8107-4d5e306f5e08-istock-493917529-Largeur-max.-1024-Hauteur-max.-768.jpg?resize=584%2C438\" alt=\"\" class=\"wp-image-6105\" srcset=\"https:\/\/i0.wp.com\/www.presstourism.ch\/wp-content\/uploads\/2019\/07\/03c12b16-e45c-47f9-8107-4d5e306f5e08-istock-493917529-Largeur-max.-1024-Hauteur-max.-768.jpg?w=994 994w, https:\/\/i0.wp.com\/www.presstourism.ch\/wp-content\/uploads\/2019\/07\/03c12b16-e45c-47f9-8107-4d5e306f5e08-istock-493917529-Largeur-max.-1024-Hauteur-max.-768.jpg?resize=300%2C225 300w, https:\/\/i0.wp.com\/www.presstourism.ch\/wp-content\/uploads\/2019\/07\/03c12b16-e45c-47f9-8107-4d5e306f5e08-istock-493917529-Largeur-max.-1024-Hauteur-max.-768.jpg?resize=768%2C576 768w, https:\/\/i0.wp.com\/www.presstourism.ch\/wp-content\/uploads\/2019\/07\/03c12b16-e45c-47f9-8107-4d5e306f5e08-istock-493917529-Largeur-max.-1024-Hauteur-max.-768.jpg?resize=600%2C450 600w\" sizes=\"(max-width: 584px) 100vw, 584px\" data-recalc-dims=\"1\" \/><\/figure>\n\n\n\n<p><strong>Par Kathereen Abherv\u00e9<\/strong><\/p>\n\n\n\n<p><strong>C\u2019est au cours d\u2019une promenade au c\u0153ur d\u2019Erevan, la ville rose, que le visiteur, musardant le long de l&rsquo;ample perspective reliant la place de la R\u00e9publique au monument de la Cascade et \u00e0 la Place de France, d\u00e9couvre l\u2019\u00e9l\u00e9gante fa\u00e7ade de l\u2019Op\u00e9ra de la capitale arm\u00e9nienne. Coup de c\u0153ur !<\/strong><\/p>\n\n\n\n<figure class=\"wp-block-image\"><img loading=\"lazy\" width=\"1024\" height=\"590\" src=\"https:\/\/i1.wp.com\/www.presstourism.ch\/WP_ALEX\/wp-content\/uploads\/2019\/07\/20181008_154741-Largeur-max.-1024-Hauteur-max.-768-1.jpg?fit=640%2C369\" alt=\"\" class=\"wp-image-6108\" srcset=\"https:\/\/i2.wp.com\/www.presstourism.ch\/wp-content\/uploads\/2019\/07\/20181008_154741-Largeur-max.-1024-Hauteur-max.-768-1.jpg?w=1024 1024w, https:\/\/i2.wp.com\/www.presstourism.ch\/wp-content\/uploads\/2019\/07\/20181008_154741-Largeur-max.-1024-Hauteur-max.-768-1.jpg?resize=300%2C173 300w, https:\/\/i2.wp.com\/www.presstourism.ch\/wp-content\/uploads\/2019\/07\/20181008_154741-Largeur-max.-1024-Hauteur-max.-768-1.jpg?resize=768%2C443 768w, https:\/\/i2.wp.com\/www.presstourism.ch\/wp-content\/uploads\/2019\/07\/20181008_154741-Largeur-max.-1024-Hauteur-max.-768-1.jpg?resize=600%2C346 600w\" sizes=\"(max-width: 584px) 100vw, 584px\" \/><figcaption>Dans le parc de l&rsquo;Op\u00e9ra, la statue du musicien arm\u00e9nien  Aram Khatchatourian. Photo Alex D\u00e9cotte<\/figcaption><\/figure>\n\n\n\n<p><strong>L\u2019Op\u00e9ra d\u2019Erevan<\/strong><\/p>\n\n\n\n<p>Dessin\u00e9 dans les ann\u00e9es 20 et remani\u00e9 \u00e0 plusieurs reprises par le grand architecte et urbaniste arm\u00e9nien Alexander Tamanyan, l\u2019Op\u00e9ra a \u00e9t\u00e9 \u00e9difi\u00e9 dans un grand parc arbor\u00e9 du centre-ville offrant la fra\u00eecheur d\u2019un petit lac et le charme de nombreuses terrasses de caf\u00e9. <\/p>\n\n\n\n<p>Cette oasis de verdure, o\u00f9 les Erevanais aiment \u00e0 se retrouver durant les chaudes nuit d\u2019\u00e9t\u00e9, s\u2019int\u00e9grait \u00e0 un grand projet d\u2019urbanisme con\u00e7u par Tamanyan, visionnaire b\u00e2tisseur qui, d\u00e8s 1924, a transform\u00e9 Erevan, ancienne petite ville de province, en une grande capitale moderne ponctu\u00e9e de larges avenues ombrag\u00e9es et de nombreuses grandes places entour\u00e9es d\u2019imposants b\u00e2timents de tuf rose. <\/p>\n\n\n\n<figure class=\"wp-block-image\"><img loading=\"lazy\" width=\"1024\" height=\"680\" src=\"https:\/\/i2.wp.com\/www.presstourism.ch\/WP_ALEX\/wp-content\/uploads\/2019\/07\/Tamanyan.jpg?fit=640%2C425\" alt=\"\" class=\"wp-image-6109\" srcset=\"https:\/\/i0.wp.com\/www.presstourism.ch\/wp-content\/uploads\/2019\/07\/Tamanyan.jpg?w=1024 1024w, https:\/\/i0.wp.com\/www.presstourism.ch\/wp-content\/uploads\/2019\/07\/Tamanyan.jpg?resize=300%2C199 300w, https:\/\/i0.wp.com\/www.presstourism.ch\/wp-content\/uploads\/2019\/07\/Tamanyan.jpg?resize=768%2C510 768w, https:\/\/i0.wp.com\/www.presstourism.ch\/wp-content\/uploads\/2019\/07\/Tamanyan.jpg?resize=600%2C398 600w\" sizes=\"(max-width: 584px) 100vw, 584px\" \/><figcaption> Statue monumentale d&rsquo;Alexander Tamanyan. Au fond, la c\u00e9l\u00e8bre Cascade.<\/figcaption><\/figure>\n\n\n\n<p>C\u2019est d\u2019ailleurs cette pierre volcanique qui a donn\u00e9 son nom \u00e0 la ville. Une statue monumentale situ\u00e9e au pied de Cascade rend hommage \u00e0 ce grand architecte qui a \u00e9galement con\u00e7u les plans d\u2019urbanisme de nombreuses autres villes arm\u00e9niennes, et oeuvr\u00e9 pour la pr\u00e9servation du patrimoine architectural de l&rsquo;Arm\u00e9nie.<\/p>\n\n\n\n<p>Avec sa forme en rotonde de style hell\u00e9nistique et romain, l\u2019Op\u00e9ra d\u2019Everan, bien qu\u2019influenc\u00e9 par l\u2019architecture stalinienne, s\u2019inspire de la cath\u00e9drale de Zvartnots \u00e9difi\u00e9e au VII\u00e8me si\u00e8cle par le catholicos Nerses III, dit le B\u00e2tisseur, puis d\u00e9truite par un tremblement de terre en 930. Inscrits au Patrimoine mondial de l\u2019UNESCO, les vestiges de ce haut lieu de culte, qui abritait des reliques de Gr\u00e9goire l\u2019Illuminateur, ne sont qu\u2019\u00e0 quelques kilom\u00e8tres de la capitale.<\/p>\n\n\n\n<figure class=\"wp-block-image\"><img loading=\"lazy\" width=\"2000\" height=\"1333\" src=\"https:\/\/i2.wp.com\/www.presstourism.ch\/WP_ALEX\/wp-content\/uploads\/2019\/07\/Zvartnots-1-2-1.jpg?fit=640%2C426\" alt=\"\" class=\"wp-image-6110\" srcset=\"https:\/\/i2.wp.com\/www.presstourism.ch\/wp-content\/uploads\/2019\/07\/Zvartnots-1-2-1.jpg?w=2000 2000w, https:\/\/i2.wp.com\/www.presstourism.ch\/wp-content\/uploads\/2019\/07\/Zvartnots-1-2-1.jpg?resize=300%2C200 300w, https:\/\/i2.wp.com\/www.presstourism.ch\/wp-content\/uploads\/2019\/07\/Zvartnots-1-2-1.jpg?resize=768%2C512 768w, https:\/\/i2.wp.com\/www.presstourism.ch\/wp-content\/uploads\/2019\/07\/Zvartnots-1-2-1.jpg?resize=1024%2C682 1024w, https:\/\/i2.wp.com\/www.presstourism.ch\/wp-content\/uploads\/2019\/07\/Zvartnots-1-2-1.jpg?resize=600%2C400 600w, https:\/\/i2.wp.com\/www.presstourism.ch\/wp-content\/uploads\/2019\/07\/Zvartnots-1-2-1.jpg?resize=1320%2C880 1320w, https:\/\/i2.wp.com\/www.presstourism.ch\/wp-content\/uploads\/2019\/07\/Zvartnots-1-2-1.jpg?w=1168 1168w, https:\/\/i2.wp.com\/www.presstourism.ch\/wp-content\/uploads\/2019\/07\/Zvartnots-1-2-1.jpg?w=1752 1752w\" sizes=\"(max-width: 584px) 100vw, 584px\" \/><figcaption>Les ruines de Zvartnots <\/figcaption><\/figure>\n\n\n\n<p>Principal lieu de spectacle de la ville d\u00e9di\u00e9 \u00e0 la musique classique, aux arts lyrique et chor\u00e9graphique, l\u2019Op\u00e9ra d\u2019Everan&nbsp; inaugur\u00e9 en 1933 accueille d\u2019une part le Th\u00e9\u00e2tre national acad\u00e9mique d\u2019op\u00e9ra et de ballet Alexandre Spendiaryan et d\u2019autre part la salle de concert d\u00e9di\u00e9e \u00e0 Aram Khatchatourian dont la c\u00e9l\u00e9brit\u00e9 internationale valait bien cet hommage.<\/p>\n\n\n\n<p>En effet, qui ne connait la fameuse <em>Danse du sabre<\/em> ou les ballets <em>Gayane<\/em> et <em>Spartacus<\/em> de ce compositeur sovi\u00e9tique d\u2019origine arm\u00e9nienne ? On peut toutefois s\u2019\u00e9tonner qu\u2019\u00e0 de rares exceptions, les \u0153uvres des compositeurs arm\u00e9niens soient encore aussi mal connues dans les pays occidentaux alors que le patrimoine musical arm\u00e9nien d\u2019hier et d\u2019aujourd\u2019hui, combinant tradition et esprit novateur, soit d\u2019une infinie richesse.<\/p>\n\n\n\n<p><strong>L\u2019op\u00e9ra historique <em>Arshak II<\/em> <\/strong>&nbsp;<\/p>\n\n\n\n<p>Ce soir-l\u00e0 \u00e0\nl\u2019affiche de l\u2019Op\u00e9ra d\u2019Erevan, <em>Arshak II,<\/em> un ouvrage pratiquement\ninconnu en Occident bien qu\u2019il ait d\u00e9j\u00e0 \u00e9t\u00e9 mont\u00e9 en 2001 au San Francisco\nOp\u00e9ra. <\/p>\n\n\n\n<p>A l\u2019id\u00e9e d\u2019une telle raret\u00e9, mon sang n\u2019a fait qu\u2019un tour r\u00e9veillant ma folle passion pour l\u2019art lyrique. Mon insatiable app\u00e9tit de d\u00e9couvertes musicales ne s\u2019est apais\u00e9 qu\u2019avec le billet d\u2019entr\u00e9e que notre \u00ab&nbsp;super guide&nbsp;\u00bb a pu se procurer gr\u00e2ce \u00e0 son entregent et \u00e0 son efficacit\u00e9. D\u00e9crocher un tel s\u00e9same pour le soir m\u00eame tenait du miracle !<\/p>\n\n\n\n<div class=\"wp-block-image\"><figure class=\"aligncenter\"><img loading=\"lazy\" width=\"584\" height=\"389\" src=\"https:\/\/i0.wp.com\/www.presstourism.ch\/WP_ALEX\/wp-content\/uploads\/2019\/07\/b51c7b07636c38a8-f341e-Largeur-max.-1024-Hauteur-max.-768.jpg?resize=584%2C389\" alt=\"\" class=\"wp-image-6106\" srcset=\"https:\/\/i0.wp.com\/www.presstourism.ch\/wp-content\/uploads\/2019\/07\/b51c7b07636c38a8-f341e-Largeur-max.-1024-Hauteur-max.-768.jpg?w=600 600w, https:\/\/i0.wp.com\/www.presstourism.ch\/wp-content\/uploads\/2019\/07\/b51c7b07636c38a8-f341e-Largeur-max.-1024-Hauteur-max.-768.jpg?resize=300%2C200 300w\" sizes=\"(max-width: 584px) 100vw, 584px\" data-recalc-dims=\"1\" \/><\/figure><\/div>\n\n\n\n<p>Pass\u00e9 un hall\nmonumental d\u2019aspect assez aust\u00e8re, la magnifique salle \u00e0 l\u2019italienne de style\nart-d\u00e9co avec ses si\u00e8ges de velours rouge et ses \u00e9l\u00e9gants balcons aux\nguirlandes de stuc dor\u00e9 a \u00e9t\u00e9 un v\u00e9ritable coup de c\u0153ur !<\/p>\n\n\n\n<p><\/p>\n\n\n\n<div class=\"wp-block-image\"><figure class=\"alignright is-resized\"><img loading=\"lazy\" src=\"http:\/\/www.armeniaculture.am\/cms\/image.php?image=http:\/\/www.armeniaculture.am\/content_images\/image\/%D5%80%D5%A1%D5%B6%D6%80%D5%A1%D5%A3%D5%AB%D5%BF%D5%A1%D6%80%D5%A1%D5%B6\/%D5%89%D5%A1%D5%AC%D5%A4%D6%80%D5%A1%D5%B6%D5%B5%D5%A1%D5%B6\/%D5%BF%D5%AB%D5%A3%D6%80%D5%A1%D5%B6%20%D5%B9%D5%B8%D6%82%D5%AD%D5%A1%D5%B3%D5%B5%D5%A1%D5%B6%2002.jpg&amp;width=200&amp;height=245\" alt=\"Tigran Tchouhajian \" width=\"170\" height=\"208\"\/><figcaption> Dikran Tchouhadjian <\/figcaption><\/figure><\/div>\n\n\n\n<div class=\"wp-block-image\"><figure class=\"alignright is-resized\"><img loading=\"lazy\" src=\"https:\/\/i2.wp.com\/www.presstourism.ch\/WP_ALEX\/wp-content\/uploads\/2019\/07\/Arshak_II.jpg?resize=167%2C204\" alt=\"\" class=\"wp-image-6112\" width=\"167\" height=\"204\" data-recalc-dims=\"1\" \/><figcaption>Le livret d&rsquo;Arshak II<\/figcaption><\/figure><\/div>\n\n\n\n<p>Dans la fosse, une cinquantaine de musiciens \u00e9taient plac\u00e9s sous la baguette efficace d\u2019Atanes Arakelyan, chef attitr\u00e9 de l\u2019Op\u00e9ra d\u2019Erevan. Sur le vaste plateau solistes et choristes habill\u00e9s par Grisha Sahakyan \u00e9voluaient sans grande originalit\u00e9 dans un d\u00e9cor unique abstrait qui servait de cadre \u00e0 ce premier op\u00e9ra arm\u00e9nien cr\u00e9\u00e9 en 1868 \u00e0 Constantinople par le compositeur, pianiste et chef d\u2019orchestre arm\u00e9nien Dikran Tchouhadjian sur un livret de Tovmas Terzian, \u00e9crit en arm\u00e9nien puis en italien, et bas\u00e9 sur les comptes rendus historiques du roi Arshak II, \u00e9crits par Mo\u00efse de Kor\u00e8ne et Fauste de Byzance\u2026 La version pr\u00e9sent\u00e9e ce soir \u00e0 l&rsquo;Op\u00e9ra d&rsquo;Erevan est bas\u00e9e sur un livret plus r\u00e9cent sign\u00e9 Armen Gulakyan.<\/p>\n\n\n\n<div class=\"wp-block-image\"><figure class=\"alignright is-resized\"><img loading=\"lazy\" src=\"https:\/\/i0.wp.com\/www.presstourism.ch\/WP_ALEX\/wp-content\/uploads\/2019\/07\/arshak-Largeur-max.-1024-Hauteur-max.-768.jpg?resize=152%2C92\" alt=\"\" class=\"wp-image-6111\" width=\"152\" height=\"92\" data-recalc-dims=\"1\" \/><figcaption>Le roi Arshak II<\/figcaption><\/figure><\/div>\n\n\n\n<p>Avec cet op\u00e9ra d\u00e9di\u00e9 \u00e0 ce grand monarque qui a gouvern\u00e9 l\u2019Arm\u00e9nie de 350 \u00e0 367, le spectateur est plong\u00e9 au IV\u00e8me si\u00e8cle apr\u00e8s J.C. au c\u0153ur de l\u2019histoire de ce pays \u00e0 l\u2019\u00e9poque f\u00e9odale, pris en \u00e9tau entre l\u2019Empire romain et la Perse. <\/p>\n\n\n\n<p>Alliances, assassinats, trahisons, arrestations et amours sont \u00e0 la base de cette trag\u00e9die lyrique qui s\u2019ach\u00e8ve par un hommage \u00e0 l\u2019invincible roi Arshak II qui, apr\u00e8s avoir \u00e9chapp\u00e9 \u00e0 un empoissonnement, propose lors de la sc\u00e8ne finale de boire \u00e0 l\u2019unit\u00e9 du pays. Faut-il rappeler que selon les historiens, ce roi, malgr\u00e9 sa pr\u00e9tendue invincibilit\u00e9, a tristement fini ses jours tortur\u00e9 au fin fond d\u2019un ch\u00e2teau, apr\u00e8s avoir eu les yeux crev\u00e9s\u2026<\/p>\n\n\n\n<p>Compos\u00e9 en 1868, ce\npremier grand op\u00e9ra classique arm\u00e9nien ne peut toutefois pas renier certaines\ninfluences verdiennes de son compositeur.<\/p>\n\n\n\n<p><strong>Un directeur\nambitieux pour son th\u00e9\u00e2tre<\/strong><\/p>\n\n\n\n<div class=\"wp-block-image\"><figure class=\"aligncenter\"><img loading=\"lazy\" width=\"512\" height=\"768\" src=\"https:\/\/i1.wp.com\/www.presstourism.ch\/WP_ALEX\/wp-content\/uploads\/2019\/07\/Maestro-Constantine-Orbelian-Largeur-max.-1024-Hauteur-max.-768.jpg?resize=512%2C768\" alt=\"\" class=\"wp-image-6102\" srcset=\"https:\/\/i2.wp.com\/www.presstourism.ch\/wp-content\/uploads\/2019\/07\/Maestro-Constantine-Orbelian-Largeur-max.-1024-Hauteur-max.-768.jpg?w=512 512w, https:\/\/i2.wp.com\/www.presstourism.ch\/wp-content\/uploads\/2019\/07\/Maestro-Constantine-Orbelian-Largeur-max.-1024-Hauteur-max.-768.jpg?resize=200%2C300 200w\" sizes=\"(max-width: 512px) 100vw, 512px\" data-recalc-dims=\"1\" \/><figcaption> Constantine Orbelian <\/figcaption><\/figure><\/div>\n\n\n\n<p>Bien que <em>Arshak II<\/em> tout comme <em>Anoush<\/em> d\u2019Armen Tigranyan, autre op\u00e9ra arm\u00e9nien inspir\u00e9 de la musique traditionnelle du pays, soient tr\u00e8s appr\u00e9ci\u00e9s des lyricomanes \u00e9revanais et r\u00e9guli\u00e8rement programm\u00e9s sur la sc\u00e8ne de la capitale, l\u2019Op\u00e9ra d\u2019Erevan fait aussi la part belle \u00e0 des chefs-d\u2019\u0153uvres aussi fameux que <em>La Fl\u00fbte enchant\u00e9e<\/em>, <em>Tosca<\/em>, <em>Carmen<\/em> ou <em>Manon<\/em> de Massenet. Une affiche digne des grandes sc\u00e8nes internationales concoct\u00e9e par le chef d\u2019orchestre et pianiste am\u00e9ricain d\u2019origine arm\u00e9nienne et russe, Constantine Orbelian qui, depuis 2017, dirige l\u2019Op\u00e9ra d\u2019Erevan auquel il a insuffl\u00e9 une nouvelle vie en lui apportant une vitesse de cr\u00e9ation exceptionnelle : <em>\u00ab&nbsp;Maintenant, <\/em>pr\u00e9cise-t-il,<em> ce n\u2019est pas moi qui le dis mais les statistiques: durant les derniers six mois, nous avons donn\u00e9 trois nouvelles productions d\u2019op\u00e9ra et trois nouveaux ballets alors que durant les dix-sept derni\u00e8res ann\u00e9es cette institution n\u2019avait produit que huit nouvelles productions.&nbsp;\u00bb<\/em> Et de poursuivre : <em>\u00ab&nbsp;Jamais en Arm\u00e9nie, on n&rsquo;avait vu quelque chose d\u2019aussi grand que la nouvelle production de <\/em>Manon<em> qui fut pr\u00e9sent\u00e9e en octobre dernier lors du sommet de la Francophonie, dans une mise en sc\u00e8ne grandiose avec des v\u00e9hicules, du brouillard et des costumes fantastiques.&nbsp;\u00bb <\/em>&nbsp;<\/p>\n\n\n\n<div class=\"wp-block-image\"><figure class=\"alignright\"><img loading=\"lazy\" width=\"200\" height=\"258\" src=\"https:\/\/i1.wp.com\/www.presstourism.ch\/WP_ALEX\/wp-content\/uploads\/2019\/07\/200px-Constantine_Orbelian.jpg?resize=200%2C258\" alt=\"\" class=\"wp-image-6103\" data-recalc-dims=\"1\"\/><\/figure><\/div>\n\n\n\n<p>Une production sans doute spectaculaire mais qui a largement d\u00e9pass\u00e9 les budgets, obligeant le charismatique directeur \u00e0 trouver des sponsors, et qui malgr\u00e9 les difficult\u00e9s financi\u00e8res r\u00eave de pr\u00e9senter trois ou quatre ouvrages par semaine, sans compter les spectacles pour enfants et les spectacles de danse. En effet il ne faudrait pas non plus oublier les grands ballets tels que <em>Giselle<\/em> d\u2019A. Adam, <em>Don Quichotte<\/em> de L. Minkus et bien s\u00fbr les grands ballets nationaux comme <em>Spartacus,<\/em> <em>Cipollino<\/em> et <em>Guyane<\/em> d\u2019Arak Khachaturian qui, bien que r\u00e9guli\u00e8rement programm\u00e9s dans la capitale, partent aussi en tourn\u00e9e \u00e0 Moscou ou \u00e0 Saint-P\u00e9tersbourg. <\/p>\n\n\n\n<p>Cet enthousiaste directeur est \u00e9galement un chef d\u2019orchestre tr\u00e8s appr\u00e9ci\u00e9 sur la sc\u00e8ne internationale qui, pour la troisi\u00e8me fois, lui octroyait en 2017 un Grammy dans la cat\u00e9gorie des meilleurs enregistrements d\u2019op\u00e9ra pour son <em>Rigoletto<\/em> de Verdi avec le regrett\u00e9 baryton russe Dmitri Hvorostovsky dans le r\u00f4le titre, qui donnait la r\u00e9plique \u00e0 la soprano am\u00e9ricaine Nadine Sierra et au t\u00e9nor italien Francesco Demuro. <\/p>\n\n\n\n<figure class=\"wp-block-image\"><img loading=\"lazy\" width=\"584\" height=\"389\" src=\"https:\/\/i2.wp.com\/www.presstourism.ch\/WP_ALEX\/wp-content\/uploads\/2019\/07\/Orbelian-copy-696x464.jpg?resize=584%2C389\" alt=\"\" class=\"wp-image-6104\" srcset=\"https:\/\/i0.wp.com\/www.presstourism.ch\/wp-content\/uploads\/2019\/07\/Orbelian-copy-696x464.jpg?resize=696%2C464 696w, https:\/\/i0.wp.com\/www.presstourism.ch\/wp-content\/uploads\/2019\/07\/Orbelian-copy-696x464.jpg?resize=300%2C200 300w, https:\/\/i0.wp.com\/www.presstourism.ch\/wp-content\/uploads\/2019\/07\/Orbelian-copy-696x464.jpg?resize=600%2C400 600w\" sizes=\"(max-width: 584px) 100vw, 584px\" data-recalc-dims=\"1\" \/><\/figure>\n\n\n\n<p><\/p>\n\n\n\n<p>M\u00e9lomanes, lyricomanes, balletomanes de Suisse, de France et de Navarre, n\u2019h\u00e9sitez pas \u00e0 sortir de vos habitudes musicales et tournez votre curiosit\u00e9 vers ce bel Op\u00e9ra d\u2019Erevan qui, \u00e0 n\u2019en pas douter, ne tardera pas \u00e0 faire son entr\u00e9e dans la cour des grands ! <\/p>\n\n\n\n<p style=\"text-align:right\">Kathereen Abherv\u00e9, mai 2019<\/p>\n","protected":false},"excerpt":{"rendered":"<p>Par Kathereen Abherv\u00e9 C\u2019est au cours d\u2019une promenade au c\u0153ur d\u2019Erevan, la ville rose, que le visiteur, musardant le long de l&rsquo;ample perspective reliant la place de la R\u00e9publique au monument de la Cascade et \u00e0 la Place de France, &hellip; <a href=\"http:\/\/www.presstourism.ch\/?page_id=6101\">Continuer la lecture <span class=\"meta-nav\">&rarr;<\/span><\/a><\/p>\n","protected":false},"author":1,"featured_media":0,"parent":713,"menu_order":0,"comment_status":"closed","ping_status":"closed","template":"","meta":{"ngg_post_thumbnail":0,"spay_email":""},"jetpack_sharing_enabled":true,"jetpack_shortlink":"https:\/\/wp.me\/P468TV-1Ap","_links":{"self":[{"href":"http:\/\/www.presstourism.ch\/index.php?rest_route=\/wp\/v2\/pages\/6101"}],"collection":[{"href":"http:\/\/www.presstourism.ch\/index.php?rest_route=\/wp\/v2\/pages"}],"about":[{"href":"http:\/\/www.presstourism.ch\/index.php?rest_route=\/wp\/v2\/types\/page"}],"author":[{"embeddable":true,"href":"http:\/\/www.presstourism.ch\/index.php?rest_route=\/wp\/v2\/users\/1"}],"replies":[{"embeddable":true,"href":"http:\/\/www.presstourism.ch\/index.php?rest_route=%2Fwp%2Fv2%2Fcomments&post=6101"}],"version-history":[{"count":6,"href":"http:\/\/www.presstourism.ch\/index.php?rest_route=\/wp\/v2\/pages\/6101\/revisions"}],"predecessor-version":[{"id":6121,"href":"http:\/\/www.presstourism.ch\/index.php?rest_route=\/wp\/v2\/pages\/6101\/revisions\/6121"}],"up":[{"embeddable":true,"href":"http:\/\/www.presstourism.ch\/index.php?rest_route=\/wp\/v2\/pages\/713"}],"wp:attachment":[{"href":"http:\/\/www.presstourism.ch\/index.php?rest_route=%2Fwp%2Fv2%2Fmedia&parent=6101"}],"curies":[{"name":"wp","href":"https:\/\/api.w.org\/{rel}","templated":true}]}}