{"id":6041,"date":"2019-07-17T10:48:55","date_gmt":"2019-07-17T09:48:55","guid":{"rendered":"http:\/\/www.presstourism.ch\/WP_ALEX\/?page_id=6041"},"modified":"2019-07-17T10:50:25","modified_gmt":"2019-07-17T09:50:25","slug":"armenie","status":"publish","type":"page","link":"http:\/\/www.presstourism.ch\/?page_id=6041","title":{"rendered":"Arm\u00e9nie: 223 photos"},"content":{"rendered":"\n<figure class=\"wp-block-image\"><img loading=\"lazy\" width=\"1294\" height=\"734\" src=\"https:\/\/i0.wp.com\/www.presstourism.ch\/WP_ALEX\/wp-content\/uploads\/2019\/07\/overthemoon.jpg?fit=640%2C363\" alt=\"\" class=\"wp-image-6042\" srcset=\"https:\/\/i2.wp.com\/www.presstourism.ch\/wp-content\/uploads\/2019\/07\/overthemoon.jpg?w=1294 1294w, https:\/\/i2.wp.com\/www.presstourism.ch\/wp-content\/uploads\/2019\/07\/overthemoon.jpg?resize=300%2C170 300w, https:\/\/i2.wp.com\/www.presstourism.ch\/wp-content\/uploads\/2019\/07\/overthemoon.jpg?resize=768%2C436 768w, https:\/\/i2.wp.com\/www.presstourism.ch\/wp-content\/uploads\/2019\/07\/overthemoon.jpg?resize=1024%2C581 1024w, https:\/\/i2.wp.com\/www.presstourism.ch\/wp-content\/uploads\/2019\/07\/overthemoon.jpg?resize=600%2C340 600w, https:\/\/i2.wp.com\/www.presstourism.ch\/wp-content\/uploads\/2019\/07\/overthemoon.jpg?w=1168 1168w\" sizes=\"(max-width: 584px) 100vw, 584px\" \/><\/figure>\n\n\n\n<p>Voyage de presse, mai 2019 : Erevan et le nord de l\u2019Arm\u00e9nie. Sites, gastronomie, shopping et quelques portraits.<\/p>\n\n\n\n<p>Par Barbara Ender<br> <em><br> \u00ab\u00a0Un pays compl\u00e8tement inconnu et pourtant, \u00e0 peine entrevu, nous avons eu l&rsquo;impression qu&rsquo;une lumi\u00e8re s&rsquo;allumait en nous. Tout cet inconnu semble familier, paisible, attirant.\u00a0\u00bb <\/em>Kostan Zarian<em>, Un bateau sur la montagne.<\/em><\/p>\n\n\n\n<p><a href=\"https:\/\/www.flickr.com\/photos\/overthemoon\/albums\/72157708811179002\"><strong>D\u00e9couvrez les 223&nbsp;photos de Barbara Ender<\/strong><\/a><\/p>\n\n\n\n<p><\/p>\n","protected":false},"excerpt":{"rendered":"<p>Voyage de presse, mai 2019 : Erevan et le nord de l\u2019Arm\u00e9nie. Sites, gastronomie, shopping et quelques portraits. Par Barbara Ender \u00ab\u00a0Un pays compl\u00e8tement inconnu et pourtant, \u00e0 peine entrevu, nous avons eu l&rsquo;impression qu&rsquo;une lumi\u00e8re s&rsquo;allumait en nous. Tout &hellip; <a href=\"http:\/\/www.presstourism.ch\/?page_id=6041\">Continuer la lecture <span class=\"meta-nav\">&rarr;<\/span><\/a><\/p>\n","protected":false},"author":1,"featured_media":0,"parent":5565,"menu_order":0,"comment_status":"closed","ping_status":"closed","template":"","meta":{"ngg_post_thumbnail":0,"spay_email":""},"jetpack_sharing_enabled":true,"jetpack_shortlink":"https:\/\/wp.me\/P468TV-1zr","_links":{"self":[{"href":"http:\/\/www.presstourism.ch\/index.php?rest_route=\/wp\/v2\/pages\/6041"}],"collection":[{"href":"http:\/\/www.presstourism.ch\/index.php?rest_route=\/wp\/v2\/pages"}],"about":[{"href":"http:\/\/www.presstourism.ch\/index.php?rest_route=\/wp\/v2\/types\/page"}],"author":[{"embeddable":true,"href":"http:\/\/www.presstourism.ch\/index.php?rest_route=\/wp\/v2\/users\/1"}],"replies":[{"embeddable":true,"href":"http:\/\/www.presstourism.ch\/index.php?rest_route=%2Fwp%2Fv2%2Fcomments&post=6041"}],"version-history":[{"count":2,"href":"http:\/\/www.presstourism.ch\/index.php?rest_route=\/wp\/v2\/pages\/6041\/revisions"}],"predecessor-version":[{"id":6044,"href":"http:\/\/www.presstourism.ch\/index.php?rest_route=\/wp\/v2\/pages\/6041\/revisions\/6044"}],"up":[{"embeddable":true,"href":"http:\/\/www.presstourism.ch\/index.php?rest_route=\/wp\/v2\/pages\/5565"}],"wp:attachment":[{"href":"http:\/\/www.presstourism.ch\/index.php?rest_route=%2Fwp%2Fv2%2Fmedia&parent=6041"}],"curies":[{"name":"wp","href":"https:\/\/api.w.org\/{rel}","templated":true}]}}