{"id":6019,"date":"2019-07-12T07:05:46","date_gmt":"2019-07-12T06:05:46","guid":{"rendered":"http:\/\/www.presstourism.ch\/WP_ALEX\/?page_id=6019"},"modified":"2019-07-12T07:05:47","modified_gmt":"2019-07-12T06:05:47","slug":"vevey-fete-la-vigne","status":"publish","type":"page","link":"http:\/\/www.presstourism.ch\/?page_id=6019","title":{"rendered":"Vevey f\u00eate la vigne !"},"content":{"rendered":"\n<figure class=\"wp-block-image\"><img loading=\"lazy\" width=\"4272\" height=\"2848\" src=\"https:\/\/i1.wp.com\/www.presstourism.ch\/WP_ALEX\/wp-content\/uploads\/2019\/07\/1-drapeau.jpg?fit=640%2C427\" alt=\"\" class=\"wp-image-6020\" srcset=\"https:\/\/i2.wp.com\/www.presstourism.ch\/wp-content\/uploads\/2019\/07\/1-drapeau.jpg?w=4272 4272w, https:\/\/i2.wp.com\/www.presstourism.ch\/wp-content\/uploads\/2019\/07\/1-drapeau.jpg?resize=300%2C200 300w, https:\/\/i2.wp.com\/www.presstourism.ch\/wp-content\/uploads\/2019\/07\/1-drapeau.jpg?resize=768%2C512 768w, https:\/\/i2.wp.com\/www.presstourism.ch\/wp-content\/uploads\/2019\/07\/1-drapeau.jpg?resize=1024%2C683 1024w, https:\/\/i2.wp.com\/www.presstourism.ch\/wp-content\/uploads\/2019\/07\/1-drapeau.jpg?resize=600%2C400 600w, https:\/\/i2.wp.com\/www.presstourism.ch\/wp-content\/uploads\/2019\/07\/1-drapeau.jpg?resize=1320%2C880 1320w, https:\/\/i2.wp.com\/www.presstourism.ch\/wp-content\/uploads\/2019\/07\/1-drapeau.jpg?w=1168 1168w, https:\/\/i2.wp.com\/www.presstourism.ch\/wp-content\/uploads\/2019\/07\/1-drapeau.jpg?w=1752 1752w\" sizes=\"(max-width: 584px) 100vw, 584px\" \/><figcaption>12e F\u00eate des Vignerons, 18 juillet &#8211; 11 ao\u00fbt 2019<\/figcaption><\/figure>\n\n\n\n<p>Le c\u0153ur de Vevey palpite de plus en plus fort, ses art\u00e8res reprennent vie apr\u00e8s des mois de construction \u2013 et de frustration de la part des commer\u00e7ants qui ont souffert de la cl\u00f4ture de la Grande Place pour laisser place \u00e0 l\u2019immense ar\u00e8ne qui le remplit de la Grenette jusqu\u2019au lac et m\u00eame au-del\u00e0. <\/p>\n\n\n\n<div class=\"wp-block-image\"><figure class=\"aligncenter\"><img loading=\"lazy\" width=\"3024\" height=\"4032\" src=\"https:\/\/i1.wp.com\/www.presstourism.ch\/WP_ALEX\/wp-content\/uploads\/2019\/07\/3-facade-rue-de-lausanne.jpg?fit=640%2C853\" alt=\"\" class=\"wp-image-6021\" srcset=\"https:\/\/i0.wp.com\/www.presstourism.ch\/wp-content\/uploads\/2019\/07\/3-facade-rue-de-lausanne.jpg?w=3024 3024w, https:\/\/i0.wp.com\/www.presstourism.ch\/wp-content\/uploads\/2019\/07\/3-facade-rue-de-lausanne.jpg?resize=225%2C300 225w, https:\/\/i0.wp.com\/www.presstourism.ch\/wp-content\/uploads\/2019\/07\/3-facade-rue-de-lausanne.jpg?resize=768%2C1024 768w, https:\/\/i0.wp.com\/www.presstourism.ch\/wp-content\/uploads\/2019\/07\/3-facade-rue-de-lausanne.jpg?resize=600%2C800 600w, https:\/\/i0.wp.com\/www.presstourism.ch\/wp-content\/uploads\/2019\/07\/3-facade-rue-de-lausanne.jpg?resize=1320%2C1760 1320w, https:\/\/i0.wp.com\/www.presstourism.ch\/wp-content\/uploads\/2019\/07\/3-facade-rue-de-lausanne.jpg?w=1168 1168w, https:\/\/i0.wp.com\/www.presstourism.ch\/wp-content\/uploads\/2019\/07\/3-facade-rue-de-lausanne.jpg?w=1752 1752w\" sizes=\"(max-width: 584px) 100vw, 584px\" \/><figcaption>Ravalement de fa\u00e7ade, rue de Lausanne<\/figcaption><\/figure><\/div>\n\n\n\n<p>Les belles fa\u00e7ades de la rue de Lausanne, fra\u00eechement peintes, r\u00e9v\u00e8lent leurs charmes.<\/p>\n\n\n\n<figure class=\"wp-block-image\"><img loading=\"lazy\" width=\"4050\" height=\"2700\" src=\"https:\/\/i2.wp.com\/www.presstourism.ch\/WP_ALEX\/wp-content\/uploads\/2019\/07\/7-libellule.jpg?fit=640%2C427\" alt=\"\" class=\"wp-image-6022\" srcset=\"https:\/\/i2.wp.com\/www.presstourism.ch\/wp-content\/uploads\/2019\/07\/7-libellule.jpg?w=4050 4050w, https:\/\/i2.wp.com\/www.presstourism.ch\/wp-content\/uploads\/2019\/07\/7-libellule.jpg?resize=300%2C200 300w, https:\/\/i2.wp.com\/www.presstourism.ch\/wp-content\/uploads\/2019\/07\/7-libellule.jpg?resize=768%2C512 768w, https:\/\/i2.wp.com\/www.presstourism.ch\/wp-content\/uploads\/2019\/07\/7-libellule.jpg?resize=1024%2C683 1024w, https:\/\/i2.wp.com\/www.presstourism.ch\/wp-content\/uploads\/2019\/07\/7-libellule.jpg?resize=600%2C400 600w, https:\/\/i2.wp.com\/www.presstourism.ch\/wp-content\/uploads\/2019\/07\/7-libellule.jpg?resize=1320%2C880 1320w, https:\/\/i2.wp.com\/www.presstourism.ch\/wp-content\/uploads\/2019\/07\/7-libellule.jpg?w=1168 1168w, https:\/\/i2.wp.com\/www.presstourism.ch\/wp-content\/uploads\/2019\/07\/7-libellule.jpg?w=1752 1752w\" sizes=\"(max-width: 584px) 100vw, 584px\" \/><figcaption>Libellule&#8230;<\/figcaption><\/figure>\n\n\n\n<p>La gare s\u2019est refait une beaut\u00e9, les quais et les rues de la vieille ville sont envahis d\u2019\u00e9tranges insectes color\u00e9s qui se prom\u00e8nent avec leur t\u00eate sous le bras ou dans une caisse jaune. <\/p>\n\n\n\n<figure class=\"wp-block-image\"><img loading=\"lazy\" width=\"3933\" height=\"2950\" src=\"https:\/\/i0.wp.com\/www.presstourism.ch\/WP_ALEX\/wp-content\/uploads\/2019\/07\/10-les-Cent-pour-Cent.jpg?fit=640%2C480\" alt=\"\" class=\"wp-image-6027\" srcset=\"https:\/\/i1.wp.com\/www.presstourism.ch\/wp-content\/uploads\/2019\/07\/10-les-Cent-pour-Cent.jpg?w=3933 3933w, https:\/\/i1.wp.com\/www.presstourism.ch\/wp-content\/uploads\/2019\/07\/10-les-Cent-pour-Cent.jpg?resize=300%2C225 300w, https:\/\/i1.wp.com\/www.presstourism.ch\/wp-content\/uploads\/2019\/07\/10-les-Cent-pour-Cent.jpg?resize=768%2C576 768w, https:\/\/i1.wp.com\/www.presstourism.ch\/wp-content\/uploads\/2019\/07\/10-les-Cent-pour-Cent.jpg?resize=1024%2C768 1024w, https:\/\/i1.wp.com\/www.presstourism.ch\/wp-content\/uploads\/2019\/07\/10-les-Cent-pour-Cent.jpg?resize=600%2C450 600w, https:\/\/i1.wp.com\/www.presstourism.ch\/wp-content\/uploads\/2019\/07\/10-les-Cent-pour-Cent.jpg?resize=1320%2C990 1320w, https:\/\/i1.wp.com\/www.presstourism.ch\/wp-content\/uploads\/2019\/07\/10-les-Cent-pour-Cent.jpg?w=1168 1168w, https:\/\/i1.wp.com\/www.presstourism.ch\/wp-content\/uploads\/2019\/07\/10-les-Cent-pour-Cent.jpg?w=1752 1752w\" sizes=\"(max-width: 584px) 100vw, 584px\" \/><figcaption>Cent pour Cent&#8230;<\/figcaption><\/figure>\n\n\n\n<p>Par-ci des jeunes filles en fleurs et papillons, par l\u00e0 des Cent Suisses \u2013 et Cent Suissesses \u2013 en uniforme rouge et blanc. <\/p>\n\n\n\n<figure class=\"wp-block-image\"><img loading=\"lazy\" width=\"4272\" height=\"2848\" src=\"https:\/\/i2.wp.com\/www.presstourism.ch\/WP_ALEX\/wp-content\/uploads\/2019\/07\/11-les-\u00e9tourneaux.jpg?fit=640%2C427\" alt=\"\" class=\"wp-image-6026\" srcset=\"https:\/\/i2.wp.com\/www.presstourism.ch\/wp-content\/uploads\/2019\/07\/11-les-\u00e9tourneaux.jpg?w=4272 4272w, https:\/\/i2.wp.com\/www.presstourism.ch\/wp-content\/uploads\/2019\/07\/11-les-\u00e9tourneaux.jpg?resize=300%2C200 300w, https:\/\/i2.wp.com\/www.presstourism.ch\/wp-content\/uploads\/2019\/07\/11-les-\u00e9tourneaux.jpg?resize=768%2C512 768w, https:\/\/i2.wp.com\/www.presstourism.ch\/wp-content\/uploads\/2019\/07\/11-les-\u00e9tourneaux.jpg?resize=1024%2C683 1024w, https:\/\/i2.wp.com\/www.presstourism.ch\/wp-content\/uploads\/2019\/07\/11-les-\u00e9tourneaux.jpg?resize=600%2C400 600w, https:\/\/i2.wp.com\/www.presstourism.ch\/wp-content\/uploads\/2019\/07\/11-les-\u00e9tourneaux.jpg?resize=1320%2C880 1320w, https:\/\/i2.wp.com\/www.presstourism.ch\/wp-content\/uploads\/2019\/07\/11-les-\u00e9tourneaux.jpg?w=1168 1168w, https:\/\/i2.wp.com\/www.presstourism.ch\/wp-content\/uploads\/2019\/07\/11-les-\u00e9tourneaux.jpg?w=1752 1752w\" sizes=\"(max-width: 584px) 100vw, 584px\" \/><figcaption>Etourneaux&#8230;<\/figcaption><\/figure>\n\n\n\n<p>Des nu\u00e9es d\u2019\u00e9tourneaux espi\u00e8gles battent leurs grandes ailes iris\u00e9es\u2026 <\/p>\n\n\n\n<figure class=\"wp-block-image\"><img loading=\"lazy\" width=\"2812\" height=\"1874\" src=\"https:\/\/i0.wp.com\/www.presstourism.ch\/WP_ALEX\/wp-content\/uploads\/2019\/07\/12-des-fourmis.jpg?fit=640%2C426\" alt=\"\" class=\"wp-image-6023\" srcset=\"https:\/\/i1.wp.com\/www.presstourism.ch\/wp-content\/uploads\/2019\/07\/12-des-fourmis.jpg?w=2812 2812w, https:\/\/i1.wp.com\/www.presstourism.ch\/wp-content\/uploads\/2019\/07\/12-des-fourmis.jpg?resize=300%2C200 300w, https:\/\/i1.wp.com\/www.presstourism.ch\/wp-content\/uploads\/2019\/07\/12-des-fourmis.jpg?resize=768%2C512 768w, https:\/\/i1.wp.com\/www.presstourism.ch\/wp-content\/uploads\/2019\/07\/12-des-fourmis.jpg?resize=1024%2C682 1024w, https:\/\/i1.wp.com\/www.presstourism.ch\/wp-content\/uploads\/2019\/07\/12-des-fourmis.jpg?resize=600%2C400 600w, https:\/\/i1.wp.com\/www.presstourism.ch\/wp-content\/uploads\/2019\/07\/12-des-fourmis.jpg?resize=1320%2C880 1320w, https:\/\/i1.wp.com\/www.presstourism.ch\/wp-content\/uploads\/2019\/07\/12-des-fourmis.jpg?w=1168 1168w, https:\/\/i1.wp.com\/www.presstourism.ch\/wp-content\/uploads\/2019\/07\/12-des-fourmis.jpg?w=1752 1752w\" sizes=\"(max-width: 584px) 100vw, 584px\" \/><figcaption>Fourmis&#8230;<\/figcaption><\/figure>\n\n\n\n<p>Les voix de centaines de choristes s\u2019\u00e9l\u00e8vent jusque tard dans la nuit \u2013 car les r\u00e9p\u00e9tions de la F\u00eate des Vignerons \u00e9dition 2019 battent son plein.<\/p>\n\n\n\n<p>Le rideau se l\u00e8vera le 18 juillet, et le spectacle, qui illustre une ann\u00e9e dans la vie de la vigne, promet d\u2019\u00eatre grandiose et \u00e9mouvant. <\/p>\n\n\n\n<figure class=\"wp-block-image\"><img loading=\"lazy\" width=\"4272\" height=\"2848\" src=\"https:\/\/i0.wp.com\/www.presstourism.ch\/WP_ALEX\/wp-content\/uploads\/2019\/07\/5-daniele-finzi-pasca.jpg?fit=640%2C427\" alt=\"\" class=\"wp-image-6025\" srcset=\"https:\/\/i0.wp.com\/www.presstourism.ch\/wp-content\/uploads\/2019\/07\/5-daniele-finzi-pasca.jpg?w=4272 4272w, https:\/\/i0.wp.com\/www.presstourism.ch\/wp-content\/uploads\/2019\/07\/5-daniele-finzi-pasca.jpg?resize=300%2C200 300w, https:\/\/i0.wp.com\/www.presstourism.ch\/wp-content\/uploads\/2019\/07\/5-daniele-finzi-pasca.jpg?resize=768%2C512 768w, https:\/\/i0.wp.com\/www.presstourism.ch\/wp-content\/uploads\/2019\/07\/5-daniele-finzi-pasca.jpg?resize=1024%2C683 1024w, https:\/\/i0.wp.com\/www.presstourism.ch\/wp-content\/uploads\/2019\/07\/5-daniele-finzi-pasca.jpg?resize=600%2C400 600w, https:\/\/i0.wp.com\/www.presstourism.ch\/wp-content\/uploads\/2019\/07\/5-daniele-finzi-pasca.jpg?resize=1320%2C880 1320w, https:\/\/i0.wp.com\/www.presstourism.ch\/wp-content\/uploads\/2019\/07\/5-daniele-finzi-pasca.jpg?w=1168 1168w, https:\/\/i0.wp.com\/www.presstourism.ch\/wp-content\/uploads\/2019\/07\/5-daniele-finzi-pasca.jpg?w=1752 1752w\" sizes=\"(max-width: 584px) 100vw, 584px\" \/><figcaption>Daniele Finzi Pasca, concepteur g\u00e9n\u00e9ral, metteur en sc\u00e8ne, est n\u00e9 en 1964 \u00e0 Lugano. Il a con\u00e7u les c\u00e9r\u00e9monies de clot\u00fbre des Jeux olympiques de Turin en 2006 et de Sotchi en 2014. <\/figcaption><\/figure>\n\n\n\n<p>\u00ab\u00a0Je travaille sur l\u2019\u00e9motion plus que sur la compr\u00e9hension\u00a0\u00bb dit le p\u00e9tillant Daniele Finzi Pasca, concepteur et metteur en sc\u00e8ne. Musique, textes, chor\u00e9graphie, costumes, sc\u00e9nographie, plancher LED, tout est neuf, tout est \u00e9tudi\u00e9 pour \u00e9voquer l\u2019histoire de la ville et du vignoble, les parfums, la terre, le ciel, la mythologie, et le r\u00f4le de plus en plus important de la femme qui vient d\u2019\u00eatre admise dans la tr\u00e8s traditionnelle Confr\u00e9rie des Vignerons. \u00ab\u00a0C\u2019est comme une tapisserie, explique Finzi Pasca, tous les fils comptent mais aucune couleur ne domine.\u00a0\u00bb Effectivement, avec la musique, les tambours, les couleurs, les danses, les lumi\u00e8res dansantes du sol, on n\u2019a pas assez d\u2019yeux pour tout voir \u00e0 la fois\u00a0! N\u2019ayez crainte, le traditionnel Ranz des Vaches n\u2019a pas \u00e9t\u00e9 oubli\u00e9\u2026<\/p>\n\n\n\n<figure class=\"wp-block-image\"><img loading=\"lazy\" width=\"4272\" height=\"2848\" src=\"https:\/\/i1.wp.com\/www.presstourism.ch\/WP_ALEX\/wp-content\/uploads\/2019\/07\/6-gradins-en-terrasse.jpg?fit=640%2C427\" alt=\"\" class=\"wp-image-6024\" srcset=\"https:\/\/i0.wp.com\/www.presstourism.ch\/wp-content\/uploads\/2019\/07\/6-gradins-en-terrasse.jpg?w=4272 4272w, https:\/\/i0.wp.com\/www.presstourism.ch\/wp-content\/uploads\/2019\/07\/6-gradins-en-terrasse.jpg?resize=300%2C200 300w, https:\/\/i0.wp.com\/www.presstourism.ch\/wp-content\/uploads\/2019\/07\/6-gradins-en-terrasse.jpg?resize=768%2C512 768w, https:\/\/i0.wp.com\/www.presstourism.ch\/wp-content\/uploads\/2019\/07\/6-gradins-en-terrasse.jpg?resize=1024%2C683 1024w, https:\/\/i0.wp.com\/www.presstourism.ch\/wp-content\/uploads\/2019\/07\/6-gradins-en-terrasse.jpg?resize=600%2C400 600w, https:\/\/i0.wp.com\/www.presstourism.ch\/wp-content\/uploads\/2019\/07\/6-gradins-en-terrasse.jpg?resize=1320%2C880 1320w, https:\/\/i0.wp.com\/www.presstourism.ch\/wp-content\/uploads\/2019\/07\/6-gradins-en-terrasse.jpg?w=1168 1168w, https:\/\/i0.wp.com\/www.presstourism.ch\/wp-content\/uploads\/2019\/07\/6-gradins-en-terrasse.jpg?w=1752 1752w\" sizes=\"(max-width: 584px) 100vw, 584px\" \/><figcaption>Les gradins de la F\u00eate<\/figcaption><\/figure>\n\n\n\n<p>Autour de la sc\u00e8ne principale, les gradins ressemblent aux vignobles en terrasse, montant jusqu\u2019\u00e0 30 m pour dominer les toits de la vieille ville. Priorit\u00e9 a \u00e9t\u00e9 donn\u00e9e \u00e0 la s\u00e9curit\u00e9\u00a0: l\u2019ar\u00e8ne, qui a une capacit\u00e9 de 20&rsquo;000 places, doit se vider en 20 minutes. <\/p>\n\n\n\n<figure class=\"wp-block-image\"><img loading=\"lazy\" width=\"3024\" height=\"4032\" src=\"https:\/\/i2.wp.com\/www.presstourism.ch\/WP_ALEX\/wp-content\/uploads\/2019\/07\/4-ext\u00e9rieur-ar\u00e8ne.jpg?fit=640%2C853\" alt=\"\" class=\"wp-image-6028\" srcset=\"https:\/\/i2.wp.com\/www.presstourism.ch\/wp-content\/uploads\/2019\/07\/4-ext\u00e9rieur-ar\u00e8ne.jpg?w=3024 3024w, https:\/\/i2.wp.com\/www.presstourism.ch\/wp-content\/uploads\/2019\/07\/4-ext\u00e9rieur-ar\u00e8ne.jpg?resize=225%2C300 225w, https:\/\/i2.wp.com\/www.presstourism.ch\/wp-content\/uploads\/2019\/07\/4-ext\u00e9rieur-ar\u00e8ne.jpg?resize=768%2C1024 768w, https:\/\/i2.wp.com\/www.presstourism.ch\/wp-content\/uploads\/2019\/07\/4-ext\u00e9rieur-ar\u00e8ne.jpg?resize=600%2C800 600w, https:\/\/i2.wp.com\/www.presstourism.ch\/wp-content\/uploads\/2019\/07\/4-ext\u00e9rieur-ar\u00e8ne.jpg?resize=1320%2C1760 1320w, https:\/\/i2.wp.com\/www.presstourism.ch\/wp-content\/uploads\/2019\/07\/4-ext\u00e9rieur-ar\u00e8ne.jpg?w=1168 1168w, https:\/\/i2.wp.com\/www.presstourism.ch\/wp-content\/uploads\/2019\/07\/4-ext\u00e9rieur-ar\u00e8ne.jpg?w=1752 1752w\" sizes=\"(max-width: 584px) 100vw, 584px\" \/><figcaption>L&rsquo;ar\u00e8ne vue de l&rsquo;ext\u00e9rieur.<\/figcaption><\/figure>\n\n\n\n<p>Du point de vue \u00e9cologique, grand soin a \u00e9t\u00e9 pris de num\u00e9roter et pr\u00e9server chaque rocher sorti du lac pour faire place aux pieux en bois qui soutiennent la Terrasse de la Confr\u00e9rie, rochers qui seront remis \u00e0 leur place exacte apr\u00e8s le d\u00e9montage. Chaque \u00e9l\u00e9ment de la construction pourra \u00eatre r\u00e9utilis\u00e9. La sc\u00e8ne principale occupe 1200 m<sup>2<\/sup>, et les quatre sc\u00e8nes sur\u00e9lev\u00e9es sur les c\u00f4t\u00e9s, chacune sur fond de grand \u00e9cran, font 300 m<sup>2<\/sup> chacune. <\/p>\n\n\n\n<figure class=\"wp-block-image\"><img loading=\"lazy\" width=\"4482\" height=\"3058\" src=\"https:\/\/i0.wp.com\/www.presstourism.ch\/WP_ALEX\/wp-content\/uploads\/2019\/07\/9-la-petite-Julie.jpg?fit=640%2C437\" alt=\"\" class=\"wp-image-6029\" srcset=\"https:\/\/i1.wp.com\/www.presstourism.ch\/wp-content\/uploads\/2019\/07\/9-la-petite-Julie.jpg?w=4482 4482w, https:\/\/i1.wp.com\/www.presstourism.ch\/wp-content\/uploads\/2019\/07\/9-la-petite-Julie.jpg?resize=300%2C205 300w, https:\/\/i1.wp.com\/www.presstourism.ch\/wp-content\/uploads\/2019\/07\/9-la-petite-Julie.jpg?resize=768%2C524 768w, https:\/\/i1.wp.com\/www.presstourism.ch\/wp-content\/uploads\/2019\/07\/9-la-petite-Julie.jpg?resize=1024%2C699 1024w, https:\/\/i1.wp.com\/www.presstourism.ch\/wp-content\/uploads\/2019\/07\/9-la-petite-Julie.jpg?resize=600%2C409 600w, https:\/\/i1.wp.com\/www.presstourism.ch\/wp-content\/uploads\/2019\/07\/9-la-petite-Julie.jpg?resize=1320%2C901 1320w, https:\/\/i1.wp.com\/www.presstourism.ch\/wp-content\/uploads\/2019\/07\/9-la-petite-Julie.jpg?w=1168 1168w, https:\/\/i1.wp.com\/www.presstourism.ch\/wp-content\/uploads\/2019\/07\/9-la-petite-Julie.jpg?w=1752 1752w\" sizes=\"(max-width: 584px) 100vw, 584px\" \/><figcaption>La petite Julie&#8230;<\/figcaption><\/figure>\n\n\n\n<p>La visibilit\u00e9 est excellente de tous parts. Si 400\u2019000 spectateurs sont attendus, il reste encore des places \u2013 mais h\u00e2tez-vous\u00a0! Il faudra attendre une vingtaine d\u2019ann\u00e9es pour la prochaine \u00e9dition\u00a0! <\/p>\n\n\n\n<figure class=\"wp-block-image\"><img loading=\"lazy\" width=\"3801\" height=\"2536\" src=\"https:\/\/i0.wp.com\/www.presstourism.ch\/WP_ALEX\/wp-content\/uploads\/2019\/07\/8-cartes.jpg?fit=640%2C427\" alt=\"\" class=\"wp-image-6030\" srcset=\"https:\/\/i2.wp.com\/www.presstourism.ch\/wp-content\/uploads\/2019\/07\/8-cartes.jpg?w=3801 3801w, https:\/\/i2.wp.com\/www.presstourism.ch\/wp-content\/uploads\/2019\/07\/8-cartes.jpg?resize=300%2C200 300w, https:\/\/i2.wp.com\/www.presstourism.ch\/wp-content\/uploads\/2019\/07\/8-cartes.jpg?resize=768%2C512 768w, https:\/\/i2.wp.com\/www.presstourism.ch\/wp-content\/uploads\/2019\/07\/8-cartes.jpg?resize=1024%2C683 1024w, https:\/\/i2.wp.com\/www.presstourism.ch\/wp-content\/uploads\/2019\/07\/8-cartes.jpg?resize=600%2C400 600w, https:\/\/i2.wp.com\/www.presstourism.ch\/wp-content\/uploads\/2019\/07\/8-cartes.jpg?resize=1320%2C881 1320w, https:\/\/i2.wp.com\/www.presstourism.ch\/wp-content\/uploads\/2019\/07\/8-cartes.jpg?w=1168 1168w, https:\/\/i2.wp.com\/www.presstourism.ch\/wp-content\/uploads\/2019\/07\/8-cartes.jpg?w=1752 1752w\" sizes=\"(max-width: 584px) 100vw, 584px\" \/><figcaption>Les cartes&#8230;<\/figcaption><\/figure>\n\n\n\n<p>Et si vous arrivez trop tard, venez \u00e0 Vevey quand-m\u00eame\u00a0: tous les jours la ville sera anim\u00e9e par de nombreuses repr\u00e9sentations gratuites, musicales ou culturelles, des bars, des restaurants \u00e9ph\u00e9m\u00e8res, l\u2019ambiance tr\u00e8s particuli\u00e8re des 5500 acteurs et figurants (y compris 835 enfants) et 850 chanteurs qui travaillent ensemble depuis des mois pour devenir une grande famille.<\/p>\n\n\n\n<p style=\"text-align:right\"><em>Barbara Ender, 9 juillet 2019<\/em><\/p>\n\n\n\n<div class=\"wp-block-image\"><figure class=\"aligncenter\"><img loading=\"lazy\" width=\"2661\" height=\"3997\" src=\"https:\/\/i0.wp.com\/www.presstourism.ch\/WP_ALEX\/wp-content\/uploads\/2019\/07\/2-vin.jpg?fit=640%2C961\" alt=\"\" class=\"wp-image-6031\" srcset=\"https:\/\/i1.wp.com\/www.presstourism.ch\/wp-content\/uploads\/2019\/07\/2-vin.jpg?w=2661 2661w, https:\/\/i1.wp.com\/www.presstourism.ch\/wp-content\/uploads\/2019\/07\/2-vin.jpg?resize=200%2C300 200w, https:\/\/i1.wp.com\/www.presstourism.ch\/wp-content\/uploads\/2019\/07\/2-vin.jpg?resize=768%2C1154 768w, https:\/\/i1.wp.com\/www.presstourism.ch\/wp-content\/uploads\/2019\/07\/2-vin.jpg?resize=682%2C1024 682w, https:\/\/i1.wp.com\/www.presstourism.ch\/wp-content\/uploads\/2019\/07\/2-vin.jpg?resize=600%2C901 600w, https:\/\/i1.wp.com\/www.presstourism.ch\/wp-content\/uploads\/2019\/07\/2-vin.jpg?resize=1320%2C1983 1320w, https:\/\/i1.wp.com\/www.presstourism.ch\/wp-content\/uploads\/2019\/07\/2-vin.jpg?w=1168 1168w, https:\/\/i1.wp.com\/www.presstourism.ch\/wp-content\/uploads\/2019\/07\/2-vin.jpg?w=1752 1752w\" sizes=\"(max-width: 584px) 100vw, 584px\" \/><\/figure><\/div>\n\n\n\n<p>Pour tout savoir&nbsp;: <a href=\"http:\/\/www.fetedesvignerons.ch\">www.fetedesvignerons.ch<\/a><\/p>\n","protected":false},"excerpt":{"rendered":"<p>Le c\u0153ur de Vevey palpite de plus en plus fort, ses art\u00e8res reprennent vie apr\u00e8s des mois de construction \u2013 et de frustration de la part des commer\u00e7ants qui ont souffert de la cl\u00f4ture de la Grande Place pour laisser &hellip; <a href=\"http:\/\/www.presstourism.ch\/?page_id=6019\">Continuer la lecture <span class=\"meta-nav\">&rarr;<\/span><\/a><\/p>\n","protected":false},"author":1,"featured_media":0,"parent":341,"menu_order":0,"comment_status":"closed","ping_status":"closed","template":"","meta":{"ngg_post_thumbnail":0,"spay_email":""},"jetpack_sharing_enabled":true,"jetpack_shortlink":"https:\/\/wp.me\/P468TV-1z5","_links":{"self":[{"href":"http:\/\/www.presstourism.ch\/index.php?rest_route=\/wp\/v2\/pages\/6019"}],"collection":[{"href":"http:\/\/www.presstourism.ch\/index.php?rest_route=\/wp\/v2\/pages"}],"about":[{"href":"http:\/\/www.presstourism.ch\/index.php?rest_route=\/wp\/v2\/types\/page"}],"author":[{"embeddable":true,"href":"http:\/\/www.presstourism.ch\/index.php?rest_route=\/wp\/v2\/users\/1"}],"replies":[{"embeddable":true,"href":"http:\/\/www.presstourism.ch\/index.php?rest_route=%2Fwp%2Fv2%2Fcomments&post=6019"}],"version-history":[{"count":2,"href":"http:\/\/www.presstourism.ch\/index.php?rest_route=\/wp\/v2\/pages\/6019\/revisions"}],"predecessor-version":[{"id":6033,"href":"http:\/\/www.presstourism.ch\/index.php?rest_route=\/wp\/v2\/pages\/6019\/revisions\/6033"}],"up":[{"embeddable":true,"href":"http:\/\/www.presstourism.ch\/index.php?rest_route=\/wp\/v2\/pages\/341"}],"wp:attachment":[{"href":"http:\/\/www.presstourism.ch\/index.php?rest_route=%2Fwp%2Fv2%2Fmedia&parent=6019"}],"curies":[{"name":"wp","href":"https:\/\/api.w.org\/{rel}","templated":true}]}}