{"id":6010,"date":"2019-07-09T14:08:25","date_gmt":"2019-07-09T13:08:25","guid":{"rendered":"http:\/\/www.presstourism.ch\/WP_ALEX\/?page_id=6010"},"modified":"2019-07-09T14:08:26","modified_gmt":"2019-07-09T13:08:26","slug":"erevan-une-oeuvre-de-larchitecte-armenien-tamanian","status":"publish","type":"page","link":"http:\/\/www.presstourism.ch\/?page_id=6010","title":{"rendered":"Erevan : une \u0153uvre de l\u2019architecte arm\u00e9nien Tamanian"},"content":{"rendered":"\n<div class=\"wp-block-image\"><figure class=\"aligncenter\"><img loading=\"lazy\" width=\"455\" height=\"303\" src=\"https:\/\/i2.wp.com\/www.presstourism.ch\/WP_ALEX\/wp-content\/uploads\/2019\/07\/CascadeIMG_3483-455x303.jpg?resize=455%2C303\" alt=\"\" class=\"wp-image-6011\" srcset=\"https:\/\/i1.wp.com\/www.presstourism.ch\/wp-content\/uploads\/2019\/07\/CascadeIMG_3483-455x303.jpg?resize=455%2C303 455w, https:\/\/i1.wp.com\/www.presstourism.ch\/wp-content\/uploads\/2019\/07\/CascadeIMG_3483-455x303.jpg?resize=300%2C200 300w\" sizes=\"(max-width: 455px) 100vw, 455px\" data-recalc-dims=\"1\" \/><\/figure><\/div>\n\n\n\n<p>30 juin 2019 | Erika Bodmer\u00a0<a href=\"http:\/\/www.jepars.ch\/magazine\/?author=3\">Je pars&#8230;<\/a><\/p>\n\n\n\n<p>Erevan se prosterne chaque jour devant ce monstre de 5\u2019137 m\u00e8tres de hauteur situ\u00e9 en territoire turc qu\u2019est le mont Ararat, et son petit fr\u00e8re, le \u00ab petit Ararat \u00bb, au grand dam des Arm\u00e9niens qui le revendiquent. Sa majest\u00e9 peut se voir depuis de nombreux endroits en Arm\u00e9nie. Malheureusement, rares sont les moments o\u00f9 il est totalement d\u00e9couvert, les nuages ayant la f\u00e2cheuse habitude de cacher son sommet. Pourtant, \u00e0 potron-minet on peut avoir la chance de le voir rosir au soleil levant, enti\u00e8rement d\u00e9gag\u00e9. La l\u00e9gende voulant que l\u2019arche de No\u00e9 y ait \u00e9chou\u00e9 est contest\u00e9e. Selon le mus\u00e9e historique d\u2019Erevan lui-m\u00eame, il y aurait un autre mont Ararat au pied de l\u2019Euphrate qui, lui, serait vraiment l\u00e0 o\u00f9 le patriarche aurait \u00e9chou\u00e9 son navire et d\u00e9barqu\u00e9 ses animaux.<\/p>\n\n\n\n<div class=\"wp-block-image\"><figure class=\"aligncenter\"><a href=\"https:\/\/i1.wp.com\/www.jepars.ch\/magazine\/wp-content\/uploads\/2019\/06\/IMG_9337.jpg\"><img src=\"https:\/\/i1.wp.com\/www.jepars.ch\/magazine\/wp-content\/uploads\/2019\/06\/IMG_9337-455x303.jpg?resize=455%2C303\" alt=\"IMG_9337\" class=\"wp-image-17628\" data-recalc-dims=\"1\"\/><\/a><\/figure><\/div>\n\n\n\n<p>Au moment de la sovi\u00e9tisation, les autorit\u00e9s trouv\u00e8rent que l\u2019Arm\u00e9nie avait besoin d\u2019une capitale. Ils choisirent Erevan, une petite ville provinciale dont la plupart des maisons \u00e9taient construites en argile. On confia l\u2019urbanisation d\u2019Erevan \u00e0 l\u2019architecte n\u00e9oclassique Alexandre Tamanian, un Arm\u00e9nien plus connu en Russie sous le nom d\u2019Alexandre Tamanov, car cela faisait mieux d\u2019avoir un suffixe en \u00ab\u00a0ov\u00a0\u00bb. Avant de se mettre au travail, il s\u2019impr\u00e9gna de la culture et de l\u2019histoire arm\u00e9niennes afin de cr\u00e9er une capitale \u00e0 l\u2019image du pays tout entier.<\/p>\n\n\n\n<div class=\"wp-block-image\"><figure class=\"aligncenter\"><a href=\"https:\/\/i2.wp.com\/www.jepars.ch\/magazine\/wp-content\/uploads\/2019\/06\/IMG_9801.jpg\"><img src=\"https:\/\/i1.wp.com\/www.jepars.ch\/magazine\/wp-content\/uploads\/2019\/06\/IMG_9801-455x303.jpg?resize=455%2C303\" alt=\"IMG_9801\" class=\"wp-image-17629\" data-recalc-dims=\"1\"\/><\/a><\/figure><\/div>\n\n\n\n<p>A son arriv\u00e9e \u00e0 Erevan, Alexandre Tamanian dessina la ville en forme de soleil avec des rues convergeant vers le centre et repr\u00e9sentant les rayons. Les premiers plans pr\u00e9voyaient deux places : la place de L\u00e9nine (actuellement place de la R\u00e9publique) et la place de la Libert\u00e9 en face de l\u2019Op\u00e9ra. Cet op\u00e9ra fut construit \u00e0 la place de la chapelle de Gethsemani datant du 17\u00e8me si\u00e8cle. Sur l\u2019ordre de Staline, les monuments religieux devaient \u00eatre remplac\u00e9s par d\u2019autres monuments. On choisissait les endroits o\u00f9 il y avait des \u00e9glises et des chapelles pour les d\u00e9truire et les remplacer par des monuments modernes. Or, Tamanian avait \u00e0 c\u0153ur, non seulement d\u2019urbaniser la ville de mani\u00e8re moderne, mais aussi de conserver les monuments anciens. Il a d\u00e9plac\u00e9 et num\u00e9rot\u00e9 les pierres de la chapelle, mais, faute de moyens, n\u2019a pu la reconstruire. A l\u2019Exposition universelle de 1937 \u00e0 Paris, la maquette de l\u2019Op\u00e9ra d\u2019Erevan gagna la m\u00e9daille\u00a0 d\u2019or.<\/p>\n\n\n\n<div class=\"wp-block-image\"><figure class=\"aligncenter\"><a href=\"https:\/\/i2.wp.com\/www.jepars.ch\/magazine\/wp-content\/uploads\/2019\/06\/cascadeIMG_3508-.jpg\"><img src=\"https:\/\/i2.wp.com\/www.jepars.ch\/magazine\/wp-content\/uploads\/2019\/06\/cascadeIMG_3508--455x606.jpg?resize=455%2C606\" alt=\"Musee Cacade, Erevan\" class=\"wp-image-17626\" data-recalc-dims=\"1\"\/><\/a><\/figure><\/div>\n\n\n\n<p><strong>La Cascade&nbsp;<\/strong><br>Cr\u00e9\u00e9e dans les ann\u00e9es 70 par Alexandre Tamanian et Torosyan dans un but purement ornemental, ce monument s\u2019est mu\u00e9 peu \u00e0 peu en lieu culturel apr\u00e8s la chute de l\u2019URSS. Elle abrite notamment un complexe de salles d\u2019expositions, dont le mus\u00e9e d\u2019art contemporain Cafeshian, qui, avec sa disposition originale \u00e9tal\u00e9e sur plusieurs \u00e9tages, \u00e9merveille lors du passage d\u2019une salle \u00e0 une autre. Des \u0153uvres d\u2019artistes c\u00e9l\u00e8bres, tels que Marc Chagall, Fernando Botero, Andy Warhol, Georges Braque et bien d\u2019autres, y sont expos\u00e9es.&nbsp; On peut aussi y faire des exp\u00e9riences de vid\u00e9o en 3D et, enfin, admirer l\u2019Expo Swarovski Crystal Palace. Dans le parc situ\u00e9 au pied de La Cascade, jeunes et moins jeunes se prom\u00e8nent tout en admirant cet escalier monumental, agr\u00e9ment\u00e9 de cascades, de fontaines, de statues et de parterres de fleurs invitant \u00e0 la fl\u00e2nerie.<\/p>\n\n\n\n<p><strong>L\u2019\u00e9pop\u00e9e du m\u00e9tro&nbsp;<\/strong><br>La construction du m\u00e9tro et de ses 11 stations fut l\u2019une de ces \u0153uvres magistrales qu\u2019Alexandre Tamanian acheva non sans mal. A l\u2019\u00e9poque sovi\u00e9tique, les autorit\u00e9s d\u2019Erevan avaient d\u00e9j\u00e0 imagin\u00e9 lancer un m\u00e9tro, mais avaient renonc\u00e9 au vu de la d\u00e9pense. On raconte que, lors de la visite du Premier secr\u00e9taire du Soviet supr\u00eame, l\u2019urbaniste aurait e\u00fbt l\u2019id\u00e9e de faire venir le plus de voitures possible. La voiture du Premier secr\u00e9taire fut bloqu\u00e9e dans les embouteillages. Tamanian aurait dit : \u00ab Malheureusement, c\u2019est comme \u00e7a tous les jours \u00e0 Erevan. Si nous avions un m\u00e9tro, la circulation serait bien meilleure \u00bb. Le Secr\u00e9taire r\u00e9pondit&nbsp;: \u00ab Jamais de m\u00e9tro \u00bb. Tamanian r\u00e9torqua qu\u2019il n\u2019allait pas faire un m\u00e9tro, mais un tramway souterrain et la chose fut admise. Les travaux du \u00ab tramway souterrain \u00bb prirent beaucoup de temps, mais arriv\u00e8rent \u00e0 \u00e9ch\u00e9ance gr\u00e2ce \u00e0 plusieurs bouteilles de brandy arm\u00e9nien dont, \u00e0 l\u2019instar de Winston Churchill, le Secr\u00e9taire du Soviet Supr\u00eame \u00e9tait particuli\u00e8rement friand.<\/p>\n\n\n\n<div class=\"wp-block-image\"><figure class=\"aligncenter\"><a href=\"https:\/\/i0.wp.com\/www.jepars.ch\/magazine\/wp-content\/uploads\/2019\/06\/memorialIMG_3517.jpg\"><img src=\"https:\/\/i0.wp.com\/www.jepars.ch\/magazine\/wp-content\/uploads\/2019\/06\/memorialIMG_3517-455x636.jpg?resize=455%2C636\" alt=\"memorialIMG_3517\" class=\"wp-image-17630\" data-recalc-dims=\"1\"\/><\/a><\/figure><\/div>\n\n\n\n<p><strong>Douloureux souvenirs\u00a0<\/strong><br>L\u2019\u00e9vocation du g\u00e9nocide perp\u00e9tr\u00e9 par la vague \u00ab Jeunes-Turcs \u00bb en 1915 et 1916 g\u00e9n\u00e9rera toujours une profonde \u00e9motion bien compr\u00e9hensible dans le c\u0153ur de tout Arm\u00e9nien. Dans les hauts d\u2019Erevan, sur une colline\u00a0 appel\u00e9e Tsitsernakaberd\u00a0 (le fort aux hirondelles), ont \u00e9t\u00e9 \u00e9rig\u00e9es douze st\u00e8les de granit repr\u00e9sentant les 12 provinces arm\u00e9niennes aujourd\u2019hui en territoire turc. Au centre de celles-ci, \u00e0 1,5 m\u00e8tre de profondeur, br\u00fble la flamme \u00e9ternelle. Aux alentours se trouve un parc o\u00f9 des gouvernements du monde entier ont pos\u00e9 des plaques aux pieds de sapons, portant les noms des donateurs en t\u00e9moignage de leur soutien. Parmi elles figure celle de Micheline Calmy-Rey, ancienne pr\u00e9sidente de la Conf\u00e9d\u00e9ration helv\u00e9tique.<\/p>\n\n\n\n<p>Par Erika Bodmer<\/p>\n\n\n\n<p><strong><a href=\"http:\/\/www.jepars.ch\/magazine\/?p=17623\">Lire l&rsquo;article complet sur Je Pars&#8230;<\/a><\/strong><\/p>\n","protected":false},"excerpt":{"rendered":"<p>30 juin 2019 | Erika Bodmer\u00a0Je pars&#8230; Erevan se prosterne chaque jour devant ce monstre de 5\u2019137 m\u00e8tres de hauteur situ\u00e9 en territoire turc qu\u2019est le mont Ararat, et son petit fr\u00e8re, le \u00ab petit Ararat \u00bb, au grand dam &hellip; <a href=\"http:\/\/www.presstourism.ch\/?page_id=6010\">Continuer la lecture <span class=\"meta-nav\">&rarr;<\/span><\/a><\/p>\n","protected":false},"author":1,"featured_media":0,"parent":5565,"menu_order":0,"comment_status":"closed","ping_status":"closed","template":"","meta":{"ngg_post_thumbnail":0,"spay_email":""},"jetpack_sharing_enabled":true,"jetpack_shortlink":"https:\/\/wp.me\/P468TV-1yW","_links":{"self":[{"href":"http:\/\/www.presstourism.ch\/index.php?rest_route=\/wp\/v2\/pages\/6010"}],"collection":[{"href":"http:\/\/www.presstourism.ch\/index.php?rest_route=\/wp\/v2\/pages"}],"about":[{"href":"http:\/\/www.presstourism.ch\/index.php?rest_route=\/wp\/v2\/types\/page"}],"author":[{"embeddable":true,"href":"http:\/\/www.presstourism.ch\/index.php?rest_route=\/wp\/v2\/users\/1"}],"replies":[{"embeddable":true,"href":"http:\/\/www.presstourism.ch\/index.php?rest_route=%2Fwp%2Fv2%2Fcomments&post=6010"}],"version-history":[{"count":1,"href":"http:\/\/www.presstourism.ch\/index.php?rest_route=\/wp\/v2\/pages\/6010\/revisions"}],"predecessor-version":[{"id":6012,"href":"http:\/\/www.presstourism.ch\/index.php?rest_route=\/wp\/v2\/pages\/6010\/revisions\/6012"}],"up":[{"embeddable":true,"href":"http:\/\/www.presstourism.ch\/index.php?rest_route=\/wp\/v2\/pages\/5565"}],"wp:attachment":[{"href":"http:\/\/www.presstourism.ch\/index.php?rest_route=%2Fwp%2Fv2%2Fmedia&parent=6010"}],"curies":[{"name":"wp","href":"https:\/\/api.w.org\/{rel}","templated":true}]}}