{"id":5988,"date":"2019-07-08T08:48:23","date_gmt":"2019-07-08T07:48:23","guid":{"rendered":"http:\/\/www.presstourism.ch\/WP_ALEX\/?page_id=5988"},"modified":"2019-07-08T09:27:41","modified_gmt":"2019-07-08T08:27:41","slug":"armenie-sa-capitale-erevan-regorge-doeuvres-dart","status":"publish","type":"page","link":"http:\/\/www.presstourism.ch\/?page_id=5988","title":{"rendered":"Arm\u00e9nie: Sa capitale Erevan regorge d\u2019\u0153uvres d\u2019art !"},"content":{"rendered":"\n<figure class=\"wp-block-image\"><img loading=\"lazy\" width=\"584\" height=\"876\" src=\"https:\/\/i2.wp.com\/www.presstourism.ch\/WP_ALEX\/wp-content\/uploads\/2019\/07\/G6A5788-683x1024.jpg?resize=584%2C876\" alt=\"\" class=\"wp-image-5990\" srcset=\"https:\/\/i2.wp.com\/www.presstourism.ch\/wp-content\/uploads\/2019\/07\/G6A5788.jpg?w=683 683w, https:\/\/i2.wp.com\/www.presstourism.ch\/wp-content\/uploads\/2019\/07\/G6A5788.jpg?resize=200%2C300 200w, https:\/\/i2.wp.com\/www.presstourism.ch\/wp-content\/uploads\/2019\/07\/G6A5788.jpg?resize=600%2C900 600w\" sizes=\"(max-width: 584px) 100vw, 584px\" data-recalc-dims=\"1\" \/><figcaption>Vue du sommet ou du bas, la Cascade en impose<\/figcaption><\/figure>\n\n\n\n<p>Des si\u00e8cles de guerres, le terrible g\u00e9nocide (1918-1919) qui\na r\u00e9duit sa population de pr\u00e8s d\u2019un million d\u2019individus, un violent tremblement\nde terre en 1988 qui d\u00e9vasta le nord du pays, aujourd\u2019hui encore, le pays est\nsoumis \u00e0 une situation \u00e9conomique difficile comme en t\u00e9moigne la fermeture en\nmars dernier de l\u2019usine de traitement du cuivre dans la ville d\u2019Alaverdi au\nnord-est du pays. Aucun plan social n\u2019est pr\u00e9vu, et 70% des femmes qui y\ntravaillaient ont contract\u00e9 le cancer du sein.<\/p>\n\n\n\n<figure class=\"wp-block-image\"><img loading=\"lazy\" width=\"584\" height=\"390\" src=\"https:\/\/i2.wp.com\/www.presstourism.ch\/WP_ALEX\/wp-content\/uploads\/2019\/07\/G6A5908-1024x683.jpg?resize=584%2C390\" alt=\"\" class=\"wp-image-5999\" srcset=\"https:\/\/i2.wp.com\/www.presstourism.ch\/wp-content\/uploads\/2019\/07\/G6A5908.jpg?w=1024 1024w, https:\/\/i2.wp.com\/www.presstourism.ch\/wp-content\/uploads\/2019\/07\/G6A5908.jpg?resize=300%2C200 300w, https:\/\/i2.wp.com\/www.presstourism.ch\/wp-content\/uploads\/2019\/07\/G6A5908.jpg?resize=768%2C512 768w, https:\/\/i2.wp.com\/www.presstourism.ch\/wp-content\/uploads\/2019\/07\/G6A5908.jpg?resize=600%2C400 600w\" sizes=\"(max-width: 584px) 100vw, 584px\" data-recalc-dims=\"1\" \/><figcaption>En lui-m\u00eame, le monument de la Cascade interpelle<\/figcaption><\/figure>\n\n\n\n<p>Cependant, contre toute cette infortune, les Arm\u00e9niens assument. Ils sont sereins face \u00e0 cette adversit\u00e9 sur laquelle ils n\u2019ont aucun pouvoir. Certes chaque 24 avril, une comm\u00e9moration du g\u00e9nocide se tient au monument Tsitsernakaberd \u00e0 Erevan et tout au long de l\u2019ann\u00e9e des gens viennent s\u2019y recueillir, mais, comme nous l\u2019a dit notre guide, les gens se souviennent, mais ont envie de vivre au pr\u00e9sent. Et ils prennent leur temps dans la capitale Erevan qui comptabilise un peu plus d\u2019un million d\u2019habitants, au milieu de b\u00e2timents aust\u00e8res datant de l\u2019\u00e9poque russe, de fl\u00e2ner dans ses parcs qui offrent une totale s\u00e9r\u00e9nit\u00e9. <\/p>\n\n\n\n<figure class=\"wp-block-image\"><img loading=\"lazy\" width=\"584\" height=\"390\" src=\"https:\/\/i1.wp.com\/www.presstourism.ch\/WP_ALEX\/wp-content\/uploads\/2019\/07\/G6A5878-1024x683.jpg?resize=584%2C390\" alt=\"\" class=\"wp-image-5997\" srcset=\"https:\/\/i0.wp.com\/www.presstourism.ch\/wp-content\/uploads\/2019\/07\/G6A5878.jpg?w=1024 1024w, https:\/\/i0.wp.com\/www.presstourism.ch\/wp-content\/uploads\/2019\/07\/G6A5878.jpg?resize=300%2C200 300w, https:\/\/i0.wp.com\/www.presstourism.ch\/wp-content\/uploads\/2019\/07\/G6A5878.jpg?resize=768%2C512 768w, https:\/\/i0.wp.com\/www.presstourism.ch\/wp-content\/uploads\/2019\/07\/G6A5878.jpg?resize=600%2C400 600w\" sizes=\"(max-width: 584px) 100vw, 584px\" data-recalc-dims=\"1\" \/><figcaption>Les escaliers roulants ne permettent pas de s\u2019arr\u00eater pour contempler une \u0153uvre, mais sont bien utiles<\/figcaption><\/figure>\n\n\n\n<p>En apparence, il serait possible de voir l\u2019Arm\u00e9nie comme un pays peu d\u00e9velopp\u00e9 culturellement. Il n\u2019en est rien. Erevan se veut moderne et peut se targuer d\u2019avoir de tr\u00e8s int\u00e9ressantes collections d\u2019art \u00e0 l\u2019int\u00e9rieur et aux alentours de la spectaculaire Cascade, \u0153uvre o\u00f9 se m\u00e9langent la pierre, l\u2019eau et les v\u00e9g\u00e9taux. Dans cet \u00e9crin se situe le Centre Cafesjian pour les Arts, plus simplement nomm\u00e9 CCA cr\u00e9\u00e9 par son fondateur, l\u2019homme d\u2019affaire G\u00e9rard L. Cafesjian, Arm\u00e9nien ayant v\u00e9cu aux USA. <\/p>\n\n\n\n<figure class=\"wp-block-image\"><img loading=\"lazy\" width=\"584\" height=\"876\" src=\"https:\/\/i0.wp.com\/www.presstourism.ch\/WP_ALEX\/wp-content\/uploads\/2019\/07\/G6A5850-683x1024.jpg?resize=584%2C876\" alt=\"\" class=\"wp-image-5994\" srcset=\"https:\/\/i0.wp.com\/www.presstourism.ch\/wp-content\/uploads\/2019\/07\/G6A5850.jpg?resize=683%2C1024 683w, https:\/\/i0.wp.com\/www.presstourism.ch\/wp-content\/uploads\/2019\/07\/G6A5850.jpg?resize=200%2C300 200w, https:\/\/i0.wp.com\/www.presstourism.ch\/wp-content\/uploads\/2019\/07\/G6A5850.jpg?resize=768%2C1152 768w, https:\/\/i0.wp.com\/www.presstourism.ch\/wp-content\/uploads\/2019\/07\/G6A5850.jpg?resize=600%2C900 600w, https:\/\/i0.wp.com\/www.presstourism.ch\/wp-content\/uploads\/2019\/07\/G6A5850.jpg?w=1024 1024w\" sizes=\"(max-width: 584px) 100vw, 584px\" data-recalc-dims=\"1\" \/><figcaption>Que pense-t-il du visiteur qui passe ?<\/figcaption><\/figure>\n\n\n\n<p>Situ\u00e9 au centre de la ville, ouvert en 2009, le CCA a d\u00e9j\u00e0 attir\u00e9 pr\u00e8s d\u2019un million de visiteurs. \u00a0Cette fr\u00e9quentation montre combien le Centre rec\u00e8le des merveilles. Que l\u2019on gravisse ses escaliers ext\u00e9rieurs ou que l\u2019on emprunte les multiples escaliers roulants int\u00e9rieurs, l\u2019art est omnipr\u00e9sent. <\/p>\n\n\n\n<figure class=\"wp-block-image\"><img loading=\"lazy\" width=\"584\" height=\"874\" src=\"https:\/\/i0.wp.com\/www.presstourism.ch\/WP_ALEX\/wp-content\/uploads\/2019\/07\/G6A5814-684x1024.jpg?resize=584%2C874\" alt=\"\" class=\"wp-image-5991\" srcset=\"https:\/\/i0.wp.com\/www.presstourism.ch\/wp-content\/uploads\/2019\/07\/G6A5814.jpg?w=684 684w, https:\/\/i0.wp.com\/www.presstourism.ch\/wp-content\/uploads\/2019\/07\/G6A5814.jpg?resize=200%2C300 200w, https:\/\/i0.wp.com\/www.presstourism.ch\/wp-content\/uploads\/2019\/07\/G6A5814.jpg?resize=600%2C898 600w\" sizes=\"(max-width: 584px) 100vw, 584px\" data-recalc-dims=\"1\" \/><figcaption>La fontaine, \u0153uvre de Swarovski <\/figcaption><\/figure>\n\n\n\n<p>Il enveloppe, surprend, fascine et laisse le visiteur bouche b\u00e9e devant tant de diversit\u00e9 et de cr\u00e9ativit\u00e9. Voir le Palace de Crystal de Swarovski, le plafond en verre souffl\u00e9 compos\u00e9 de 252 pi\u00e8ces par l\u2019am\u00e9ricain Dale Chihuly. <\/p>\n\n\n\n<figure class=\"wp-block-image\"><img loading=\"lazy\" width=\"584\" height=\"390\" src=\"https:\/\/i0.wp.com\/www.presstourism.ch\/WP_ALEX\/wp-content\/uploads\/2019\/07\/G6A5835-1024x683.jpg?resize=584%2C390\" alt=\"\" class=\"wp-image-5993\" srcset=\"https:\/\/i1.wp.com\/www.presstourism.ch\/wp-content\/uploads\/2019\/07\/G6A5835.jpg?w=1024 1024w, https:\/\/i1.wp.com\/www.presstourism.ch\/wp-content\/uploads\/2019\/07\/G6A5835.jpg?resize=300%2C200 300w, https:\/\/i1.wp.com\/www.presstourism.ch\/wp-content\/uploads\/2019\/07\/G6A5835.jpg?resize=768%2C512 768w, https:\/\/i1.wp.com\/www.presstourism.ch\/wp-content\/uploads\/2019\/07\/G6A5835.jpg?resize=600%2C400 600w\" sizes=\"(max-width: 584px) 100vw, 584px\" data-recalc-dims=\"1\" \/><figcaption>Fragment d\u2019un pavillon de l\u2019exposition universelle de Paris en 1900. Auteur anonyme<\/figcaption><\/figure>\n\n\n\n<p>Dans une autre salle, d\u2019un auteur anonyme, des \u00e9l\u00e9ments de l\u2019exposition universelle de Paris en 1900 en bois recouvert d\u2019or et encore l\u2019immense fresque taill\u00e9e dans le tuf par l\u2019artiste arm\u00e9nien Artashes Hovsopyan. \u00a0<\/p>\n\n\n\n<figure class=\"wp-block-image\"><img loading=\"lazy\" width=\"584\" height=\"390\" src=\"https:\/\/i2.wp.com\/www.presstourism.ch\/WP_ALEX\/wp-content\/uploads\/2019\/07\/G6A5865-1024x683.jpg?resize=584%2C390\" alt=\"\" class=\"wp-image-5996\" srcset=\"https:\/\/i2.wp.com\/www.presstourism.ch\/wp-content\/uploads\/2019\/07\/G6A5865.jpg?w=1024 1024w, https:\/\/i2.wp.com\/www.presstourism.ch\/wp-content\/uploads\/2019\/07\/G6A5865.jpg?resize=300%2C200 300w, https:\/\/i2.wp.com\/www.presstourism.ch\/wp-content\/uploads\/2019\/07\/G6A5865.jpg?resize=768%2C512 768w, https:\/\/i2.wp.com\/www.presstourism.ch\/wp-content\/uploads\/2019\/07\/G6A5865.jpg?resize=600%2C400 600w\" sizes=\"(max-width: 584px) 100vw, 584px\" data-recalc-dims=\"1\" \/><figcaption>Il a fallu quatre ans au peintre Grigor Khanjyan et son \u00e9quipe pour r\u00e9aliser la partie centrale du triptyque : Vardanank<\/figcaption><\/figure>\n\n\n\n<p>Une exposition d\u2019affiches des pr\u00e9c\u00e9dentes expositions et un remarquable triptyque de 5,80 m\u00e8tres de hauteur et 16 m. en longueur repr\u00e9sentant les temps forts du pays\u00a0: la pr\u00e9sentation de l\u2019alphabet arm\u00e9nien, Vardanank en r\u00e9f\u00e9rence \u00e0 une bataille pour la lib\u00e9ration religieuse et la r\u00e9surrection de l\u2019Arm\u00e9nie. Des personnages publics connus sont int\u00e9gr\u00e9s  Sur chacun de ces volets.<\/p>\n\n\n\n<figure class=\"wp-block-image\"><img loading=\"lazy\" width=\"584\" height=\"390\" src=\"https:\/\/i2.wp.com\/www.presstourism.ch\/WP_ALEX\/wp-content\/uploads\/2019\/07\/G6A5832-1024x683.jpg?resize=584%2C390\" alt=\"\" class=\"wp-image-5992\" srcset=\"https:\/\/i0.wp.com\/www.presstourism.ch\/wp-content\/uploads\/2019\/07\/G6A5832.jpg?w=1024 1024w, https:\/\/i0.wp.com\/www.presstourism.ch\/wp-content\/uploads\/2019\/07\/G6A5832.jpg?resize=300%2C200 300w, https:\/\/i0.wp.com\/www.presstourism.ch\/wp-content\/uploads\/2019\/07\/G6A5832.jpg?resize=768%2C512 768w, https:\/\/i0.wp.com\/www.presstourism.ch\/wp-content\/uploads\/2019\/07\/G6A5832.jpg?resize=600%2C400 600w\" sizes=\"(max-width: 584px) 100vw, 584px\" data-recalc-dims=\"1\" \/><figcaption>Une des \u0153uvres qui capte le regard<\/figcaption><\/figure>\n\n\n\n<p>La fascination est au rendez-vous. Le hall central est\nouvert toute la semaine, tandis que les salles lat\u00e9rales ne le sont que le\nweekend. <\/p>\n\n\n\n<figure class=\"wp-block-image\"><img loading=\"lazy\" width=\"584\" height=\"390\" src=\"https:\/\/i2.wp.com\/www.presstourism.ch\/WP_ALEX\/wp-content\/uploads\/2019\/07\/G6A5861-1024x683.jpg?resize=584%2C390\" alt=\"\" class=\"wp-image-5995\" srcset=\"https:\/\/i0.wp.com\/www.presstourism.ch\/wp-content\/uploads\/2019\/07\/G6A5861.jpg?w=1024 1024w, https:\/\/i0.wp.com\/www.presstourism.ch\/wp-content\/uploads\/2019\/07\/G6A5861.jpg?resize=300%2C200 300w, https:\/\/i0.wp.com\/www.presstourism.ch\/wp-content\/uploads\/2019\/07\/G6A5861.jpg?resize=768%2C512 768w, https:\/\/i0.wp.com\/www.presstourism.ch\/wp-content\/uploads\/2019\/07\/G6A5861.jpg?resize=600%2C400 600w\" sizes=\"(max-width: 584px) 100vw, 584px\" data-recalc-dims=\"1\" \/><figcaption>D\u00e9tail d\u2019une orchid\u00e9e g\u00e9ante, une mosa\u00efque en verre, c\u00e9ramique et pierres semi pr\u00e9cieuses. L\u2019\u0153uvre est de l\u2019artiste britannique Maylee Christie<\/figcaption><\/figure>\n\n\n\n<p><strong>L\u2019Art intra et extra muros<\/strong><\/p>\n\n\n\n<figure class=\"wp-block-image\"><img loading=\"lazy\" width=\"584\" height=\"390\" src=\"https:\/\/i2.wp.com\/www.presstourism.ch\/WP_ALEX\/wp-content\/uploads\/2019\/07\/DSC6780-1024x683.jpg?resize=584%2C390\" alt=\"\" class=\"wp-image-6002\" srcset=\"https:\/\/i2.wp.com\/www.presstourism.ch\/wp-content\/uploads\/2019\/07\/DSC6780.jpg?w=1024 1024w, https:\/\/i2.wp.com\/www.presstourism.ch\/wp-content\/uploads\/2019\/07\/DSC6780.jpg?resize=300%2C200 300w, https:\/\/i2.wp.com\/www.presstourism.ch\/wp-content\/uploads\/2019\/07\/DSC6780.jpg?resize=768%2C512 768w, https:\/\/i2.wp.com\/www.presstourism.ch\/wp-content\/uploads\/2019\/07\/DSC6780.jpg?resize=600%2C400 600w\" sizes=\"(max-width: 584px) 100vw, 584px\" data-recalc-dims=\"1\" \/><figcaption>Le tuf est \u00e0 la base de beaucoup de cr\u00e9ations<\/figcaption><\/figure>\n\n\n\n<p>L\u2019Art n\u2019est pas seulement enferm\u00e9 dans les murs. En sortant\ndu CCA, encore envo\u00fbt\u00e9 par l\u2019\u00e9manation de la puissance cr\u00e9atrice, les\nd\u00e9couvertes se poursuivent sur la promenade devant de la Cascade&nbsp;: \u00ab&nbsp;Mujer\nFumando&nbsp;\u00bb du chilien Fernando Botero, le \u00ab&nbsp;Kiwi&nbsp;\u00bb en aluminium de\nPeter Woytuk ou encore \u00ab&nbsp;Lion 2&nbsp;\u00bb du sud-cor\u00e9en Ji Yong-Ho compos\u00e9\nd\u2019acier inoxydable et de pneus us\u00e9s et encore bien d\u2019autres. La zone pi\u00e9tonne\ninvite \u00e0 la relaxation. Les bancs y sont nombreux et l\u2019espace suffisant pour\ns\u2019approprier, ne serait-ce qu\u2019un instant, l\u2019aura des \u0153uvres pr\u00e9sent\u00e9es.<\/p>\n\n\n\n<figure class=\"wp-block-image\"><img loading=\"lazy\" width=\"584\" height=\"876\" src=\"https:\/\/i1.wp.com\/www.presstourism.ch\/WP_ALEX\/wp-content\/uploads\/2019\/07\/DSC6947-683x1024.jpg?resize=584%2C876\" alt=\"\" class=\"wp-image-6000\" srcset=\"https:\/\/i0.wp.com\/www.presstourism.ch\/wp-content\/uploads\/2019\/07\/DSC6947.jpg?w=683 683w, https:\/\/i0.wp.com\/www.presstourism.ch\/wp-content\/uploads\/2019\/07\/DSC6947.jpg?resize=200%2C300 200w, https:\/\/i0.wp.com\/www.presstourism.ch\/wp-content\/uploads\/2019\/07\/DSC6947.jpg?resize=600%2C900 600w\" sizes=\"(max-width: 584px) 100vw, 584px\" data-recalc-dims=\"1\" \/><figcaption>Les fontaines sont tr\u00e8s nombreuses au centre d\u2019Erevan et lui conf\u00e8rent un aspect paisible<\/figcaption><\/figure>\n\n\n\n<p>L\u2019Art ne se cantonne pas seulement \u00e0 des endroits sp\u00e9cifiques. Il fait partie int\u00e9grante de la vie de cette capitale en pleine phase de modernisation. De jour comme de nuit, il fait bon y fl\u00e2ner en toute s\u00e9curit\u00e9.  Un pays, une ville qui m\u00e9ritent que l\u2019on s\u2019y int\u00e9resse ainsi que tant d\u2019autres endroits \u00e0 d\u00e9couvrir.<\/p>\n\n\n\n<p style=\"text-align:right\">Texte et photos Marguerite Martinoli \/ Juillet 2019 <\/p>\n","protected":false},"excerpt":{"rendered":"<p>Des si\u00e8cles de guerres, le terrible g\u00e9nocide (1918-1919) qui a r\u00e9duit sa population de pr\u00e8s d\u2019un million d\u2019individus, un violent tremblement de terre en 1988 qui d\u00e9vasta le nord du pays, aujourd\u2019hui encore, le pays est soumis \u00e0 une situation &hellip; <a href=\"http:\/\/www.presstourism.ch\/?page_id=5988\">Continuer la lecture <span class=\"meta-nav\">&rarr;<\/span><\/a><\/p>\n","protected":false},"author":1,"featured_media":0,"parent":713,"menu_order":0,"comment_status":"closed","ping_status":"closed","template":"","meta":{"ngg_post_thumbnail":0,"spay_email":""},"jetpack_sharing_enabled":true,"jetpack_shortlink":"https:\/\/wp.me\/P468TV-1yA","_links":{"self":[{"href":"http:\/\/www.presstourism.ch\/index.php?rest_route=\/wp\/v2\/pages\/5988"}],"collection":[{"href":"http:\/\/www.presstourism.ch\/index.php?rest_route=\/wp\/v2\/pages"}],"about":[{"href":"http:\/\/www.presstourism.ch\/index.php?rest_route=\/wp\/v2\/types\/page"}],"author":[{"embeddable":true,"href":"http:\/\/www.presstourism.ch\/index.php?rest_route=\/wp\/v2\/users\/1"}],"replies":[{"embeddable":true,"href":"http:\/\/www.presstourism.ch\/index.php?rest_route=%2Fwp%2Fv2%2Fcomments&post=5988"}],"version-history":[{"count":2,"href":"http:\/\/www.presstourism.ch\/index.php?rest_route=\/wp\/v2\/pages\/5988\/revisions"}],"predecessor-version":[{"id":6006,"href":"http:\/\/www.presstourism.ch\/index.php?rest_route=\/wp\/v2\/pages\/5988\/revisions\/6006"}],"up":[{"embeddable":true,"href":"http:\/\/www.presstourism.ch\/index.php?rest_route=\/wp\/v2\/pages\/713"}],"wp:attachment":[{"href":"http:\/\/www.presstourism.ch\/index.php?rest_route=%2Fwp%2Fv2%2Fmedia&parent=5988"}],"curies":[{"name":"wp","href":"https:\/\/api.w.org\/{rel}","templated":true}]}}