{"id":5978,"date":"2019-07-06T08:33:04","date_gmt":"2019-07-06T07:33:04","guid":{"rendered":"http:\/\/www.presstourism.ch\/WP_ALEX\/?page_id=5978"},"modified":"2019-07-06T08:33:05","modified_gmt":"2019-07-06T07:33:05","slug":"le-president-armenien-en-visite-en-suisse","status":"publish","type":"page","link":"http:\/\/www.presstourism.ch\/?page_id=5978","title":{"rendered":"Le pr\u00e9sident arm\u00e9nien en visite en Suisse"},"content":{"rendered":"\n<figure class=\"wp-block-image\"><img loading=\"lazy\" width=\"1280\" height=\"505\" src=\"https:\/\/i0.wp.com\/www.presstourism.ch\/WP_ALEX\/wp-content\/uploads\/2019\/07\/Sarkissian.jpg?fit=640%2C253\" alt=\"\" class=\"wp-image-5979\" srcset=\"https:\/\/i1.wp.com\/www.presstourism.ch\/wp-content\/uploads\/2019\/07\/Sarkissian.jpg?w=1280 1280w, https:\/\/i1.wp.com\/www.presstourism.ch\/wp-content\/uploads\/2019\/07\/Sarkissian.jpg?resize=300%2C118 300w, https:\/\/i1.wp.com\/www.presstourism.ch\/wp-content\/uploads\/2019\/07\/Sarkissian.jpg?resize=768%2C303 768w, https:\/\/i1.wp.com\/www.presstourism.ch\/wp-content\/uploads\/2019\/07\/Sarkissian.jpg?resize=1024%2C404 1024w, https:\/\/i1.wp.com\/www.presstourism.ch\/wp-content\/uploads\/2019\/07\/Sarkissian.jpg?resize=600%2C237 600w, https:\/\/i1.wp.com\/www.presstourism.ch\/wp-content\/uploads\/2019\/07\/Sarkissian.jpg?w=1168 1168w\" sizes=\"(max-width: 584px) 100vw, 584px\" \/><figcaption>Armen Sarkissian<\/figcaption><\/figure>\n\n\n\n<h2>\u00abJe souhaite voir l\u2019Arm\u00e9nie devenir le lieu des start-up\u00bb<\/h2>\n\n\n\n<p>Le pr\u00e9sident d\u2019Arm\u00e9nie Armen Sarkissian \u00e9tait en visite en Suisse la semaine derni\u00e8re. Ex-physicien, ex-ambassadeur et ex-premier ministre, il pense que son pays peut devenir un mod\u00e8le de d\u00e9veloppement dans l\u2019\u00e8re num\u00e9rique<\/p>\n\n\n\n<p>En visite en Suisse la semaine derni\u00e8re, le pr\u00e9sident d\u2019Arm\u00e9nie, Armen Sarkissian, a \u00e9t\u00e9 premier ministre, homme d\u2019affaires, ambassadeur en Europe et aussi physicien. Invit\u00e9 notamment par la Chambre de commerce, d\u2019industrie et des services de Gen\u00e8ve (CCIG), le chef d\u2019Etat est surtout venu parler d\u2019avenir et de la mani\u00e8re dont il entend profiler son pays dans l\u2019\u00e8re num\u00e9rique.<\/p>\n\n\n\n<p>Directeur g\u00e9n\u00e9ral de la CCIG, Vincent Subilia lui-m\u00eame prend conscience du potentiel de ce pays du Caucase: \u00abAu carrefour des civilisations, l\u2019Arm\u00e9nie se positionne d\u00e9sormais comme un \u00abchampion\u00bb de l\u2019innovation technologique. A ce titre, ce march\u00e9 offre d\u2019int\u00e9ressantes perspectives de croissance aux entrepreneurs genevois.\u00bb Armen Sarkissian livre son analyse.<\/p>\n\n\n\n<p><strong>Le Temps: En visite en Suisse, vous avez souhait\u00e9 montrer que l\u2019Arm\u00e9nie allait faire de la technologie l\u2019un de ses atouts pour b\u00e2tir son avenir.<\/strong><\/p>\n\n\n\n<p><strong>Armen Sarkissian:<\/strong>&nbsp;Le monde d\u2019aujourd\u2019hui est diff\u00e9rent, mais il est aussi de plus en plus impr\u00e9visible. Or nous continuons \u00e0 utiliser les m\u00e9thodes classiques de la physique pour chercher \u00e0 comprendre des objets qui n\u2019ont rien de classique. D\u00e8s que vous commencez \u00e0 comprendre la mani\u00e8re dont le monde va se d\u00e9velopper, il devient \u00e9vident que l\u2019humain et l\u2019innovation deviendront beaucoup plus importants. C\u2019est la raison pour laquelle je souhaite voir l\u2019Arm\u00e9nie devenir le lieu des start-up, de l\u2019innovation.<\/p>\n\n\n\n<p>Nous avons des arguments \u00e0 faire valoir. Des ann\u00e9es sovi\u00e9tiques, nous avons h\u00e9rit\u00e9 d\u2019un excellent syst\u00e8me \u00e9ducatif et des centres scientifiques les plus pointus de l\u2019URSS, qu\u2019il s\u2019agisse d\u2019un acc\u00e9l\u00e9rateur de particules, de centres d\u2019astrophysique ou de physique des plasmas et des lasers. L\u2019Arm\u00e9nie est un pays o\u00f9 la science est tr\u00e8s d\u00e9velopp\u00e9e. Elle produit de tr\u00e8s bons math\u00e9maticiens et programmeurs. Nous avons mis en \u0153uvre une initiative pilote d\u00e9nomm\u00e9e TUMO pour former de jeunes programmeurs. Nous l\u2019avons d\u00e9j\u00e0 export\u00e9e \u00e0 Paris et en Allemagne. On esp\u00e8re aussi l\u2019exporter en Suisse. Nous sommes un petit pays, mais tr\u00e8s connect\u00e9 avec le monde.<\/p>\n\n\n\n<p><strong>En 2009 \u00e0 Zurich, un accord \u00abhistorique\u00bb avait \u00e9t\u00e9 conclu entre la Turquie et l\u2019Arm\u00e9nie gr\u00e2ce \u00e0 une m\u00e9diation suisso-am\u00e9ricaine avec Hillary Clinton et Micheline Calmy-Rey. Manifestement, l\u2019accord n\u2019a pas eu de lendemain?<\/strong><\/p>\n\n\n\n<p>Non, il n\u2019y a rien eu. Je n\u2019\u00e9tais pas un politicien \u00e0 ce moment, mais j\u2019avais mes doutes quant aux chances de succ\u00e8s d\u2019un tel accord. Pour qu\u2019il soit suivi d\u2019effets, il faut le soutien total du peuple. Du c\u00f4t\u00e9 turc, cela a patin\u00e9. Il aurait fallu une convergence de vues du premier ministre (\u00e0 l\u2019\u00e9poque), Recep Tayyip Erdogan, du pr\u00e9sident et de la population turque.<\/p>\n\n\n\n<p>En Arm\u00e9nie, le gouvernement aurait d\u00fb mener de s\u00e9rieuses discussions avec la diaspora n\u00e9e du g\u00e9nocide arm\u00e9nien. Vous ne pouvez pas aller de l\u2019avant sans le soutien et le feu vert de la diaspora, qu\u2019on \u00e9value \u00e0 plus de 8&nbsp;millions voire \u00e0 12 ou 13&nbsp;millions d\u2019individus dans le monde. C\u2019est une question morale. L\u2019accord de Zurich a n\u00e9anmoins \u00e9t\u00e9 un succ\u00e8s diplomatique et je remercie la Suisse d\u2019avoir favoris\u00e9 ces n\u00e9gociations. J\u2019esp\u00e8re qu\u2019elle fera un jour le m\u00eame type d\u2019offre de m\u00e9diation dans d\u2019autres dossiers.<\/p>\n\n\n\n<p><strong>Vous pensez au conflit du Nagorno-Karabakh?<\/strong><\/p>\n\n\n\n<p>J\u2019ai dit: un jour. Actuellement, l\u2019OSCE [Organisation pour la s\u00e9curit\u00e9 et la coop\u00e9ration en Europe], la Russie, la France et les Etats-Unis restent tr\u00e8s impliqu\u00e9s dans le dossier.<\/p>\n\n\n\n<p><strong>Le statu quo dans cette r\u00e9publique autoproclam\u00e9e de Transcaucasie est-il acceptable?<\/strong><\/p>\n\n\n\n<p>Un conflit gel\u00e9 est un conflit gel\u00e9. Un jour, il y aura d\u00e9gel.<\/p>\n\n\n\n<p><strong>En Suisse, le Conseil national a reconnu le g\u00e9nocide arm\u00e9nien en 2003. Le parlement du canton de Vaud en a fait de m\u00eame un peu plus tard. Quelle a \u00e9t\u00e9 l\u2019importance de ces deux votes?<\/strong><\/p>\n\n\n\n<p>Ces deux d\u00e9cisions sont importantes pour les Arm\u00e9niens, pour l\u2019Arm\u00e9nie, pour la justice et pour le monde. Nous ne serons jamais en mesure de parler d\u2019un g\u00e9nocide ou d\u2019atrocit\u00e9s commises \u00e0 travers le monde par des Etats si l\u2019on ne reconna\u00eet pas et ne condamne pas ce qui est arriv\u00e9 dans le pass\u00e9. Si le g\u00e9nocide arm\u00e9nien (1915) avait \u00e9t\u00e9 reconnu au d\u00e9but du XXe&nbsp;si\u00e8cle et ses auteurs condamn\u00e9s sur le plan international, il n\u2019y aurait probablement pas eu d\u2019Holocauste et d\u2019autres g\u00e9nocides. Du moment que vous passez sous silence des \u00e9v\u00e9nements tragiques, vous pr\u00e9parez le terrain pour d\u2019autres trag\u00e9dies.<\/p>\n\n\n\n<p><strong>Le d\u00e9funt chanteur Charles Aznavour a \u00e9t\u00e9 ambassadeur d\u2019Arm\u00e9nie en Suisse. Quelle image gardez-vous de lui?<\/strong><\/p>\n\n\n\n<p>C\u2019\u00e9tait un g\u00e9ant, l\u2019un des plus grands po\u00e8tes du XXe\u00a0si\u00e8cle, un grand musicien, individu et citoyen du monde. Il avait eu cette formule que j\u2019aimerais appliquer \u00e0 tout concitoyen \u00e0 travers le monde: \u00abJe suis 100% Fran\u00e7ais et 100% Arm\u00e9nien.\u00bb Si vous habitez en Suisse, vous devez d\u2019abord \u00eatre un bon citoyen suisse, puis un bon citoyen arm\u00e9nien. Il n\u2019y a aucune contradiction entre les deux.<\/p>\n\n\n\n<p>Source: Le Temps, 2 juillet 2019<\/p>\n","protected":false},"excerpt":{"rendered":"<p>\u00abJe souhaite voir l\u2019Arm\u00e9nie devenir le lieu des start-up\u00bb Le pr\u00e9sident d\u2019Arm\u00e9nie Armen Sarkissian \u00e9tait en visite en Suisse la semaine derni\u00e8re. Ex-physicien, ex-ambassadeur et ex-premier ministre, il pense que son pays peut devenir un mod\u00e8le de d\u00e9veloppement dans l\u2019\u00e8re &hellip; <a href=\"http:\/\/www.presstourism.ch\/?page_id=5978\">Continuer la lecture <span class=\"meta-nav\">&rarr;<\/span><\/a><\/p>\n","protected":false},"author":1,"featured_media":0,"parent":713,"menu_order":0,"comment_status":"closed","ping_status":"closed","template":"","meta":{"ngg_post_thumbnail":0,"spay_email":""},"jetpack_sharing_enabled":true,"jetpack_shortlink":"https:\/\/wp.me\/P468TV-1yq","_links":{"self":[{"href":"http:\/\/www.presstourism.ch\/index.php?rest_route=\/wp\/v2\/pages\/5978"}],"collection":[{"href":"http:\/\/www.presstourism.ch\/index.php?rest_route=\/wp\/v2\/pages"}],"about":[{"href":"http:\/\/www.presstourism.ch\/index.php?rest_route=\/wp\/v2\/types\/page"}],"author":[{"embeddable":true,"href":"http:\/\/www.presstourism.ch\/index.php?rest_route=\/wp\/v2\/users\/1"}],"replies":[{"embeddable":true,"href":"http:\/\/www.presstourism.ch\/index.php?rest_route=%2Fwp%2Fv2%2Fcomments&post=5978"}],"version-history":[{"count":1,"href":"http:\/\/www.presstourism.ch\/index.php?rest_route=\/wp\/v2\/pages\/5978\/revisions"}],"predecessor-version":[{"id":5980,"href":"http:\/\/www.presstourism.ch\/index.php?rest_route=\/wp\/v2\/pages\/5978\/revisions\/5980"}],"up":[{"embeddable":true,"href":"http:\/\/www.presstourism.ch\/index.php?rest_route=\/wp\/v2\/pages\/713"}],"wp:attachment":[{"href":"http:\/\/www.presstourism.ch\/index.php?rest_route=%2Fwp%2Fv2%2Fmedia&parent=5978"}],"curies":[{"name":"wp","href":"https:\/\/api.w.org\/{rel}","templated":true}]}}