{"id":594,"date":"2013-11-23T19:09:04","date_gmt":"2013-11-23T18:09:04","guid":{"rendered":"http:\/\/www.presstourism.ch\/WP_ALEX\/?page_id=594"},"modified":"2013-11-23T19:17:24","modified_gmt":"2013-11-23T18:17:24","slug":"ouest","status":"publish","type":"page","link":"http:\/\/www.presstourism.ch\/?page_id=594","title":{"rendered":"Ouest"},"content":{"rendered":"<p><strong><a href=\"http:\/\/www.presstourism.ch\/WP_ALEX\/wp-content\/uploads\/2013\/11\/Nantes-et-Jules-Verne.pdf\">Sur les pas de Jules Verne \u00e0 Nantes<\/a><\/strong><\/p>\n<p>Roger Juillerat<\/p>\n<p><img class=\"aligncenter\" alt=\"Livres voyages extraordinaires\" src=\"https:\/\/i0.wp.com\/www.nantes.fr\/julesverne\/icono\/00018312.jpg?w=584\" data-recalc-dims=\"1\" \/><\/p>\n<p>C&rsquo;est une grande maison bourgeoise datant du XIX\u00a0\u00bb si\u00e8cle qui accueille le mus\u00e9e Jules Verne sur la butte Sainte-Anne. Des supports multim\u00e9dias, manuscrits, maquettes et objets s&rsquo;attachent \u00e0 faire conna\u00eetre son \u00e6uvre dans sa richesse et sa diversit\u00e9.<\/p>\n","protected":false},"excerpt":{"rendered":"<p>Sur les pas de Jules Verne \u00e0 Nantes Roger Juillerat C&rsquo;est une grande maison bourgeoise datant du XIX\u00a0\u00bb si\u00e8cle qui accueille le mus\u00e9e Jules Verne sur la butte Sainte-Anne. Des supports multim\u00e9dias, manuscrits, maquettes et objets s&rsquo;attachent \u00e0 faire conna\u00eetre &hellip; <a href=\"http:\/\/www.presstourism.ch\/?page_id=594\">Continuer la lecture <span class=\"meta-nav\">&rarr;<\/span><\/a><\/p>\n","protected":false},"author":1,"featured_media":0,"parent":279,"menu_order":0,"comment_status":"open","ping_status":"open","template":"","meta":{"ngg_post_thumbnail":0,"spay_email":""},"jetpack_sharing_enabled":true,"jetpack_shortlink":"https:\/\/wp.me\/P468TV-9A","_links":{"self":[{"href":"http:\/\/www.presstourism.ch\/index.php?rest_route=\/wp\/v2\/pages\/594"}],"collection":[{"href":"http:\/\/www.presstourism.ch\/index.php?rest_route=\/wp\/v2\/pages"}],"about":[{"href":"http:\/\/www.presstourism.ch\/index.php?rest_route=\/wp\/v2\/types\/page"}],"author":[{"embeddable":true,"href":"http:\/\/www.presstourism.ch\/index.php?rest_route=\/wp\/v2\/users\/1"}],"replies":[{"embeddable":true,"href":"http:\/\/www.presstourism.ch\/index.php?rest_route=%2Fwp%2Fv2%2Fcomments&post=594"}],"version-history":[{"count":5,"href":"http:\/\/www.presstourism.ch\/index.php?rest_route=\/wp\/v2\/pages\/594\/revisions"}],"predecessor-version":[{"id":601,"href":"http:\/\/www.presstourism.ch\/index.php?rest_route=\/wp\/v2\/pages\/594\/revisions\/601"}],"up":[{"embeddable":true,"href":"http:\/\/www.presstourism.ch\/index.php?rest_route=\/wp\/v2\/pages\/279"}],"wp:attachment":[{"href":"http:\/\/www.presstourism.ch\/index.php?rest_route=%2Fwp%2Fv2%2Fmedia&parent=594"}],"curies":[{"name":"wp","href":"https:\/\/api.w.org\/{rel}","templated":true}]}}