{"id":5930,"date":"2019-07-01T08:06:47","date_gmt":"2019-07-01T07:06:47","guid":{"rendered":"http:\/\/www.presstourism.ch\/WP_ALEX\/?page_id=5930"},"modified":"2019-07-01T15:07:19","modified_gmt":"2019-07-01T14:07:19","slug":"genocide","status":"publish","type":"page","link":"http:\/\/www.presstourism.ch\/?page_id=5930","title":{"rendered":"G\u00e9nocide"},"content":{"rendered":"\n<figure class=\"wp-block-image\"><img loading=\"lazy\" width=\"584\" height=\"591\" src=\"https:\/\/i2.wp.com\/www.presstourism.ch\/WP_ALEX\/wp-content\/uploads\/2019\/06\/ob_dabec6_dessin-dilem-armenie.jpg?resize=584%2C591\" alt=\"\" class=\"wp-image-5933\" srcset=\"https:\/\/i2.wp.com\/www.presstourism.ch\/wp-content\/uploads\/2019\/06\/ob_dabec6_dessin-dilem-armenie.jpg?w=600 600w, https:\/\/i2.wp.com\/www.presstourism.ch\/wp-content\/uploads\/2019\/06\/ob_dabec6_dessin-dilem-armenie.jpg?resize=297%2C300 297w\" sizes=\"(max-width: 584px) 100vw, 584px\" data-recalc-dims=\"1\" \/><figcaption>Dessin de Dilem.<\/figcaption><\/figure>\n\n\n\n<p>J\u2019ai beau\ntravailler comme un Turc sur le sujet, je ne trouve pas trace d\u2019un quelconque\ng\u00e9nocide arm\u00e9nien. Peut-\u00eatre parce que je travaille comme un Turc, justement\u2026 Certes,\nle sujet ne pr\u00eate pas \u00e0 rire mais l\u2019obstination des Turcs, ou du moins de leurs\ndirigeants successifs, \u00e0 ne pas reconna\u00eetre le g\u00e9nocide arm\u00e9nien, confine \u00e0 la\nplus malsaine des pantalonnades. Petit retour en arri\u00e8re.<\/p>\n\n\n\n<div class=\"wp-block-image\"><figure class=\"alignright\"><img loading=\"lazy\" width=\"159\" height=\"318\" src=\"https:\/\/i1.wp.com\/www.presstourism.ch\/WP_ALEX\/wp-content\/uploads\/2019\/06\/hitler-2.jpg?resize=159%2C318\" alt=\"\" class=\"wp-image-5935\" srcset=\"https:\/\/i2.wp.com\/www.presstourism.ch\/wp-content\/uploads\/2019\/06\/hitler-2.jpg?w=159 159w, https:\/\/i2.wp.com\/www.presstourism.ch\/wp-content\/uploads\/2019\/06\/hitler-2.jpg?resize=150%2C300 150w\" sizes=\"(max-width: 159px) 100vw, 159px\" data-recalc-dims=\"1\" \/><figcaption>L&rsquo;ami Adolf&#8230;<\/figcaption><\/figure><\/div>\n\n\n\n<p>Nous sommes en 1915. Quelque part, bien plus au nord, l\u2019ami Adolf a mis un terme \u00e0 ses vagabondages munichois et rejoint l\u2019arm\u00e9e allemande. La Premi\u00e8re Guerre mondiale a \u00e9clat\u00e9 l\u2019ann\u00e9e pr\u00e9c\u00e9dente. Mais pourquoi parler d\u2019Adolf en 1915 puisqu\u2019il n\u2019est encore personne et n\u2019a pas m\u00eame r\u00e9dig\u00e9 le premier chapitre de Mein Kampf&nbsp;? Peut-\u00eatre \u00e0 cause de cette phrase adress\u00e9e le 5 f\u00e9vrier \u00e0 son ami Ernest Hepp&nbsp;: <em>\u00ab&nbsp;Chacun d&rsquo;entre nous n&rsquo;a qu&rsquo;un seul d\u00e9sir, celui d&rsquo;en d\u00e9coudre d\u00e9finitivement avec la bande, d&rsquo;en arriver \u00e0 l&rsquo;\u00e9preuve de force, quoi qu&rsquo;il en co\u00fbte, et que ceux d&rsquo;entre nous qui auront la chance de revoir leur patrie la retrouvent plus propre et purifi\u00e9e de toute influence \u00e9trang\u00e8re&nbsp;\u00bb<\/em>. Un slogan que n\u2019aurait sans doute pas d\u00e9savou\u00e9 le gouvernement ottoman d\u2019alors, qui venait d\u2019ordonner le d\u00e9sarmement et l\u2019ex\u00e9cution de tous les soldats arm\u00e9niens pr\u00e9sents dans l\u2019arm\u00e9e turque.<\/p>\n\n\n\n<p>C\u2019est qu\u2019alentour, la Grande Guerre fait rage. L\u2019Empire ottoman est l\u2019alli\u00e9 de l\u2019Allemagne et de l\u2019Empire austro-hongrois face \u00e0 la France, l\u2019Angleterre et la Russie, cette Russie si proche, si mena\u00e7ante, si impie puisque orthodoxe et donc chr\u00e9tienne, comme les Arm\u00e9niens. <\/p>\n\n\n\n<div class=\"wp-block-image\"><figure class=\"alignright\"><img loading=\"lazy\" width=\"309\" height=\"163\" src=\"https:\/\/i2.wp.com\/www.presstourism.ch\/WP_ALEX\/wp-content\/uploads\/2019\/06\/rafle.jpg?resize=309%2C163\" alt=\"\" class=\"wp-image-5937\" srcset=\"https:\/\/i2.wp.com\/www.presstourism.ch\/wp-content\/uploads\/2019\/06\/rafle.jpg?w=309 309w, https:\/\/i2.wp.com\/www.presstourism.ch\/wp-content\/uploads\/2019\/06\/rafle.jpg?resize=300%2C158 300w\" sizes=\"(max-width: 309px) 100vw, 309px\" data-recalc-dims=\"1\" \/><figcaption>Source: Wikipedia.<\/figcaption><\/figure><\/div>\n\n\n\n<p>Le 25 avril 1915, date retenue comme marquant le d\u00e9but du g\u00e9nocide, 650 intellectuels et notables arm\u00e9niens sont arr\u00eat\u00e9s et d\u00e9port\u00e9s vers le d\u00e9sert syriens, promis \u00e0 une mort atroce. Des centaines de milliers de femmes, de vieillards et d\u2019enfants les suivront dans ces camps de concentration et d\u2019extermination, dont le plus tristement c\u00e9l\u00e8bre est celui de Der Zor. <\/p>\n\n\n\n<div class=\"wp-block-image\"><figure class=\"aligncenter\"><img loading=\"lazy\" width=\"309\" height=\"355\" src=\"https:\/\/i1.wp.com\/www.presstourism.ch\/WP_ALEX\/wp-content\/uploads\/2019\/06\/20_cilicie1909a1.jpg?resize=309%2C355\" alt=\"\" class=\"wp-image-5940\" srcset=\"https:\/\/i2.wp.com\/www.presstourism.ch\/wp-content\/uploads\/2019\/06\/20_cilicie1909a1.jpg?w=309 309w, https:\/\/i2.wp.com\/www.presstourism.ch\/wp-content\/uploads\/2019\/06\/20_cilicie1909a1.jpg?resize=261%2C300 261w\" sizes=\"(max-width: 309px) 100vw, 309px\" data-recalc-dims=\"1\" \/><figcaption>Source: \u00ab\u00a0Le Petit Journal\u00a0\u00bb<\/figcaption><\/figure><\/div>\n\n\n\n<p>Quant aux Arm\u00e9niens rest\u00e9s \u00e0 Constantinople ou dans leur village, leur sort est scell\u00e9. Dans les mosqu\u00e9es, les imams viennent d\u2019autoriser les musulmans \u00e0 massacrer les Arm\u00e9niens. En moins de deux ans, le g\u00e9nocide arm\u00e9nien aura fait au moins 1.200.000 morts.<\/p>\n\n\n\n<div class=\"wp-block-image\"><figure class=\"aligncenter\"><img loading=\"lazy\" width=\"534\" height=\"356\" src=\"https:\/\/i1.wp.com\/www.presstourism.ch\/WP_ALEX\/wp-content\/uploads\/2019\/06\/4621053_7_39e9_gibets-avec-des-victimes-armeniennes-dans_f0a4e402fa1e1055d39359ec1cbec566.jpg?resize=534%2C356\" alt=\"\" class=\"wp-image-5941\" srcset=\"https:\/\/i2.wp.com\/www.presstourism.ch\/wp-content\/uploads\/2019\/06\/4621053_7_39e9_gibets-avec-des-victimes-armeniennes-dans_f0a4e402fa1e1055d39359ec1cbec566.jpg?w=534 534w, https:\/\/i2.wp.com\/www.presstourism.ch\/wp-content\/uploads\/2019\/06\/4621053_7_39e9_gibets-avec-des-victimes-armeniennes-dans_f0a4e402fa1e1055d39359ec1cbec566.jpg?resize=300%2C200 300w\" sizes=\"(max-width: 534px) 100vw, 534px\" data-recalc-dims=\"1\" \/><figcaption>Archive de 1915.<\/figcaption><\/figure><\/div>\n\n\n\n<p>En 1919, le gouvernement turc conc\u00e9dera 900.000 victimes, c\u2019est mieux que rien mais, un si\u00e8cle plus tard, alors que le Parlement europ\u00e9en a reconnu le g\u00e9nocide d\u00e8s 1987, il n\u2019est toujours pas question pour Erdogan &amp; Cie de prononcer ce vilain mot et d\u2019ailleurs, aujourd\u2019hui comme hier, quiconque se hasarderait \u00e0 l\u2019\u00e9voquer en Turquie se retrouverait illico en prison. La Turquie actuelle est ce qu\u2019on appelle parfois une d\u00e9mocrature, contraction de d\u00e9mocratie et de dictature.<\/p>\n\n\n\n<div class=\"wp-block-image\"><figure class=\"aligncenter\"><img loading=\"lazy\" width=\"584\" height=\"535\" src=\"https:\/\/i2.wp.com\/www.presstourism.ch\/WP_ALEX\/wp-content\/uploads\/2019\/06\/humeur_568-0li.jpg?resize=584%2C535\" alt=\"\" class=\"wp-image-5942\" srcset=\"https:\/\/i1.wp.com\/www.presstourism.ch\/wp-content\/uploads\/2019\/06\/humeur_568-0li.jpg?w=800 800w, https:\/\/i1.wp.com\/www.presstourism.ch\/wp-content\/uploads\/2019\/06\/humeur_568-0li.jpg?resize=300%2C275 300w, https:\/\/i1.wp.com\/www.presstourism.ch\/wp-content\/uploads\/2019\/06\/humeur_568-0li.jpg?resize=768%2C704 768w, https:\/\/i1.wp.com\/www.presstourism.ch\/wp-content\/uploads\/2019\/06\/humeur_568-0li.jpg?resize=600%2C550 600w\" sizes=\"(max-width: 584px) 100vw, 584px\" data-recalc-dims=\"1\" \/><figcaption>Dessin d&rsquo;Oli<\/figcaption><\/figure><\/div>\n\n\n\n<p>Au fait, comment reprocher aux Turcs de 1920 de n\u2019avoir pas prononc\u00e9 le mot qui f\u00e2che. Le terme \u00ab\u00a0g\u00e9nocide\u00a0\u00bb n\u2019est apparu qu\u2019apr\u00e8s la Seconde Guerre mondiale et l\u2019extermination des Juifs et autres Tsiganes par l\u2019ami Adolf. <em>\u00ab\u00a0Que ceux d&rsquo;entre nous qui auront la chance de revoir leur patrie la retrouvent plus propre et purifi\u00e9e de toute influence \u00e9trang\u00e8re\u00a0\u00bb<\/em>, \u00e9crivait-il. A en croire l\u2019Histoire r\u00e9cente, les deux g\u00e9nocides arm\u00e9nien et juif auront \u00e9t\u00e9 les premiers mais pas vraiment les derniers. Au passage, une pens\u00e9e pour le Rwanda.<\/p>\n\n\n\n<p>Aujourd&rsquo;hui, le g\u00e9nocide continue \u00e0 hanter les Arm\u00e9niens d&rsquo;Arm\u00e9nie comme ceux de la diaspora. Pourtant, ils l&rsquo;\u00e9voquent rarement avec les visiteurs \u00e9trangers. Par pudeur sans doute. Mais aussi pour le pas rouvrir une cicatrice si douloureuse.<\/p>\n\n\n\n<figure class=\"wp-block-image\"><img loading=\"lazy\" width=\"1024\" height=\"768\" src=\"https:\/\/i1.wp.com\/www.presstourism.ch\/WP_ALEX\/wp-content\/uploads\/2019\/07\/P1000064-Largeur-max.-1024-Hauteur-max.-768.jpg?fit=640%2C480\" alt=\"\" class=\"wp-image-5945\" srcset=\"https:\/\/i0.wp.com\/www.presstourism.ch\/wp-content\/uploads\/2019\/07\/P1000064-Largeur-max.-1024-Hauteur-max.-768.jpg?w=1024 1024w, https:\/\/i0.wp.com\/www.presstourism.ch\/wp-content\/uploads\/2019\/07\/P1000064-Largeur-max.-1024-Hauteur-max.-768.jpg?resize=300%2C225 300w, https:\/\/i0.wp.com\/www.presstourism.ch\/wp-content\/uploads\/2019\/07\/P1000064-Largeur-max.-1024-Hauteur-max.-768.jpg?resize=768%2C576 768w, https:\/\/i0.wp.com\/www.presstourism.ch\/wp-content\/uploads\/2019\/07\/P1000064-Largeur-max.-1024-Hauteur-max.-768.jpg?resize=600%2C450 600w\" sizes=\"(max-width: 584px) 100vw, 584px\" \/><figcaption>Erevan. La fl\u00e8che du M\u00e9morial aux victimes du g\u00e9nocide culmine \u00e0 44 m\u00e8tres.<\/figcaption><\/figure>\n\n\n\n<p>Si les Arm\u00e9niens n&rsquo;en parlent gu\u00e8re, le M\u00e9morial aux victimes du g\u00e9nocide, implant\u00e9 depuis 1965 sur une ample colline dominant Erevan, se charge de rappeler \u00e0 tous, locaux ou visiteurs, le sens, le poids et la m\u00e9moire de ce mot, g\u00e9nocide, aussi d\u00e9mesur\u00e9 que la fl\u00e8che de granit, lanc\u00e9e de ses 44 m\u00e8tres vers le ciel et constitu\u00e9e de deux blocs ind\u00e9pendants et pourtant \u00e0 jamais solidaires, qui symbolisent l&rsquo;Arm\u00e9nie orientale, d\u00e9sormais libre et vivante, et l&rsquo;Arm\u00e9nie occidentale, victime des massacres ottomans et pourtant survivante et renaissante au travers des Arm\u00e9niens de la diaspora.<\/p>\n\n\n\n<div class=\"wp-block-image\"><figure class=\"aligncenter\"><img loading=\"lazy\" width=\"576\" height=\"768\" src=\"https:\/\/i1.wp.com\/www.presstourism.ch\/WP_ALEX\/wp-content\/uploads\/2019\/07\/P1000074-Largeur-max.-1024-Hauteur-max.-768.jpg?resize=576%2C768\" alt=\"\" class=\"wp-image-5946\" srcset=\"https:\/\/i2.wp.com\/www.presstourism.ch\/wp-content\/uploads\/2019\/07\/P1000074-Largeur-max.-1024-Hauteur-max.-768.jpg?w=576 576w, https:\/\/i2.wp.com\/www.presstourism.ch\/wp-content\/uploads\/2019\/07\/P1000074-Largeur-max.-1024-Hauteur-max.-768.jpg?resize=225%2C300 225w\" sizes=\"(max-width: 576px) 100vw, 576px\" data-recalc-dims=\"1\" \/><figcaption>Au coeur de la corolle de pierre, la flamme \u00e9ternelle et les fleurs d\u00e9pos\u00e9es par les visiteurs du matin.<\/figcaption><\/figure><\/div>\n\n\n\n<p>Au bout de l&rsquo;esplanade, douze \u00e9l\u00e9ments du m\u00eame granit enserrent, tels les lourds p\u00e9tales prot\u00e9geant le pr\u00e9cieux pistil d&rsquo;une fleur, la flamme \u00e9ternelle que des dizaines de milliers d&rsquo;Arm\u00e9niens viennent, le 24 avril, c\u00e9l\u00e9brer en d\u00e9posant, chacun, une fleur de m\u00e9moire et de respect. Aucun des 364 autres jours de l&rsquo;ann\u00e9e ne se passe sans que d&rsquo;autres fleurs prennent le relais d&rsquo;\u00e9ternit\u00e9.<\/p>\n\n\n\n<p>Pour comprendre la profondeur et la force de l&rsquo;\u00e2me arm\u00e9nienne, tout visiteur devrait commencer son voyage ici. Sans haine. Sans rancoeur. Sans commis\u00e9ration. Sans oubli.<\/p>\n\n\n\n<p style=\"text-align:right\"><em>Alex D\u00e9cotte, juin 2019.<\/em><\/p>\n\n\n\n<ul><li>Sauf mention contraire, les photos sont de l&rsquo;auteur.<\/li><\/ul>\n\n\n\n<p>QUELQUES DOCUMENTS:<\/p>\n\n\n\n<figure class=\"wp-block-embed-youtube wp-block-embed is-type-video is-provider-youtube wp-embed-aspect-16-9 wp-has-aspect-ratio\"><div class=\"wp-block-embed__wrapper\">\n<span class=\"embed-youtube\" style=\"text-align:center; display: block;\"><iframe loading=\"lazy\" class=\"youtube-player\" width=\"584\" height=\"329\" src=\"https:\/\/www.youtube.com\/embed\/CJndJVFp-B4?version=3&#038;rel=1&#038;showsearch=0&#038;showinfo=1&#038;iv_load_policy=1&#038;fs=1&#038;hl=fr-FR&#038;autohide=2&#038;wmode=transparent\" allowfullscreen=\"true\" style=\"border:0;\" sandbox=\"allow-scripts allow-same-origin allow-popups allow-presentation\"><\/iframe><\/span>\n<\/div><\/figure>\n\n\n\n<figure class=\"wp-block-embed-twitter wp-block-embed is-type-rich is-provider-twitter\"><div class=\"wp-block-embed__wrapper\">\n<blockquote class=\"twitter-tweet\" data-width=\"550\" data-dnt=\"true\"><p lang=\"fr\" dir=\"ltr\">La rafle des intellectuels arm\u00e9niens le 24 avril 1915 marqua le d\u00e9but du g\u00e9nocide arm\u00e9nien. <a href=\"https:\/\/t.co\/jnSlPstLO9\">pic.twitter.com\/jnSlPstLO9<\/a><\/p>&mdash; Ina.fr (@Inafr_officiel) <a href=\"https:\/\/twitter.com\/Inafr_officiel\/status\/1120953018051067904?ref_src=twsrc%5Etfw\">April 24, 2019<\/a><\/blockquote><script async src=\"https:\/\/platform.twitter.com\/widgets.js\" charset=\"utf-8\"><\/script>\n<\/div><\/figure>\n","protected":false},"excerpt":{"rendered":"<p>J\u2019ai beau travailler comme un Turc sur le sujet, je ne trouve pas trace d\u2019un quelconque g\u00e9nocide arm\u00e9nien. Peut-\u00eatre parce que je travaille comme un Turc, justement\u2026 Certes, le sujet ne pr\u00eate pas \u00e0 rire mais l\u2019obstination des Turcs, ou &hellip; <a href=\"http:\/\/www.presstourism.ch\/?page_id=5930\">Continuer la lecture <span class=\"meta-nav\">&rarr;<\/span><\/a><\/p>\n","protected":false},"author":1,"featured_media":0,"parent":5679,"menu_order":0,"comment_status":"closed","ping_status":"closed","template":"","meta":{"ngg_post_thumbnail":0,"spay_email":""},"jetpack_sharing_enabled":true,"jetpack_shortlink":"https:\/\/wp.me\/P468TV-1xE","_links":{"self":[{"href":"http:\/\/www.presstourism.ch\/index.php?rest_route=\/wp\/v2\/pages\/5930"}],"collection":[{"href":"http:\/\/www.presstourism.ch\/index.php?rest_route=\/wp\/v2\/pages"}],"about":[{"href":"http:\/\/www.presstourism.ch\/index.php?rest_route=\/wp\/v2\/types\/page"}],"author":[{"embeddable":true,"href":"http:\/\/www.presstourism.ch\/index.php?rest_route=\/wp\/v2\/users\/1"}],"replies":[{"embeddable":true,"href":"http:\/\/www.presstourism.ch\/index.php?rest_route=%2Fwp%2Fv2%2Fcomments&post=5930"}],"version-history":[{"count":6,"href":"http:\/\/www.presstourism.ch\/index.php?rest_route=\/wp\/v2\/pages\/5930\/revisions"}],"predecessor-version":[{"id":5949,"href":"http:\/\/www.presstourism.ch\/index.php?rest_route=\/wp\/v2\/pages\/5930\/revisions\/5949"}],"up":[{"embeddable":true,"href":"http:\/\/www.presstourism.ch\/index.php?rest_route=\/wp\/v2\/pages\/5679"}],"wp:attachment":[{"href":"http:\/\/www.presstourism.ch\/index.php?rest_route=%2Fwp%2Fv2%2Fmedia&parent=5930"}],"curies":[{"name":"wp","href":"https:\/\/api.w.org\/{rel}","templated":true}]}}