{"id":5914,"date":"2019-06-30T08:14:54","date_gmt":"2019-06-30T07:14:54","guid":{"rendered":"http:\/\/www.presstourism.ch\/WP_ALEX\/?page_id=5914"},"modified":"2019-06-30T08:30:11","modified_gmt":"2019-06-30T07:30:11","slug":"geghard","status":"publish","type":"page","link":"http:\/\/www.presstourism.ch\/?page_id=5914","title":{"rendered":"Geghard"},"content":{"rendered":"\n<div class=\"wp-block-image\"><figure class=\"aligncenter\"><img loading=\"lazy\" width=\"584\" height=\"674\" src=\"https:\/\/i0.wp.com\/www.presstourism.ch\/WP_ALEX\/wp-content\/uploads\/2019\/06\/P1000402s-Largeur-max.-1024-Hauteur-max.-768.jpg?resize=584%2C674\" alt=\"\" class=\"wp-image-5919\" srcset=\"https:\/\/i1.wp.com\/www.presstourism.ch\/wp-content\/uploads\/2019\/06\/P1000402s-Largeur-max.-1024-Hauteur-max.-768.jpg?w=590 590w, https:\/\/i1.wp.com\/www.presstourism.ch\/wp-content\/uploads\/2019\/06\/P1000402s-Largeur-max.-1024-Hauteur-max.-768.jpg?resize=260%2C300 260w\" sizes=\"(max-width: 584px) 100vw, 584px\" data-recalc-dims=\"1\" \/><figcaption>Au pied de la falaise, prot\u00e9g\u00e9 par sa lourde muraille, le monast\u00e8re de Geghard (XIIIe si\u00e8cle).<\/figcaption><\/figure><\/div>\n\n\n\n<p>A Geghard, j\u2019ai vu le mariage, les pigeons et le drone mais ni la Sainte-Lance ni les restes de l\u2019Arche de No\u00e9. Ce sera pour la prochaine fois, peut-\u00eatre, mais le lieu vaut d\u00e9j\u00e0 mille fois le voyage.<\/p>\n\n\n\n<p>En attendant, j\u2019imagine ces kyrielles de moines, semblables  \u00e0 ceux qui franchirent les trente degr\u00e9s menant au Christ, gravissant d\u00e8s l\u2019aube, \u00e0 la queue-leu-leu et aube au vent, les barreaux de l\u2019\u00e9chelle de bois, seul acc\u00e8s ce qui \u00e9tait alors leur simple monast\u00e8re&nbsp;: une grotte. Et encore \u00e9tait-ce d\u00e9j\u00e0 mieux qu\u2019au temps o\u00f9 le seul attirail consistait en une simple corde \u00e0 n\u0153uds. Le sport est bon pour la t\u00eate. Pourquoi ne l\u2019aurait-il pas \u00e9t\u00e9 pour l\u2019\u00e2me&nbsp;?<\/p>\n\n\n\n<div class=\"wp-block-image\"><figure class=\"aligncenter\"><img loading=\"lazy\" width=\"1705\" height=\"2238\" src=\"https:\/\/i2.wp.com\/www.presstourism.ch\/WP_ALEX\/wp-content\/uploads\/2019\/06\/Figure-4.jpg?fit=640%2C840\" alt=\"\" class=\"wp-image-5916\" srcset=\"https:\/\/i2.wp.com\/www.presstourism.ch\/wp-content\/uploads\/2019\/06\/Figure-4.jpg?w=1705 1705w, https:\/\/i2.wp.com\/www.presstourism.ch\/wp-content\/uploads\/2019\/06\/Figure-4.jpg?resize=229%2C300 229w, https:\/\/i2.wp.com\/www.presstourism.ch\/wp-content\/uploads\/2019\/06\/Figure-4.jpg?resize=768%2C1008 768w, https:\/\/i2.wp.com\/www.presstourism.ch\/wp-content\/uploads\/2019\/06\/Figure-4.jpg?resize=780%2C1024 780w, https:\/\/i2.wp.com\/www.presstourism.ch\/wp-content\/uploads\/2019\/06\/Figure-4.jpg?resize=600%2C788 600w, https:\/\/i2.wp.com\/www.presstourism.ch\/wp-content\/uploads\/2019\/06\/Figure-4.jpg?resize=1320%2C1733 1320w, https:\/\/i2.wp.com\/www.presstourism.ch\/wp-content\/uploads\/2019\/06\/Figure-4.jpg?w=1168 1168w\" sizes=\"(max-width: 584px) 100vw, 584px\" \/><figcaption> Ic\u00f4ne de l&rsquo;\u00c9chelle sainte (6e si\u00e8cle, monast\u00e8re Sainte-Catherine du Sina\u00ef). Juste avant de rejoindre le Christ, ils tombent, attir\u00e9s par les d\u00e9mons. Source: Wikipedia.<\/figcaption><\/figure><\/div>\n\n\n\n<p>A\u00efrivank, monast\u00e8re rupestre, monast\u00e8re dans la roche, tel fut le premier nom de ce lieu nich\u00e9 au fin fond d\u2019un cayon abrupt et sauvage, hors du temps, hors du monde. Saint Gr\u00e9goire l\u2019Illuminateur, \u00e9vang\u00e9lisateur de l\u2019Arm\u00e9nie et premier catholicos d\u2019une longue lign\u00e9e, y aurait v\u00e9cu au d\u00e9but du IVe si\u00e8cle, ce qui commence \u00e0 faire un sacr\u00e9 bout de temps. Par la suite furent \u00e9lev\u00e9s quelques b\u00e2timents et \u00e9rig\u00e9e une premi\u00e8re muraille \u00e0 l\u2019abri de laquelle les populations locales esp\u00e9raient se r\u00e9fugier en cas de n\u00e9cessit\u00e9. C\u2019\u00e9tait compter sans les premi\u00e8res invasions arabes. En 920, tout fut pratiquement d\u00e9truit et pill\u00e9. Le monast\u00e8re allait rena\u00eetre trois si\u00e8cles plus tard sous un nouveau nom, Geghardavank, le monast\u00e8re de la Lance, devenant rapidement le point de convergence de milliers de fid\u00e8les venus admirer \u2013 et toucher parfois \u2013 les deux pr\u00e9cieuses reliques pr\u00e9sent\u00e9es par les moines&nbsp;: un fragment de l\u2019Arche de No\u00e9 ainsi que la Sainte Lance cens\u00e9e avoir transperc\u00e9 le flanc droit du Christ lors de sa crucifixion.<\/p>\n\n\n\n<figure class=\"wp-block-image\"><img loading=\"lazy\" width=\"1280\" height=\"932\" src=\"https:\/\/i2.wp.com\/www.presstourism.ch\/WP_ALEX\/wp-content\/uploads\/2019\/06\/Enluminure-de-l\u2019\u00c9vang\u00e9liaire-syriaque-de-Rabula-586..jpg?fit=640%2C466\" alt=\"\" class=\"wp-image-5918\" srcset=\"https:\/\/i2.wp.com\/www.presstourism.ch\/wp-content\/uploads\/2019\/06\/Enluminure-de-l\u2019\u00c9vang\u00e9liaire-syriaque-de-Rabula-586..jpg?w=1280 1280w, https:\/\/i2.wp.com\/www.presstourism.ch\/wp-content\/uploads\/2019\/06\/Enluminure-de-l\u2019\u00c9vang\u00e9liaire-syriaque-de-Rabula-586..jpg?resize=300%2C218 300w, https:\/\/i2.wp.com\/www.presstourism.ch\/wp-content\/uploads\/2019\/06\/Enluminure-de-l\u2019\u00c9vang\u00e9liaire-syriaque-de-Rabula-586..jpg?resize=768%2C559 768w, https:\/\/i2.wp.com\/www.presstourism.ch\/wp-content\/uploads\/2019\/06\/Enluminure-de-l\u2019\u00c9vang\u00e9liaire-syriaque-de-Rabula-586..jpg?resize=1024%2C746 1024w, https:\/\/i2.wp.com\/www.presstourism.ch\/wp-content\/uploads\/2019\/06\/Enluminure-de-l\u2019\u00c9vang\u00e9liaire-syriaque-de-Rabula-586..jpg?resize=600%2C437 600w, https:\/\/i2.wp.com\/www.presstourism.ch\/wp-content\/uploads\/2019\/06\/Enluminure-de-l\u2019\u00c9vang\u00e9liaire-syriaque-de-Rabula-586..jpg?w=1168 1168w\" sizes=\"(max-width: 584px) 100vw, 584px\" \/><figcaption>Enluminure de l&rsquo;Evang\u00e9liaire syriaque de Rabula, 586. Document d&rsquo;archives<\/figcaption><\/figure>\n\n\n\n<p>Apr\u00e8s les Arabes, les Mongols de Tamerlan. Nouveaux sacs, nouvelles destructions. Sans compter les nombreux tremblements de terre, r\u00e9currents depuis toujours en Arm\u00e9nie. Geghard dix fois d\u00e9truit, dix fois reconstruit. Et finalement inscrit en 2000 au patrimoine mondial de l\u2019Unesco.<\/p>\n\n\n\n<figure class=\"wp-block-image\"><img loading=\"lazy\" width=\"584\" height=\"539\" src=\"https:\/\/i1.wp.com\/www.presstourism.ch\/WP_ALEX\/wp-content\/uploads\/2019\/06\/P1000355s-Largeur-max.-1024-Hauteur-max.-768.jpg?resize=584%2C539\" alt=\"\" class=\"wp-image-5915\" srcset=\"https:\/\/i2.wp.com\/www.presstourism.ch\/wp-content\/uploads\/2019\/06\/P1000355s-Largeur-max.-1024-Hauteur-max.-768.jpg?w=682 682w, https:\/\/i2.wp.com\/www.presstourism.ch\/wp-content\/uploads\/2019\/06\/P1000355s-Largeur-max.-1024-Hauteur-max.-768.jpg?resize=300%2C277 300w, https:\/\/i2.wp.com\/www.presstourism.ch\/wp-content\/uploads\/2019\/06\/P1000355s-Largeur-max.-1024-Hauteur-max.-768.jpg?resize=600%2C553 600w\" sizes=\"(max-width: 584px) 100vw, 584px\" data-recalc-dims=\"1\" \/><figcaption>L&rsquo;entr\u00e9e et la cour int\u00e9rieure du monast\u00e8re de Geghard.<\/figcaption><\/figure>\n\n\n\n<p>La mont\u00e9e est rude mais, pass\u00e9 le porche baign\u00e9 d\u2019ombre, on se sent presque chez soi ou, mieux, sur la place exigu\u00eb d\u2019un village d\u2019arri\u00e8re-Provence. <\/p>\n\n\n\n<figure class=\"wp-block-image\"><img loading=\"lazy\" width=\"584\" height=\"557\" src=\"https:\/\/i2.wp.com\/www.presstourism.ch\/WP_ALEX\/wp-content\/uploads\/2019\/06\/P1000371s-Largeur-max.-1024-Hauteur-max.-768.jpg?resize=584%2C557\" alt=\"\" class=\"wp-image-5920\" srcset=\"https:\/\/i1.wp.com\/www.presstourism.ch\/wp-content\/uploads\/2019\/06\/P1000371s-Largeur-max.-1024-Hauteur-max.-768.jpg?w=677 677w, https:\/\/i1.wp.com\/www.presstourism.ch\/wp-content\/uploads\/2019\/06\/P1000371s-Largeur-max.-1024-Hauteur-max.-768.jpg?resize=300%2C286 300w, https:\/\/i1.wp.com\/www.presstourism.ch\/wp-content\/uploads\/2019\/06\/P1000371s-Largeur-max.-1024-Hauteur-max.-768.jpg?resize=600%2C573 600w\" sizes=\"(max-width: 584px) 100vw, 584px\" data-recalc-dims=\"1\" \/><figcaption>Papotages d&rsquo;avant-mariage.<\/figcaption><\/figure>\n\n\n\n<p>La vie est l\u00e0, visages fuyant le soleil sous une branche d\u2019\u00e9pic\u00e9a, envol de pigeons narquois se croyant place Saint-Marc, belle et longue mari\u00e9e s&rsquo;approchant de l\u2019\u00e9glise au bras de son bien-aim\u00e9\u2026 <\/p>\n\n\n\n<div class=\"wp-block-image\"><figure class=\"aligncenter is-resized\"><img loading=\"lazy\" src=\"https:\/\/i1.wp.com\/www.presstourism.ch\/WP_ALEX\/wp-content\/uploads\/2019\/06\/P1000375s-Largeur-max.-1024-Hauteur-max.-768.jpg?resize=584%2C376\" alt=\"\" class=\"wp-image-5921\" width=\"584\" height=\"376\" srcset=\"https:\/\/i1.wp.com\/www.presstourism.ch\/wp-content\/uploads\/2019\/06\/P1000375s-Largeur-max.-1024-Hauteur-max.-768.jpg?w=560 560w, https:\/\/i1.wp.com\/www.presstourism.ch\/wp-content\/uploads\/2019\/06\/P1000375s-Largeur-max.-1024-Hauteur-max.-768.jpg?resize=300%2C193 300w\" sizes=\"(max-width: 584px) 100vw, 584px\" data-recalc-dims=\"1\" \/><figcaption>En Arm\u00e9nie, on na\u00eet dans l&rsquo;Eglise, on se marie \u00e0 l&rsquo;\u00e9glise, on meurt dans la Foi.<\/figcaption><\/figure><\/div>\n\n\n\n<p>Et jusqu\u2019\u00e0 ce drone insolite qui survole la sc\u00e8ne et filme la c\u00e9r\u00e9monie pour la post\u00e9rit\u00e9 familiale.<\/p>\n\n\n\n<figure class=\"wp-block-image\"><img loading=\"lazy\" width=\"1024\" height=\"768\" src=\"https:\/\/i2.wp.com\/www.presstourism.ch\/WP_ALEX\/wp-content\/uploads\/2019\/06\/P1000368-Largeur-max.-1024-Hauteur-max.-768.jpg?fit=640%2C480\" alt=\"\" class=\"wp-image-5922\" srcset=\"https:\/\/i1.wp.com\/www.presstourism.ch\/wp-content\/uploads\/2019\/06\/P1000368-Largeur-max.-1024-Hauteur-max.-768.jpg?w=1024 1024w, https:\/\/i1.wp.com\/www.presstourism.ch\/wp-content\/uploads\/2019\/06\/P1000368-Largeur-max.-1024-Hauteur-max.-768.jpg?resize=300%2C225 300w, https:\/\/i1.wp.com\/www.presstourism.ch\/wp-content\/uploads\/2019\/06\/P1000368-Largeur-max.-1024-Hauteur-max.-768.jpg?resize=768%2C576 768w, https:\/\/i1.wp.com\/www.presstourism.ch\/wp-content\/uploads\/2019\/06\/P1000368-Largeur-max.-1024-Hauteur-max.-768.jpg?resize=600%2C450 600w\" sizes=\"(max-width: 584px) 100vw, 584px\" \/><\/figure>\n\n\n\n<p>Ici, on ne remet pas l\u2019\u00e9glise au milieu du village, on am\u00e8ne le village jusqu\u2019au pied de l\u2019\u00e9glise, histoire de redonner vie \u00e0 ce lieu charg\u00e9 de souvenirs mais d\u00e9sert\u00e9 depuis belle lurette par ses moines. <\/p>\n\n\n\n<figure class=\"wp-block-image\"><img loading=\"lazy\" width=\"2248\" height=\"2103\" src=\"https:\/\/i1.wp.com\/www.presstourism.ch\/WP_ALEX\/wp-content\/uploads\/2019\/06\/P1000390ws.jpg?fit=640%2C599\" alt=\"\" class=\"wp-image-5924\" srcset=\"https:\/\/i1.wp.com\/www.presstourism.ch\/wp-content\/uploads\/2019\/06\/P1000390ws.jpg?w=2248 2248w, https:\/\/i1.wp.com\/www.presstourism.ch\/wp-content\/uploads\/2019\/06\/P1000390ws.jpg?resize=300%2C281 300w, https:\/\/i1.wp.com\/www.presstourism.ch\/wp-content\/uploads\/2019\/06\/P1000390ws.jpg?resize=768%2C718 768w, https:\/\/i1.wp.com\/www.presstourism.ch\/wp-content\/uploads\/2019\/06\/P1000390ws.jpg?resize=1024%2C958 1024w, https:\/\/i1.wp.com\/www.presstourism.ch\/wp-content\/uploads\/2019\/06\/P1000390ws.jpg?resize=600%2C561 600w, https:\/\/i1.wp.com\/www.presstourism.ch\/wp-content\/uploads\/2019\/06\/P1000390ws.jpg?resize=1320%2C1235 1320w, https:\/\/i1.wp.com\/www.presstourism.ch\/wp-content\/uploads\/2019\/06\/P1000390ws.jpg?w=1168 1168w, https:\/\/i1.wp.com\/www.presstourism.ch\/wp-content\/uploads\/2019\/06\/P1000390ws.jpg?w=1752 1752w\" sizes=\"(max-width: 584px) 100vw, 584px\" \/><figcaption>\u00ab\u00a0Je crois que les gens devraient rester ensemble toute leur vie, comme les pigeons\u00a0\u00bb <br>(Woody Allen)<\/figcaption><\/figure>\n\n\n\n<p>Le pass\u00e9 n\u2019est plus grav\u00e9 que dans la pierre des kashgars. L\u2019avenir est d\u00e9sormais l\u00e0-bas, en ville. Pourtant, les citadins d\u2019aujourd\u2019hui semblent n\u2019avoir rien oubli\u00e9 de ce qu\u2019ils doivent \u00e0 leurs fiers anc\u00eatres.<\/p>\n\n\n\n<p style=\"text-align:right\"><em>Alex D\u00e9cotte, juin 2019<\/em><\/p>\n\n\n\n<ul><li>Sauf mention contraire, les photos sont de l&rsquo;auteur.<\/li><\/ul>\n","protected":false},"excerpt":{"rendered":"<p>A Geghard, j\u2019ai vu le mariage, les pigeons et le drone mais ni la Sainte-Lance ni les restes de l\u2019Arche de No\u00e9. Ce sera pour la prochaine fois, peut-\u00eatre, mais le lieu vaut d\u00e9j\u00e0 mille fois le voyage. En attendant, &hellip; <a href=\"http:\/\/www.presstourism.ch\/?page_id=5914\">Continuer la lecture <span class=\"meta-nav\">&rarr;<\/span><\/a><\/p>\n","protected":false},"author":1,"featured_media":0,"parent":5679,"menu_order":0,"comment_status":"closed","ping_status":"closed","template":"","meta":{"ngg_post_thumbnail":0,"spay_email":""},"jetpack_sharing_enabled":true,"jetpack_shortlink":"https:\/\/wp.me\/P468TV-1xo","_links":{"self":[{"href":"http:\/\/www.presstourism.ch\/index.php?rest_route=\/wp\/v2\/pages\/5914"}],"collection":[{"href":"http:\/\/www.presstourism.ch\/index.php?rest_route=\/wp\/v2\/pages"}],"about":[{"href":"http:\/\/www.presstourism.ch\/index.php?rest_route=\/wp\/v2\/types\/page"}],"author":[{"embeddable":true,"href":"http:\/\/www.presstourism.ch\/index.php?rest_route=\/wp\/v2\/users\/1"}],"replies":[{"embeddable":true,"href":"http:\/\/www.presstourism.ch\/index.php?rest_route=%2Fwp%2Fv2%2Fcomments&post=5914"}],"version-history":[{"count":3,"href":"http:\/\/www.presstourism.ch\/index.php?rest_route=\/wp\/v2\/pages\/5914\/revisions"}],"predecessor-version":[{"id":5929,"href":"http:\/\/www.presstourism.ch\/index.php?rest_route=\/wp\/v2\/pages\/5914\/revisions\/5929"}],"up":[{"embeddable":true,"href":"http:\/\/www.presstourism.ch\/index.php?rest_route=\/wp\/v2\/pages\/5679"}],"wp:attachment":[{"href":"http:\/\/www.presstourism.ch\/index.php?rest_route=%2Fwp%2Fv2%2Fmedia&parent=5914"}],"curies":[{"name":"wp","href":"https:\/\/api.w.org\/{rel}","templated":true}]}}