{"id":5878,"date":"2019-06-21T08:49:49","date_gmt":"2019-06-21T07:49:49","guid":{"rendered":"http:\/\/www.presstourism.ch\/WP_ALEX\/?page_id=5878"},"modified":"2019-06-21T08:49:50","modified_gmt":"2019-06-21T07:49:50","slug":"famille","status":"publish","type":"page","link":"http:\/\/www.presstourism.ch\/?page_id=5878","title":{"rendered":"Famille"},"content":{"rendered":"\n<figure class=\"wp-block-image\"><img loading=\"lazy\" width=\"1024\" height=\"768\" src=\"https:\/\/i1.wp.com\/www.presstourism.ch\/WP_ALEX\/wp-content\/uploads\/2019\/06\/P1000660-Largeur-max.-1024-Hauteur-max.-768.jpg?fit=640%2C480\" alt=\"\" class=\"wp-image-5880\" srcset=\"https:\/\/i2.wp.com\/www.presstourism.ch\/wp-content\/uploads\/2019\/06\/P1000660-Largeur-max.-1024-Hauteur-max.-768.jpg?w=1024 1024w, https:\/\/i2.wp.com\/www.presstourism.ch\/wp-content\/uploads\/2019\/06\/P1000660-Largeur-max.-1024-Hauteur-max.-768.jpg?resize=300%2C225 300w, https:\/\/i2.wp.com\/www.presstourism.ch\/wp-content\/uploads\/2019\/06\/P1000660-Largeur-max.-1024-Hauteur-max.-768.jpg?resize=768%2C576 768w, https:\/\/i2.wp.com\/www.presstourism.ch\/wp-content\/uploads\/2019\/06\/P1000660-Largeur-max.-1024-Hauteur-max.-768.jpg?resize=600%2C450 600w\" sizes=\"(max-width: 584px) 100vw, 584px\" \/><figcaption> A\u00efda, Sarkis, Gagik, Suzanne, Lilit et Elen <\/figcaption><\/figure>\n\n\n\n<p>Pour bien voyager en Arm\u00e9nie, il faudrait parler\narm\u00e9nien. Puisqu\u2019un site internet pr\u00e9tend que c\u2019est facile (menteur, va&nbsp;!),\nje vais m\u2019y mettre illico&nbsp;: <a href=\"https:\/\/armenienfacile.com\/apprendre-armenien-debutant\/\">https:\/\/armenienfacile.com\/apprendre-armenien-debutant\/<\/a><\/p>\n\n\n\n<div class=\"wp-block-image\"><figure class=\"alignright\"><img loading=\"lazy\" width=\"225\" height=\"225\" src=\"https:\/\/i1.wp.com\/www.presstourism.ch\/WP_ALEX\/wp-content\/uploads\/2019\/06\/prince.jpg?resize=225%2C225\" alt=\"\" class=\"wp-image-5879\" srcset=\"https:\/\/i0.wp.com\/www.presstourism.ch\/wp-content\/uploads\/2019\/06\/prince.jpg?w=225 225w, https:\/\/i0.wp.com\/www.presstourism.ch\/wp-content\/uploads\/2019\/06\/prince.jpg?resize=150%2C150 150w\" sizes=\"(max-width: 225px) 100vw, 225px\" data-recalc-dims=\"1\" \/><\/figure><\/div>\n\n\n\n<p>\u00ab&nbsp;On ne voit bien qu\u2019avec le c\u0153ur&nbsp;\u00bb, disait le\nPetit Prince. On ne comprend bien qu\u2019avec le c\u0153ur, serais-je tent\u00e9 d\u2019ajouter.\nJe me rappelle avoir pass\u00e9 plusieurs semaines d\u2019hiver dans la yourte d\u2019une\nfamille mongole, loin de tout. Pas plus avec les enfants qu\u2019avec les parents,\nnous ne partagions la moindre langue mais nous \u00e9tions r\u00e9ciproquement si curieux\nde tout et de tous&nbsp;! De retour en Europe, je me rappelle ma surprise en\nd\u00e9chiffrant les notes de mon carnet de route quotidien. Il contenait des\nobservations et des impressions, certes, mais aussi la transcription de longues\ndiscussions que nous avions \u00e9chang\u00e9es. Dans quelle langue&nbsp;? Myst\u00e8re&nbsp;!\nSi une telle compr\u00e9hension est possible avec le mongol, pourquoi pas avec l\u2019arm\u00e9nien&nbsp;?<\/p>\n\n\n\n<p>Plus s\u00e9rieusement, trois possibilit\u00e9s se pr\u00e9sentent au visiteur b\u00e9otien\u00a0en Arm\u00e9nie:<\/p>\n\n\n\n<ul><li>Echanger en anglais avec les jeunes\nArm\u00e9niens des villes&nbsp;;<\/li><li>Baragouiner en russe avec les anciens&nbsp;des\nvillages;<\/li><li>Faire appel \u00e0 un(e) guide francophone.<\/li><\/ul>\n\n\n\n<p>Au fait, savez-vous d\u2019o\u00f9 vient ce verbe, baragouiner,\nsignifiant qu\u2019on s\u2019exprime dans une langue \u00e9trange et difficilement\ncompr\u00e9hensible ? De Bretagne, au temps de la Premi\u00e8re Guerre mondiale. Pour la\npremi\u00e8re fois, de jeunes conscrits ne s\u2019exprimant qu\u2019en breton \u00e9taient enr\u00f4l\u00e9s\ndans une arm\u00e9e dont les bidasses ne pratiquaines que le fran\u00e7ais et se moquaient\nbien de leurs copains bretonnants. A la grande table du r\u00e9fectoire, les\ntrouffions franchouillards observ\u00e8rent leurs voisins r\u00e9clamant entre eux le &nbsp;pain&nbsp;ou le&nbsp;vin. Il se trouve qu\u2019en\nbreton, le pain se dit \u00ab&nbsp;bara&nbsp;\u00bb et le vin \u00ab&nbsp;gwin&nbsp;\u00bb. Les \u00ab&nbsp;vrais&nbsp;\u00bb\nFran\u00e7ais baptis\u00e8rent donc \u00ab&nbsp;baragouiner&nbsp;\u00bb le sabir de leurs\ncompagnons.<\/p>\n\n\n\n<figure class=\"wp-block-image\"><img loading=\"lazy\" width=\"584\" height=\"429\" src=\"https:\/\/i1.wp.com\/www.presstourism.ch\/WP_ALEX\/wp-content\/uploads\/2019\/06\/P1000638-Largeur-max.-1024-Hauteur-max.-768.jpg?resize=584%2C429\" alt=\"\" class=\"wp-image-5881\" srcset=\"https:\/\/i1.wp.com\/www.presstourism.ch\/wp-content\/uploads\/2019\/06\/P1000638-Largeur-max.-1024-Hauteur-max.-768.jpg?w=814 814w, https:\/\/i1.wp.com\/www.presstourism.ch\/wp-content\/uploads\/2019\/06\/P1000638-Largeur-max.-1024-Hauteur-max.-768.jpg?resize=300%2C220 300w, https:\/\/i1.wp.com\/www.presstourism.ch\/wp-content\/uploads\/2019\/06\/P1000638-Largeur-max.-1024-Hauteur-max.-768.jpg?resize=768%2C564 768w, https:\/\/i1.wp.com\/www.presstourism.ch\/wp-content\/uploads\/2019\/06\/P1000638-Largeur-max.-1024-Hauteur-max.-768.jpg?resize=600%2C441 600w\" sizes=\"(max-width: 584px) 100vw, 584px\" data-recalc-dims=\"1\" \/><figcaption>Suzanne et Lilit confectionnant le lavash quotidien.<\/figcaption><\/figure>\n\n\n\n<p>Mais je m\u2019\u00e9gare\u00a0! Enfin non, pas tant que \u00e7a puisque, partout au monde ou presque, la rencontre avec des inconnus passe d\u2019abord par le partage, celui du pain. Et parfois du vin. En arm\u00e9nien, le pain traditionnel se nomme lavash. Je l\u2019ai appris d\u00e8s le premier jour, tant il est d\u00e9licieux. Et c\u2019est justement avec les femmes pr\u00e9parant le lavash que les regards commencent \u00e0 se croiser et les langues \u00e0 se d\u00e9lier.<\/p>\n\n\n\n<figure class=\"wp-block-image\"><img loading=\"lazy\" width=\"1024\" height=\"768\" src=\"https:\/\/i1.wp.com\/www.presstourism.ch\/WP_ALEX\/wp-content\/uploads\/2019\/06\/P1000664-Largeur-max.-1024-Hauteur-max.-768.jpg?fit=640%2C480\" alt=\"\" class=\"wp-image-5882\" srcset=\"https:\/\/i2.wp.com\/www.presstourism.ch\/wp-content\/uploads\/2019\/06\/P1000664-Largeur-max.-1024-Hauteur-max.-768.jpg?w=1024 1024w, https:\/\/i2.wp.com\/www.presstourism.ch\/wp-content\/uploads\/2019\/06\/P1000664-Largeur-max.-1024-Hauteur-max.-768.jpg?resize=300%2C225 300w, https:\/\/i2.wp.com\/www.presstourism.ch\/wp-content\/uploads\/2019\/06\/P1000664-Largeur-max.-1024-Hauteur-max.-768.jpg?resize=768%2C576 768w, https:\/\/i2.wp.com\/www.presstourism.ch\/wp-content\/uploads\/2019\/06\/P1000664-Largeur-max.-1024-Hauteur-max.-768.jpg?resize=600%2C450 600w\" sizes=\"(max-width: 584px) 100vw, 584px\" \/><figcaption>Sarkis et Gagik.<\/figcaption><\/figure>\n\n\n\n<p>Ma premi\u00e8re v\u00e9ritable rencontre avec une famille\narm\u00e9nienne s\u2019est faite dans le petit village rural d\u2019Aknashen, 1670 habitants, \u00e0\nune trentaine de kilom\u00e8tres d\u2019Erevan. Je n\u2019y \u00e9tais pas tomb\u00e9 par hasard. Gagik,\nle ma\u00eetre de maison, est le fr\u00e8re d\u2019Ara Khurshudian, un Arm\u00e9nien de la diaspora,\ninstall\u00e9 \u00e0 Fribourg o\u00f9 il a cr\u00e9\u00e9, \u00e0 l\u2019intention de la client\u00e8le suisse, une\nagence de voyages sp\u00e9cialis\u00e9e dans les s\u00e9jours en Arm\u00e9nie. <\/p>\n\n\n\n<figure class=\"wp-block-image\"><img loading=\"lazy\" width=\"584\" height=\"303\" src=\"https:\/\/i0.wp.com\/www.presstourism.ch\/WP_ALEX\/wp-content\/uploads\/2019\/06\/P1000658s-Largeur-max.-1024-Hauteur-max.jpg?resize=584%2C303\" alt=\"\" class=\"wp-image-5883\" srcset=\"https:\/\/i2.wp.com\/www.presstourism.ch\/wp-content\/uploads\/2019\/06\/P1000658s-Largeur-max.-1024-Hauteur-max.jpg?w=957 957w, https:\/\/i2.wp.com\/www.presstourism.ch\/wp-content\/uploads\/2019\/06\/P1000658s-Largeur-max.-1024-Hauteur-max.jpg?resize=300%2C155 300w, https:\/\/i2.wp.com\/www.presstourism.ch\/wp-content\/uploads\/2019\/06\/P1000658s-Largeur-max.-1024-Hauteur-max.jpg?resize=768%2C398 768w, https:\/\/i2.wp.com\/www.presstourism.ch\/wp-content\/uploads\/2019\/06\/P1000658s-Largeur-max.-1024-Hauteur-max.jpg?resize=600%2C311 600w\" sizes=\"(max-width: 584px) 100vw, 584px\" data-recalc-dims=\"1\" \/><figcaption>Les h\u00f4tes d&rsquo;un jour attabl\u00e9s en famille.<\/figcaption><\/figure>\n\n\n\n<p>A Aknashen, la famille Khurshudyan (avec un \u00ab\u00a0y\u00a0\u00bb qu\u2019Ara a remplac\u00e9 par un simple \u00ab\u00a0i\u00a0\u00bb dans son identit\u00e9 suisse) vit dans une maison-fermette comme il y en beaucoup au village, align\u00e9es dans une rue sans caract\u00e8re. On y p\u00e9n\u00e8tre par un long couloir sombre donnant sur les pi\u00e8ces \u00e0 vivre, une salle enti\u00e8re d\u00e9di\u00e9e \u00e0 la confection du lavash et un grand espace abrit\u00e9 au centre duquel tr\u00f4ne une longue table de bois destin\u00e9e aux petits groupes de visiteurs, qui prennent leur repas en m\u00eame temps que la famille. Au-del\u00e0, un appentis et, surtout, entour\u00e9 de massifs de fleurs champ\u00eatres, un jardin potager o\u00f9 m\u00fbrissent concombres, aubergines et tomates. Hormis les poules qui piaillent derri\u00e8re un grillage, le petit \u00e9levage et les cultures plus importantes se font sans \u00e0 la p\u00e9riph\u00e9rie du village, sur les bandes de terre familiales nagu\u00e8re r\u00e9quisitionn\u00e9es par la coop\u00e9rative agricole sovi\u00e9tique.<\/p>\n\n\n\n<figure class=\"wp-block-image\"><img loading=\"lazy\" width=\"1024\" height=\"768\" src=\"https:\/\/i0.wp.com\/www.presstourism.ch\/WP_ALEX\/wp-content\/uploads\/2019\/06\/P1000645-Largeur-max.-1024-Hauteur-max.-768.jpg?fit=640%2C480\" alt=\"\" class=\"wp-image-5884\" srcset=\"https:\/\/i2.wp.com\/www.presstourism.ch\/wp-content\/uploads\/2019\/06\/P1000645-Largeur-max.-1024-Hauteur-max.-768.jpg?w=1024 1024w, https:\/\/i2.wp.com\/www.presstourism.ch\/wp-content\/uploads\/2019\/06\/P1000645-Largeur-max.-1024-Hauteur-max.-768.jpg?resize=300%2C225 300w, https:\/\/i2.wp.com\/www.presstourism.ch\/wp-content\/uploads\/2019\/06\/P1000645-Largeur-max.-1024-Hauteur-max.-768.jpg?resize=768%2C576 768w, https:\/\/i2.wp.com\/www.presstourism.ch\/wp-content\/uploads\/2019\/06\/P1000645-Largeur-max.-1024-Hauteur-max.-768.jpg?resize=600%2C450 600w\" sizes=\"(max-width: 584px) 100vw, 584px\" \/><figcaption>Enfournage du lavash.<\/figcaption><\/figure>\n\n\n\n<p>Simple et quotidienne, la confection du lavash est, pour\nle visiteur, une f\u00eate toujours recommenc\u00e9e. Le meilleur pizza\u00efolo n\u2019aurait qu\u2019\u00e0\nbien se tenir face aux femmes de la maison, faisant virevolter leur galette de\np\u00e2te. Quant au four, cylindre de pierre enterr\u00e9 de plus d\u2019un m\u00e8tre au beau\nmilieu de la pi\u00e8ce, comment est-il apparu dans la vie des Arm\u00e9niens, alors qu\u2019il\nserait si facile de faire cuire le pain \u00e0 m\u00eame la braise, comme le font les\nnomades des grands d\u00e9serts&nbsp;? A lui seul, le four \u00e0 lavash est la preuve\nque les Arm\u00e9niens sont, de toute \u00e9ternit\u00e9, attach\u00e9s \u00e0 une famille et un lieu.\nMais comment font les Arm\u00e9niens de la diaspora, dans leur trois-pi\u00e8ces parisien\nou leur suite new-yorkaise&nbsp;?<\/p>\n\n\n\n<figure class=\"wp-block-image\"><img loading=\"lazy\" width=\"1024\" height=\"768\" src=\"https:\/\/i1.wp.com\/www.presstourism.ch\/WP_ALEX\/wp-content\/uploads\/2019\/06\/P1000651-Largeur-max.-1024-Hauteur-max.-768.jpg?fit=640%2C480\" alt=\"\" class=\"wp-image-5885\" srcset=\"https:\/\/i1.wp.com\/www.presstourism.ch\/wp-content\/uploads\/2019\/06\/P1000651-Largeur-max.-1024-Hauteur-max.-768.jpg?w=1024 1024w, https:\/\/i1.wp.com\/www.presstourism.ch\/wp-content\/uploads\/2019\/06\/P1000651-Largeur-max.-1024-Hauteur-max.-768.jpg?resize=300%2C225 300w, https:\/\/i1.wp.com\/www.presstourism.ch\/wp-content\/uploads\/2019\/06\/P1000651-Largeur-max.-1024-Hauteur-max.-768.jpg?resize=768%2C576 768w, https:\/\/i1.wp.com\/www.presstourism.ch\/wp-content\/uploads\/2019\/06\/P1000651-Largeur-max.-1024-Hauteur-max.-768.jpg?resize=600%2C450 600w\" sizes=\"(max-width: 584px) 100vw, 584px\" \/><figcaption>Le jardin de la famille.<\/figcaption><\/figure>\n\n\n\n<p>Aujourd\u2019hui \u00e0 Aknashen, nous avons pris le temps d\u2019\u00e9changer le pain, le vin et le regard avec A\u00efda, Sarkis, Gagik, Suzanne, Lilit et Elen, sa fille. Le regard et m\u00eame les rires mais pas vraiment la parole. Ce sera pour la prochaine fois, lorsque j\u2019aurai enfin appris l\u2019arm\u00e9nien gr\u00e2ce \u00e0 la m\u00e9thode \u00e0 Mimile\u2026<\/p>\n\n\n\n<p style=\"text-align:right\"><em>Alex D\u00e9cotte, juin 2019<\/em><\/p>\n\n\n\n<ul><li>Les photos sont de l&rsquo;auteur<\/li><li>Pour prendre contact avec en Suisse avec Ara Khurshudian et organiser une visite dans sa famille rest\u00e9e en Arm\u00e9nie: <a href=\"https:\/\/yellow.local.ch\/fr\/d\/Fribourg\/1700\/Agence-de-Voyages\/ARATOURS-Sarl-4TjCD_SGVhR3DSWAtmPIsQ\">Cliquez ici<\/a>.<\/li><\/ul>\n","protected":false},"excerpt":{"rendered":"<p>Pour bien voyager en Arm\u00e9nie, il faudrait parler arm\u00e9nien. Puisqu\u2019un site internet pr\u00e9tend que c\u2019est facile (menteur, va&nbsp;!), je vais m\u2019y mettre illico&nbsp;: https:\/\/armenienfacile.com\/apprendre-armenien-debutant\/ \u00ab&nbsp;On ne voit bien qu\u2019avec le c\u0153ur&nbsp;\u00bb, disait le Petit Prince. On ne comprend bien qu\u2019avec &hellip; <a href=\"http:\/\/www.presstourism.ch\/?page_id=5878\">Continuer la lecture <span class=\"meta-nav\">&rarr;<\/span><\/a><\/p>\n","protected":false},"author":1,"featured_media":0,"parent":5679,"menu_order":0,"comment_status":"closed","ping_status":"closed","template":"","meta":{"ngg_post_thumbnail":0,"spay_email":""},"jetpack_sharing_enabled":true,"jetpack_shortlink":"https:\/\/wp.me\/P468TV-1wO","_links":{"self":[{"href":"http:\/\/www.presstourism.ch\/index.php?rest_route=\/wp\/v2\/pages\/5878"}],"collection":[{"href":"http:\/\/www.presstourism.ch\/index.php?rest_route=\/wp\/v2\/pages"}],"about":[{"href":"http:\/\/www.presstourism.ch\/index.php?rest_route=\/wp\/v2\/types\/page"}],"author":[{"embeddable":true,"href":"http:\/\/www.presstourism.ch\/index.php?rest_route=\/wp\/v2\/users\/1"}],"replies":[{"embeddable":true,"href":"http:\/\/www.presstourism.ch\/index.php?rest_route=%2Fwp%2Fv2%2Fcomments&post=5878"}],"version-history":[{"count":1,"href":"http:\/\/www.presstourism.ch\/index.php?rest_route=\/wp\/v2\/pages\/5878\/revisions"}],"predecessor-version":[{"id":5886,"href":"http:\/\/www.presstourism.ch\/index.php?rest_route=\/wp\/v2\/pages\/5878\/revisions\/5886"}],"up":[{"embeddable":true,"href":"http:\/\/www.presstourism.ch\/index.php?rest_route=\/wp\/v2\/pages\/5679"}],"wp:attachment":[{"href":"http:\/\/www.presstourism.ch\/index.php?rest_route=%2Fwp%2Fv2%2Fmedia&parent=5878"}],"curies":[{"name":"wp","href":"https:\/\/api.w.org\/{rel}","templated":true}]}}