{"id":5851,"date":"2019-06-20T09:02:47","date_gmt":"2019-06-20T08:02:47","guid":{"rendered":"http:\/\/www.presstourism.ch\/WP_ALEX\/?page_id=5851"},"modified":"2019-06-20T09:02:48","modified_gmt":"2019-06-20T08:02:48","slug":"etchmiadzin","status":"publish","type":"page","link":"http:\/\/www.presstourism.ch\/?page_id=5851","title":{"rendered":"Etchmiadzin"},"content":{"rendered":"\n<figure class=\"wp-block-image\"><img loading=\"lazy\" width=\"584\" height=\"438\" src=\"https:\/\/i2.wp.com\/www.presstourism.ch\/WP_ALEX\/wp-content\/uploads\/2019\/06\/P1000584-Largeur-max.-1024-Hauteur-max.-768-1024x768.jpg?resize=584%2C438\" alt=\"\" class=\"wp-image-5852\" srcset=\"https:\/\/i2.wp.com\/www.presstourism.ch\/wp-content\/uploads\/2019\/06\/P1000584-Largeur-max.-1024-Hauteur-max.-768.jpg?w=1024 1024w, https:\/\/i2.wp.com\/www.presstourism.ch\/wp-content\/uploads\/2019\/06\/P1000584-Largeur-max.-1024-Hauteur-max.-768.jpg?resize=300%2C225 300w, https:\/\/i2.wp.com\/www.presstourism.ch\/wp-content\/uploads\/2019\/06\/P1000584-Largeur-max.-1024-Hauteur-max.-768.jpg?resize=768%2C576 768w, https:\/\/i2.wp.com\/www.presstourism.ch\/wp-content\/uploads\/2019\/06\/P1000584-Largeur-max.-1024-Hauteur-max.-768.jpg?resize=600%2C450 600w\" sizes=\"(max-width: 584px) 100vw, 584px\" data-recalc-dims=\"1\" \/><\/figure>\n\n\n\n<div class=\"wp-block-image\"><figure class=\"alignright is-resized\"><img loading=\"lazy\" src=\"https:\/\/i0.wp.com\/www.presstourism.ch\/WP_ALEX\/wp-content\/uploads\/2019\/06\/Kar\u00e9kine.jpg?resize=317%2C195\" alt=\"\" class=\"wp-image-5853\" width=\"317\" height=\"195\" data-recalc-dims=\"1\" \/><figcaption>Kar\u00e9kine II (Archives)<\/figcaption><\/figure><\/div>\n\n\n\n<p>Quel \u00e9trange Vatican que celui-ci. Depuis 1999, le patron des lieux se nomme Kar\u00e9kine II, catholicos de l\u2019Eglise apostolique arm\u00e9nienne \u2013 puisque tel est son nom. La plus ancienne Eglise chr\u00e9tienne du monde. Kar\u00e9kine II est 133<sup>e<\/sup> d\u00e9tenteur de ce titre bien plus qu\u2019honorifique, inaugur\u00e9 en l\u2019an de gr\u00e2ce 298 par le plus illustre de ses pr\u00e9d\u00e9cesseurs, Gr\u00e9goire 1<sup>er<\/sup> l\u2019Illuminateur. <\/p>\n\n\n\n<div class=\"wp-block-image\"><figure class=\"alignright is-resized\"><img loading=\"lazy\" src=\"https:\/\/i1.wp.com\/www.presstourism.ch\/WP_ALEX\/wp-content\/uploads\/2019\/06\/8450021_37ebda9371344644a78fc6158ce112de-37ebda9371344644a78fc6158ce112de-0.jpg?resize=317%2C258\" alt=\"\" class=\"wp-image-5854\" width=\"317\" height=\"258\" srcset=\"https:\/\/i0.wp.com\/www.presstourism.ch\/wp-content\/uploads\/2019\/06\/8450021_37ebda9371344644a78fc6158ce112de-37ebda9371344644a78fc6158ce112de-0.jpg?w=688 688w, https:\/\/i0.wp.com\/www.presstourism.ch\/wp-content\/uploads\/2019\/06\/8450021_37ebda9371344644a78fc6158ce112de-37ebda9371344644a78fc6158ce112de-0.jpg?resize=300%2C245 300w, https:\/\/i0.wp.com\/www.presstourism.ch\/wp-content\/uploads\/2019\/06\/8450021_37ebda9371344644a78fc6158ce112de-37ebda9371344644a78fc6158ce112de-0.jpg?resize=600%2C490 600w\" sizes=\"(max-width: 317px) 100vw, 317px\" data-recalc-dims=\"1\" \/><figcaption>Le pape Fran\u00e7ois et le catholicos Kar\u00e9kine II. (Archives)<\/figcaption><\/figure><\/div>\n\n\n\n<p>Le pape\u00a0Fran\u00e7ois est venu ici en 2016 et, avant son d\u00e9part de Rome, s\u2019\u00e9tait bien promis de ne pas utiliser le terme de \u00ab\u00a0g\u00e9nocide\u00a0\u00bb mais comment \u00e9chapper \u00e0 l\u2019\u00e9vidence\u00a0? Le pied \u00e0 peine pos\u00e9 en terre arm\u00e9nienne, Fran\u00e7ois avait d\u00e9clar\u00e9 ceci\u00a0: <em>\u00ab Cette trag\u00e9die, ce g\u00e9nocide, a inaugur\u00e9 malheureusement la triste liste des effroyables catastrophes du si\u00e8cle dernier, rendues possibles par d\u2019aberrantes motivations raciales, id\u00e9ologiques ou religieuses qui ont ent\u00e9n\u00e9br\u00e9 l\u2019esprit des bourreaux, au point qu\u2019ils se sont fix\u00e9 le dessein d\u2019an\u00e9antir des peuples entiers. Il est vraiment triste que \u2013dans ce cas comme dans les autres \u2013 les grandes puissances aient regard\u00e9 ailleurs. Je rends honneur au peuple arm\u00e9nien\u2026\u00bb<\/em> \u00a0Le gouvernement turc avait appr\u00e9ci\u00e9 \u00e0 sa mani\u00e8re, on s\u2019en doute, mais chacun des lieux visit\u00e9s par Fran\u00e7ois est d\u00e9sormais charg\u00e9 d&rsquo;Histoire. <\/p>\n\n\n\n<figure class=\"wp-block-image\"><img loading=\"lazy\" width=\"1024\" height=\"768\" src=\"https:\/\/i0.wp.com\/www.presstourism.ch\/WP_ALEX\/wp-content\/uploads\/2019\/06\/P1000586-Largeur-max.-1024-Hauteur-max.-768.jpg?fit=640%2C480\" alt=\"\" class=\"wp-image-5856\" srcset=\"https:\/\/i0.wp.com\/www.presstourism.ch\/wp-content\/uploads\/2019\/06\/P1000586-Largeur-max.-1024-Hauteur-max.-768.jpg?w=1024 1024w, https:\/\/i0.wp.com\/www.presstourism.ch\/wp-content\/uploads\/2019\/06\/P1000586-Largeur-max.-1024-Hauteur-max.-768.jpg?resize=300%2C225 300w, https:\/\/i0.wp.com\/www.presstourism.ch\/wp-content\/uploads\/2019\/06\/P1000586-Largeur-max.-1024-Hauteur-max.-768.jpg?resize=768%2C576 768w, https:\/\/i0.wp.com\/www.presstourism.ch\/wp-content\/uploads\/2019\/06\/P1000586-Largeur-max.-1024-Hauteur-max.-768.jpg?resize=600%2C450 600w\" sizes=\"(max-width: 584px) 100vw, 584px\" \/><figcaption>Trois khatchkars r\u00e9chapp\u00e9s de la barbarie<\/figcaption><\/figure>\n\n\n\n<p>Pass\u00e9 le porche \u00e0 claire-voie, on chemine d\u2019abord entre une th\u00e9orie de <em>khatchkars<\/em>, ces myst\u00e9rieuses \u00ab\u00a0pierres \u00e0 croix\u00a0\u00bb ch\u00e8res au c\u0153ur des Arm\u00e9niens, et un parterre de roses, aussi roses que peuvent l\u2019\u00eatre les roses, et odorantes de surcro\u00eet. Comment l\u2019agnostique que je suis peut-il ici se sentir en territoire ami\u00a0? Comme en famille ? Myst\u00e8re, mais c\u2019est un fait. A l&rsquo;image de cette Arm\u00e9nie que je d\u00e9couvre \u00e0 peine, Etchmiadzin est en train de devenir ma seconde maison. Si ce n\u2019est pas un miracle, \u00e7a y ressemble bigrement.<\/p>\n\n\n\n<figure class=\"wp-block-image\"><img loading=\"lazy\" width=\"1024\" height=\"768\" src=\"https:\/\/i2.wp.com\/www.presstourism.ch\/WP_ALEX\/wp-content\/uploads\/2019\/06\/P1000620-Largeur-max.-1024-Hauteur-max.-768.jpg?fit=640%2C480\" alt=\"\" class=\"wp-image-5857\" srcset=\"https:\/\/i2.wp.com\/www.presstourism.ch\/wp-content\/uploads\/2019\/06\/P1000620-Largeur-max.-1024-Hauteur-max.-768.jpg?w=1024 1024w, https:\/\/i2.wp.com\/www.presstourism.ch\/wp-content\/uploads\/2019\/06\/P1000620-Largeur-max.-1024-Hauteur-max.-768.jpg?resize=300%2C225 300w, https:\/\/i2.wp.com\/www.presstourism.ch\/wp-content\/uploads\/2019\/06\/P1000620-Largeur-max.-1024-Hauteur-max.-768.jpg?resize=768%2C576 768w, https:\/\/i2.wp.com\/www.presstourism.ch\/wp-content\/uploads\/2019\/06\/P1000620-Largeur-max.-1024-Hauteur-max.-768.jpg?resize=600%2C450 600w\" sizes=\"(max-width: 584px) 100vw, 584px\" \/><figcaption>En avan\u00e7ant sur le m\u00eame chemin&#8230;<\/figcaption><\/figure>\n\n\n\n<p>Au fil du chemin, quelques touristes japonais et beaucoup d\u2019Arm\u00e9niens venus en famille, ainsi que de s\u00e9minaristes en soutane, tapotant sur leur t\u00e9l\u00e9phone ou devisant affectueusement avec de jeunes et jolies fid\u00e8les. \u00a0Tout para\u00eet si simple dans cette Eglise-l\u00e0.<\/p>\n\n\n\n<div class=\"wp-block-image\"><figure class=\"aligncenter\"><img loading=\"lazy\" width=\"532\" height=\"429\" src=\"https:\/\/i1.wp.com\/www.presstourism.ch\/WP_ALEX\/wp-content\/uploads\/2019\/06\/P1000630-Largeur-max.-1024-Hauteur-max.-768.jpg?resize=532%2C429\" alt=\"\" class=\"wp-image-5858\" srcset=\"https:\/\/i2.wp.com\/www.presstourism.ch\/wp-content\/uploads\/2019\/06\/P1000630-Largeur-max.-1024-Hauteur-max.-768.jpg?w=532 532w, https:\/\/i2.wp.com\/www.presstourism.ch\/wp-content\/uploads\/2019\/06\/P1000630-Largeur-max.-1024-Hauteur-max.-768.jpg?resize=300%2C242 300w\" sizes=\"(max-width: 532px) 100vw, 532px\" data-recalc-dims=\"1\" \/><figcaption>Entr\u00e9e au s\u00e9minaire.<\/figcaption><\/figure><\/div>\n\n\n\n<p>Simple et obligatoire. On me dit que, pour devenir\npr\u00eatre, il faut \u00eatre mari\u00e9, ce qui met heureusement les enfants de ch\u0153ur \u00e0 l\u2019abri\ndes pr\u00e9dateurs. Mais a contrario, pour caresser l\u2019espoir de devenir un jour catholicos,\nil faut ne pas l\u2019\u00eatre et ne pas l\u2019avoir \u00e9t\u00e9. Ainsi, il faudrait faire son choix\nd\u00e8s la sortie du s\u00e9minaire, pr\u00eatre mari\u00e9 ou catholicos c\u00e9libataire.<\/p>\n\n\n\n<figure class=\"wp-block-image\"><img loading=\"lazy\" width=\"1024\" height=\"768\" src=\"https:\/\/i0.wp.com\/www.presstourism.ch\/WP_ALEX\/wp-content\/uploads\/2019\/06\/P1000598-Largeur-max.-1024-Hauteur-max.-768.jpg?fit=640%2C480\" alt=\"\" class=\"wp-image-5859\" srcset=\"https:\/\/i0.wp.com\/www.presstourism.ch\/wp-content\/uploads\/2019\/06\/P1000598-Largeur-max.-1024-Hauteur-max.-768.jpg?w=1024 1024w, https:\/\/i0.wp.com\/www.presstourism.ch\/wp-content\/uploads\/2019\/06\/P1000598-Largeur-max.-1024-Hauteur-max.-768.jpg?resize=300%2C225 300w, https:\/\/i0.wp.com\/www.presstourism.ch\/wp-content\/uploads\/2019\/06\/P1000598-Largeur-max.-1024-Hauteur-max.-768.jpg?resize=768%2C576 768w, https:\/\/i0.wp.com\/www.presstourism.ch\/wp-content\/uploads\/2019\/06\/P1000598-Largeur-max.-1024-Hauteur-max.-768.jpg?resize=600%2C450 600w\" sizes=\"(max-width: 584px) 100vw, 584px\" \/><figcaption> L\u2019histoire d\u2019une vie et celle d\u2019un peuple <\/figcaption><\/figure>\n\n\n\n<p>Visage(s) de la s\u00e9r\u00e9nit\u00e9, les bancs ombrag\u00e9s accueillent aux beaux jours de nombreux Arm\u00e9niens &#8211; et parfois quelques Arm\u00e9niennes &#8211; venus tout expr\u00e8s pour deviser de la famille, des enfants, des petits-enfants et du temps qui passe. Beaux profils, qui racontent \u00e0 la fois l\u2019histoire d\u2019une vie et celle d\u2019un peuple.<\/p>\n\n\n\n<div class=\"wp-block-image\"><figure class=\"alignright\"><img loading=\"lazy\" width=\"280\" height=\"190\" src=\"https:\/\/i0.wp.com\/www.presstourism.ch\/WP_ALEX\/wp-content\/uploads\/2019\/06\/Ste-Etchmeiadzin.jpg?resize=280%2C190\" alt=\"\" class=\"wp-image-5855\" data-recalc-dims=\"1\"\/><figcaption> La cath\u00e9drale-m\u00e8re Sainte-Etchmiarzin. (Archives) <\/figcaption><\/figure><\/div>\n\n\n\n<p>Joyau et berceau du lieu, la \u00ab&nbsp;cath\u00e9drale-m\u00e8re\nSainte-Etchmiarzin&nbsp;\u00bb se cache derri\u00e8re les arbres, la verdure et quelques\n\u00e9chafaudages. Elle n\u2019est pas grande mais c\u2019est en quelque sorte le saint des\nsaints, le lieu le plus sacr\u00e9 de l\u2019Eglise arm\u00e9nienne, dont elle est aussi le\nplus ancien \u00e9difice. De dimensions modestes, sans cesse remani\u00e9e au fil des ans\net des conflits. Son Tr\u00e9sor rec\u00e8le la Lance de la Passion ayant transperc\u00e9 le\nflanc du Christ, la main de Gr\u00e9goire l\u2019Illuminateur et un fragment de l\u2019Arche\nde No\u00e9&nbsp;! <\/p>\n\n\n\n<div class=\"wp-block-image\"><figure class=\"aligncenter\"><img loading=\"lazy\" width=\"576\" height=\"768\" src=\"https:\/\/i2.wp.com\/www.presstourism.ch\/WP_ALEX\/wp-content\/uploads\/2019\/06\/P1000605-Largeur-max.-1024-Hauteur-max.-768.jpg?resize=576%2C768\" alt=\"\" class=\"wp-image-5860\" srcset=\"https:\/\/i2.wp.com\/www.presstourism.ch\/wp-content\/uploads\/2019\/06\/P1000605-Largeur-max.-1024-Hauteur-max.-768.jpg?w=576 576w, https:\/\/i2.wp.com\/www.presstourism.ch\/wp-content\/uploads\/2019\/06\/P1000605-Largeur-max.-1024-Hauteur-max.-768.jpg?resize=225%2C300 225w\" sizes=\"(max-width: 576px) 100vw, 576px\" data-recalc-dims=\"1\" \/><figcaption>Des voeux chaque jour renouvel\u00e9s.<\/figcaption><\/figure><\/div>\n\n\n\n<p>Et pourtant sa vraie richesse est ailleurs, dans le\nvisage des fid\u00e8les ou des pr\u00eatres venus allumer un cierge au saint fondateur,\ndemander la gr\u00e2ce pour un parent d\u00e9c\u00e9d\u00e9 ou le bonheur pour un enfant \u00e0 venir.\nEn Arm\u00e9nie, l\u2019Eglise fait corps avec le peuple, de toute \u00e9vidence, de toute\n\u00e9ternit\u00e9 et en toute simplicit\u00e9.<\/p>\n\n\n\n<figure class=\"wp-block-image\"><img loading=\"lazy\" width=\"1024\" height=\"768\" src=\"https:\/\/i2.wp.com\/www.presstourism.ch\/WP_ALEX\/wp-content\/uploads\/2019\/06\/P1000606-Largeur-max.-1024-Hauteur-max.-768.jpg?fit=640%2C480\" alt=\"\" class=\"wp-image-5861\" srcset=\"https:\/\/i1.wp.com\/www.presstourism.ch\/wp-content\/uploads\/2019\/06\/P1000606-Largeur-max.-1024-Hauteur-max.-768.jpg?w=1024 1024w, https:\/\/i1.wp.com\/www.presstourism.ch\/wp-content\/uploads\/2019\/06\/P1000606-Largeur-max.-1024-Hauteur-max.-768.jpg?resize=300%2C225 300w, https:\/\/i1.wp.com\/www.presstourism.ch\/wp-content\/uploads\/2019\/06\/P1000606-Largeur-max.-1024-Hauteur-max.-768.jpg?resize=768%2C576 768w, https:\/\/i1.wp.com\/www.presstourism.ch\/wp-content\/uploads\/2019\/06\/P1000606-Largeur-max.-1024-Hauteur-max.-768.jpg?resize=600%2C450 600w\" sizes=\"(max-width: 584px) 100vw, 584px\" \/><figcaption> Un cierge au saint fondateur <\/figcaption><\/figure>\n\n\n\n<p style=\"text-align:right\"><em>Alex D\u00e9cotte, juin 2019<\/em><\/p>\n\n\n\n<ul><li>Sauf mention contraire, les photos sont de l&rsquo;auteur<\/li><\/ul>\n","protected":false},"excerpt":{"rendered":"<p>Quel \u00e9trange Vatican que celui-ci. Depuis 1999, le patron des lieux se nomme Kar\u00e9kine II, catholicos de l\u2019Eglise apostolique arm\u00e9nienne \u2013 puisque tel est son nom. La plus ancienne Eglise chr\u00e9tienne du monde. Kar\u00e9kine II est 133e d\u00e9tenteur de ce &hellip; <a href=\"http:\/\/www.presstourism.ch\/?page_id=5851\">Continuer la lecture <span class=\"meta-nav\">&rarr;<\/span><\/a><\/p>\n","protected":false},"author":1,"featured_media":0,"parent":5679,"menu_order":0,"comment_status":"closed","ping_status":"closed","template":"","meta":{"ngg_post_thumbnail":0,"spay_email":""},"jetpack_sharing_enabled":true,"jetpack_shortlink":"https:\/\/wp.me\/P468TV-1wn","_links":{"self":[{"href":"http:\/\/www.presstourism.ch\/index.php?rest_route=\/wp\/v2\/pages\/5851"}],"collection":[{"href":"http:\/\/www.presstourism.ch\/index.php?rest_route=\/wp\/v2\/pages"}],"about":[{"href":"http:\/\/www.presstourism.ch\/index.php?rest_route=\/wp\/v2\/types\/page"}],"author":[{"embeddable":true,"href":"http:\/\/www.presstourism.ch\/index.php?rest_route=\/wp\/v2\/users\/1"}],"replies":[{"embeddable":true,"href":"http:\/\/www.presstourism.ch\/index.php?rest_route=%2Fwp%2Fv2%2Fcomments&post=5851"}],"version-history":[{"count":1,"href":"http:\/\/www.presstourism.ch\/index.php?rest_route=\/wp\/v2\/pages\/5851\/revisions"}],"predecessor-version":[{"id":5862,"href":"http:\/\/www.presstourism.ch\/index.php?rest_route=\/wp\/v2\/pages\/5851\/revisions\/5862"}],"up":[{"embeddable":true,"href":"http:\/\/www.presstourism.ch\/index.php?rest_route=\/wp\/v2\/pages\/5679"}],"wp:attachment":[{"href":"http:\/\/www.presstourism.ch\/index.php?rest_route=%2Fwp%2Fv2%2Fmedia&parent=5851"}],"curies":[{"name":"wp","href":"https:\/\/api.w.org\/{rel}","templated":true}]}}