{"id":5846,"date":"2019-06-19T09:03:21","date_gmt":"2019-06-19T08:03:21","guid":{"rendered":"http:\/\/www.presstourism.ch\/WP_ALEX\/?page_id=5846"},"modified":"2019-06-20T08:29:38","modified_gmt":"2019-06-20T07:29:38","slug":"ererouk","status":"publish","type":"page","link":"http:\/\/www.presstourism.ch\/?page_id=5846","title":{"rendered":"Ererouk"},"content":{"rendered":"\n<figure class=\"wp-block-image\"><img loading=\"lazy\" width=\"584\" height=\"438\" src=\"https:\/\/i2.wp.com\/www.presstourism.ch\/WP_ALEX\/wp-content\/uploads\/2019\/06\/P1000134-Largeur-max.-1024-Hauteur-max.-768-1024x768.jpg?resize=584%2C438\" alt=\"\" class=\"wp-image-5838\" srcset=\"https:\/\/i2.wp.com\/www.presstourism.ch\/wp-content\/uploads\/2019\/06\/P1000134-Largeur-max.-1024-Hauteur-max.-768.jpg?w=1024 1024w, https:\/\/i2.wp.com\/www.presstourism.ch\/wp-content\/uploads\/2019\/06\/P1000134-Largeur-max.-1024-Hauteur-max.-768.jpg?resize=300%2C225 300w, https:\/\/i2.wp.com\/www.presstourism.ch\/wp-content\/uploads\/2019\/06\/P1000134-Largeur-max.-1024-Hauteur-max.-768.jpg?resize=768%2C576 768w, https:\/\/i2.wp.com\/www.presstourism.ch\/wp-content\/uploads\/2019\/06\/P1000134-Largeur-max.-1024-Hauteur-max.-768.jpg?resize=600%2C450 600w\" sizes=\"(max-width: 584px) 100vw, 584px\" data-recalc-dims=\"1\" \/><figcaption>Ruines de la basilique d&rsquo;Ererouk, aux confins nord-ouest de l&rsquo;Arm\u00e9nie<\/figcaption><\/figure>\n\n\n\n<p class=\"has-medium-font-size\">Mais \u00e0 qui et \u00e0 quoi pouvait bien servir cette immense basilique perdue loin de tout et de tous\u00a0? Le seul village proche, Anipemza, compte \u00e0 peine 520 \u00e2mes\u00a0! A croire qu\u2019un ouragan nucl\u00e9aire se serait abattu sur la r\u00e9gion, d\u00e9truisant tout sur son passage en ne laissant \u2013 miracle &#8211; que cette invraisemblable ruine aux allures de d\u00e9cor antique.<\/p>\n\n\n\n<figure class=\"wp-block-image\"><img loading=\"lazy\" width=\"584\" height=\"438\" src=\"https:\/\/i0.wp.com\/www.presstourism.ch\/WP_ALEX\/wp-content\/uploads\/2019\/06\/P1000147-Largeur-max.-1024-Hauteur-max.-768-1024x768.jpg?resize=584%2C438\" alt=\"\" class=\"wp-image-5839\" srcset=\"https:\/\/i2.wp.com\/www.presstourism.ch\/wp-content\/uploads\/2019\/06\/P1000147-Largeur-max.-1024-Hauteur-max.-768.jpg?w=1024 1024w, https:\/\/i2.wp.com\/www.presstourism.ch\/wp-content\/uploads\/2019\/06\/P1000147-Largeur-max.-1024-Hauteur-max.-768.jpg?resize=300%2C225 300w, https:\/\/i2.wp.com\/www.presstourism.ch\/wp-content\/uploads\/2019\/06\/P1000147-Largeur-max.-1024-Hauteur-max.-768.jpg?resize=768%2C576 768w, https:\/\/i2.wp.com\/www.presstourism.ch\/wp-content\/uploads\/2019\/06\/P1000147-Largeur-max.-1024-Hauteur-max.-768.jpg?resize=600%2C450 600w\" sizes=\"(max-width: 584px) 100vw, 584px\" data-recalc-dims=\"1\" \/><figcaption>Fa\u00e7ade ouest de la basilique d&rsquo;Ererouk<\/figcaption><\/figure>\n\n\n\n<p class=\"has-medium-font-size\">Sans doute b\u00e2tie au VIe si\u00e8cle,\nla basilique n\u2019est r\u00e9pertori\u00e9e dans aucun document de l\u2019\u00e9poque. Elle comportait\ntrois nefs et reste aujourd\u2019hui encore l\u2019une des plus grandes \u00e9glises\nchr\u00e9tiennes d\u2019Arm\u00e9nie. Mais alors quoi&nbsp;?<\/p>\n\n\n\n<div class=\"wp-block-image\"><figure class=\"alignright is-resized\"><img loading=\"lazy\" src=\"https:\/\/i1.wp.com\/www.presstourism.ch\/WP_ALEX\/wp-content\/uploads\/2019\/06\/Ani_seen_from_Armenia-1.jpg?resize=286%2C191\" alt=\"\" class=\"wp-image-5842\" width=\"286\" height=\"191\" data-recalc-dims=\"1\" \/><figcaption>Les ruines d&rsquo;Ani vues depuis la fronti\u00e8re arm\u00e9nienne. (Archives)<\/figcaption><\/figure><\/div>\n\n\n\n<p class=\"has-medium-font-size\">Alors, il faut regarder en contrebas, \u00e0 l&rsquo;ouest. La rivi\u00e8re Akhourian d\u00e9roule lacets et m\u00e9andres au beau milieu d\u2019une large plaine fertile. L\u2019Akhourian fut longtemps un lien, un lieu de passage, entre la basilique d\u2019Ererouk et l\u2019antique ville d\u2019Ani, plus de 100.000 habitants \u00e0 l\u2019\u00e9poque, dont on distingue encore vaguement, \u00e0 quelques kilom\u00e8tres au-del\u00e0 de la rivi\u00e8re, les ruines \u00e9parpill\u00e9es.<\/p>\n\n\n\n<div class=\"wp-block-image\"><figure class=\"alignright\"><img loading=\"lazy\" width=\"280\" height=\"210\" src=\"https:\/\/i2.wp.com\/www.presstourism.ch\/WP_ALEX\/wp-content\/uploads\/2019\/06\/280px-Akhurian_River_Gorge.jpg?resize=280%2C210\" alt=\"\" class=\"wp-image-5841\" data-recalc-dims=\"1\"\/><figcaption>La rivi\u00e8re Akourian \u00e0 proximit\u00e9 d&rsquo;Ani. (Archives)<\/figcaption><\/figure><\/div>\n\n\n\n<p class=\"has-medium-font-size\">Lov\u00e9e entre Turquie et Arm\u00e9nie, l\u2019Akourian constitue aujourd\u2019hui une fronti\u00e8re infranchissable. Du c\u00f4t\u00e9 turc, de la ville de Kars nagu\u00e8re florissante et aujourd\u2019hui rel\u00e9gu\u00e9e aux confins de l\u2019Histoire, ne gagne pas Ani qui veut. Les contr\u00f4les militaires sont innombrables et pointilleux. Les rares touristes occidentaux, venus ici via Istanbul ou Ankara, risquent bien de rester sur leur faim.<\/p>\n\n\n\n<p class=\"has-medium-font-size\">Les habitants de Kars\navaient, eux, une longue pratique de leurs voisins arm\u00e9niens. Au point qu\u2019en\n2006 d\u00e9buta, \u00e0 la demande du maire et avec le soutien financier de la\npopulation, la construction du Monument \u00e0 l\u2019Humanit\u00e9, \u0153uvre du sculpteur turc\nMehmet Askoy dont la main de pierre, ouverte vers le ciel, est cens\u00e9e\nr\u00e9concilier et r\u00e9unir deux \u00eatres que l\u2019Histoire a s\u00e9par\u00e9s et qui n\u2019en peuvent\nmais. En visite \u00e0 Kars en janvier 2011, le premier ministre turc, Recep Tayyip\nErdogan, engageait la nouvelle municipalit\u00e9 \u00e0 le d\u00e9truire et \u00e0 le \u00ab&nbsp;remplacer\npar un beau parc.&nbsp;\u00bb<\/p>\n\n\n\n<figure class=\"wp-block-image\"><img loading=\"lazy\" width=\"584\" height=\"391\" src=\"https:\/\/i2.wp.com\/www.presstourism.ch\/WP_ALEX\/wp-content\/uploads\/2019\/06\/Kars-Monument-\u00e0-lHumanit\u00e9-1115953-bb1c890df08ea0e6a7067008f732229808jpg.jpg?resize=584%2C391\" alt=\"\" class=\"wp-image-5844\" srcset=\"https:\/\/i2.wp.com\/www.presstourism.ch\/wp-content\/uploads\/2019\/06\/Kars-Monument-\u00e0-lHumanit\u00e9-1115953-bb1c890df08ea0e6a7067008f732229808jpg.jpg?w=960 960w, https:\/\/i2.wp.com\/www.presstourism.ch\/wp-content\/uploads\/2019\/06\/Kars-Monument-\u00e0-lHumanit\u00e9-1115953-bb1c890df08ea0e6a7067008f732229808jpg.jpg?resize=300%2C201 300w, https:\/\/i2.wp.com\/www.presstourism.ch\/wp-content\/uploads\/2019\/06\/Kars-Monument-\u00e0-lHumanit\u00e9-1115953-bb1c890df08ea0e6a7067008f732229808jpg.jpg?resize=768%2C514 768w, https:\/\/i2.wp.com\/www.presstourism.ch\/wp-content\/uploads\/2019\/06\/Kars-Monument-\u00e0-lHumanit\u00e9-1115953-bb1c890df08ea0e6a7067008f732229808jpg.jpg?resize=600%2C401 600w\" sizes=\"(max-width: 584px) 100vw, 584px\" data-recalc-dims=\"1\" \/><figcaption>Sur une colline surplombant la ville turque de Kars, le Monument \u00e0 l&rsquo;Humanit\u00e9 du sculpteur Mehmet Askoy. Construit en 2006, promis \u00e0 la destruction en 2011&#8230; (Archives)<\/figcaption><\/figure>\n\n\n\n<p class=\"has-medium-font-size\">Solitaire, perch\u00e9e sur sa\nmontagne ce cailloux et de ruines \u00e9parses, la basilique d\u2019Ererouk observe le\nmonde avec fatalisme. Comme elle, il finira bless\u00e9, abandonn\u00e9, d\u00e9truit. Jadis\n\u00e9glise de vie, Ererouk sera un jour le mausol\u00e9e d\u2019une mort annonc\u00e9e.<\/p>\n\n\n\n<figure class=\"wp-block-image\"><img loading=\"lazy\" width=\"584\" height=\"438\" src=\"https:\/\/i0.wp.com\/www.presstourism.ch\/WP_ALEX\/wp-content\/uploads\/2019\/06\/P1000136-Largeur-max.-2400-Hauteur-max.-1800-1024x768.jpg?resize=584%2C438\" alt=\"\" class=\"wp-image-5840\" srcset=\"https:\/\/i0.wp.com\/www.presstourism.ch\/wp-content\/uploads\/2019\/06\/P1000136-Largeur-max.-2400-Hauteur-max.-1800.jpg?resize=1024%2C768 1024w, https:\/\/i0.wp.com\/www.presstourism.ch\/wp-content\/uploads\/2019\/06\/P1000136-Largeur-max.-2400-Hauteur-max.-1800.jpg?resize=300%2C225 300w, https:\/\/i0.wp.com\/www.presstourism.ch\/wp-content\/uploads\/2019\/06\/P1000136-Largeur-max.-2400-Hauteur-max.-1800.jpg?resize=768%2C576 768w, https:\/\/i0.wp.com\/www.presstourism.ch\/wp-content\/uploads\/2019\/06\/P1000136-Largeur-max.-2400-Hauteur-max.-1800.jpg?resize=600%2C450 600w, https:\/\/i0.wp.com\/www.presstourism.ch\/wp-content\/uploads\/2019\/06\/P1000136-Largeur-max.-2400-Hauteur-max.-1800.jpg?resize=1320%2C990 1320w, https:\/\/i0.wp.com\/www.presstourism.ch\/wp-content\/uploads\/2019\/06\/P1000136-Largeur-max.-2400-Hauteur-max.-1800.jpg?w=1168 1168w, https:\/\/i0.wp.com\/www.presstourism.ch\/wp-content\/uploads\/2019\/06\/P1000136-Largeur-max.-2400-Hauteur-max.-1800.jpg?w=1752 1752w\" sizes=\"(max-width: 584px) 100vw, 584px\" data-recalc-dims=\"1\" \/><figcaption>T\u00e9moignage du pass\u00e9 ou vision d&rsquo;avenir ?<\/figcaption><\/figure>\n\n\n\n<p style=\"text-align:right\" class=\"has-medium-font-size\"><em>Alex D\u00e9cotte, juin 2019<\/em><\/p>\n\n\n\n<ul><li>Sauf mention contraire, les photos sont de l&rsquo;auteur<\/li><\/ul>\n","protected":false},"excerpt":{"rendered":"<p>Mais \u00e0 qui et \u00e0 quoi pouvait bien servir cette immense basilique perdue loin de tout et de tous\u00a0? Le seul village proche, Anipemza, compte \u00e0 peine 520 \u00e2mes\u00a0! A croire qu\u2019un ouragan nucl\u00e9aire se serait abattu sur la r\u00e9gion, &hellip; <a href=\"http:\/\/www.presstourism.ch\/?page_id=5846\">Continuer la lecture <span class=\"meta-nav\">&rarr;<\/span><\/a><\/p>\n","protected":false},"author":1,"featured_media":0,"parent":5679,"menu_order":0,"comment_status":"closed","ping_status":"closed","template":"","meta":{"ngg_post_thumbnail":0,"spay_email":""},"jetpack_sharing_enabled":true,"jetpack_shortlink":"https:\/\/wp.me\/P468TV-1wi","_links":{"self":[{"href":"http:\/\/www.presstourism.ch\/index.php?rest_route=\/wp\/v2\/pages\/5846"}],"collection":[{"href":"http:\/\/www.presstourism.ch\/index.php?rest_route=\/wp\/v2\/pages"}],"about":[{"href":"http:\/\/www.presstourism.ch\/index.php?rest_route=\/wp\/v2\/types\/page"}],"author":[{"embeddable":true,"href":"http:\/\/www.presstourism.ch\/index.php?rest_route=\/wp\/v2\/users\/1"}],"replies":[{"embeddable":true,"href":"http:\/\/www.presstourism.ch\/index.php?rest_route=%2Fwp%2Fv2%2Fcomments&post=5846"}],"version-history":[{"count":2,"href":"http:\/\/www.presstourism.ch\/index.php?rest_route=\/wp\/v2\/pages\/5846\/revisions"}],"predecessor-version":[{"id":5850,"href":"http:\/\/www.presstourism.ch\/index.php?rest_route=\/wp\/v2\/pages\/5846\/revisions\/5850"}],"up":[{"embeddable":true,"href":"http:\/\/www.presstourism.ch\/index.php?rest_route=\/wp\/v2\/pages\/5679"}],"wp:attachment":[{"href":"http:\/\/www.presstourism.ch\/index.php?rest_route=%2Fwp%2Fv2%2Fmedia&parent=5846"}],"curies":[{"name":"wp","href":"https:\/\/api.w.org\/{rel}","templated":true}]}}