{"id":5820,"date":"2019-06-18T09:21:40","date_gmt":"2019-06-18T08:21:40","guid":{"rendered":"http:\/\/www.presstourism.ch\/WP_ALEX\/?page_id=5820"},"modified":"2019-06-18T09:25:43","modified_gmt":"2019-06-18T08:25:43","slug":"cascade","status":"publish","type":"page","link":"http:\/\/www.presstourism.ch\/?page_id=5820","title":{"rendered":"Cascade"},"content":{"rendered":"\n<figure class=\"wp-block-image\"><img loading=\"lazy\" width=\"1024\" height=\"768\" src=\"https:\/\/i2.wp.com\/www.presstourism.ch\/WP_ALEX\/wp-content\/uploads\/2019\/06\/P1000718-Largeur-max.-1024-Hauteur-max.-768.jpg?fit=640%2C480\" alt=\"\" class=\"wp-image-5822\" srcset=\"https:\/\/i0.wp.com\/www.presstourism.ch\/wp-content\/uploads\/2019\/06\/P1000718-Largeur-max.-1024-Hauteur-max.-768.jpg?w=1024 1024w, https:\/\/i0.wp.com\/www.presstourism.ch\/wp-content\/uploads\/2019\/06\/P1000718-Largeur-max.-1024-Hauteur-max.-768.jpg?resize=300%2C225 300w, https:\/\/i0.wp.com\/www.presstourism.ch\/wp-content\/uploads\/2019\/06\/P1000718-Largeur-max.-1024-Hauteur-max.-768.jpg?resize=768%2C576 768w, https:\/\/i0.wp.com\/www.presstourism.ch\/wp-content\/uploads\/2019\/06\/P1000718-Largeur-max.-1024-Hauteur-max.-768.jpg?resize=600%2C450 600w\" sizes=\"(max-width: 584px) 100vw, 584px\" \/><figcaption>La Cascade d&rsquo;Erevan<\/figcaption><\/figure>\n\n\n\n<p class=\"has-medium-font-size\">A Erevan, on l&rsquo;aime ou on ne l\u2019aime pas mais, de toute mani\u00e8re, on n\u2019y \u00e9chappe pas. Elle est l\u00e0, jaunasse et tarabiscot\u00e9e, prolongeant et surplombant en pi\u00e8ce mont\u00e9e les all\u00e9es du centre-ville. Impossible de l\u2019ignorer. Alors, on finit par l\u2019aimer, la Cascade.<\/p>\n\n\n\n<figure class=\"wp-block-image\"><img loading=\"lazy\" width=\"584\" height=\"475\" src=\"https:\/\/i2.wp.com\/www.presstourism.ch\/WP_ALEX\/wp-content\/uploads\/2019\/06\/P1020065-Largeur-max.-1024-Hauteur-max.-768s.jpg?resize=584%2C475\" alt=\"\" class=\"wp-image-5824\" srcset=\"https:\/\/i1.wp.com\/www.presstourism.ch\/wp-content\/uploads\/2019\/06\/P1020065-Largeur-max.-1024-Hauteur-max.-768s.jpg?w=843 843w, https:\/\/i1.wp.com\/www.presstourism.ch\/wp-content\/uploads\/2019\/06\/P1020065-Largeur-max.-1024-Hauteur-max.-768s.jpg?resize=300%2C244 300w, https:\/\/i1.wp.com\/www.presstourism.ch\/wp-content\/uploads\/2019\/06\/P1020065-Largeur-max.-1024-Hauteur-max.-768s.jpg?resize=768%2C624 768w, https:\/\/i1.wp.com\/www.presstourism.ch\/wp-content\/uploads\/2019\/06\/P1020065-Largeur-max.-1024-Hauteur-max.-768s.jpg?resize=600%2C488 600w\" sizes=\"(max-width: 584px) 100vw, 584px\" data-recalc-dims=\"1\" \/><figcaption>Au centre de la Cascade, un cadran solaire dont les heures sont autant de sources vives.<\/figcaption><\/figure>\n\n\n\n<p class=\"has-medium-font-size\">Une cascade \u00e0 sec, \u00e0 la sovi\u00e9tique. Une cascade qui monte\nplut\u00f4t qu\u2019elle ne descend. Une succession de jardins suspendus. Sym\u00e9triques,\nempil\u00e9s les uns sur les autres sur 118 m\u00e8tres de haut, \u00e0 une inclinaison de 15\ndegr\u00e9s. Etonnant que personne n\u2019ait encore song\u00e9, en hiver, \u00e0 en faire une\npiste de ski.<\/p>\n\n\n\n<p class=\"has-medium-font-size\">L\u2019inventeur de cette chose bizarre se nomme Alexandre\nTamanian. Arm\u00e9nien de sang, certes, mais n\u00e9 dans le sud de la Russie puis form\u00e9\n\u00e0 l\u2019architecture n\u00e9o-classique russe \u00e0 Saint-P\u00e9tersbourg, qui s\u2019appr\u00eatait \u00e0\ndevenir Leningrad et o\u00f9 il recevra le Prix Staline.<\/p>\n\n\n\n<div class=\"wp-block-image\"><figure class=\"alignright is-resized\"><img loading=\"lazy\" src=\"https:\/\/i1.wp.com\/www.presstourism.ch\/WP_ALEX\/wp-content\/uploads\/2019\/06\/500_Armenian_dram_-_1999_obverse.png?resize=253%2C142\" alt=\"\" class=\"wp-image-5821\" width=\"253\" height=\"142\" data-recalc-dims=\"1\" \/><figcaption>Alexandre Tamanian appara\u00eet en 1999 sur le billet arm\u00e9nien de 500 drams. (Archives).<\/figcaption><\/figure><\/div>\n\n\n\n<p class=\"has-medium-font-size\">Install\u00e9 \u00e0 Erevan en 1923, Tamanian transforme en\nquelques ann\u00e9es cette petite ville de province en capitale moderne. Il dessine la\nplace de la R\u00e9publique, con\u00e7oit l\u2019Op\u00e9ra et imagine la Cascade, dont les travaux\nne commenceront qu\u2019un demi-si\u00e8cle plus tard et qui restera inachev\u00e9e et en\nruines jusqu\u2019au d\u00e9but des ann\u00e9es 2000.<\/p>\n\n\n\n<p class=\"has-medium-font-size\"><em>\u00ab&nbsp;On ne voit bien qu\u2019avec le c\u0153ur. L\u2019essentiel est invisible pour les yeux&nbsp;\u00bb<\/em> (Antoine de Saint-Exup\u00e9ry). A Erevan, il faut p\u00e9n\u00e9trer dans le c\u0153ur de la Cascade pour que les yeux s\u2019\u00e9merveillent enfin&nbsp;car la Cascade rec\u00e8le des tr\u00e9sors insoup\u00e7onn\u00e9s. A couvert, un double escalator relie la base et le sommet du monument, privatis\u00e9 en 2002 en vue de la cr\u00e9ation du centre d\u2019Arts Cafsejian.<\/p>\n\n\n\n<figure class=\"wp-block-image\"><img loading=\"lazy\" width=\"1280\" height=\"854\" src=\"https:\/\/i1.wp.com\/www.presstourism.ch\/WP_ALEX\/wp-content\/uploads\/2019\/06\/1280px-Travaux_cafesjian.jpg?fit=640%2C427\" alt=\"\" class=\"wp-image-5825\" srcset=\"https:\/\/i1.wp.com\/www.presstourism.ch\/wp-content\/uploads\/2019\/06\/1280px-Travaux_cafesjian.jpg?w=1280 1280w, https:\/\/i1.wp.com\/www.presstourism.ch\/wp-content\/uploads\/2019\/06\/1280px-Travaux_cafesjian.jpg?resize=300%2C200 300w, https:\/\/i1.wp.com\/www.presstourism.ch\/wp-content\/uploads\/2019\/06\/1280px-Travaux_cafesjian.jpg?resize=768%2C512 768w, https:\/\/i1.wp.com\/www.presstourism.ch\/wp-content\/uploads\/2019\/06\/1280px-Travaux_cafesjian.jpg?resize=1024%2C683 1024w, https:\/\/i1.wp.com\/www.presstourism.ch\/wp-content\/uploads\/2019\/06\/1280px-Travaux_cafesjian.jpg?resize=600%2C400 600w, https:\/\/i1.wp.com\/www.presstourism.ch\/wp-content\/uploads\/2019\/06\/1280px-Travaux_cafesjian.jpg?w=1168 1168w\" sizes=\"(max-width: 584px) 100vw, 584px\" \/><figcaption> Le chantier de la Cascade en 2007 ( Documant Bouarf) <\/figcaption><\/figure>\n\n\n\n<p class=\"has-medium-font-size\">Mort en 2013, G\u00e9rard Cafesjian avait fait fortune aux\nEtats-Unis mais, comme bon nombre des Arm\u00e9niens de la diaspora, il n\u2019avait jamais\noubli\u00e9 le pays de des anc\u00eatres et r\u00eavait de participer \u00e0 sa renaissance. M\u00e9c\u00e8ne\net collectionneur, c\u2019est donc tout naturellement qu\u2019il se proposa pour achever\nles travaux de la Cascade d\u2019Erevan et y loger un extraordinaire mus\u00e9e d\u2019art\ncontemporain.<\/p>\n\n\n\n<figure class=\"wp-block-image\"><img loading=\"lazy\" width=\"584\" height=\"442\" src=\"https:\/\/i0.wp.com\/www.presstourism.ch\/WP_ALEX\/wp-content\/uploads\/2019\/06\/P1020061-Largeur-max.-1024-Hauteur-max.-768s.jpg?resize=584%2C442\" alt=\"\" class=\"wp-image-5826\" srcset=\"https:\/\/i2.wp.com\/www.presstourism.ch\/wp-content\/uploads\/2019\/06\/P1020061-Largeur-max.-1024-Hauteur-max.-768s.jpg?w=853 853w, https:\/\/i2.wp.com\/www.presstourism.ch\/wp-content\/uploads\/2019\/06\/P1020061-Largeur-max.-1024-Hauteur-max.-768s.jpg?resize=300%2C227 300w, https:\/\/i2.wp.com\/www.presstourism.ch\/wp-content\/uploads\/2019\/06\/P1020061-Largeur-max.-1024-Hauteur-max.-768s.jpg?resize=768%2C582 768w, https:\/\/i2.wp.com\/www.presstourism.ch\/wp-content\/uploads\/2019\/06\/P1020061-Largeur-max.-1024-Hauteur-max.-768s.jpg?resize=600%2C454 600w\" sizes=\"(max-width: 584px) 100vw, 584px\" data-recalc-dims=\"1\" \/><\/figure>\n\n\n\n<p class=\"has-medium-font-size\">Ouverts au public, les escalators courent sous une vo\u00fbte\nlongue de pr\u00e8s de 300 m\u00e8tres, \u00e9maill\u00e9e de multiples cr\u00e9ations contemporaines et\ns\u2019ouvrant, \u00e9tage apr\u00e8s \u00e9tage, sur d\u2019immenses et incroyables salles d\u2019exposition,\naccessibles en \u00e9change de quelques drams. A noter en particulier le Swarovski\nCrystal Palace qui, \u00e0 lui seul, vaudrait d\u00e9j\u00e0 la visite.<\/p>\n\n\n\n<figure class=\"wp-block-image\"><img loading=\"lazy\" width=\"1024\" height=\"768\" src=\"https:\/\/i0.wp.com\/www.presstourism.ch\/WP_ALEX\/wp-content\/uploads\/2019\/06\/P1020050-Largeur-max.-1024-Hauteur-max.-768.jpg?fit=640%2C480\" alt=\"\" class=\"wp-image-5827\" srcset=\"https:\/\/i0.wp.com\/www.presstourism.ch\/wp-content\/uploads\/2019\/06\/P1020050-Largeur-max.-1024-Hauteur-max.-768.jpg?w=1024 1024w, https:\/\/i0.wp.com\/www.presstourism.ch\/wp-content\/uploads\/2019\/06\/P1020050-Largeur-max.-1024-Hauteur-max.-768.jpg?resize=300%2C225 300w, https:\/\/i0.wp.com\/www.presstourism.ch\/wp-content\/uploads\/2019\/06\/P1020050-Largeur-max.-1024-Hauteur-max.-768.jpg?resize=768%2C576 768w, https:\/\/i0.wp.com\/www.presstourism.ch\/wp-content\/uploads\/2019\/06\/P1020050-Largeur-max.-1024-Hauteur-max.-768.jpg?resize=600%2C450 600w\" sizes=\"(max-width: 584px) 100vw, 584px\" \/><figcaption>Une oeuvre de cristal sign\u00e9e Swarovski.<\/figcaption><\/figure>\n\n\n\n<p class=\"has-medium-font-size\">Cerise sur le g\u00e2teau, la collection de G\u00e9rard Cafesjian d\u00e9borde largement sur les all\u00e9es et jardins situ\u00e9s en contrebas de la Cascade. <\/p>\n\n\n\n<div class=\"wp-block-image\"><figure class=\"aligncenter\"><img loading=\"lazy\" width=\"576\" height=\"768\" src=\"https:\/\/i0.wp.com\/www.presstourism.ch\/WP_ALEX\/wp-content\/uploads\/2019\/06\/P1020046-Largeur-max.-1024-Hauteur-max.-768.jpg?resize=576%2C768\" alt=\"\" class=\"wp-image-5829\" srcset=\"https:\/\/i0.wp.com\/www.presstourism.ch\/wp-content\/uploads\/2019\/06\/P1020046-Largeur-max.-1024-Hauteur-max.-768.jpg?w=576 576w, https:\/\/i0.wp.com\/www.presstourism.ch\/wp-content\/uploads\/2019\/06\/P1020046-Largeur-max.-1024-Hauteur-max.-768.jpg?resize=225%2C300 225w\" sizes=\"(max-width: 576px) 100vw, 576px\" data-recalc-dims=\"1\" \/><figcaption>Le parc Cafesjian vu du sommet de la Cascade. Au fond, l&rsquo;Op\u00e9ra.<\/figcaption><\/figure><\/div>\n\n\n\n<p class=\"has-medium-font-size\">Plusieurs dizaines de sculptures monumentales y sont pr\u00e9sent\u00e9es, parfaitement int\u00e9gr\u00e9es \u00e0 la dimension populaire du lieu. Les familles, install\u00e9es sur les bancs, papotent ainsi au c\u0153ur d\u2019un v\u00e9ritable mus\u00e9e \u00e0 ciel ouvert parmi les oeuvres de Botero, Plensa, Lalanne ou Woytuk\u2026<\/p>\n\n\n\n<div class=\"wp-block-image\"><figure class=\"aligncenter\"><img loading=\"lazy\" width=\"576\" height=\"768\" src=\"https:\/\/i1.wp.com\/www.presstourism.ch\/WP_ALEX\/wp-content\/uploads\/2019\/06\/P1020090-Largeur-max.-1024-Hauteur-max.-768.jpg?resize=576%2C768\" alt=\"\" class=\"wp-image-5828\" srcset=\"https:\/\/i0.wp.com\/www.presstourism.ch\/wp-content\/uploads\/2019\/06\/P1020090-Largeur-max.-1024-Hauteur-max.-768.jpg?w=576 576w, https:\/\/i0.wp.com\/www.presstourism.ch\/wp-content\/uploads\/2019\/06\/P1020090-Largeur-max.-1024-Hauteur-max.-768.jpg?resize=225%2C300 225w\" sizes=\"(max-width: 576px) 100vw, 576px\" data-recalc-dims=\"1\" \/><figcaption>Au pied de la Cascade, une des sculptures monumentales de Fernando Botero.<\/figcaption><\/figure><\/div>\n\n\n\n<p class=\"has-medium-font-size\">Vue d\u2019ici, vue ainsi, la Cascade fait presque oublier son\naspect kitch et prend enfin place au c\u0153ur de la ville comme au c\u0153ur du\nvisiteur. L\u2019essentiel est invisible pour les yeux\u2026<\/p>\n\n\n\n<figure class=\"wp-block-image\"><img loading=\"lazy\" width=\"584\" height=\"404\" src=\"https:\/\/i1.wp.com\/www.presstourism.ch\/WP_ALEX\/wp-content\/uploads\/2019\/06\/P1000734-Largeur-max.-1024-Hauteur-max.-768s.jpg?resize=584%2C404\" alt=\"\" class=\"wp-image-5830\" srcset=\"https:\/\/i2.wp.com\/www.presstourism.ch\/wp-content\/uploads\/2019\/06\/P1000734-Largeur-max.-1024-Hauteur-max.-768s.jpg?w=910 910w, https:\/\/i2.wp.com\/www.presstourism.ch\/wp-content\/uploads\/2019\/06\/P1000734-Largeur-max.-1024-Hauteur-max.-768s.jpg?resize=300%2C207 300w, https:\/\/i2.wp.com\/www.presstourism.ch\/wp-content\/uploads\/2019\/06\/P1000734-Largeur-max.-1024-Hauteur-max.-768s.jpg?resize=768%2C531 768w, https:\/\/i2.wp.com\/www.presstourism.ch\/wp-content\/uploads\/2019\/06\/P1000734-Largeur-max.-1024-Hauteur-max.-768s.jpg?resize=600%2C415 600w\" sizes=\"(max-width: 584px) 100vw, 584px\" data-recalc-dims=\"1\" \/><figcaption>Finalement, comment ne pas aimer ?<\/figcaption><\/figure>\n\n\n\n<p style=\"text-align:right\" class=\"has-medium-font-size\"><em>Alex D\u00e9cotte, juin 2019<\/em><\/p>\n\n\n\n<ul><li>Sauf mention contraire, les photos sont de l&rsquo;auteur<\/li><\/ul>\n","protected":false},"excerpt":{"rendered":"<p>A Erevan, on l&rsquo;aime ou on ne l\u2019aime pas mais, de toute mani\u00e8re, on n\u2019y \u00e9chappe pas. Elle est l\u00e0, jaunasse et tarabiscot\u00e9e, prolongeant et surplombant en pi\u00e8ce mont\u00e9e les all\u00e9es du centre-ville. Impossible de l\u2019ignorer. Alors, on finit par &hellip; <a href=\"http:\/\/www.presstourism.ch\/?page_id=5820\">Continuer la lecture <span class=\"meta-nav\">&rarr;<\/span><\/a><\/p>\n","protected":false},"author":1,"featured_media":0,"parent":5679,"menu_order":0,"comment_status":"open","ping_status":"closed","template":"","meta":{"ngg_post_thumbnail":0,"spay_email":""},"jetpack_sharing_enabled":true,"jetpack_shortlink":"https:\/\/wp.me\/P468TV-1vS","_links":{"self":[{"href":"http:\/\/www.presstourism.ch\/index.php?rest_route=\/wp\/v2\/pages\/5820"}],"collection":[{"href":"http:\/\/www.presstourism.ch\/index.php?rest_route=\/wp\/v2\/pages"}],"about":[{"href":"http:\/\/www.presstourism.ch\/index.php?rest_route=\/wp\/v2\/types\/page"}],"author":[{"embeddable":true,"href":"http:\/\/www.presstourism.ch\/index.php?rest_route=\/wp\/v2\/users\/1"}],"replies":[{"embeddable":true,"href":"http:\/\/www.presstourism.ch\/index.php?rest_route=%2Fwp%2Fv2%2Fcomments&post=5820"}],"version-history":[{"count":2,"href":"http:\/\/www.presstourism.ch\/index.php?rest_route=\/wp\/v2\/pages\/5820\/revisions"}],"predecessor-version":[{"id":5834,"href":"http:\/\/www.presstourism.ch\/index.php?rest_route=\/wp\/v2\/pages\/5820\/revisions\/5834"}],"up":[{"embeddable":true,"href":"http:\/\/www.presstourism.ch\/index.php?rest_route=\/wp\/v2\/pages\/5679"}],"wp:attachment":[{"href":"http:\/\/www.presstourism.ch\/index.php?rest_route=%2Fwp%2Fv2%2Fmedia&parent=5820"}],"curies":[{"name":"wp","href":"https:\/\/api.w.org\/{rel}","templated":true}]}}