{"id":5761,"date":"2019-06-16T12:19:22","date_gmt":"2019-06-16T11:19:22","guid":{"rendered":"http:\/\/www.presstourism.ch\/WP_ALEX\/?page_id=5761"},"modified":"2019-06-16T13:38:31","modified_gmt":"2019-06-16T12:38:31","slug":"lespoir-retrouve-de-larmenie","status":"publish","type":"page","link":"http:\/\/www.presstourism.ch\/?page_id=5761","title":{"rendered":"L&rsquo;espoir retrouv\u00e9 de l&rsquo;Arm\u00e9nie"},"content":{"rendered":"\n<figure class=\"wp-block-image\"><img loading=\"lazy\" width=\"1255\" height=\"862\" src=\"https:\/\/i1.wp.com\/www.presstourism.ch\/WP_ALEX\/wp-content\/uploads\/2019\/06\/ArRom-Tatev.jpg?fit=640%2C439\" alt=\"\" class=\"wp-image-5764\" srcset=\"https:\/\/i0.wp.com\/www.presstourism.ch\/wp-content\/uploads\/2019\/06\/ArRom-Tatev.jpg?w=1255 1255w, https:\/\/i0.wp.com\/www.presstourism.ch\/wp-content\/uploads\/2019\/06\/ArRom-Tatev.jpg?resize=300%2C206 300w, https:\/\/i0.wp.com\/www.presstourism.ch\/wp-content\/uploads\/2019\/06\/ArRom-Tatev.jpg?resize=768%2C528 768w, https:\/\/i0.wp.com\/www.presstourism.ch\/wp-content\/uploads\/2019\/06\/ArRom-Tatev.jpg?resize=1024%2C703 1024w, https:\/\/i0.wp.com\/www.presstourism.ch\/wp-content\/uploads\/2019\/06\/ArRom-Tatev.jpg?resize=600%2C412 600w, https:\/\/i0.wp.com\/www.presstourism.ch\/wp-content\/uploads\/2019\/06\/ArRom-Tatev.jpg?w=1168 1168w\" sizes=\"(max-width: 584px) 100vw, 584px\" \/><figcaption> Le monast\u00e8re de Tatev. Pour s&rsquo;y rendre, il faut emprunter un t\u00e9l\u00e9ph\u00e9rique, install\u00e9 par une entreprise suisse &nbsp;\/ Photo Comit\u00e9 national du Tourisme arm\u00e9nien. <\/figcaption><\/figure>\n\n\n\n<h2><strong>Un pays qui accroche le coeur des visiteurs.<\/strong><\/h2>\n\n\n\n<h2><strong>Par Romaine Jean<\/strong><\/h2>\n\n\n\n<h2>Irene Chaboyan est guide touristique et parle un fran\u00e7ais d&rsquo;Acad\u00e9mie,\nappris \u00e0 l&rsquo;universit\u00e9 d&rsquo;Erevan, au temps o\u00f9 son pays \u00e9tait encore une\nr\u00e9publique sovi\u00e9tique. Elle est aussi dipl\u00f4m\u00e9e de Sciences Po Paris et de\nl&rsquo;Institut d&rsquo;\u00e9tudes europ\u00e9ennes de Gen\u00e8ve. Ir\u00e8ne Chaboyan est \u00e0 l&rsquo;image de son\npays: totalement \u00e9tonnante! Les Europ\u00e9ens sont de plus en plus nombreux \u00e0 \u00eatre\nattir\u00e9s par cette petite r\u00e9publique du Caucase, qui accroche le c\u0153ur des\nvisiteurs. Le secteur du tourisme est en pleine expansion, une augmentation \u00e0 deux\nchiffles l&rsquo;an dernier, \u00e0 la faveur d&rsquo;une situation politique qui redonne espoir\nau pays.<\/h2>\n\n\n\n<h2><strong>Tradition et culte du futur<\/strong><\/h2>\n\n\n\n<h2>L&rsquo;Arm\u00e9nie est un pays de montagnes, de volcans, d&rsquo;\u00e9glises, de vignes, d&rsquo;abricots et de grenades. Un m\u00e9lange de tradition mill\u00e9naire et de projets futuristes. Dans la capitale Erevan, le centre \u00ab\u00a0Tumo\u00a0\u00bb, financ\u00e9 par la diaspora arm\u00e9nienne, forme pr\u00e8s de 10.000 jeunes adolescents \u00e0 la robotique ou \u00e0 la programmation informatique. Et se visite. Non loin de l\u00e0, au centre-ville, la statue de Mesrop Machtots rappelle que c&rsquo;est au cinqui\u00e8me si\u00e8cle d\u00e9j\u00e0 que fut invent\u00e9 l&rsquo;alphabet arm\u00e9nien.<\/h2>\n\n\n\n<h2>Des tr\u00e9sors de manuscrits, livres anciens, russes, grecs, latins, manuels\nd&rsquo;arithm\u00e9tique peuvent s&rsquo;admirer au mus\u00e9e du Matenadaran. Visiter l&rsquo;Arm\u00e9nie\nc&rsquo;est se faire surprendre en permanence.<\/h2>\n\n\n\n<div class=\"wp-block-image\"><figure class=\"alignright is-resized\"><img loading=\"lazy\" src=\"https:\/\/i0.wp.com\/www.presstourism.ch\/WP_ALEX\/wp-content\/uploads\/2019\/06\/Erevan.jpg?resize=341%2C192\" alt=\"\" class=\"wp-image-5765\" width=\"341\" height=\"192\" srcset=\"https:\/\/i1.wp.com\/www.presstourism.ch\/wp-content\/uploads\/2019\/06\/Erevan.jpg?w=401 401w, https:\/\/i1.wp.com\/www.presstourism.ch\/wp-content\/uploads\/2019\/06\/Erevan.jpg?resize=300%2C169 300w\" sizes=\"(max-width: 341px) 100vw, 341px\" data-recalc-dims=\"1\" \/><figcaption> La capitale Erevan concentre le tiers des habitants du pays et est devenue une m\u00e9tropole moderne. <\/figcaption><\/figure><\/div>\n\n\n\n<h2>Aujourd&rsquo;hui, Erevan est une m\u00e9tropole moderne, d&rsquo;un million deux cent mille\nhabitants et son centre claque d&rsquo;enseignes de luxe, de restaurants, bars,\npetites \u00e9choppes, marchands de rue. Mais les premi\u00e8res traces de la capitale remontent\nau huiti\u00e8me si\u00e8cle av. J C.<\/h2>\n\n\n\n<h2>Avant Rome! Les terrasses des caf\u00e9s grouillent d&rsquo;une jeunesse qui veut\ncroire que l&rsquo;espoir est d\u00e9sormais permis pour ce pays qui a v\u00e9cu tant de\ntrag\u00e9dies. La r\u00e9volution de velours, men\u00e9e l&rsquo;an dernier, n&rsquo;a-t-elle pas balay\u00e9\ndes ann\u00e9es de corruption, sans aucune effusion de sang?<\/h2>\n\n\n\n<h2><strong>Une nation chr\u00e9tienne<\/strong><\/h2>\n\n\n\n<div class=\"wp-block-image\"><figure class=\"alignright is-resized\"><img loading=\"lazy\" src=\"https:\/\/i2.wp.com\/www.presstourism.ch\/WP_ALEX\/wp-content\/uploads\/2019\/06\/Khor.jpg?resize=340%2C173\" alt=\"\" class=\"wp-image-5766\" width=\"340\" height=\"173\" srcset=\"https:\/\/i0.wp.com\/www.presstourism.ch\/wp-content\/uploads\/2019\/06\/Khor.jpg?w=402 402w, https:\/\/i0.wp.com\/www.presstourism.ch\/wp-content\/uploads\/2019\/06\/Khor.jpg?resize=300%2C152 300w\" sizes=\"(max-width: 340px) 100vw, 340px\" data-recalc-dims=\"1\" \/><figcaption> Le monast\u00e8re de Khor Virap, avec le mythique mont Ararat, qui culmine \u00e0 5153 m. <\/figcaption><\/figure><\/div>\n\n\n\n<h2>En quittant la capitale, pour emprunter la route de l&rsquo;opulente plainede\nl&rsquo;Ararat, o\u00f9 poussent en abondance l\u00e9gumes, abricots et grenades, c&rsquo;est le\nmonast\u00e8re de Khor Virap qui surgit au d\u00e9tour d&rsquo;une colline.<\/h2>\n\n\n\n<h2>C&rsquo;est l\u00e0 que Saint Gr\u00e9goire l&rsquo;Illuminateur fut emprisonn\u00e9, avant de faire\nde l&rsquo;Arm\u00e9nie la premi\u00e8re nation chr\u00e9tienne au monde. Tout rappelle les liens sacr\u00e9s\nde ce pays avec son Dieu. Les fid\u00e8les fr\u00e9quentent quotidiennement les\ninnombrables \u00e9glises illumin\u00e9es de bougies et les pri\u00e8res aident sans doute \u00e0\nsurmonter les d\u00e9fis que doivent encore affronter les villages de province. La Gen\u00e8se\nraconte que c&rsquo;est sur la montagne mythique du mont Ararat que l&rsquo;arche de No\u00e9 \u00e9choua\napr\u00e8s le d\u00e9luge. Au sud du pays, le monast\u00e8re de Tatev se visite en empruntant\nle plus long t\u00e9l\u00e9ph\u00e9rique du monde, construit par une entreprise suisse, dans\nun d\u00e9cor \u00e9poustouflant. Au 10e si\u00e8cle, on y surveillait l&rsquo;arriv\u00e9e des\nenvahisseurs arabes.<\/h2>\n\n\n\n<h2><strong>Un foisonnement artistique<\/strong><\/h2>\n\n\n\n<h2>L&rsquo;Arm\u00e9nie couvrait autrefois un empire allant de la mer Caspienne \u00e0 l&rsquo;Egypte. Il reste aujourd&rsquo;hui un pays montagneux, grand comme laBelgique, qui a surmont\u00e9 toutes les trag\u00e9dies, par un foisonnement artistique unique. A Gyumri ou ailleurs, les restaurants r\u00e9sonnent des concerts de duduk, le hautbois au son si nostalgique et profond. Erevan poss\u00e8de des dizaines de galeries d&rsquo;art, des maisons mus\u00e9es de po\u00e8tes ou d&rsquo;artistes, que l&rsquo;on peut visiter comme celle du peintre Matriros Sarian_ Et la capitale emm\u00e9nage, pour dans deux ans, un centre totalement futuriste, \u00e0 la m\u00e9moire du plus c\u00e9l\u00e8bre des Arm\u00e9niens, Charles Aznavour. <\/h2>\n\n\n\n<h2><strong>La vigne<\/strong><\/h2>\n\n\n\n<div class=\"wp-block-image\"><figure class=\"alignright\"><img loading=\"lazy\" width=\"314\" height=\"222\" src=\"https:\/\/i1.wp.com\/www.presstourism.ch\/WP_ALEX\/wp-content\/uploads\/2019\/06\/vigne.jpg?resize=314%2C222\" alt=\"\" class=\"wp-image-5767\" srcset=\"https:\/\/i2.wp.com\/www.presstourism.ch\/wp-content\/uploads\/2019\/06\/vigne.jpg?w=314 314w, https:\/\/i2.wp.com\/www.presstourism.ch\/wp-content\/uploads\/2019\/06\/vigne.jpg?resize=300%2C212 300w\" sizes=\"(max-width: 314px) 100vw, 314px\" data-recalc-dims=\"1\" \/><figcaption> L&rsquo;Arm\u00e9nie est un pays qui a le go\u00fbt des bons vins. Photo Sonya Mermoud.<\/figcaption><\/figure><\/div>\n\n\n\n<h2>L&rsquo;Arm\u00e9nie vit une v\u00e9ritable renaissance de ses vins, dont certains se vendent aujourd&rsquo;hui \u00e0 plus de 200 francs la bouteille, dans les palaces de Moscou. Vahe Keushguerian, un Arm\u00e9nien de la diaspora, retourn\u00e9 il y a 10 ans sur la terre de ses anc\u00eatres, n&rsquo;y est pas \u00e9tranger. Il est n\u00e9 \u00e0 Beyrouth, a v\u00e9cu pr\u00e8s de Florence et dans les Pouilles, pour assouvir sa passion pour la viticulture. Aujourd&rsquo;hui, il est, avec ses enfants qui ont \u00e9tudi\u00e9 dans les meilleures \u00e9coles, l&rsquo;un des principaux producteurs du pays et a cr\u00e9\u00e9 une fili\u00e8re de formation des m\u00e9tiers du vin. L&rsquo;Arm\u00e9nie a de tout temps \u00e9t\u00e9 une nation viticole. Dans la r\u00e9gion d&rsquo;Areni, o\u00f9 le n\u00e9gociant suisse Jakob Schuler poss\u00e8de un vaste domaine, des arch\u00e9ologues ont d\u00e9couvert un vase, avec des p\u00e9pins de raisins, vieux de 6.000 ans ! On peut visiter ces cavernes, compos\u00e9es de trois chambres, qui nous mettent face \u00e0 notre Histoire et nous rendent philosophes ! C&rsquo;est aujourd&rsquo;hui une culture de la qualit\u00e9 et de la diversit\u00e9 qui s&rsquo;est install\u00e9e en Arm\u00e9nie et des caves ont \u00e9t\u00e9 ouvertes de partout, parfois somptueuses, souvent conseill\u00e9es par des techniciens de l&rsquo;institut allemand de Geisenheim. Depuis trois ans, chaque d\u00e9but mai, Erevan organise \u00ab les journ\u00e9es des vins \u00bb, un festival qui pr\u00e9sente plus de 200 sortes de vins et des sp\u00e9cialit\u00e9s culinaires, attirant 10.000 touristes et professionnels des 5 continents. L&rsquo;Arm\u00e9nie a le go\u00fbt des bons vins et de la bonne cuisine. Le nouveau premier ministre, Nikol Pachinyan, qui a men\u00e9 la r\u00e9volution pacifique l&rsquo;an dernier et porte l&rsquo;espoir du pays, \u00e9tait pr\u00e9sent au festival, qui est devenu, dit-il, \u00ab&nbsp;une carte de visite de l&rsquo;Arm\u00e9nie&nbsp;\u00bb. <\/h2>\n\n\n\n<p><\/p>\n\n\n\n<div class=\"wp-block-image\"><figure class=\"aligncenter\"><img loading=\"lazy\" width=\"437\" height=\"458\" src=\"https:\/\/i0.wp.com\/www.presstourism.ch\/WP_ALEX\/wp-content\/uploads\/2019\/06\/ARom-globe.jpg?resize=437%2C458\" alt=\"\" class=\"wp-image-5776\" srcset=\"https:\/\/i2.wp.com\/www.presstourism.ch\/wp-content\/uploads\/2019\/06\/ARom-globe.jpg?w=437 437w, https:\/\/i2.wp.com\/www.presstourism.ch\/wp-content\/uploads\/2019\/06\/ARom-globe.jpg?resize=286%2C300 286w\" sizes=\"(max-width: 437px) 100vw, 437px\" data-recalc-dims=\"1\" \/><\/figure><\/div>\n\n\n\n<h2><strong>QUELQUES CHIFFRES<\/strong><\/h2>\n\n\n\n<h2>Superficie: 29 800 km2<\/h2>\n\n\n\n<h2>Habitants: 3 millions \u00e0 l&rsquo;int\u00e9rieur, 7 millions dans la diaspora<\/h2>\n\n\n\n<h2>Fronti\u00e8res: G\u00e9orgie &#8211; Azerbaidjan &#8211; Iran &#8211; Turquie<\/h2>\n\n\n\n<h2>Altitude: 1370 m en moyenne<\/h2>\n\n\n\n<h2>Monnaie: le DRAM<\/h2>\n\n\n\n<h2><strong>Y ALLER<\/strong><\/h2>\n\n\n\n<h2>Pas de vols directs de Suisse. Transit par Paris, Vienne. Kiev, Ath\u00e8nes,\nMoscou ou Varsovie. Un vol direct de Lyon.<\/h2>\n\n\n\n<h2><strong>VISITER<\/strong><\/h2>\n\n\n\n<h2>Le Matenadaran, les Cascades, le m\u00e9morial du G\u00e9nocide \u00e0 Erevan, le monast\u00e8re de Khor Virap, le site arch\u00e9ologique de Zvartnots, le monast\u00e8re de Tatev, le lac Sevan. La station de Dilijan pour des circuits \u00e0 pied, cheval ou v\u00e9lo. Jermuk pour un s\u00e9jour thermal.<\/h2>\n\n\n\n<h2><strong>INFORMATIONS<\/strong><\/h2>\n\n\n\n<h2>Possibilit\u00e9 d&rsquo;y aller seul.<\/h2>\n\n\n\n<h2>H\u00f4tels de toutes cat\u00e9gories, du cinq-\u00e9toiles \u00e0 30 frs. la nuit.<\/h2>\n\n\n\n<h2>Des agences, sur place ou en Suisse, proposent des tours, \u00e0 tous les prix.<\/h2>\n\n\n\n<h2>Site officiel du tourisme arm\u00e9nien: <a href=\"https:\/\/armenia.travel\/en\">https:\/\/armenia.travel\/en<\/a><\/h2>\n\n\n\n<h2><strong>LIRE<\/strong><\/h2>\n\n\n\n<h2>\u00abFragments de ma vie&nbsp;\u00bb, Martiros Sarian, Edition du Progr\u00e8s, Moscou, 1971, traduit en fran\u00e7ais.<\/h2>\n\n\n\n<p><\/p>\n\n\n\n<div class=\"wp-block-file\"><a href=\"http:\/\/www.presstourism.ch\/WP_ALEX\/wp-content\/uploads\/2019\/06\/page17.pdf\">Lire ou t\u00e9l\u00e9charger l&rsquo;article de presse<\/a><a href=\"http:\/\/www.presstourism.ch\/WP_ALEX\/wp-content\/uploads\/2019\/06\/page17.pdf\" class=\"wp-block-file__button\" download>T\u00e9l\u00e9charger<\/a><\/div>\n","protected":false},"excerpt":{"rendered":"<p>Un pays qui accroche le coeur des visiteurs. Par Romaine Jean Irene Chaboyan est guide touristique et parle un fran\u00e7ais d&rsquo;Acad\u00e9mie, appris \u00e0 l&rsquo;universit\u00e9 d&rsquo;Erevan, au temps o\u00f9 son pays \u00e9tait encore une r\u00e9publique sovi\u00e9tique. Elle est aussi dipl\u00f4m\u00e9e de &hellip; <a href=\"http:\/\/www.presstourism.ch\/?page_id=5761\">Continuer la lecture <span class=\"meta-nav\">&rarr;<\/span><\/a><\/p>\n","protected":false},"author":1,"featured_media":0,"parent":5565,"menu_order":0,"comment_status":"open","ping_status":"closed","template":"","meta":{"ngg_post_thumbnail":0,"spay_email":""},"jetpack_sharing_enabled":true,"jetpack_shortlink":"https:\/\/wp.me\/P468TV-1uV","_links":{"self":[{"href":"http:\/\/www.presstourism.ch\/index.php?rest_route=\/wp\/v2\/pages\/5761"}],"collection":[{"href":"http:\/\/www.presstourism.ch\/index.php?rest_route=\/wp\/v2\/pages"}],"about":[{"href":"http:\/\/www.presstourism.ch\/index.php?rest_route=\/wp\/v2\/types\/page"}],"author":[{"embeddable":true,"href":"http:\/\/www.presstourism.ch\/index.php?rest_route=\/wp\/v2\/users\/1"}],"replies":[{"embeddable":true,"href":"http:\/\/www.presstourism.ch\/index.php?rest_route=%2Fwp%2Fv2%2Fcomments&post=5761"}],"version-history":[{"count":5,"href":"http:\/\/www.presstourism.ch\/index.php?rest_route=\/wp\/v2\/pages\/5761\/revisions"}],"predecessor-version":[{"id":5777,"href":"http:\/\/www.presstourism.ch\/index.php?rest_route=\/wp\/v2\/pages\/5761\/revisions\/5777"}],"up":[{"embeddable":true,"href":"http:\/\/www.presstourism.ch\/index.php?rest_route=\/wp\/v2\/pages\/5565"}],"wp:attachment":[{"href":"http:\/\/www.presstourism.ch\/index.php?rest_route=%2Fwp%2Fv2%2Fmedia&parent=5761"}],"curies":[{"name":"wp","href":"https:\/\/api.w.org\/{rel}","templated":true}]}}