{"id":5747,"date":"2019-06-15T09:29:36","date_gmt":"2019-06-15T08:29:36","guid":{"rendered":"http:\/\/www.presstourism.ch\/WP_ALEX\/?page_id=5747"},"modified":"2019-06-15T09:29:37","modified_gmt":"2019-06-15T08:29:37","slug":"galeries-de-photos","status":"publish","type":"page","link":"http:\/\/www.presstourism.ch\/?page_id=5747","title":{"rendered":"Galeries de photos"},"content":{"rendered":"\n<figure class=\"wp-block-image\"><img loading=\"lazy\" width=\"1800\" height=\"1800\" src=\"https:\/\/i0.wp.com\/www.presstourism.ch\/WP_ALEX\/wp-content\/uploads\/2019\/06\/P1000116-Largeur-max.-2400-Hauteur-max.jpg?fit=640%2C640\" alt=\"\" class=\"wp-image-5748\" srcset=\"https:\/\/i1.wp.com\/www.presstourism.ch\/wp-content\/uploads\/2019\/06\/P1000116-Largeur-max.-2400-Hauteur-max.jpg?w=1800 1800w, https:\/\/i1.wp.com\/www.presstourism.ch\/wp-content\/uploads\/2019\/06\/P1000116-Largeur-max.-2400-Hauteur-max.jpg?resize=150%2C150 150w, https:\/\/i1.wp.com\/www.presstourism.ch\/wp-content\/uploads\/2019\/06\/P1000116-Largeur-max.-2400-Hauteur-max.jpg?resize=300%2C300 300w, https:\/\/i1.wp.com\/www.presstourism.ch\/wp-content\/uploads\/2019\/06\/P1000116-Largeur-max.-2400-Hauteur-max.jpg?resize=768%2C768 768w, https:\/\/i1.wp.com\/www.presstourism.ch\/wp-content\/uploads\/2019\/06\/P1000116-Largeur-max.-2400-Hauteur-max.jpg?resize=1024%2C1024 1024w, https:\/\/i1.wp.com\/www.presstourism.ch\/wp-content\/uploads\/2019\/06\/P1000116-Largeur-max.-2400-Hauteur-max.jpg?resize=600%2C600 600w, https:\/\/i1.wp.com\/www.presstourism.ch\/wp-content\/uploads\/2019\/06\/P1000116-Largeur-max.-2400-Hauteur-max.jpg?resize=1320%2C1320 1320w, https:\/\/i1.wp.com\/www.presstourism.ch\/wp-content\/uploads\/2019\/06\/P1000116-Largeur-max.-2400-Hauteur-max.jpg?w=1168 1168w\" sizes=\"(max-width: 584px) 100vw, 584px\" \/><\/figure>\n\n\n\n<p>En 2018 et 2019, une vingtaine de journalistes, membres ou amis de Presstourism, ont voyag\u00e9 en Arm\u00e9nie, cam\u00e9ra au poing. Vous trouverez ici leurs meilleurs clich\u00e9s.<\/p>\n","protected":false},"excerpt":{"rendered":"<p>En 2018 et 2019, une vingtaine de journalistes, membres ou amis de Presstourism, ont voyag\u00e9 en Arm\u00e9nie, cam\u00e9ra au poing. Vous trouverez ici leurs meilleurs clich\u00e9s.<\/p>\n","protected":false},"author":1,"featured_media":0,"parent":713,"menu_order":0,"comment_status":"closed","ping_status":"closed","template":"","meta":{"ngg_post_thumbnail":0,"spay_email":""},"jetpack_sharing_enabled":true,"jetpack_shortlink":"https:\/\/wp.me\/P468TV-1uH","_links":{"self":[{"href":"http:\/\/www.presstourism.ch\/index.php?rest_route=\/wp\/v2\/pages\/5747"}],"collection":[{"href":"http:\/\/www.presstourism.ch\/index.php?rest_route=\/wp\/v2\/pages"}],"about":[{"href":"http:\/\/www.presstourism.ch\/index.php?rest_route=\/wp\/v2\/types\/page"}],"author":[{"embeddable":true,"href":"http:\/\/www.presstourism.ch\/index.php?rest_route=\/wp\/v2\/users\/1"}],"replies":[{"embeddable":true,"href":"http:\/\/www.presstourism.ch\/index.php?rest_route=%2Fwp%2Fv2%2Fcomments&post=5747"}],"version-history":[{"count":1,"href":"http:\/\/www.presstourism.ch\/index.php?rest_route=\/wp\/v2\/pages\/5747\/revisions"}],"predecessor-version":[{"id":5749,"href":"http:\/\/www.presstourism.ch\/index.php?rest_route=\/wp\/v2\/pages\/5747\/revisions\/5749"}],"up":[{"embeddable":true,"href":"http:\/\/www.presstourism.ch\/index.php?rest_route=\/wp\/v2\/pages\/713"}],"wp:attachment":[{"href":"http:\/\/www.presstourism.ch\/index.php?rest_route=%2Fwp%2Fv2%2Fmedia&parent=5747"}],"curies":[{"name":"wp","href":"https:\/\/api.w.org\/{rel}","templated":true}]}}