{"id":5711,"date":"2019-06-12T08:08:20","date_gmt":"2019-06-12T07:08:20","guid":{"rendered":"http:\/\/www.presstourism.ch\/WP_ALEX\/?page_id=5711"},"modified":"2019-06-12T08:18:10","modified_gmt":"2019-06-12T07:18:10","slug":"amberd","status":"publish","type":"page","link":"http:\/\/www.presstourism.ch\/?page_id=5711","title":{"rendered":"Amberd"},"content":{"rendered":"\n<p><\/p>\n\n\n\n<figure class=\"wp-block-image\"><img loading=\"lazy\" width=\"1024\" height=\"768\" src=\"https:\/\/i2.wp.com\/www.presstourism.ch\/WP_ALEX\/wp-content\/uploads\/2019\/06\/P1000208-Largeur-max.-1024-Hauteur-max.-768.jpg?fit=640%2C480\" alt=\"\" class=\"wp-image-5712\" srcset=\"https:\/\/i1.wp.com\/www.presstourism.ch\/wp-content\/uploads\/2019\/06\/P1000208-Largeur-max.-1024-Hauteur-max.-768.jpg?w=1024 1024w, https:\/\/i1.wp.com\/www.presstourism.ch\/wp-content\/uploads\/2019\/06\/P1000208-Largeur-max.-1024-Hauteur-max.-768.jpg?resize=300%2C225 300w, https:\/\/i1.wp.com\/www.presstourism.ch\/wp-content\/uploads\/2019\/06\/P1000208-Largeur-max.-1024-Hauteur-max.-768.jpg?resize=768%2C576 768w, https:\/\/i1.wp.com\/www.presstourism.ch\/wp-content\/uploads\/2019\/06\/P1000208-Largeur-max.-1024-Hauteur-max.-768.jpg?resize=600%2C450 600w\" sizes=\"(max-width: 584px) 100vw, 584px\" \/><figcaption>La forteresse d&rsquo;Amberd<\/figcaption><\/figure>\n\n\n\n<p class=\"has-medium-font-size\">En Arm\u00e9nie, les menaces, la guerre et les invasions ne sont jamais loin. Voil\u00e0 des si\u00e8cles que \u00e7a dure. Et que \u00e7a continue\u00a0! Que l\u2019Arm\u00e9nie \u2013 ou ce qu\u2019il en reste \u2013 ait surv\u00e9cu aux brutalit\u00e9s de l\u2019Histoire est pur miracle. Les dieux ont sans doute prot\u00e9g\u00e9 le pays mais les hommes ont, eux aussi, fait ce qu\u2019il fallait pour ne pas succomber aux griffes ennemies. Ou en tout cas pour en rena\u00eetre toujours.<\/p>\n\n\n\n<p class=\"has-medium-font-size\">Par Alex D\u00e9cotte<\/p>\n\n\n\n<p class=\"has-medium-font-size\">Nous sommes ici \u00e0 2300m d\u2019altitude, ce qui n\u2019est pas vraiment exceptionnel si l\u2019on songe que l\u2019ensemble du plateau arm\u00e9nien se situe au-dessus de 1000m et que le mont Aragats voisin, volcan \u00e9teint et enneig\u00e9, culmine \u00e0 plus de 4000m. Sans compter le mont Ararat, inaccessible mais vaguement visible au loin, qui domine la plaine de ses 5137m de glace et de lave.<\/p>\n\n\n\n<div class=\"wp-block-image\"><figure class=\"alignright\"><img loading=\"lazy\" width=\"260\" height=\"374\" src=\"https:\/\/i1.wp.com\/www.presstourism.ch\/WP_ALEX\/wp-content\/uploads\/2019\/06\/260px-Grigor_Magistros.jpg?resize=260%2C374\" alt=\"\" class=\"wp-image-5716\" srcset=\"https:\/\/i1.wp.com\/www.presstourism.ch\/wp-content\/uploads\/2019\/06\/260px-Grigor_Magistros.jpg?w=260 260w, https:\/\/i1.wp.com\/www.presstourism.ch\/wp-content\/uploads\/2019\/06\/260px-Grigor_Magistros.jpg?resize=209%2C300 209w\" sizes=\"(max-width: 260px) 100vw, 260px\" data-recalc-dims=\"1\" \/><figcaption>Gr\u00e9goire Magistros (990-1058), savant et \u00e9crivain, membre de la famille princi\u00e8re des Pahlavouni. Document d&rsquo;archives. <br><\/figcaption><\/figure><\/div>\n\n\n\n<p class=\"has-medium-font-size\">Sur son \u00e9peron rocheux dominant les deux rivi\u00e8res Amberd\net Arkhash, la forteresse existait sans doute d\u00e8s le VIIe si\u00e8cle mais c\u2019est seulement\ntrois si\u00e8cles plus tard que les princes Pahlavouni en firent une r\u00e9sidence\nfortifi\u00e9e. Difficile d\u2019imaginer, dans cette r\u00e9gion inhospitali\u00e8re, que la vie\nfourmillait alors dans le ch\u00e2teau et au-dehors. L\u2019eau, nerf de la guerre comme\nde la paix, y \u00e9tait achemin\u00e9e par des canalisations d\u2019argile provenant des\nmontagnes voisines, vuln\u00e9rable en cas d\u2019assaut au point que la neige fondue\nconstitua parfois la seule boisson. <\/p>\n\n\n\n<p class=\"has-medium-font-size\">Amberd fut d\u2019abord simple r\u00e9sidence d\u2019\u00e9t\u00e9 pour la puissante\nfamille Pahlavouni. C\u2019\u00e9tait compter sans les envahisseurs de tous bords et de\ntoutes extraces. Et d\u2019abord les S\u00e9ldjoukides, tribu venue du Turkestan et\ninstall\u00e9e \u00e0 la force des armes dans tout le Proche-Orient. Puis les redoutables\nhordes mongoles et les arm\u00e9es de Tamerlan, qui d\u00e9truisirent tout sur leur\npassage. Rien, d\u00e9cid\u00e9ment, n\u2019aura jamais \u00e9t\u00e9 \u00e9pargn\u00e9 \u00e0 l\u2019Arm\u00e9nie. Abandonn\u00e9es pendant\nsix si\u00e8cles, la forteresse et l\u2019\u00e9glise sont progressivement revenues \u00e0 la vie\ndepuis un peu moins de cent ans.<\/p>\n\n\n\n<figure class=\"wp-block-image\"><img loading=\"lazy\" width=\"1024\" height=\"768\" src=\"https:\/\/i0.wp.com\/www.presstourism.ch\/WP_ALEX\/wp-content\/uploads\/2019\/06\/P1000209-Largeur-max.-1024-Hauteur-max.-768.jpg?fit=640%2C480\" alt=\"\" class=\"wp-image-5713\" srcset=\"https:\/\/i2.wp.com\/www.presstourism.ch\/wp-content\/uploads\/2019\/06\/P1000209-Largeur-max.-1024-Hauteur-max.-768.jpg?w=1024 1024w, https:\/\/i2.wp.com\/www.presstourism.ch\/wp-content\/uploads\/2019\/06\/P1000209-Largeur-max.-1024-Hauteur-max.-768.jpg?resize=300%2C225 300w, https:\/\/i2.wp.com\/www.presstourism.ch\/wp-content\/uploads\/2019\/06\/P1000209-Largeur-max.-1024-Hauteur-max.-768.jpg?resize=768%2C576 768w, https:\/\/i2.wp.com\/www.presstourism.ch\/wp-content\/uploads\/2019\/06\/P1000209-Largeur-max.-1024-Hauteur-max.-768.jpg?resize=600%2C450 600w\" sizes=\"(max-width: 584px) 100vw, 584px\" \/><figcaption>Le tourisme atteint parfois des sommets&#8230;<\/figcaption><\/figure>\n\n\n\n<p class=\"has-medium-font-size\">Aujourd\u2019hui, de l\u2019esplanade install\u00e9e pour les visiteurs, on surplombe la forteresse, l\u2019\u00e9glise, la vall\u00e9e et l\u2019horizon. Il n\u2019y a plus gu\u00e8re d\u2019animation \u00e0 Amberd, hormis les vagues de touristes dont certains gravissent les remparts pour faire mine de planter le drapeau arm\u00e9nien sur les ruines du royaume d\u00e9cati mais toujours renaissant. <\/p>\n\n\n\n<figure class=\"wp-block-image\"><img loading=\"lazy\" width=\"1024\" height=\"768\" src=\"https:\/\/i1.wp.com\/www.presstourism.ch\/WP_ALEX\/wp-content\/uploads\/2019\/06\/P1000218-Largeur-max.-1024-Hauteur-max.-768.jpg?fit=640%2C480\" alt=\"\" class=\"wp-image-5714\" srcset=\"https:\/\/i0.wp.com\/www.presstourism.ch\/wp-content\/uploads\/2019\/06\/P1000218-Largeur-max.-1024-Hauteur-max.-768.jpg?w=1024 1024w, https:\/\/i0.wp.com\/www.presstourism.ch\/wp-content\/uploads\/2019\/06\/P1000218-Largeur-max.-1024-Hauteur-max.-768.jpg?resize=300%2C225 300w, https:\/\/i0.wp.com\/www.presstourism.ch\/wp-content\/uploads\/2019\/06\/P1000218-Largeur-max.-1024-Hauteur-max.-768.jpg?resize=768%2C576 768w, https:\/\/i0.wp.com\/www.presstourism.ch\/wp-content\/uploads\/2019\/06\/P1000218-Largeur-max.-1024-Hauteur-max.-768.jpg?resize=600%2C450 600w\" sizes=\"(max-width: 584px) 100vw, 584px\" \/><figcaption> L&rsquo;\u00e9glise de Vahramashen (XIe si\u00e8cle).<\/figcaption><\/figure>\n\n\n\n<p class=\"has-medium-font-size\">Un peu en contrebas, la jolie petite \u00e9glise de Vahramashen d\u00e9ploie \u00e0 nouveau son guilleret clocher en ombrelle aux premiers rayons du soleil. Quelques oiseaux de proie, inoffensifs ceux-l\u00e0, survolent le site. Un vieil homme joue \u2013 mal \u2013 de l\u2019accord\u00e9on contre quelques pi\u00e8ces, \u00e0 proximit\u00e9 d\u2019un autobus flambant neuf arborant la silhouette inattendue des Pyramides, du Parth\u00e9non, de la statue de la Libert\u00e9, du Colis\u00e9e, de la tour Eiffel et m\u00eame du Cervin !<\/p>\n\n\n\n<figure class=\"wp-block-image\"><img loading=\"lazy\" width=\"1024\" height=\"768\" src=\"https:\/\/i1.wp.com\/www.presstourism.ch\/WP_ALEX\/wp-content\/uploads\/2019\/06\/P1000224-Largeur-max.-1024-Hauteur-max.-768.jpg?fit=640%2C480\" alt=\"\" class=\"wp-image-5715\" srcset=\"https:\/\/i0.wp.com\/www.presstourism.ch\/wp-content\/uploads\/2019\/06\/P1000224-Largeur-max.-1024-Hauteur-max.-768.jpg?w=1024 1024w, https:\/\/i0.wp.com\/www.presstourism.ch\/wp-content\/uploads\/2019\/06\/P1000224-Largeur-max.-1024-Hauteur-max.-768.jpg?resize=300%2C225 300w, https:\/\/i0.wp.com\/www.presstourism.ch\/wp-content\/uploads\/2019\/06\/P1000224-Largeur-max.-1024-Hauteur-max.-768.jpg?resize=768%2C576 768w, https:\/\/i0.wp.com\/www.presstourism.ch\/wp-content\/uploads\/2019\/06\/P1000224-Largeur-max.-1024-Hauteur-max.-768.jpg?resize=600%2C450 600w\" sizes=\"(max-width: 584px) 100vw, 584px\" \/><figcaption>Le tourisme, huiti\u00e8me merveille du monde&#8230;<\/figcaption><\/figure>\n\n\n\n<p class=\"has-medium-font-size\">Bastion insolite de l\u2019histoire de l\u2019Arm\u00e9nie, Amberd constitue d\u00e9sormais une br\u00e8ve \u00e9tape du grand tour du monde touristique. Pourquoi pas, apr\u00e8s tout&nbsp;? Ici au moins, les vagues de voyageurs en bermudas ne risquent pas de d\u00e9ranger les populations locales&nbsp;: il n\u2019y en a pas.<\/p>\n\n\n\n<p style=\"text-align:right\">Alex D\u00e9cotte, juin 2019<\/p>\n\n\n\n<p><em>Sauf mention contraire, les photos sont de l&rsquo;auteur.<\/em><\/p>\n","protected":false},"excerpt":{"rendered":"<p>En Arm\u00e9nie, les menaces, la guerre et les invasions ne sont jamais loin. Voil\u00e0 des si\u00e8cles que \u00e7a dure. Et que \u00e7a continue\u00a0! Que l\u2019Arm\u00e9nie \u2013 ou ce qu\u2019il en reste \u2013 ait surv\u00e9cu aux brutalit\u00e9s de l\u2019Histoire est pur &hellip; <a href=\"http:\/\/www.presstourism.ch\/?page_id=5711\">Continuer la lecture <span class=\"meta-nav\">&rarr;<\/span><\/a><\/p>\n","protected":false},"author":1,"featured_media":0,"parent":5679,"menu_order":0,"comment_status":"closed","ping_status":"closed","template":"","meta":{"ngg_post_thumbnail":0,"spay_email":""},"jetpack_sharing_enabled":true,"jetpack_shortlink":"https:\/\/wp.me\/P468TV-1u7","_links":{"self":[{"href":"http:\/\/www.presstourism.ch\/index.php?rest_route=\/wp\/v2\/pages\/5711"}],"collection":[{"href":"http:\/\/www.presstourism.ch\/index.php?rest_route=\/wp\/v2\/pages"}],"about":[{"href":"http:\/\/www.presstourism.ch\/index.php?rest_route=\/wp\/v2\/types\/page"}],"author":[{"embeddable":true,"href":"http:\/\/www.presstourism.ch\/index.php?rest_route=\/wp\/v2\/users\/1"}],"replies":[{"embeddable":true,"href":"http:\/\/www.presstourism.ch\/index.php?rest_route=%2Fwp%2Fv2%2Fcomments&post=5711"}],"version-history":[{"count":2,"href":"http:\/\/www.presstourism.ch\/index.php?rest_route=\/wp\/v2\/pages\/5711\/revisions"}],"predecessor-version":[{"id":5723,"href":"http:\/\/www.presstourism.ch\/index.php?rest_route=\/wp\/v2\/pages\/5711\/revisions\/5723"}],"up":[{"embeddable":true,"href":"http:\/\/www.presstourism.ch\/index.php?rest_route=\/wp\/v2\/pages\/5679"}],"wp:attachment":[{"href":"http:\/\/www.presstourism.ch\/index.php?rest_route=%2Fwp%2Fv2%2Fmedia&parent=5711"}],"curies":[{"name":"wp","href":"https:\/\/api.w.org\/{rel}","templated":true}]}}