{"id":5679,"date":"2019-06-11T11:23:48","date_gmt":"2019-06-11T10:23:48","guid":{"rendered":"http:\/\/www.presstourism.ch\/WP_ALEX\/?page_id=5679"},"modified":"2019-06-15T15:00:56","modified_gmt":"2019-06-15T14:00:56","slug":"les-carnets-armeniens-dalex-decotte","status":"publish","type":"page","link":"http:\/\/www.presstourism.ch\/?page_id=5679","title":{"rendered":"Les carnets arm\u00e9niens d&rsquo;Alex D\u00e9cotte"},"content":{"rendered":"\n<p>Voil\u00e0 plus d&rsquo;un demi-si\u00e8cle qu&rsquo;Alex D\u00e9cotte court le monde. Ses r\u00e9cits sont \u00e0 retrouver dans une quinzaine de livres, dans une centaine de reportages vid\u00e9o sur YouTube ainsi que sur son blog de voyage, bourlingue.net .<\/p>\n\n\n\n<p>Jusqu&rsquo;\u00e0 octobre 2018 puis mai 2019, Alex D\u00e9cotte n&rsquo;avait jamais pos\u00e9 le pied en Arm\u00e9nie. C&rsquo;est d\u00e9sormais chose faite. Vous retrouverez ici ses carnets de route arm\u00e9niens.<\/p>\n\n\n\n<figure class=\"wp-block-embed-wordpress wp-block-embed is-type-wp-embed is-provider-presstourism-ch\"><div class=\"wp-block-embed__wrapper\">\n<blockquote class=\"wp-embedded-content\" data-secret=\"hldwwzQsqa\"><a href=\"http:\/\/www.presstourism.ch\/WP_ALEX\/?page_id=5664\">A voir et \u00e0 vivre: l&rsquo;Arm\u00e9nie<\/a><\/blockquote><iframe title=\"\u00ab\u00a0A voir et \u00e0 vivre: l&rsquo;Arm\u00e9nie\u00a0\u00bb &#8212; presstourism.ch\" class=\"wp-embedded-content\" sandbox=\"allow-scripts\" security=\"restricted\" style=\"position: absolute; clip: rect(1px, 1px, 1px, 1px);\" src=\"http:\/\/www.presstourism.ch\/WP_ALEX\/?page_id=5664&#038;embed=true#?secret=hldwwzQsqa\" data-secret=\"hldwwzQsqa\" width=\"584\" height=\"329\" frameborder=\"0\" marginwidth=\"0\" marginheight=\"0\" scrolling=\"no\"><\/iframe>\n<\/div><\/figure>\n\n\n\n<figure class=\"wp-block-embed-wordpress wp-block-embed is-type-wp-embed is-provider-presstourism-ch\"><div class=\"wp-block-embed__wrapper\">\n<blockquote class=\"wp-embedded-content\" data-secret=\"QSPFVpvtaz\"><a href=\"http:\/\/www.presstourism.ch\/WP_ALEX\/?page_id=5688\">Alphabet<\/a><\/blockquote><iframe title=\"\u00ab\u00a0Alphabet\u00a0\u00bb &#8212; presstourism.ch\" class=\"wp-embedded-content\" sandbox=\"allow-scripts\" security=\"restricted\" style=\"position: absolute; clip: rect(1px, 1px, 1px, 1px);\" src=\"http:\/\/www.presstourism.ch\/WP_ALEX\/?page_id=5688&#038;embed=true#?secret=QSPFVpvtaz\" data-secret=\"QSPFVpvtaz\" width=\"584\" height=\"329\" frameborder=\"0\" marginwidth=\"0\" marginheight=\"0\" scrolling=\"no\"><\/iframe>\n<\/div><\/figure>\n\n\n\n<figure class=\"wp-block-embed-wordpress wp-block-embed is-type-wp-embed is-provider-presstourism-ch\"><div class=\"wp-block-embed__wrapper\">\n<blockquote class=\"wp-embedded-content\" data-secret=\"zlFtF4zubf\"><a href=\"http:\/\/www.presstourism.ch\/WP_ALEX\/?page_id=5711\">Amberd<\/a><\/blockquote><iframe title=\"\u00ab\u00a0Amberd\u00a0\u00bb &#8212; presstourism.ch\" class=\"wp-embedded-content\" sandbox=\"allow-scripts\" security=\"restricted\" style=\"position: absolute; clip: rect(1px, 1px, 1px, 1px);\" src=\"http:\/\/www.presstourism.ch\/WP_ALEX\/?page_id=5711&#038;embed=true#?secret=zlFtF4zubf\" data-secret=\"zlFtF4zubf\" width=\"584\" height=\"329\" frameborder=\"0\" marginwidth=\"0\" marginheight=\"0\" scrolling=\"no\"><\/iframe>\n<\/div><\/figure>\n\n\n\n<figure class=\"wp-block-embed-wordpress wp-block-embed is-type-wp-embed is-provider-presstourism-ch\"><div class=\"wp-block-embed__wrapper\">\n<blockquote class=\"wp-embedded-content\" data-secret=\"JkcWD84E8u\"><a href=\"http:\/\/www.presstourism.ch\/WP_ALEX\/?p=5744\">Areni, premier vin du monde<\/a><\/blockquote><iframe title=\"\u00ab\u00a0Areni, premier vin du monde\u00a0\u00bb &#8212; presstourism.ch\" class=\"wp-embedded-content\" sandbox=\"allow-scripts\" security=\"restricted\" style=\"position: absolute; clip: rect(1px, 1px, 1px, 1px);\" src=\"http:\/\/www.presstourism.ch\/WP_ALEX\/?p=5744&#038;embed=true#?secret=JkcWD84E8u\" data-secret=\"JkcWD84E8u\" width=\"584\" height=\"329\" frameborder=\"0\" marginwidth=\"0\" marginheight=\"0\" scrolling=\"no\"><\/iframe>\n<\/div><\/figure>\n","protected":false},"excerpt":{"rendered":"<p>Voil\u00e0 plus d&rsquo;un demi-si\u00e8cle qu&rsquo;Alex D\u00e9cotte court le monde. Ses r\u00e9cits sont \u00e0 retrouver dans une quinzaine de livres, dans une centaine de reportages vid\u00e9o sur YouTube ainsi que sur son blog de voyage, bourlingue.net . Jusqu&rsquo;\u00e0 octobre 2018 puis &hellip; <a href=\"http:\/\/www.presstourism.ch\/?page_id=5679\">Continuer la lecture <span class=\"meta-nav\">&rarr;<\/span><\/a><\/p>\n","protected":false},"author":1,"featured_media":0,"parent":5565,"menu_order":0,"comment_status":"open","ping_status":"closed","template":"","meta":{"ngg_post_thumbnail":0,"spay_email":""},"jetpack_sharing_enabled":true,"jetpack_shortlink":"https:\/\/wp.me\/P468TV-1tB","_links":{"self":[{"href":"http:\/\/www.presstourism.ch\/index.php?rest_route=\/wp\/v2\/pages\/5679"}],"collection":[{"href":"http:\/\/www.presstourism.ch\/index.php?rest_route=\/wp\/v2\/pages"}],"about":[{"href":"http:\/\/www.presstourism.ch\/index.php?rest_route=\/wp\/v2\/types\/page"}],"author":[{"embeddable":true,"href":"http:\/\/www.presstourism.ch\/index.php?rest_route=\/wp\/v2\/users\/1"}],"replies":[{"embeddable":true,"href":"http:\/\/www.presstourism.ch\/index.php?rest_route=%2Fwp%2Fv2%2Fcomments&post=5679"}],"version-history":[{"count":6,"href":"http:\/\/www.presstourism.ch\/index.php?rest_route=\/wp\/v2\/pages\/5679\/revisions"}],"predecessor-version":[{"id":5758,"href":"http:\/\/www.presstourism.ch\/index.php?rest_route=\/wp\/v2\/pages\/5679\/revisions\/5758"}],"up":[{"embeddable":true,"href":"http:\/\/www.presstourism.ch\/index.php?rest_route=\/wp\/v2\/pages\/5565"}],"wp:attachment":[{"href":"http:\/\/www.presstourism.ch\/index.php?rest_route=%2Fwp%2Fv2%2Fmedia&parent=5679"}],"curies":[{"name":"wp","href":"https:\/\/api.w.org\/{rel}","templated":true}]}}