{"id":5647,"date":"2019-06-09T14:51:33","date_gmt":"2019-06-09T13:51:33","guid":{"rendered":"http:\/\/www.presstourism.ch\/WP_ALEX\/?page_id=5647"},"modified":"2019-07-17T09:35:26","modified_gmt":"2019-07-17T08:35:26","slug":"armenie-1988-les-coupoles-ses-eglises-etaient-a-terre","status":"publish","type":"page","link":"http:\/\/www.presstourism.ch\/?page_id=5647","title":{"rendered":"Arm\u00e9nie 1988: Les coupoles des \u00e9glises \u00e9taient \u00e0 terre"},"content":{"rendered":"\n<div class=\"wp-block-image\"><figure class=\"aligncenter\"><img loading=\"lazy\" width=\"435\" height=\"336\" src=\"https:\/\/i0.wp.com\/www.presstourism.ch\/WP_ALEX\/wp-content\/uploads\/2019\/06\/gyumri-3.jpg?resize=435%2C336\" alt=\"\" class=\"wp-image-5646\" srcset=\"https:\/\/i2.wp.com\/www.presstourism.ch\/wp-content\/uploads\/2019\/06\/gyumri-3.jpg?w=435 435w, https:\/\/i2.wp.com\/www.presstourism.ch\/wp-content\/uploads\/2019\/06\/gyumri-3.jpg?resize=300%2C232 300w\" sizes=\"(max-width: 435px) 100vw, 435px\" data-recalc-dims=\"1\" \/><\/figure><\/div>\n\n\n\n<p><strong>Gyumri, Arm\u00e9nie, 30 ans apr\u00e8s le s\u00e9isme<\/strong><\/p>\n\n\n\n<p><strong>Par Orith Tempelman<\/strong><\/p>\n\n\n\n<p>Depuis l&rsquo;effondrement de l&rsquo;Union sovi\u00e9tique, la R\u00e9publique\nd&rsquo;Arm\u00e9nie a largement disparu de la carte des touristes \u00ab\u00a0normaux\u00a0\u00bb &#8211; \u00e0\nl&rsquo;exception des Arm\u00e9niens de la diaspora. Ils effectuent un court p\u00e8lerinage au\nVatican arm\u00e9nien, la capitale religieuse Etchmiadsin, visitent Garni et son\ntemple de Mithra, Geghard et Khor Virap, passent des journ\u00e9es venteuses au lac\nSevan, puis se dirigent vers Gyumri-Spitak, pour voir o\u00f9 sont all\u00e9s leurs dons\napr\u00e8s le tremblement de terre d\u00e9vastateur de 1988.<\/p>\n\n\n\n<p><strong>Traumatisme durable<\/strong><\/p>\n\n\n\n<p>Gyumri, la deuxi\u00e8me plus grande ville d\u2019Arm\u00e9nie, n\u2019a pas encore surmont\u00e9 les graves cons\u00e9quences physiques et psychologiques du tremblement de terre catastrophique de 1988. L\u2019anthropologue Gayane Schagoyan d\u00e9crit l\u2019\u00e9norme signification sociale de cet \u00e9v\u00e9nement dans son article \u00ab\u00a0M\u00e9moires du s\u00e9isme\u00a0\u00bb et \u00e9crit que le souvenir et l\u2019\u00e9tat actuel du s\u00e9isme sont si traumatisants qu&rsquo;aujourd&rsquo;hui encore les gens qui y sont n\u00e9s s&rsquo;en souviennent. <\/p>\n\n\n\n<p>Avec une magnitude de 6,9 \u200b\u200bsur l\u2019\u00e9chelle de Richter, avec au moins 25.000 morts, 15.000 bless\u00e9s et plus d\u2019un demi-million de sans-abri, c\u2019est l\u2019un des tremblements de terre les plus importants des derni\u00e8res d\u00e9cennies. Divers facteurs ont conduit au nombre de d\u00e9c\u00e8s et de sans-abri. Ainsi, au moment de la catastrophe, les temp\u00e9ratures hivernales avaient entra\u00een\u00e9 la mort de nombreuses personnes qui avaient pourtant surv\u00e9cu au s\u00e9isme. <\/p>\n\n\n\n<p>Le tremblement de terre a d\u00e9truit non seulement les maisons priv\u00e9es mais \u00e9galement les plus grandes entreprises industrielles. Les travaux de 170 entreprises ont d\u00fb \u00eatre arr\u00eat\u00e9s, les monuments architecturaux, historiques et culturels ont \u00e9t\u00e9 gravement endommag\u00e9s et 917 b\u00e2timents publics ont \u00e9t\u00e9 compl\u00e8tement d\u00e9truits.<\/p>\n\n\n\n<div class=\"wp-block-image\"><figure class=\"aligncenter\"><img loading=\"lazy\" width=\"2480\" height=\"3387\" src=\"https:\/\/i2.wp.com\/www.presstourism.ch\/WP_ALEX\/wp-content\/uploads\/2019\/06\/gyumri-1.jpg?fit=640%2C874\" alt=\"\" class=\"wp-image-5648\" srcset=\"https:\/\/i1.wp.com\/www.presstourism.ch\/wp-content\/uploads\/2019\/06\/gyumri-1.jpg?w=2480 2480w, https:\/\/i1.wp.com\/www.presstourism.ch\/wp-content\/uploads\/2019\/06\/gyumri-1.jpg?resize=220%2C300 220w, https:\/\/i1.wp.com\/www.presstourism.ch\/wp-content\/uploads\/2019\/06\/gyumri-1.jpg?resize=768%2C1049 768w, https:\/\/i1.wp.com\/www.presstourism.ch\/wp-content\/uploads\/2019\/06\/gyumri-1.jpg?resize=750%2C1024 750w, https:\/\/i1.wp.com\/www.presstourism.ch\/wp-content\/uploads\/2019\/06\/gyumri-1.jpg?resize=600%2C819 600w, https:\/\/i1.wp.com\/www.presstourism.ch\/wp-content\/uploads\/2019\/06\/gyumri-1.jpg?resize=1320%2C1803 1320w, https:\/\/i1.wp.com\/www.presstourism.ch\/wp-content\/uploads\/2019\/06\/gyumri-1.jpg?w=1168 1168w, https:\/\/i1.wp.com\/www.presstourism.ch\/wp-content\/uploads\/2019\/06\/gyumri-1.jpg?w=1752 1752w\" sizes=\"(max-width: 584px) 100vw, 584px\" \/><\/figure><\/div>\n\n\n\n<div class=\"wp-block-file\"><a href=\"http:\/\/www.presstourism.ch\/WP_ALEX\/wp-content\/uploads\/2019\/06\/gyumri.pdf\">Lire la suite (en allemand)<\/a><a href=\"http:\/\/www.presstourism.ch\/WP_ALEX\/wp-content\/uploads\/2019\/06\/gyumri.pdf\" class=\"wp-block-file__button\" download>T\u00e9l\u00e9charger<\/a><\/div>\n","protected":false},"excerpt":{"rendered":"<p>Gyumri, Arm\u00e9nie, 30 ans apr\u00e8s le s\u00e9isme Par Orith Tempelman Depuis l&rsquo;effondrement de l&rsquo;Union sovi\u00e9tique, la R\u00e9publique d&rsquo;Arm\u00e9nie a largement disparu de la carte des touristes \u00ab\u00a0normaux\u00a0\u00bb &#8211; \u00e0 l&rsquo;exception des Arm\u00e9niens de la diaspora. Ils effectuent un court p\u00e8lerinage &hellip; <a href=\"http:\/\/www.presstourism.ch\/?page_id=5647\">Continuer la lecture <span class=\"meta-nav\">&rarr;<\/span><\/a><\/p>\n","protected":false},"author":1,"featured_media":0,"parent":5565,"menu_order":0,"comment_status":"open","ping_status":"closed","template":"","meta":{"ngg_post_thumbnail":0,"spay_email":""},"jetpack_sharing_enabled":true,"jetpack_shortlink":"https:\/\/wp.me\/P468TV-1t5","_links":{"self":[{"href":"http:\/\/www.presstourism.ch\/index.php?rest_route=\/wp\/v2\/pages\/5647"}],"collection":[{"href":"http:\/\/www.presstourism.ch\/index.php?rest_route=\/wp\/v2\/pages"}],"about":[{"href":"http:\/\/www.presstourism.ch\/index.php?rest_route=\/wp\/v2\/types\/page"}],"author":[{"embeddable":true,"href":"http:\/\/www.presstourism.ch\/index.php?rest_route=\/wp\/v2\/users\/1"}],"replies":[{"embeddable":true,"href":"http:\/\/www.presstourism.ch\/index.php?rest_route=%2Fwp%2Fv2%2Fcomments&post=5647"}],"version-history":[{"count":5,"href":"http:\/\/www.presstourism.ch\/index.php?rest_route=\/wp\/v2\/pages\/5647\/revisions"}],"predecessor-version":[{"id":6040,"href":"http:\/\/www.presstourism.ch\/index.php?rest_route=\/wp\/v2\/pages\/5647\/revisions\/6040"}],"up":[{"embeddable":true,"href":"http:\/\/www.presstourism.ch\/index.php?rest_route=\/wp\/v2\/pages\/5565"}],"wp:attachment":[{"href":"http:\/\/www.presstourism.ch\/index.php?rest_route=%2Fwp%2Fv2%2Fmedia&parent=5647"}],"curies":[{"name":"wp","href":"https:\/\/api.w.org\/{rel}","templated":true}]}}