{"id":5627,"date":"2019-06-09T13:48:59","date_gmt":"2019-06-09T12:48:59","guid":{"rendered":"http:\/\/www.presstourism.ch\/WP_ALEX\/?page_id=5627"},"modified":"2019-06-09T14:07:32","modified_gmt":"2019-06-09T13:07:32","slug":"charles-aznavour-je-reve-donc-je-peux","status":"publish","type":"page","link":"http:\/\/www.presstourism.ch\/?page_id=5627","title":{"rendered":"Charles Aznavour: \u00ab Je r\u00eave donc je peux \u00bb"},"content":{"rendered":"\n<p><strong>Par Romaine Jean<\/strong><\/p>\n\n\n\n<div class=\"wp-block-image\"><figure class=\"aligncenter\"><img loading=\"lazy\" width=\"571\" height=\"768\" src=\"https:\/\/i2.wp.com\/www.presstourism.ch\/WP_ALEX\/wp-content\/uploads\/2019\/06\/20190606-Aznavour-Romanine-Jean-Match-Largeur-max.-1024-Hauteur-max.-768.jpg?resize=571%2C768\" alt=\"\" class=\"wp-image-5628\" srcset=\"https:\/\/i0.wp.com\/www.presstourism.ch\/wp-content\/uploads\/2019\/06\/20190606-Aznavour-Romanine-Jean-Match-Largeur-max.-1024-Hauteur-max.-768.jpg?w=571 571w, https:\/\/i0.wp.com\/www.presstourism.ch\/wp-content\/uploads\/2019\/06\/20190606-Aznavour-Romanine-Jean-Match-Largeur-max.-1024-Hauteur-max.-768.jpg?resize=223%2C300 223w\" sizes=\"(max-width: 571px) 100vw, 571px\" data-recalc-dims=\"1\" \/><figcaption>Paris Match Suisse \/ 6 juin 2019<\/figcaption><\/figure><\/div>\n\n\n\n<h3>Charles Aznavour \u00e9tait un chanteur fran\u00e7ais, qui aura v\u00e9cu\nune partie de sa vie en Suisse. Mais c\u2019est en Arm\u00e9nie, la terre de ses\nanc\u00eatres, qu\u2019il aura un temple \u00e0 sa grandeur. <\/h3>\n\n\n\n<h3>C\u2019est un b\u00e2timent mus\u00e9e sur les hauteurs d\u2019Erevan. On y surplombe\nle fameux complexe \u00ab&nbsp;Cascade&nbsp;\u00bb, o\u00f9 les touristes affluent en cette\nsaison. On y voit au loin le mont Ararat et la statue de la m\u00e8re Arm\u00e9nie. C\u2019est\nun sanctuaire de cinq \u00e9tages qui s\u2019emm\u00e9nage et sera d\u00e9di\u00e9 au plus illustre de tous\nles citoyens du pays, Shahnourh Varinag Aznavourian, dit Charles Aznavour. <\/h3>\n\n\n\n<h3>La repr\u00e9sentante de la Fondation de l\u2019artiste, qui nous le fait\nvisiter en exclusivit\u00e9, nous le promet&nbsp;: tous les meilleurs sp\u00e9cialistes\ndes high tech ont \u00e9t\u00e9 mobilis\u00e9s pour faire du Centre un lieu unique, une\nv\u00e9ritable attraction mondiale, qui sera inaugur\u00e9 le 22 mai 2021, jour\nanniversaire de la naissance du chanteur. Arche \u00e9cran, hologramme, concert en\nr\u00e9alit\u00e9 virtuelle, le parcours d\u2019un homme, de son art, de sa musique, de ses\nd\u00e9fis, de ses espoirs, de ses r\u00e9alisations.<\/h3>\n\n\n\n<h3>Au d\u00e9part l\u2019Etat arm\u00e9nien voulait offrir un logement au grand\nCharles, v\u00e9ritable ic\u00f4ne dans ce pays, dont il restera toute sa vie si proche.\nMais l\u2019artiste a toujours vu plus haut, plus loin et a planifi\u00e9 chaque \u00e9tape de\nla r\u00e9alisation de ce projet, qui sera un mus\u00e9e, un studio d\u2019enregistrement, une\n\u00e9cole de formation en musique, en cin\u00e9ma, un centre d\u2019enseignement du fran\u00e7ais,\nde la langue si pure de cette orf\u00e8vre, qui ne se d\u00e9pla\u00e7ait jamais sans ses\ntrois dictionnaires. Le projet est g\u00e9r\u00e9 aujourd\u2019hui par Nicolas Aznavour et\nKristina Aznavour, co-fondateur et pr\u00e9sidente de la Fondation du m\u00eame nom.<\/h3>\n\n\n\n<h3>La vie du chanteur sera racont\u00e9e par sa propre voix, qu\u2019il avait pris soin d\u2019enregistrer. Tous les miracles de la r\u00e9alit\u00e9 virtuelle ont \u00e9t\u00e9 convoqu\u00e9s. Les visiteurs traverseront la mer avec ses parents, \u00e9chapp\u00e9s du g\u00e9nocide. Ils verront \u00e0 travers les hublots du bateau d\u2019immigr\u00e9s, les paysages de Constantinople, de Thessaloniki et de la Marseille des ann\u00e9es 20. Ils vivront dans le petit appartement de la rue Monsieur le Prince \u00e0 Paris, reconstitu\u00e9 selon les dessins de Charles Aznavour&nbsp;! Ils parcourront les ann\u00e9es de guerre et de r\u00e9sistance, revivront les concerts de l\u2019Olympia, les tourn\u00e9es mondiales, les films, les \u0153uvres philanthropiques de l\u2019artiste, au lendemain du tremblement de terre de 1988. Un centre \u00e0 la hauteur de celui que les Am\u00e9ricains avaient sacr\u00e9 \u00ab&nbsp;artiste du si\u00e8cle&nbsp;\u00bb, avant Sinatra&nbsp;!<\/h3>\n\n\n\n<h3>Charles Aznavour \u00e9tait attendu l\u2019automne dernier au Sommet de\nla francophonie et voulait faire visiter le projet au pr\u00e9sident Macron. A\nquelques jours pr\u00e8s, la vie ne lui en a pas laiss\u00e9 le temps.<\/h3>\n\n\n\n<h3>\u00ab&nbsp;L\u2019Histoire ne nous a pas g\u00e2t\u00e9s&nbsp;\u00bb, avait-il\ncoutume de dire, \u00e9voquant le pass\u00e9 douloureux de son peuple. Aujourd\u2019hui,\nl\u2019Arm\u00e9nie a r\u00e9ussi sa r\u00e9volution de velours et mise sur une jeunesse bouillonnante\npour contourner le blocus impos\u00e9 par des voisins hostiles. Les nouvelles\ng\u00e9n\u00e9rations regardent vers l\u2019avenir mais vouent un v\u00e9ritable culte \u00e0 l\u2019artiste.\n\u00ab&nbsp;Je r\u00eave donc je peux&nbsp;\u00bb, disait Charles Aznavour, qui ne s\u2019est\njamais pli\u00e9 aux r\u00e8gles du destin. L\u2019Arm\u00e9nie lui pr\u00e9pare un hommage a la mesure\nde son g\u00e9nie.<\/h3>\n\n\n\n<div class=\"wp-block-file\"><a href=\"http:\/\/www.presstourism.ch\/WP_ALEX\/wp-content\/uploads\/2019\/06\/20190606-Aznavour-Romanine-Jean-Match.pdf\">Lire ou t\u00e9l\u00e9charger l&rsquo;article publi\u00e9 dans Paris Match Suisse (6 juin 2019)<\/a><a href=\"http:\/\/www.presstourism.ch\/WP_ALEX\/wp-content\/uploads\/2019\/06\/20190606-Aznavour-Romanine-Jean-Match.pdf\" class=\"wp-block-file__button\" download>T\u00e9l\u00e9charger<\/a><\/div>\n\n\n\n<hr class=\"wp-block-separator\"\/>\n\n\n\n<p><a href=\"https:\/\/aznavourfoundation.org\/fr\/\">Fondation Aznavour<\/a><\/p>\n\n\n\n<p><a href=\"https:\/\/www.dropbox.com\/sh\/5epm0lxf1us4mli\/AADKRxCUYO7cvxo1y3r4eXqQa?dl=0&amp;preview=Centre+Aznavour_Presentation.pdf\">En savoir plus sur le futur centre&#8230;<\/a><\/p>\n","protected":false},"excerpt":{"rendered":"<p>Par Romaine Jean Charles Aznavour \u00e9tait un chanteur fran\u00e7ais, qui aura v\u00e9cu une partie de sa vie en Suisse. Mais c\u2019est en Arm\u00e9nie, la terre de ses anc\u00eatres, qu\u2019il aura un temple \u00e0 sa grandeur. C\u2019est un b\u00e2timent mus\u00e9e sur &hellip; <a href=\"http:\/\/www.presstourism.ch\/?page_id=5627\">Continuer la lecture <span class=\"meta-nav\">&rarr;<\/span><\/a><\/p>\n","protected":false},"author":1,"featured_media":0,"parent":5565,"menu_order":0,"comment_status":"closed","ping_status":"closed","template":"","meta":{"ngg_post_thumbnail":0,"spay_email":""},"jetpack_sharing_enabled":true,"jetpack_shortlink":"https:\/\/wp.me\/P468TV-1sL","_links":{"self":[{"href":"http:\/\/www.presstourism.ch\/index.php?rest_route=\/wp\/v2\/pages\/5627"}],"collection":[{"href":"http:\/\/www.presstourism.ch\/index.php?rest_route=\/wp\/v2\/pages"}],"about":[{"href":"http:\/\/www.presstourism.ch\/index.php?rest_route=\/wp\/v2\/types\/page"}],"author":[{"embeddable":true,"href":"http:\/\/www.presstourism.ch\/index.php?rest_route=\/wp\/v2\/users\/1"}],"replies":[{"embeddable":true,"href":"http:\/\/www.presstourism.ch\/index.php?rest_route=%2Fwp%2Fv2%2Fcomments&post=5627"}],"version-history":[{"count":6,"href":"http:\/\/www.presstourism.ch\/index.php?rest_route=\/wp\/v2\/pages\/5627\/revisions"}],"predecessor-version":[{"id":5640,"href":"http:\/\/www.presstourism.ch\/index.php?rest_route=\/wp\/v2\/pages\/5627\/revisions\/5640"}],"up":[{"embeddable":true,"href":"http:\/\/www.presstourism.ch\/index.php?rest_route=\/wp\/v2\/pages\/5565"}],"wp:attachment":[{"href":"http:\/\/www.presstourism.ch\/index.php?rest_route=%2Fwp%2Fv2%2Fmedia&parent=5627"}],"curies":[{"name":"wp","href":"https:\/\/api.w.org\/{rel}","templated":true}]}}