{"id":5623,"date":"2019-06-05T14:45:48","date_gmt":"2019-06-05T13:45:48","guid":{"rendered":"http:\/\/www.presstourism.ch\/WP_ALEX\/?page_id=5623"},"modified":"2019-06-05T14:45:48","modified_gmt":"2019-06-05T13:45:48","slug":"2019-assemblee-generale-erevan","status":"publish","type":"page","link":"http:\/\/www.presstourism.ch\/?page_id=5623","title":{"rendered":"2019 Assembl\u00e9e g\u00e9n\u00e9rale Erevan"},"content":{"rendered":"\n<p>Attention, le pr\u00e9sent document reste provisoire jusqu&rsquo;\u00e0 son adoption par notre prochaine assembl\u00e9e g\u00e9n\u00e9rale, en 2020.<\/p>\n\n\n\n<p><\/p>\n\n\n\n<div class=\"wp-block-file\"><a href=\"http:\/\/www.presstourism.ch\/WP_ALEX\/wp-content\/uploads\/2019\/06\/PV-AG-2o19-Erevan-provisoire.pdf\">PV-AG-2o19-Erevan-provisoire<\/a><a href=\"http:\/\/www.presstourism.ch\/WP_ALEX\/wp-content\/uploads\/2019\/06\/PV-AG-2o19-Erevan-provisoire.pdf\" class=\"wp-block-file__button\" download>T\u00e9l\u00e9charger<\/a><\/div>\n","protected":false},"excerpt":{"rendered":"<p>Attention, le pr\u00e9sent document reste provisoire jusqu&rsquo;\u00e0 son adoption par notre prochaine assembl\u00e9e g\u00e9n\u00e9rale, en 2020.<\/p>\n","protected":false},"author":1,"featured_media":0,"parent":490,"menu_order":0,"comment_status":"closed","ping_status":"closed","template":"","meta":{"ngg_post_thumbnail":0,"spay_email":""},"jetpack_sharing_enabled":true,"jetpack_shortlink":"https:\/\/wp.me\/P468TV-1sH","_links":{"self":[{"href":"http:\/\/www.presstourism.ch\/index.php?rest_route=\/wp\/v2\/pages\/5623"}],"collection":[{"href":"http:\/\/www.presstourism.ch\/index.php?rest_route=\/wp\/v2\/pages"}],"about":[{"href":"http:\/\/www.presstourism.ch\/index.php?rest_route=\/wp\/v2\/types\/page"}],"author":[{"embeddable":true,"href":"http:\/\/www.presstourism.ch\/index.php?rest_route=\/wp\/v2\/users\/1"}],"replies":[{"embeddable":true,"href":"http:\/\/www.presstourism.ch\/index.php?rest_route=%2Fwp%2Fv2%2Fcomments&post=5623"}],"version-history":[{"count":2,"href":"http:\/\/www.presstourism.ch\/index.php?rest_route=\/wp\/v2\/pages\/5623\/revisions"}],"predecessor-version":[{"id":5626,"href":"http:\/\/www.presstourism.ch\/index.php?rest_route=\/wp\/v2\/pages\/5623\/revisions\/5626"}],"up":[{"embeddable":true,"href":"http:\/\/www.presstourism.ch\/index.php?rest_route=\/wp\/v2\/pages\/490"}],"wp:attachment":[{"href":"http:\/\/www.presstourism.ch\/index.php?rest_route=%2Fwp%2Fv2%2Fmedia&parent=5623"}],"curies":[{"name":"wp","href":"https:\/\/api.w.org\/{rel}","templated":true}]}}