{"id":5614,"date":"2019-06-05T08:18:34","date_gmt":"2019-06-05T07:18:34","guid":{"rendered":"http:\/\/www.presstourism.ch\/WP_ALEX\/?page_id=5614"},"modified":"2019-06-05T08:18:35","modified_gmt":"2019-06-05T07:18:35","slug":"saint-malo-linsoumise-de-bretagne","status":"publish","type":"page","link":"http:\/\/www.presstourism.ch\/?page_id=5614","title":{"rendered":"Saint-Malo, l\u2019insoumise de Bretagne"},"content":{"rendered":"\n<p>3 juin 2019 <\/p>\n\n\n\n<figure class=\"wp-block-image is-resized\"><a href=\"https:\/\/i0.wp.com\/www.jepars.ch\/magazine\/wp-content\/uploads\/2019\/05\/IMG_9541.jpg\"><img loading=\"lazy\" src=\"https:\/\/i0.wp.com\/www.jepars.ch\/magazine\/wp-content\/uploads\/2019\/05\/IMG_9541-455x303.jpg?resize=584%2C389\" alt=\"Saint-Malo\" class=\"wp-image-17538\" width=\"584\" height=\"389\" data-recalc-dims=\"1\" \/><\/a><\/figure>\n\n\n\n<p>Sur le littoral fran\u00e7ais de la Manche qui s\u00e9pare la France de l\u2019Angleterre, Saint-Malo, tout comme son voisin le Mont-Saint-Michel, fait partie du Patrimoine mondial de l\u2019humanit\u00e9 r\u00e9pertori\u00e9 par l\u2019UNESCO, et repr\u00e9sente l\u2019un des plus beaux exemples fran\u00e7ais poss\u00e9dant un pass\u00e9 glorieux, en marge des autres villes bretonnes.<\/p>\n\n\n\n<p><strong>Par G\u00e9rard Banc et Erika Bodmer<\/strong> \/ <strong>Photos G\u00e9rard Blanc<\/strong><\/p>\n\n\n\n<p><br>Il est difficile aujourd\u2019hui de s\u2019imaginer le Saint-Malo d\u2019autrefois quand on voit toute cette \u00e9tendue de quartiers modernes autour de la ville fortifi\u00e9e, avec les villes composant son agglom\u00e9ration, comme Saint-Servan, Param\u00e9 ou Saint-Ideuc. C\u2019est dans l\u2019espace intramuros que r\u00e9sident toutes les l\u00e9gendes et faits historiques qui donnent \u00e0 cette espace tout l\u2019attrait que justifie l\u2019int\u00e9r\u00eat de ses visiteurs. <\/p>\n\n\n\n<p><\/p>\n\n\n\n<figure class=\"wp-block-image is-resized\"><img loading=\"lazy\" src=\"https:\/\/i0.wp.com\/www.presstourism.ch\/WP_ALEX\/wp-content\/uploads\/2019\/06\/MG_9504-455x303.jpg?resize=584%2C389\" alt=\"\" class=\"wp-image-5615\" width=\"584\" height=\"389\" srcset=\"https:\/\/i2.wp.com\/www.presstourism.ch\/wp-content\/uploads\/2019\/06\/MG_9504-455x303.jpg?resize=455%2C303 455w, https:\/\/i2.wp.com\/www.presstourism.ch\/wp-content\/uploads\/2019\/06\/MG_9504-455x303.jpg?resize=300%2C200 300w\" sizes=\"(max-width: 584px) 100vw, 584px\" data-recalc-dims=\"1\" \/><\/figure>\n\n\n\n<p>On l\u2019appelle volontiers la \u00ab\u00a0ville corsaire\u00a0\u00bb, car elle fut le port de d\u00e9part des c\u00e9l\u00e8bres marins tels que Dugay-Trouin et Surcouf, qui furent, le premier mandat\u00e9 par Louis XIV et le second par Napol\u00e9on 1er pour faire la chasse aux navires anglais et leur infliger le plus de d\u00e9g\u00e2ts possibles et s\u2019emparer de leurs riches cargaisons en utilisant des m\u00e9thodes inspir\u00e9es de celles des pirates, visant \u00e0 mettre \u00e0 mal le commerce britannique sous toutes les latitudes et, principalement dans l\u2019oc\u00e9an Indien. La comparaison avec les pirates et autres flibustiers s\u2019arr\u00eatera l\u00e0, car le butin gagn\u00e9 \u00e9tait distribu\u00e9 en trois parts\u00a0: un tiers pour la couronne de France, un tiers pour l\u2019armateur du bateau et le reste pour l\u2019\u00e9quipage.<\/p>\n\n\n\n<p> A un officier anglais qui d\u00e9clarait que les corsaires fran\u00e7ais se battaient pour l\u2019argent et les Anglais pour l\u2019honneur, Robert Surcouf lui r\u00e9pondit : \u00ab\u00a0On se bat toujours pour ce qui nous manque le plus.\u00a0\u00bb Sur les remparts de Saint-Malo, une statue du c\u00e9l\u00e8bre \u00e9cumeur des mers tr\u00f4ne selon une attitude qu\u2019on imagine \u00eatre \u00e0 la t\u00eate de son \u00e9quipage lors d\u2019un abordage. A trente ans, il fut assez riche pour devenir armateur \u00e0 son tour.<\/p>\n\n\n\n<p><a href=\"http:\/\/www.jepars.ch\/magazine\/?p=17487\">Lire la suite&#8230;<\/a><\/p>\n\n\n\n<p><br><\/p>\n","protected":false},"excerpt":{"rendered":"<p>3 juin 2019 Sur le littoral fran\u00e7ais de la Manche qui s\u00e9pare la France de l\u2019Angleterre, Saint-Malo, tout comme son voisin le Mont-Saint-Michel, fait partie du Patrimoine mondial de l\u2019humanit\u00e9 r\u00e9pertori\u00e9 par l\u2019UNESCO, et repr\u00e9sente l\u2019un des plus beaux exemples &hellip; <a href=\"http:\/\/www.presstourism.ch\/?page_id=5614\">Continuer la lecture <span class=\"meta-nav\">&rarr;<\/span><\/a><\/p>\n","protected":false},"author":1,"featured_media":0,"parent":3785,"menu_order":0,"comment_status":"closed","ping_status":"closed","template":"","meta":{"ngg_post_thumbnail":0,"spay_email":""},"jetpack_sharing_enabled":true,"jetpack_shortlink":"https:\/\/wp.me\/P468TV-1sy","_links":{"self":[{"href":"http:\/\/www.presstourism.ch\/index.php?rest_route=\/wp\/v2\/pages\/5614"}],"collection":[{"href":"http:\/\/www.presstourism.ch\/index.php?rest_route=\/wp\/v2\/pages"}],"about":[{"href":"http:\/\/www.presstourism.ch\/index.php?rest_route=\/wp\/v2\/types\/page"}],"author":[{"embeddable":true,"href":"http:\/\/www.presstourism.ch\/index.php?rest_route=\/wp\/v2\/users\/1"}],"replies":[{"embeddable":true,"href":"http:\/\/www.presstourism.ch\/index.php?rest_route=%2Fwp%2Fv2%2Fcomments&post=5614"}],"version-history":[{"count":1,"href":"http:\/\/www.presstourism.ch\/index.php?rest_route=\/wp\/v2\/pages\/5614\/revisions"}],"predecessor-version":[{"id":5616,"href":"http:\/\/www.presstourism.ch\/index.php?rest_route=\/wp\/v2\/pages\/5614\/revisions\/5616"}],"up":[{"embeddable":true,"href":"http:\/\/www.presstourism.ch\/index.php?rest_route=\/wp\/v2\/pages\/3785"}],"wp:attachment":[{"href":"http:\/\/www.presstourism.ch\/index.php?rest_route=%2Fwp%2Fv2%2Fmedia&parent=5614"}],"curies":[{"name":"wp","href":"https:\/\/api.w.org\/{rel}","templated":true}]}}