{"id":5608,"date":"2019-06-05T08:06:36","date_gmt":"2019-06-05T07:06:36","guid":{"rendered":"http:\/\/www.presstourism.ch\/WP_ALEX\/?page_id=5608"},"modified":"2019-06-05T08:06:36","modified_gmt":"2019-06-05T07:06:36","slug":"minas-gerais-une-mine-dor-a-creuser","status":"publish","type":"page","link":"http:\/\/www.presstourism.ch\/?page_id=5608","title":{"rendered":"Minas Gerais, une mine d\u2019or \u00e0 creuser"},"content":{"rendered":"\n<figure class=\"wp-block-image is-resized\"><img loading=\"lazy\" src=\"https:\/\/i1.wp.com\/www.presstourism.ch\/WP_ALEX\/wp-content\/uploads\/2019\/06\/MinasGerais0472-455x303.jpg?resize=584%2C389\" alt=\"\" class=\"wp-image-5609\" width=\"584\" height=\"389\" srcset=\"https:\/\/i2.wp.com\/www.presstourism.ch\/wp-content\/uploads\/2019\/06\/MinasGerais0472-455x303.jpg?resize=455%2C303 455w, https:\/\/i2.wp.com\/www.presstourism.ch\/wp-content\/uploads\/2019\/06\/MinasGerais0472-455x303.jpg?resize=300%2C200 300w\" sizes=\"(max-width: 584px) 100vw, 584px\" data-recalc-dims=\"1\" \/><\/figure>\n\n\n\n<p>25 mai 2019 <\/p>\n\n\n\n<p><strong>Q<\/strong>uand on parle du Br\u00e9sil, on imagine avant tout les grandes stations du littoral et on ignore de v\u00e9ritables tr\u00e9sors tels que les villes de la Route royale de l\u2019Etat de Minas Gerais, dont vous n\u2019avez peut-\u00eatre jamais entendu parler.<\/p>\n\n\n\n<p>Se rendre \u00e0 Belo Horizonte offre occasion inestimable de d\u00e9couvrir cet Etat du Br\u00e9sil (grand comme la France) et ses villes coloniales, qu\u2019on dirait sorties du 17e si\u00e8cle, le long de cette Estrada Real qui partait de Diamantina jusqu\u2019aux ports de Paraty et de Rio de Janeiro. C\u2019est \u00e0 cette \u00e9poque que s\u2019install\u00e8rent les riches colons portugais venus exploiter les richesses de la r\u00e9gion. Ajoutons \u00e0 cela l\u2019apostolat de la confr\u00e9rie franciscaine d\u2019\u00e9vang\u00e9liser les populations locales et la pi\u00e9t\u00e9 parfois obsessionnelle des familles de colons, et nous avons un environnement architectural baroque o\u00f9 se trouvent c\u00f4te \u00e0 c\u00f4te des maisons de ma\u00eetres et des \u00e9difices religieux.<\/p>\n\n\n\n<p><a href=\"http:\/\/www.jepars.ch\/magazine\/?p=2037\">Lire la suite&#8230;<\/a><\/p>\n","protected":false},"excerpt":{"rendered":"<p>25 mai 2019 Quand on parle du Br\u00e9sil, on imagine avant tout les grandes stations du littoral et on ignore de v\u00e9ritables tr\u00e9sors tels que les villes de la Route royale de l\u2019Etat de Minas Gerais, dont vous n\u2019avez peut-\u00eatre &hellip; <a href=\"http:\/\/www.presstourism.ch\/?page_id=5608\">Continuer la lecture <span class=\"meta-nav\">&rarr;<\/span><\/a><\/p>\n","protected":false},"author":1,"featured_media":0,"parent":178,"menu_order":0,"comment_status":"closed","ping_status":"closed","template":"","meta":{"ngg_post_thumbnail":0,"spay_email":""},"jetpack_sharing_enabled":true,"jetpack_shortlink":"https:\/\/wp.me\/P468TV-1ss","_links":{"self":[{"href":"http:\/\/www.presstourism.ch\/index.php?rest_route=\/wp\/v2\/pages\/5608"}],"collection":[{"href":"http:\/\/www.presstourism.ch\/index.php?rest_route=\/wp\/v2\/pages"}],"about":[{"href":"http:\/\/www.presstourism.ch\/index.php?rest_route=\/wp\/v2\/types\/page"}],"author":[{"embeddable":true,"href":"http:\/\/www.presstourism.ch\/index.php?rest_route=\/wp\/v2\/users\/1"}],"replies":[{"embeddable":true,"href":"http:\/\/www.presstourism.ch\/index.php?rest_route=%2Fwp%2Fv2%2Fcomments&post=5608"}],"version-history":[{"count":1,"href":"http:\/\/www.presstourism.ch\/index.php?rest_route=\/wp\/v2\/pages\/5608\/revisions"}],"predecessor-version":[{"id":5610,"href":"http:\/\/www.presstourism.ch\/index.php?rest_route=\/wp\/v2\/pages\/5608\/revisions\/5610"}],"up":[{"embeddable":true,"href":"http:\/\/www.presstourism.ch\/index.php?rest_route=\/wp\/v2\/pages\/178"}],"wp:attachment":[{"href":"http:\/\/www.presstourism.ch\/index.php?rest_route=%2Fwp%2Fv2%2Fmedia&parent=5608"}],"curies":[{"name":"wp","href":"https:\/\/api.w.org\/{rel}","templated":true}]}}