{"id":5587,"date":"2019-06-04T15:39:27","date_gmt":"2019-06-04T14:39:27","guid":{"rendered":"http:\/\/www.presstourism.ch\/WP_ALEX\/?page_id=5587"},"modified":"2019-06-04T22:02:21","modified_gmt":"2019-06-04T21:02:21","slug":"presstourism-en-armenie-mai-2019","status":"publish","type":"page","link":"http:\/\/www.presstourism.ch\/?page_id=5587","title":{"rendered":"Presstourism en Arm\u00e9nie, mai 2019"},"content":{"rendered":"\n<figure class=\"wp-block-image\"><img loading=\"lazy\" width=\"584\" height=\"441\" src=\"https:\/\/i2.wp.com\/www.presstourism.ch\/WP_ALEX\/wp-content\/uploads\/2019\/06\/P1000197mmw.jpg?resize=584%2C441\" alt=\"\" class=\"wp-image-5588\" srcset=\"https:\/\/i1.wp.com\/www.presstourism.ch\/wp-content\/uploads\/2019\/06\/P1000197mmw.jpg?w=1017 1017w, https:\/\/i1.wp.com\/www.presstourism.ch\/wp-content\/uploads\/2019\/06\/P1000197mmw.jpg?resize=300%2C227 300w, https:\/\/i1.wp.com\/www.presstourism.ch\/wp-content\/uploads\/2019\/06\/P1000197mmw.jpg?resize=768%2C580 768w, https:\/\/i1.wp.com\/www.presstourism.ch\/wp-content\/uploads\/2019\/06\/P1000197mmw.jpg?resize=600%2C453 600w\" sizes=\"(max-width: 584px) 100vw, 584px\" data-recalc-dims=\"1\" \/><\/figure>\n\n\n\n<p>En mai 2019, seize membres de notre association se sont rendus pour quelques jours en Arm\u00e9nie. A l\u2019invitation des autorit\u00e9s arm\u00e9niennes, nous y avons d\u2019abord tenu notre assembl\u00e9e g\u00e9n\u00e9rale annuelle avant de partir, en trois groupes distincts, \u00e0 la d\u00e9couverte de ce pays si beau, si profond, si attachant.<\/p>\n\n\n\n<p>Ce voyage fera naturellement l\u2019objet de nombreuses publications, dans la presse suisse et \u00e9trang\u00e8re, sur divers blogs et sur notre propre site, www.presstourism.ch . Nous vous rendrons compte de ces futurs articles au fur et \u00e0 mesure de leur parution. Si vous souhaitez en \u00eatre pr\u00e9venus en temps et heure, n\u2019oubliez pas de vous abonner (gratuitement) sur notre page d\u2019accueil, dans la case situ\u00e9e en haut \u00e0 droite.<\/p>\n\n\n\n<p>Liste des participants:<\/p>\n\n\n\n<div class=\"wp-block-file\"><a href=\"http:\/\/www.presstourism.ch\/WP_ALEX\/wp-content\/uploads\/2019\/06\/Arm\u00e9nie-participants-20190520-b-site.pdf\">Arm\u00e9nie 2019 participants<\/a><a href=\"http:\/\/www.presstourism.ch\/WP_ALEX\/wp-content\/uploads\/2019\/06\/Arm\u00e9nie-participants-20190520-b-site.pdf\" class=\"wp-block-file__button\" download>T\u00e9l\u00e9charger<\/a><\/div>\n\n\n\n<p><\/p>\n","protected":false},"excerpt":{"rendered":"<p>En mai 2019, seize membres de notre association se sont rendus pour quelques jours en Arm\u00e9nie. A l\u2019invitation des autorit\u00e9s arm\u00e9niennes, nous y avons d\u2019abord tenu notre assembl\u00e9e g\u00e9n\u00e9rale annuelle avant de partir, en trois groupes distincts, \u00e0 la d\u00e9couverte &hellip; <a href=\"http:\/\/www.presstourism.ch\/?page_id=5587\">Continuer la lecture <span class=\"meta-nav\">&rarr;<\/span><\/a><\/p>\n","protected":false},"author":1,"featured_media":0,"parent":5565,"menu_order":0,"comment_status":"open","ping_status":"closed","template":"","meta":{"ngg_post_thumbnail":0,"spay_email":""},"jetpack_sharing_enabled":true,"jetpack_shortlink":"https:\/\/wp.me\/P468TV-1s7","_links":{"self":[{"href":"http:\/\/www.presstourism.ch\/index.php?rest_route=\/wp\/v2\/pages\/5587"}],"collection":[{"href":"http:\/\/www.presstourism.ch\/index.php?rest_route=\/wp\/v2\/pages"}],"about":[{"href":"http:\/\/www.presstourism.ch\/index.php?rest_route=\/wp\/v2\/types\/page"}],"author":[{"embeddable":true,"href":"http:\/\/www.presstourism.ch\/index.php?rest_route=\/wp\/v2\/users\/1"}],"replies":[{"embeddable":true,"href":"http:\/\/www.presstourism.ch\/index.php?rest_route=%2Fwp%2Fv2%2Fcomments&post=5587"}],"version-history":[{"count":3,"href":"http:\/\/www.presstourism.ch\/index.php?rest_route=\/wp\/v2\/pages\/5587\/revisions"}],"predecessor-version":[{"id":5601,"href":"http:\/\/www.presstourism.ch\/index.php?rest_route=\/wp\/v2\/pages\/5587\/revisions\/5601"}],"up":[{"embeddable":true,"href":"http:\/\/www.presstourism.ch\/index.php?rest_route=\/wp\/v2\/pages\/5565"}],"wp:attachment":[{"href":"http:\/\/www.presstourism.ch\/index.php?rest_route=%2Fwp%2Fv2%2Fmedia&parent=5587"}],"curies":[{"name":"wp","href":"https:\/\/api.w.org\/{rel}","templated":true}]}}