{"id":5562,"date":"2019-06-04T15:03:32","date_gmt":"2019-06-04T14:03:32","guid":{"rendered":"http:\/\/www.presstourism.ch\/WP_ALEX\/?page_id=5562"},"modified":"2019-06-04T22:08:28","modified_gmt":"2019-06-04T21:08:28","slug":"larmenie-aux-yeux-des-journalistes-suisses","status":"publish","type":"page","link":"http:\/\/www.presstourism.ch\/?page_id=5562","title":{"rendered":"Presstourism \/ Le Courrier d&rsquo;Erevan"},"content":{"rendered":"\n<figure class=\"wp-block-image\"><img loading=\"lazy\" width=\"584\" height=\"567\" src=\"https:\/\/i2.wp.com\/www.presstourism.ch\/WP_ALEX\/wp-content\/uploads\/2019\/06\/20190525-Courrier-Presstourism.jpg?resize=584%2C567\" alt=\"\" class=\"wp-image-5563\" srcset=\"https:\/\/i1.wp.com\/www.presstourism.ch\/wp-content\/uploads\/2019\/06\/20190525-Courrier-Presstourism.jpg?w=742 742w, https:\/\/i1.wp.com\/www.presstourism.ch\/wp-content\/uploads\/2019\/06\/20190525-Courrier-Presstourism.jpg?resize=300%2C292 300w, https:\/\/i1.wp.com\/www.presstourism.ch\/wp-content\/uploads\/2019\/06\/20190525-Courrier-Presstourism.jpg?resize=600%2C583 600w\" sizes=\"(max-width: 584px) 100vw, 584px\" data-recalc-dims=\"1\" \/><figcaption>Article publi\u00e9 le 25 mai 2019 par le Courrier d&rsquo;Erevan<\/figcaption><\/figure>\n\n\n\n<p>L\u2019Association suisse des journalistes du tourisme effectue chaque ann\u00e9e des voyages de presse et convoque son assembl\u00e9e g\u00e9n\u00e9rale dans un pays &nbsp;\u00e9tranger. Cette fois, le choix s\u2019est arr\u00eat\u00e9 sur l\u2019Arm\u00e9nie. &nbsp;Depuis le 23 mai dernier, un groupe de journalistes suisses d\u00e9couvre&nbsp;les sites historiques et touristiques, l\u2019artisanat et la gastronomie arm\u00e9niens pour partager ensuite leurs impressions sous formes des reportages et des articles.<\/p>\n\n\n\n<p><em>Par Anna Baghdassarian<\/em><\/p>\n\n\n\n<p>Les journalistes suisses viennent d\u2019arriver en\nArm\u00e9nie. Jusqu\u2019au 27 mai, la d\u00e9l\u00e9gation de l\u2019Association suisse des\njournalistes du tourisme, dirig\u00e9e par Alex D\u00e9cotte, parcourra les diff\u00e9rentes\nr\u00e9gions arm\u00e9niennes en partageant ses impressions et en pr\u00e9sentant les\nopportunit\u00e9s touristiques du pays aux m\u00e9dias suisses. Ce voyage \u00e9tait\nl\u2019initiative de Hayk Hovhannisyan, repr\u00e9sentant commercial de la R\u00e9publique\nd\u2019Arm\u00e9nie en Suisse, en coop\u00e9ration avec le Comit\u00e9 d&rsquo;\u00c9tat du tourisme au sein\ndu minist\u00e8re du D\u00e9veloppement \u00e9conomique et des Investissements.<\/p>\n\n\n\n<p>Selon Hayk Hovhannisyan, l\u2019une des branches des\nrelations \u00e9conomiques arm\u00e9no-suisses ayant un grand potentiel de d\u00e9veloppement,\nest le tourisme. \u00ab&nbsp;<em>Les Suisses voyagent beaucoup,\net en Arm\u00e9nie il y a un grand potentiel touristique. L\u2019Arm\u00e9nie est int\u00e9ressante\npour eux. Ils ont des go\u00fbts particuliers : les h\u00f4tels de luxe, les plages et\nles pays baln\u00e9aires &nbsp;ne les surprendront pas, ils s\u2019int\u00e9ressent plut\u00f4t \u00e0\ndes pays exotiques. L\u2019Arm\u00e9nie est attirante par son patrimoine historique,\nculturel et chr\u00e9tien. Pour eux, l\u2019Arm\u00e9nie est une direction originale, encore\ninconnue, et la tenue de tels \u00e9v\u00e9nements en Arm\u00e9nie est une autre occasion de\nfaire d\u00e9couvrir notre pays aux touristes<\/em>&nbsp;\u00bb,- explique Hayk\nHovhannisyan.<\/p>\n\n\n\n<p>Comme nous le confie Alex D\u00e9cotte, il a beaucoup voyag\u00e9&nbsp;\u00e0 titre personnel et professionnel, mais il ne connaissait pas l\u2019Arm\u00e9nie. C\u2019est apr\u00e8s le dernier Sommet de la Francophonie, participant aux 47\u00e8mes Assises de l\u2019Union internationale de la Presse francophone (UPF), que Alex D\u00e9cotte d\u00e9couvre et tombe amoureux du pays en d\u00e9cidant de la visiter absolument: \u00ab<em>&nbsp;L\u2019Arm\u00e9nie est un pays qui a de la conscience et de l\u2019\u00e2me. C\u2019est un pays qui m\u00e9rite d\u2019\u00eatre aim\u00e9. C\u2019est ce que nous allons raconter nos lecteurs&nbsp;<\/em>\u00bb, &#8211; assure Alex D\u00e9cotte. Par ailleurs, il pr\u00e9voit de revenir en Arm\u00e9nie, afin de tourner un film sur le pays, dont les principaux \u00ab acteurs \u00bb seront &nbsp;le Matenadaran &nbsp;(l&rsquo;un des plus riches d\u00e9p\u00f4ts de manuscrits et de documents au monde) et Tumo (Centre des technologies cr\u00e9atives et d\u2019innovation). L\u2019Arm\u00e9nie sera donc pr\u00e9sent\u00e9e comme un pays de contrastes, un pays d\u2019ancien et du pr\u00e9sent.&nbsp;<\/p>\n\n\n\n<p><a href=\"http:\/\/www.courrier.am\/\">Le Courrier d&rsquo;Erevan<\/a><\/p>\n","protected":false},"excerpt":{"rendered":"<p>L\u2019Association suisse des journalistes du tourisme effectue chaque ann\u00e9e des voyages de presse et convoque son assembl\u00e9e g\u00e9n\u00e9rale dans un pays &nbsp;\u00e9tranger. Cette fois, le choix s\u2019est arr\u00eat\u00e9 sur l\u2019Arm\u00e9nie. &nbsp;Depuis le 23 mai dernier, un groupe de journalistes suisses &hellip; <a href=\"http:\/\/www.presstourism.ch\/?page_id=5562\">Continuer la lecture <span class=\"meta-nav\">&rarr;<\/span><\/a><\/p>\n","protected":false},"author":1,"featured_media":0,"parent":5565,"menu_order":0,"comment_status":"open","ping_status":"closed","template":"","meta":{"ngg_post_thumbnail":0,"spay_email":""},"jetpack_sharing_enabled":true,"jetpack_shortlink":"https:\/\/wp.me\/P468TV-1rI","_links":{"self":[{"href":"http:\/\/www.presstourism.ch\/index.php?rest_route=\/wp\/v2\/pages\/5562"}],"collection":[{"href":"http:\/\/www.presstourism.ch\/index.php?rest_route=\/wp\/v2\/pages"}],"about":[{"href":"http:\/\/www.presstourism.ch\/index.php?rest_route=\/wp\/v2\/types\/page"}],"author":[{"embeddable":true,"href":"http:\/\/www.presstourism.ch\/index.php?rest_route=\/wp\/v2\/users\/1"}],"replies":[{"embeddable":true,"href":"http:\/\/www.presstourism.ch\/index.php?rest_route=%2Fwp%2Fv2%2Fcomments&post=5562"}],"version-history":[{"count":3,"href":"http:\/\/www.presstourism.ch\/index.php?rest_route=\/wp\/v2\/pages\/5562\/revisions"}],"predecessor-version":[{"id":5604,"href":"http:\/\/www.presstourism.ch\/index.php?rest_route=\/wp\/v2\/pages\/5562\/revisions\/5604"}],"up":[{"embeddable":true,"href":"http:\/\/www.presstourism.ch\/index.php?rest_route=\/wp\/v2\/pages\/5565"}],"wp:attachment":[{"href":"http:\/\/www.presstourism.ch\/index.php?rest_route=%2Fwp%2Fv2%2Fmedia&parent=5562"}],"curies":[{"name":"wp","href":"https:\/\/api.w.org\/{rel}","templated":true}]}}