{"id":5537,"date":"2019-06-04T08:44:08","date_gmt":"2019-06-04T07:44:08","guid":{"rendered":"http:\/\/www.presstourism.ch\/WP_ALEX\/?page_id=5537"},"modified":"2019-06-04T08:44:09","modified_gmt":"2019-06-04T07:44:09","slug":"malaisie-lasie-rassemblee","status":"publish","type":"page","link":"http:\/\/www.presstourism.ch\/?page_id=5537","title":{"rendered":"Malaisie : l\u2019Asie rassembl\u00e9e"},"content":{"rendered":"\n<div class=\"wp-block-image\"><figure class=\"aligncenter\"><img loading=\"lazy\" width=\"218\" height=\"146\" src=\"https:\/\/i1.wp.com\/www.presstourism.ch\/WP_ALEX\/wp-content\/uploads\/2019\/06\/Malaisie.jpg?resize=218%2C146\" alt=\"\" class=\"wp-image-5538\" data-recalc-dims=\"1\"\/><\/figure><\/div>\n\n\n\n<p>Par Robert Sirdey<\/p>\n\n\n\n<p>Depuis les gratte-ciels de Kuala Lumpur, les larges autoroutes ouvrent une voie anachronique vers l\u2019Asie r\u00eav\u00e9e, la for\u00eat tropicale humide, les montagnes adoucies d\u2019un gros manteau luxuriant, la constellation de villes, de village\u2026 et de plages.<\/p>\n\n\n\n<div class=\"wp-block-file\"><a href=\"http:\/\/www.presstourism.ch\/WP_ALEX\/wp-content\/uploads\/2019\/06\/Ou32_Malaisie_2-2.pdf\">Malaisie<\/a><a href=\"http:\/\/www.presstourism.ch\/WP_ALEX\/wp-content\/uploads\/2019\/06\/Ou32_Malaisie_2-2.pdf\" class=\"wp-block-file__button\" download>T\u00e9l\u00e9charger<\/a><\/div>\n","protected":false},"excerpt":{"rendered":"<p>Par Robert Sirdey Depuis les gratte-ciels de Kuala Lumpur, les larges autoroutes ouvrent une voie anachronique vers l\u2019Asie r\u00eav\u00e9e, la for\u00eat tropicale humide, les montagnes adoucies d\u2019un gros manteau luxuriant, la constellation de villes, de village\u2026 et de plages.<\/p>\n","protected":false},"author":1,"featured_media":0,"parent":311,"menu_order":0,"comment_status":"closed","ping_status":"closed","template":"","meta":{"ngg_post_thumbnail":0,"spay_email":""},"jetpack_sharing_enabled":true,"jetpack_shortlink":"https:\/\/wp.me\/P468TV-1rj","_links":{"self":[{"href":"http:\/\/www.presstourism.ch\/index.php?rest_route=\/wp\/v2\/pages\/5537"}],"collection":[{"href":"http:\/\/www.presstourism.ch\/index.php?rest_route=\/wp\/v2\/pages"}],"about":[{"href":"http:\/\/www.presstourism.ch\/index.php?rest_route=\/wp\/v2\/types\/page"}],"author":[{"embeddable":true,"href":"http:\/\/www.presstourism.ch\/index.php?rest_route=\/wp\/v2\/users\/1"}],"replies":[{"embeddable":true,"href":"http:\/\/www.presstourism.ch\/index.php?rest_route=%2Fwp%2Fv2%2Fcomments&post=5537"}],"version-history":[{"count":1,"href":"http:\/\/www.presstourism.ch\/index.php?rest_route=\/wp\/v2\/pages\/5537\/revisions"}],"predecessor-version":[{"id":5540,"href":"http:\/\/www.presstourism.ch\/index.php?rest_route=\/wp\/v2\/pages\/5537\/revisions\/5540"}],"up":[{"embeddable":true,"href":"http:\/\/www.presstourism.ch\/index.php?rest_route=\/wp\/v2\/pages\/311"}],"wp:attachment":[{"href":"http:\/\/www.presstourism.ch\/index.php?rest_route=%2Fwp%2Fv2%2Fmedia&parent=5537"}],"curies":[{"name":"wp","href":"https:\/\/api.w.org\/{rel}","templated":true}]}}