{"id":5528,"date":"2019-06-04T08:32:26","date_gmt":"2019-06-04T07:32:26","guid":{"rendered":"http:\/\/www.presstourism.ch\/WP_ALEX\/?page_id=5528"},"modified":"2019-06-04T08:32:26","modified_gmt":"2019-06-04T07:32:26","slug":"rallye-aerien-international","status":"publish","type":"page","link":"http:\/\/www.presstourism.ch\/?page_id=5528","title":{"rendered":"Rallye A\u00e9rien International"},"content":{"rendered":"\n<div class=\"wp-block-image\"><figure class=\"aligncenter\"><img loading=\"lazy\" width=\"409\" height=\"266\" src=\"https:\/\/i1.wp.com\/www.presstourism.ch\/WP_ALEX\/wp-content\/uploads\/2019\/06\/Rallye.jpg?resize=409%2C266\" alt=\"\" class=\"wp-image-5529\" srcset=\"https:\/\/i0.wp.com\/www.presstourism.ch\/wp-content\/uploads\/2019\/06\/Rallye.jpg?w=409 409w, https:\/\/i0.wp.com\/www.presstourism.ch\/wp-content\/uploads\/2019\/06\/Rallye.jpg?resize=300%2C195 300w\" sizes=\"(max-width: 409px) 100vw, 409px\" data-recalc-dims=\"1\" \/><\/figure><\/div>\n\n\n\n<p>Par Robert Sirdey<\/p>\n\n\n\n<p>Du Grand Nord aux tropiques, vous voici ma\u00eetre apr\u00e8s Dieu, ma\u00eetre de votre petit avion,\u00a0 mais sous la houlette rassurante des super-pros d\u2019une escadrille apparemment dispers\u00e9e. <\/p>\n\n\n\n<div class=\"wp-block-file\"><a href=\"http:\/\/www.presstourism.ch\/WP_ALEX\/wp-content\/uploads\/2019\/06\/Ou30_RallyeAerien-copie.pdf\">Rallye A\u00e9rien International<\/a><a href=\"http:\/\/www.presstourism.ch\/WP_ALEX\/wp-content\/uploads\/2019\/06\/Ou30_RallyeAerien-copie.pdf\" class=\"wp-block-file__button\" download>T\u00e9l\u00e9charger<\/a><\/div>\n\n\n\n<p><\/p>\n","protected":false},"excerpt":{"rendered":"<p>Par Robert Sirdey Du Grand Nord aux tropiques, vous voici ma\u00eetre apr\u00e8s Dieu, ma\u00eetre de votre petit avion,\u00a0 mais sous la houlette rassurante des super-pros d\u2019une escadrille apparemment dispers\u00e9e.<\/p>\n","protected":false},"author":1,"featured_media":0,"parent":5130,"menu_order":0,"comment_status":"closed","ping_status":"closed","template":"","meta":{"ngg_post_thumbnail":0,"spay_email":""},"jetpack_sharing_enabled":true,"jetpack_shortlink":"https:\/\/wp.me\/P468TV-1ra","_links":{"self":[{"href":"http:\/\/www.presstourism.ch\/index.php?rest_route=\/wp\/v2\/pages\/5528"}],"collection":[{"href":"http:\/\/www.presstourism.ch\/index.php?rest_route=\/wp\/v2\/pages"}],"about":[{"href":"http:\/\/www.presstourism.ch\/index.php?rest_route=\/wp\/v2\/types\/page"}],"author":[{"embeddable":true,"href":"http:\/\/www.presstourism.ch\/index.php?rest_route=\/wp\/v2\/users\/1"}],"replies":[{"embeddable":true,"href":"http:\/\/www.presstourism.ch\/index.php?rest_route=%2Fwp%2Fv2%2Fcomments&post=5528"}],"version-history":[{"count":1,"href":"http:\/\/www.presstourism.ch\/index.php?rest_route=\/wp\/v2\/pages\/5528\/revisions"}],"predecessor-version":[{"id":5531,"href":"http:\/\/www.presstourism.ch\/index.php?rest_route=\/wp\/v2\/pages\/5528\/revisions\/5531"}],"up":[{"embeddable":true,"href":"http:\/\/www.presstourism.ch\/index.php?rest_route=\/wp\/v2\/pages\/5130"}],"wp:attachment":[{"href":"http:\/\/www.presstourism.ch\/index.php?rest_route=%2Fwp%2Fv2%2Fmedia&parent=5528"}],"curies":[{"name":"wp","href":"https:\/\/api.w.org\/{rel}","templated":true}]}}