{"id":5519,"date":"2019-06-04T08:19:46","date_gmt":"2019-06-04T07:19:46","guid":{"rendered":"http:\/\/www.presstourism.ch\/WP_ALEX\/?page_id=5519"},"modified":"2019-06-04T08:19:46","modified_gmt":"2019-06-04T07:19:46","slug":"chili","status":"publish","type":"page","link":"http:\/\/www.presstourism.ch\/?page_id=5519","title":{"rendered":"Chili"},"content":{"rendered":"\n<div class=\"wp-block-image\"><figure class=\"aligncenter\"><img loading=\"lazy\" width=\"405\" height=\"631\" src=\"https:\/\/i1.wp.com\/www.presstourism.ch\/WP_ALEX\/wp-content\/uploads\/2019\/06\/carte_interets_touristiques_g_1.jpg?resize=405%2C631\" alt=\"\" class=\"wp-image-5520\" srcset=\"https:\/\/i1.wp.com\/www.presstourism.ch\/wp-content\/uploads\/2019\/06\/carte_interets_touristiques_g_1.jpg?w=405 405w, https:\/\/i1.wp.com\/www.presstourism.ch\/wp-content\/uploads\/2019\/06\/carte_interets_touristiques_g_1.jpg?resize=193%2C300 193w\" sizes=\"(max-width: 405px) 100vw, 405px\" data-recalc-dims=\"1\" \/><\/figure><\/div>\n\n\n\n<p>Le Chili est un \u00e9troit couloir de terre qui s\u2019\u00e9tend le long de la c\u00f4te ouest de l\u2019Am\u00e9rique du Sud. Le littoral de ce pays suit la c\u00f4te de l\u2019oc\u00e9an Pacifique sur plus de 6 000 km. Santiago, sa capitale, est assise dans une vall\u00e9e, entre la cordill\u00e8re des Andes et la cordill\u00e8re de la Costa. Sur la place principale de la ville, Plaza de Armas, se tiennent une cath\u00e9drale n\u00e9o-classique et le Mus\u00e9e national d\u2019histoire. L\u2019immense parc m\u00e9tropolitain poss\u00e8de des piscines, un jardin botanique et un zoo.<\/p>\n\n\n\n<div class=\"wp-block-image\"><figure class=\"aligncenter\"><img loading=\"lazy\" width=\"225\" height=\"225\" src=\"https:\/\/i0.wp.com\/www.presstourism.ch\/WP_ALEX\/wp-content\/uploads\/2019\/06\/chili-dr-2.jpg?resize=225%2C225\" alt=\"\" class=\"wp-image-5522\" srcset=\"https:\/\/i0.wp.com\/www.presstourism.ch\/wp-content\/uploads\/2019\/06\/chili-dr-2.jpg?w=225 225w, https:\/\/i0.wp.com\/www.presstourism.ch\/wp-content\/uploads\/2019\/06\/chili-dr-2.jpg?resize=150%2C150 150w\" sizes=\"(max-width: 225px) 100vw, 225px\" data-recalc-dims=\"1\" \/><\/figure><\/div>\n\n\n\n<p><\/p>\n","protected":false},"excerpt":{"rendered":"<p>Le Chili est un \u00e9troit couloir de terre qui s\u2019\u00e9tend le long de la c\u00f4te ouest de l\u2019Am\u00e9rique du Sud. Le littoral de ce pays suit la c\u00f4te de l\u2019oc\u00e9an Pacifique sur plus de 6 000 km. Santiago, sa capitale, &hellip; <a href=\"http:\/\/www.presstourism.ch\/?page_id=5519\">Continuer la lecture <span class=\"meta-nav\">&rarr;<\/span><\/a><\/p>\n","protected":false},"author":1,"featured_media":0,"parent":2217,"menu_order":0,"comment_status":"closed","ping_status":"closed","template":"","meta":{"ngg_post_thumbnail":0,"spay_email":""},"jetpack_sharing_enabled":true,"jetpack_shortlink":"https:\/\/wp.me\/P468TV-1r1","_links":{"self":[{"href":"http:\/\/www.presstourism.ch\/index.php?rest_route=\/wp\/v2\/pages\/5519"}],"collection":[{"href":"http:\/\/www.presstourism.ch\/index.php?rest_route=\/wp\/v2\/pages"}],"about":[{"href":"http:\/\/www.presstourism.ch\/index.php?rest_route=\/wp\/v2\/types\/page"}],"author":[{"embeddable":true,"href":"http:\/\/www.presstourism.ch\/index.php?rest_route=\/wp\/v2\/users\/1"}],"replies":[{"embeddable":true,"href":"http:\/\/www.presstourism.ch\/index.php?rest_route=%2Fwp%2Fv2%2Fcomments&post=5519"}],"version-history":[{"count":1,"href":"http:\/\/www.presstourism.ch\/index.php?rest_route=\/wp\/v2\/pages\/5519\/revisions"}],"predecessor-version":[{"id":5523,"href":"http:\/\/www.presstourism.ch\/index.php?rest_route=\/wp\/v2\/pages\/5519\/revisions\/5523"}],"up":[{"embeddable":true,"href":"http:\/\/www.presstourism.ch\/index.php?rest_route=\/wp\/v2\/pages\/2217"}],"wp:attachment":[{"href":"http:\/\/www.presstourism.ch\/index.php?rest_route=%2Fwp%2Fv2%2Fmedia&parent=5519"}],"curies":[{"name":"wp","href":"https:\/\/api.w.org\/{rel}","templated":true}]}}