{"id":5512,"date":"2019-06-03T07:43:13","date_gmt":"2019-06-03T06:43:13","guid":{"rendered":"http:\/\/www.presstourism.ch\/WP_ALEX\/?page_id=5512"},"modified":"2019-06-03T07:49:25","modified_gmt":"2019-06-03T06:49:25","slug":"articles-divers","status":"publish","type":"page","link":"http:\/\/www.presstourism.ch\/?page_id=5512","title":{"rendered":"Articles divers"},"content":{"rendered":"\n<p>Au fil des mois et des ann\u00e9es, plusieurs de nos membres se sont rendus en Arm\u00e9nie. Vous trouverez leurs articles dans cette rubrique. Voyez aussi le travail d&rsquo;une douzaine d&rsquo;entre nous, invit\u00e9s \u00e0 d\u00e9couvrir l&rsquo;Arm\u00e9nie en 2019.<\/p>\n\n\n\n<p><a href=\"http:\/\/www.presstourism.ch\/WP_ALEX\/?page_id=1712\">Arm\u00e9nie m\u00e9connue<\/a><\/p>\n\n\n\n<p><a href=\"http:\/\/www.presstourism.ch\/WP_ALEX\/?page_id=4815\">Escale au pays de l&rsquo;Arche de No\u00e9<\/a><\/p>\n\n\n\n<p><a href=\"http:\/\/www.presstourism.ch\/WP_ALEX\/?page_id=716\">Les ailes de Tatev<\/a><\/p>\n\n\n\n<p><\/p>\n","protected":false},"excerpt":{"rendered":"<p>Au fil des mois et des ann\u00e9es, plusieurs de nos membres se sont rendus en Arm\u00e9nie. Vous trouverez leurs articles dans cette rubrique. Voyez aussi le travail d&rsquo;une douzaine d&rsquo;entre nous, invit\u00e9s \u00e0 d\u00e9couvrir l&rsquo;Arm\u00e9nie en 2019. Arm\u00e9nie m\u00e9connue Escale &hellip; <a href=\"http:\/\/www.presstourism.ch\/?page_id=5512\">Continuer la lecture <span class=\"meta-nav\">&rarr;<\/span><\/a><\/p>\n","protected":false},"author":1,"featured_media":0,"parent":713,"menu_order":0,"comment_status":"closed","ping_status":"closed","template":"","meta":{"ngg_post_thumbnail":0,"spay_email":""},"jetpack_sharing_enabled":true,"jetpack_shortlink":"https:\/\/wp.me\/P468TV-1qU","_links":{"self":[{"href":"http:\/\/www.presstourism.ch\/index.php?rest_route=\/wp\/v2\/pages\/5512"}],"collection":[{"href":"http:\/\/www.presstourism.ch\/index.php?rest_route=\/wp\/v2\/pages"}],"about":[{"href":"http:\/\/www.presstourism.ch\/index.php?rest_route=\/wp\/v2\/types\/page"}],"author":[{"embeddable":true,"href":"http:\/\/www.presstourism.ch\/index.php?rest_route=\/wp\/v2\/users\/1"}],"replies":[{"embeddable":true,"href":"http:\/\/www.presstourism.ch\/index.php?rest_route=%2Fwp%2Fv2%2Fcomments&post=5512"}],"version-history":[{"count":2,"href":"http:\/\/www.presstourism.ch\/index.php?rest_route=\/wp\/v2\/pages\/5512\/revisions"}],"predecessor-version":[{"id":5514,"href":"http:\/\/www.presstourism.ch\/index.php?rest_route=\/wp\/v2\/pages\/5512\/revisions\/5514"}],"up":[{"embeddable":true,"href":"http:\/\/www.presstourism.ch\/index.php?rest_route=\/wp\/v2\/pages\/713"}],"wp:attachment":[{"href":"http:\/\/www.presstourism.ch\/index.php?rest_route=%2Fwp%2Fv2%2Fmedia&parent=5512"}],"curies":[{"name":"wp","href":"https:\/\/api.w.org\/{rel}","templated":true}]}}