{"id":5466,"date":"2019-04-22T14:26:37","date_gmt":"2019-04-22T13:26:37","guid":{"rendered":"http:\/\/www.presstourism.ch\/WP_ALEX\/?page_id=5466"},"modified":"2019-04-22T14:38:48","modified_gmt":"2019-04-22T13:38:48","slug":"comment-les-jeunes-passent-leurs-vacances","status":"publish","type":"page","link":"http:\/\/www.presstourism.ch\/?page_id=5466","title":{"rendered":"Comment les jeunes passent leurs vacances"},"content":{"rendered":"\n<ul class=\"wp-block-gallery columns-3 is-cropped\"><li class=\"blocks-gallery-item\"><figure><img loading=\"lazy\" width=\"1296\" height=\"864\" src=\"https:\/\/i2.wp.com\/www.presstourism.ch\/WP_ALEX\/wp-content\/uploads\/2019\/04\/HotelplanSuisse_Barometre-des-vacances_Jeunes.jpg?fit=640%2C427\" alt=\"\" data-id=\"5467\" data-link=\"http:\/\/www.presstourism.ch\/WP_ALEX\/?attachment_id=5467\" class=\"wp-image-5467\" srcset=\"https:\/\/i1.wp.com\/www.presstourism.ch\/wp-content\/uploads\/2019\/04\/HotelplanSuisse_Barometre-des-vacances_Jeunes.jpg?w=1296 1296w, https:\/\/i1.wp.com\/www.presstourism.ch\/wp-content\/uploads\/2019\/04\/HotelplanSuisse_Barometre-des-vacances_Jeunes.jpg?resize=300%2C200 300w, https:\/\/i1.wp.com\/www.presstourism.ch\/wp-content\/uploads\/2019\/04\/HotelplanSuisse_Barometre-des-vacances_Jeunes.jpg?resize=768%2C512 768w, https:\/\/i1.wp.com\/www.presstourism.ch\/wp-content\/uploads\/2019\/04\/HotelplanSuisse_Barometre-des-vacances_Jeunes.jpg?resize=1024%2C683 1024w, https:\/\/i1.wp.com\/www.presstourism.ch\/wp-content\/uploads\/2019\/04\/HotelplanSuisse_Barometre-des-vacances_Jeunes.jpg?resize=600%2C400 600w, https:\/\/i1.wp.com\/www.presstourism.ch\/wp-content\/uploads\/2019\/04\/HotelplanSuisse_Barometre-des-vacances_Jeunes.jpg?w=1168 1168w\" sizes=\"(max-width: 584px) 100vw, 584px\" \/><\/figure><\/li><li class=\"blocks-gallery-item\"><figure><img loading=\"lazy\" width=\"1296\" height=\"864\" src=\"https:\/\/i2.wp.com\/www.presstourism.ch\/WP_ALEX\/wp-content\/uploads\/2019\/04\/HotelplanSuisse_Barometre-des-vacances_Online.jpg?fit=640%2C427\" alt=\"\" data-id=\"5468\" data-link=\"http:\/\/www.presstourism.ch\/WP_ALEX\/?attachment_id=5468\" class=\"wp-image-5468\" srcset=\"https:\/\/i2.wp.com\/www.presstourism.ch\/wp-content\/uploads\/2019\/04\/HotelplanSuisse_Barometre-des-vacances_Online.jpg?w=1296 1296w, https:\/\/i2.wp.com\/www.presstourism.ch\/wp-content\/uploads\/2019\/04\/HotelplanSuisse_Barometre-des-vacances_Online.jpg?resize=300%2C200 300w, https:\/\/i2.wp.com\/www.presstourism.ch\/wp-content\/uploads\/2019\/04\/HotelplanSuisse_Barometre-des-vacances_Online.jpg?resize=768%2C512 768w, https:\/\/i2.wp.com\/www.presstourism.ch\/wp-content\/uploads\/2019\/04\/HotelplanSuisse_Barometre-des-vacances_Online.jpg?resize=1024%2C683 1024w, https:\/\/i2.wp.com\/www.presstourism.ch\/wp-content\/uploads\/2019\/04\/HotelplanSuisse_Barometre-des-vacances_Online.jpg?resize=600%2C400 600w, https:\/\/i2.wp.com\/www.presstourism.ch\/wp-content\/uploads\/2019\/04\/HotelplanSuisse_Barometre-des-vacances_Online.jpg?w=1168 1168w\" sizes=\"(max-width: 584px) 100vw, 584px\" \/><\/figure><\/li><li class=\"blocks-gallery-item\"><figure><img loading=\"lazy\" width=\"1840\" height=\"1228\" src=\"https:\/\/i0.wp.com\/www.presstourism.ch\/WP_ALEX\/wp-content\/uploads\/2019\/04\/HotelplanSuisse_Barometre-des-vacances_Budget.jpg?fit=640%2C427\" alt=\"\" data-id=\"5469\" data-link=\"http:\/\/www.presstourism.ch\/WP_ALEX\/?attachment_id=5469\" class=\"wp-image-5469\" srcset=\"https:\/\/i0.wp.com\/www.presstourism.ch\/wp-content\/uploads\/2019\/04\/HotelplanSuisse_Barometre-des-vacances_Budget.jpg?w=1840 1840w, https:\/\/i0.wp.com\/www.presstourism.ch\/wp-content\/uploads\/2019\/04\/HotelplanSuisse_Barometre-des-vacances_Budget.jpg?resize=300%2C200 300w, https:\/\/i0.wp.com\/www.presstourism.ch\/wp-content\/uploads\/2019\/04\/HotelplanSuisse_Barometre-des-vacances_Budget.jpg?resize=768%2C513 768w, https:\/\/i0.wp.com\/www.presstourism.ch\/wp-content\/uploads\/2019\/04\/HotelplanSuisse_Barometre-des-vacances_Budget.jpg?resize=1024%2C683 1024w, https:\/\/i0.wp.com\/www.presstourism.ch\/wp-content\/uploads\/2019\/04\/HotelplanSuisse_Barometre-des-vacances_Budget.jpg?resize=600%2C400 600w, https:\/\/i0.wp.com\/www.presstourism.ch\/wp-content\/uploads\/2019\/04\/HotelplanSuisse_Barometre-des-vacances_Budget.jpg?resize=1320%2C881 1320w, https:\/\/i0.wp.com\/www.presstourism.ch\/wp-content\/uploads\/2019\/04\/HotelplanSuisse_Barometre-des-vacances_Budget.jpg?w=1168 1168w, https:\/\/i0.wp.com\/www.presstourism.ch\/wp-content\/uploads\/2019\/04\/HotelplanSuisse_Barometre-des-vacances_Budget.jpg?w=1752 1752w\" sizes=\"(max-width: 584px) 100vw, 584px\" \/><\/figure><\/li><li class=\"blocks-gallery-item\"><figure><img loading=\"lazy\" width=\"1373\" height=\"915\" src=\"https:\/\/i0.wp.com\/www.presstourism.ch\/WP_ALEX\/wp-content\/uploads\/2019\/04\/HotelplanSuisse_Barometre-des-vacances_court-terme.jpg?fit=640%2C426\" alt=\"\" data-id=\"5470\" data-link=\"http:\/\/www.presstourism.ch\/WP_ALEX\/?attachment_id=5470\" class=\"wp-image-5470\" srcset=\"https:\/\/i0.wp.com\/www.presstourism.ch\/wp-content\/uploads\/2019\/04\/HotelplanSuisse_Barometre-des-vacances_court-terme.jpg?w=1373 1373w, https:\/\/i0.wp.com\/www.presstourism.ch\/wp-content\/uploads\/2019\/04\/HotelplanSuisse_Barometre-des-vacances_court-terme.jpg?resize=300%2C200 300w, https:\/\/i0.wp.com\/www.presstourism.ch\/wp-content\/uploads\/2019\/04\/HotelplanSuisse_Barometre-des-vacances_court-terme.jpg?resize=768%2C512 768w, https:\/\/i0.wp.com\/www.presstourism.ch\/wp-content\/uploads\/2019\/04\/HotelplanSuisse_Barometre-des-vacances_court-terme.jpg?resize=1024%2C682 1024w, https:\/\/i0.wp.com\/www.presstourism.ch\/wp-content\/uploads\/2019\/04\/HotelplanSuisse_Barometre-des-vacances_court-terme.jpg?resize=600%2C400 600w, https:\/\/i0.wp.com\/www.presstourism.ch\/wp-content\/uploads\/2019\/04\/HotelplanSuisse_Barometre-des-vacances_court-terme.jpg?resize=1320%2C880 1320w, https:\/\/i0.wp.com\/www.presstourism.ch\/wp-content\/uploads\/2019\/04\/HotelplanSuisse_Barometre-des-vacances_court-terme.jpg?w=1168 1168w\" sizes=\"(max-width: 584px) 100vw, 584px\" \/><\/figure><\/li><li class=\"blocks-gallery-item\"><figure><img loading=\"lazy\" width=\"1309\" height=\"873\" src=\"https:\/\/i0.wp.com\/www.presstourism.ch\/WP_ALEX\/wp-content\/uploads\/2019\/04\/HotelplanSuisse_Barometre-des-vacances_Cover.jpg?fit=640%2C427\" alt=\"\" data-id=\"5471\" data-link=\"http:\/\/www.presstourism.ch\/WP_ALEX\/?attachment_id=5471\" class=\"wp-image-5471\" srcset=\"https:\/\/i1.wp.com\/www.presstourism.ch\/wp-content\/uploads\/2019\/04\/HotelplanSuisse_Barometre-des-vacances_Cover.jpg?w=1309 1309w, https:\/\/i1.wp.com\/www.presstourism.ch\/wp-content\/uploads\/2019\/04\/HotelplanSuisse_Barometre-des-vacances_Cover.jpg?resize=300%2C200 300w, https:\/\/i1.wp.com\/www.presstourism.ch\/wp-content\/uploads\/2019\/04\/HotelplanSuisse_Barometre-des-vacances_Cover.jpg?resize=768%2C512 768w, https:\/\/i1.wp.com\/www.presstourism.ch\/wp-content\/uploads\/2019\/04\/HotelplanSuisse_Barometre-des-vacances_Cover.jpg?resize=1024%2C683 1024w, https:\/\/i1.wp.com\/www.presstourism.ch\/wp-content\/uploads\/2019\/04\/HotelplanSuisse_Barometre-des-vacances_Cover.jpg?resize=600%2C400 600w, https:\/\/i1.wp.com\/www.presstourism.ch\/wp-content\/uploads\/2019\/04\/HotelplanSuisse_Barometre-des-vacances_Cover.jpg?w=1168 1168w\" sizes=\"(max-width: 584px) 100vw, 584px\" \/><\/figure><\/li><li class=\"blocks-gallery-item\"><figure><img loading=\"lazy\" width=\"1493\" height=\"854\" src=\"https:\/\/i2.wp.com\/www.presstourism.ch\/WP_ALEX\/wp-content\/uploads\/2019\/04\/HotelplanSuisse_Barometre-des-vacances_F\u00eate.jpg?fit=640%2C366\" alt=\"\" data-id=\"5472\" data-link=\"http:\/\/www.presstourism.ch\/WP_ALEX\/?attachment_id=5472\" class=\"wp-image-5472\" srcset=\"https:\/\/i2.wp.com\/www.presstourism.ch\/wp-content\/uploads\/2019\/04\/HotelplanSuisse_Barometre-des-vacances_F\u00eate.jpg?w=1493 1493w, https:\/\/i2.wp.com\/www.presstourism.ch\/wp-content\/uploads\/2019\/04\/HotelplanSuisse_Barometre-des-vacances_F\u00eate.jpg?resize=300%2C172 300w, https:\/\/i2.wp.com\/www.presstourism.ch\/wp-content\/uploads\/2019\/04\/HotelplanSuisse_Barometre-des-vacances_F\u00eate.jpg?resize=768%2C439 768w, https:\/\/i2.wp.com\/www.presstourism.ch\/wp-content\/uploads\/2019\/04\/HotelplanSuisse_Barometre-des-vacances_F\u00eate.jpg?resize=1024%2C586 1024w, https:\/\/i2.wp.com\/www.presstourism.ch\/wp-content\/uploads\/2019\/04\/HotelplanSuisse_Barometre-des-vacances_F\u00eate.jpg?resize=600%2C343 600w, https:\/\/i2.wp.com\/www.presstourism.ch\/wp-content\/uploads\/2019\/04\/HotelplanSuisse_Barometre-des-vacances_F\u00eate.jpg?resize=1320%2C755 1320w, https:\/\/i2.wp.com\/www.presstourism.ch\/wp-content\/uploads\/2019\/04\/HotelplanSuisse_Barometre-des-vacances_F\u00eate.jpg?w=1168 1168w\" sizes=\"(max-width: 584px) 100vw, 584px\" \/><\/figure><\/li><\/ul>\n\n\n\n<p>D\u00e9couvrir le monde est devenu une seconde nature pour les jeunes adultes. Mais comment voyagent-ils et o\u00f9 r\u00e9servent-ils leurs vacances? Comment le comportement des vacances \u00e9volue-t-il dans les diff\u00e9rentes tranches d&rsquo;\u00e2ge entre 18 et 40 ans? Le barom\u00e8tre des vacances, \u00e9tabli par le voyagiste Hotelplan Suisse, fournit les r\u00e9ponses et d\u00e9crit le comportement de r\u00e9servation des jeunes voyageurs suisses.<\/p>\n\n\n\n<figure class=\"wp-block-image\"><img loading=\"lazy\" width=\"584\" height=\"390\" src=\"https:\/\/i0.wp.com\/www.presstourism.ch\/WP_ALEX\/wp-content\/uploads\/2019\/04\/HotelplanSuisse_Barometre-des-vacances_Jeunes-1024x683.jpg?resize=584%2C390\" alt=\"\" class=\"wp-image-5467\" srcset=\"https:\/\/i1.wp.com\/www.presstourism.ch\/wp-content\/uploads\/2019\/04\/HotelplanSuisse_Barometre-des-vacances_Jeunes.jpg?resize=1024%2C683 1024w, https:\/\/i1.wp.com\/www.presstourism.ch\/wp-content\/uploads\/2019\/04\/HotelplanSuisse_Barometre-des-vacances_Jeunes.jpg?resize=300%2C200 300w, https:\/\/i1.wp.com\/www.presstourism.ch\/wp-content\/uploads\/2019\/04\/HotelplanSuisse_Barometre-des-vacances_Jeunes.jpg?resize=768%2C512 768w, https:\/\/i1.wp.com\/www.presstourism.ch\/wp-content\/uploads\/2019\/04\/HotelplanSuisse_Barometre-des-vacances_Jeunes.jpg?resize=600%2C400 600w, https:\/\/i1.wp.com\/www.presstourism.ch\/wp-content\/uploads\/2019\/04\/HotelplanSuisse_Barometre-des-vacances_Jeunes.jpg?w=1296 1296w, https:\/\/i1.wp.com\/www.presstourism.ch\/wp-content\/uploads\/2019\/04\/HotelplanSuisse_Barometre-des-vacances_Jeunes.jpg?w=1168 1168w\" sizes=\"(max-width: 584px) 100vw, 584px\" data-recalc-dims=\"1\" \/><\/figure>\n\n\n\n<p>Le barom\u00e8tre des vacances \u00abJeunes en voyage\u00bb a permis \u00e0 Hotelplan Suisse de g\u00e9n\u00e9rer une analyse statistique compl\u00e8te sur le groupe cible de \u00abvoyageurs entre 18 et 40 ans\u00bb. Pour cette \u00e9valuation, le voyagiste a analys\u00e9 et r\u00e9sum\u00e9 les donn\u00e9es disponibles des marques de voyages Vacances Migros, Hotelplan, Tourisme Pour Tous, Travelhouse et Globus Voyages.<\/p>\n\n\n\n<p>\u00abLa demande de vacances des \u00a0\u00bbYoung Traveller\u00a0\u00bb a augment\u00e9 r\u00e9guli\u00e8rement au cours des derni\u00e8res ann\u00e9es. Ils voyagent de mani\u00e8re plus autonome et cultivent le contact avec leurs amis autour du monde en leur rendant visite\u00bb, explique Daniel B\u00fchlmann, COO Hotelplan Suisse. \u00abLes jeunes adultes repr\u00e9sentent un groupe de clients important pour Hotelplan Suisse. Ils repr\u00e9sentent une part consid\u00e9rable des r\u00e9servations en ligne, aux prix attrayants, car ce groupe cible est avant tout attentif \u00e0 son budget.<\/p>\n\n\n\n<figure class=\"wp-block-image\"><img loading=\"lazy\" width=\"584\" height=\"389\" src=\"https:\/\/i2.wp.com\/www.presstourism.ch\/WP_ALEX\/wp-content\/uploads\/2019\/04\/HotelplanSuisse_Barometre-des-vacances_court-terme-1024x682.jpg?resize=584%2C389\" alt=\"\" class=\"wp-image-5470\" srcset=\"https:\/\/i0.wp.com\/www.presstourism.ch\/wp-content\/uploads\/2019\/04\/HotelplanSuisse_Barometre-des-vacances_court-terme.jpg?resize=1024%2C682 1024w, https:\/\/i0.wp.com\/www.presstourism.ch\/wp-content\/uploads\/2019\/04\/HotelplanSuisse_Barometre-des-vacances_court-terme.jpg?resize=300%2C200 300w, https:\/\/i0.wp.com\/www.presstourism.ch\/wp-content\/uploads\/2019\/04\/HotelplanSuisse_Barometre-des-vacances_court-terme.jpg?resize=768%2C512 768w, https:\/\/i0.wp.com\/www.presstourism.ch\/wp-content\/uploads\/2019\/04\/HotelplanSuisse_Barometre-des-vacances_court-terme.jpg?resize=600%2C400 600w, https:\/\/i0.wp.com\/www.presstourism.ch\/wp-content\/uploads\/2019\/04\/HotelplanSuisse_Barometre-des-vacances_court-terme.jpg?resize=1320%2C880 1320w, https:\/\/i0.wp.com\/www.presstourism.ch\/wp-content\/uploads\/2019\/04\/HotelplanSuisse_Barometre-des-vacances_court-terme.jpg?w=1373 1373w, https:\/\/i0.wp.com\/www.presstourism.ch\/wp-content\/uploads\/2019\/04\/HotelplanSuisse_Barometre-des-vacances_court-terme.jpg?w=1168 1168w\" sizes=\"(max-width: 584px) 100vw, 584px\" data-recalc-dims=\"1\" \/><\/figure>\n\n\n\n<p>L\u2019analyse \u00abJeunes en voyage\u00bb montre des r\u00e9sultats relatifs au choix des destinations, aux d\u00e9lais et canaux de r\u00e9servation ainsi qu\u2019\u00e0 la structure d\u2019\u00e2ge. Sur toutes les r\u00e9servations effectu\u00e9es chez Hotelplan Suisse, la part des clients jusqu\u2019\u00e0 40 ans s\u2019\u00e9l\u00e8ve \u00e0 plus de 52%. Selon les affirmations et constats tir\u00e9s des statistiques de l\u2019actuel barom\u00e8tre des vacances d\u2019Hotelplan Suisse, on peut en conclure que:<\/p>\n\n\n\n<p><br><strong>Les jeunes pr\u00e9f\u00e8rent les \u00eeles<\/strong><\/p>\n\n\n\n<figure class=\"wp-block-image\"><img loading=\"lazy\" width=\"584\" height=\"334\" src=\"https:\/\/i0.wp.com\/www.presstourism.ch\/WP_ALEX\/wp-content\/uploads\/2019\/04\/HotelplanSuisse_Barometre-des-vacances_F\u00eate-1024x586.jpg?resize=584%2C334\" alt=\"\" class=\"wp-image-5472\" srcset=\"https:\/\/i2.wp.com\/www.presstourism.ch\/wp-content\/uploads\/2019\/04\/HotelplanSuisse_Barometre-des-vacances_F\u00eate.jpg?resize=1024%2C586 1024w, https:\/\/i2.wp.com\/www.presstourism.ch\/wp-content\/uploads\/2019\/04\/HotelplanSuisse_Barometre-des-vacances_F\u00eate.jpg?resize=300%2C172 300w, https:\/\/i2.wp.com\/www.presstourism.ch\/wp-content\/uploads\/2019\/04\/HotelplanSuisse_Barometre-des-vacances_F\u00eate.jpg?resize=768%2C439 768w, https:\/\/i2.wp.com\/www.presstourism.ch\/wp-content\/uploads\/2019\/04\/HotelplanSuisse_Barometre-des-vacances_F\u00eate.jpg?resize=600%2C343 600w, https:\/\/i2.wp.com\/www.presstourism.ch\/wp-content\/uploads\/2019\/04\/HotelplanSuisse_Barometre-des-vacances_F\u00eate.jpg?resize=1320%2C755 1320w, https:\/\/i2.wp.com\/www.presstourism.ch\/wp-content\/uploads\/2019\/04\/HotelplanSuisse_Barometre-des-vacances_F\u00eate.jpg?w=1493 1493w, https:\/\/i2.wp.com\/www.presstourism.ch\/wp-content\/uploads\/2019\/04\/HotelplanSuisse_Barometre-des-vacances_F\u00eate.jpg?w=1168 1168w\" sizes=\"(max-width: 584px) 100vw, 584px\" data-recalc-dims=\"1\" \/><\/figure>\n\n\n\n<p>Les \u00eeles espagnoles et grecques occupent la premi\u00e8re et seconde place sur l\u2019\u00e9chelle de popularit\u00e9 chez les familles et les couples. Mais pour les jeunes jusqu&rsquo;\u00e0 24 ans, les \u00eeles d&rsquo;Ibiza et de Chypre, lieux incontournables pour faire la f\u00eate, constituent les destinations favorites. Les voyageurs de 25 ans et plus appr\u00e9cient plut\u00f4t Tenerife et la Cr\u00e8te. Dans le domaine des voyages intervilles, Paris reste tendance chez les jeunes. Tandis que la ville de Hambourg rencontre un grand succ\u00e8s aupr\u00e8s des clients de 30 ans et plus. Le clich\u00e9 comme quoi \u00ables croisi\u00e8res ne sont que pour les vieux\u00bb n&rsquo;est plus d\u2019actualit\u00e9: ce type de voyage est de plus en plus c\u00f4t\u00e9 chez les jeunes adultes. Les voyages \u00e0 th\u00e8me comme les croisi\u00e8res musicales offrent de la vari\u00e9t\u00e9 et plaisent davantage aux jeunes.<\/p>\n\n\n\n<p><strong>Les jeunes r\u00e9servent davantage \u00e0 court terme<\/strong><strong><\/strong><\/p>\n\n\n\n<figure class=\"wp-block-image\"><img loading=\"lazy\" width=\"584\" height=\"390\" src=\"https:\/\/i1.wp.com\/www.presstourism.ch\/WP_ALEX\/wp-content\/uploads\/2019\/04\/HotelplanSuisse_Barometre-des-vacances_Online-1024x683.jpg?resize=584%2C390\" alt=\"\" class=\"wp-image-5468\" srcset=\"https:\/\/i2.wp.com\/www.presstourism.ch\/wp-content\/uploads\/2019\/04\/HotelplanSuisse_Barometre-des-vacances_Online.jpg?resize=1024%2C683 1024w, https:\/\/i2.wp.com\/www.presstourism.ch\/wp-content\/uploads\/2019\/04\/HotelplanSuisse_Barometre-des-vacances_Online.jpg?resize=300%2C200 300w, https:\/\/i2.wp.com\/www.presstourism.ch\/wp-content\/uploads\/2019\/04\/HotelplanSuisse_Barometre-des-vacances_Online.jpg?resize=768%2C512 768w, https:\/\/i2.wp.com\/www.presstourism.ch\/wp-content\/uploads\/2019\/04\/HotelplanSuisse_Barometre-des-vacances_Online.jpg?resize=600%2C400 600w, https:\/\/i2.wp.com\/www.presstourism.ch\/wp-content\/uploads\/2019\/04\/HotelplanSuisse_Barometre-des-vacances_Online.jpg?w=1296 1296w, https:\/\/i2.wp.com\/www.presstourism.ch\/wp-content\/uploads\/2019\/04\/HotelplanSuisse_Barometre-des-vacances_Online.jpg?w=1168 1168w\" sizes=\"(max-width: 584px) 100vw, 584px\" data-recalc-dims=\"1\" \/><\/figure>\n\n\n\n<p>La jeune g\u00e9n\u00e9ration r\u00e9serve plut\u00f4t \u00e0 court terme, jusqu&rsquo;\u00e0 30 jours avant le d\u00e9part. Ce n&rsquo;est qu&rsquo;\u00e0 partir de 30 ans, lorsqu\u2019ils voyagent avec des enfants, que la planification est prolong\u00e9e jusqu&rsquo;\u00e0 180 jours avant le d\u00e9part. Cela montre que les jeunes adultes pr\u00e9parent spontan\u00e9ment leurs projets de vacances. M\u00eame si les offres classiques Last Minute, que l\u2019on connaissait il y a 10 \u00e0 15 ans, ne sont plus comparables en raison des changements de prix dans le secteur du voyage, les jeunes r\u00e9servent principalement \u00e0 court terme. On peut en conclure que la spontan\u00e9it\u00e9 est plus importante que le prix.<\/p>\n\n\n\n<p><strong>Les jeunes r\u00e9servent aussi bien \u00e0 l&rsquo;agence de voyage qu\u2019en ligne<\/strong><strong><\/strong><\/p>\n\n\n\n<figure class=\"wp-block-image\"><img loading=\"lazy\" width=\"584\" height=\"390\" src=\"https:\/\/i0.wp.com\/www.presstourism.ch\/WP_ALEX\/wp-content\/uploads\/2019\/04\/HotelplanSuisse_Barometre-des-vacances_Cover-1024x683.jpg?resize=584%2C390\" alt=\"\" class=\"wp-image-5471\" srcset=\"https:\/\/i1.wp.com\/www.presstourism.ch\/wp-content\/uploads\/2019\/04\/HotelplanSuisse_Barometre-des-vacances_Cover.jpg?resize=1024%2C683 1024w, https:\/\/i1.wp.com\/www.presstourism.ch\/wp-content\/uploads\/2019\/04\/HotelplanSuisse_Barometre-des-vacances_Cover.jpg?resize=300%2C200 300w, https:\/\/i1.wp.com\/www.presstourism.ch\/wp-content\/uploads\/2019\/04\/HotelplanSuisse_Barometre-des-vacances_Cover.jpg?resize=768%2C512 768w, https:\/\/i1.wp.com\/www.presstourism.ch\/wp-content\/uploads\/2019\/04\/HotelplanSuisse_Barometre-des-vacances_Cover.jpg?resize=600%2C400 600w, https:\/\/i1.wp.com\/www.presstourism.ch\/wp-content\/uploads\/2019\/04\/HotelplanSuisse_Barometre-des-vacances_Cover.jpg?w=1309 1309w, https:\/\/i1.wp.com\/www.presstourism.ch\/wp-content\/uploads\/2019\/04\/HotelplanSuisse_Barometre-des-vacances_Cover.jpg?w=1168 1168w\" sizes=\"(max-width: 584px) 100vw, 584px\" data-recalc-dims=\"1\" \/><\/figure>\n\n\n\n<p>64% des voyageurs jusqu\u2019\u00e0 40 ans choisissent l\u2019agence de voyages comme canal de r\u00e9servation et recherchent toujours plus le conseil du sp\u00e9cialiste. Lors de l\u2019entretien-conseil, les jeunes discutent souvent des points suivants: le montant limite des cartes de cr\u00e9dit, l\u2019assistance en cas de probl\u00e8mes sur place ou le paiement en plusieurs fois. \u00c0 noter toutefois que 36% de cette tranche d\u2019\u00e2ge r\u00e9servent un voyage en ligne sur&nbsp;<a href=\"http:\/\/vacances-migros.ch\/\" target=\"_blank\" rel=\"noreferrer noopener\">vacances-migros.ch<\/a>&nbsp;et&nbsp;<a href=\"http:\/\/hotelplan.ch\/\" target=\"_blank\" rel=\"noreferrer noopener\">hotelplan.ch<\/a>. Pour des destinations lointaines, les jeunes partent en moyenne sept jours en vacances.<\/p>\n\n\n\n<p><strong>Les jeunes ont un plus petit budget de vacances<\/strong><strong><\/strong><\/p>\n\n\n\n<figure class=\"wp-block-image\"><img loading=\"lazy\" width=\"584\" height=\"390\" src=\"https:\/\/i0.wp.com\/www.presstourism.ch\/WP_ALEX\/wp-content\/uploads\/2019\/04\/HotelplanSuisse_Barometre-des-vacances_Budget-1024x683.jpg?resize=584%2C390\" alt=\"\" class=\"wp-image-5469\" srcset=\"https:\/\/i0.wp.com\/www.presstourism.ch\/wp-content\/uploads\/2019\/04\/HotelplanSuisse_Barometre-des-vacances_Budget.jpg?resize=1024%2C683 1024w, https:\/\/i0.wp.com\/www.presstourism.ch\/wp-content\/uploads\/2019\/04\/HotelplanSuisse_Barometre-des-vacances_Budget.jpg?resize=300%2C200 300w, https:\/\/i0.wp.com\/www.presstourism.ch\/wp-content\/uploads\/2019\/04\/HotelplanSuisse_Barometre-des-vacances_Budget.jpg?resize=768%2C513 768w, https:\/\/i0.wp.com\/www.presstourism.ch\/wp-content\/uploads\/2019\/04\/HotelplanSuisse_Barometre-des-vacances_Budget.jpg?resize=600%2C400 600w, https:\/\/i0.wp.com\/www.presstourism.ch\/wp-content\/uploads\/2019\/04\/HotelplanSuisse_Barometre-des-vacances_Budget.jpg?resize=1320%2C881 1320w, https:\/\/i0.wp.com\/www.presstourism.ch\/wp-content\/uploads\/2019\/04\/HotelplanSuisse_Barometre-des-vacances_Budget.jpg?w=1840 1840w, https:\/\/i0.wp.com\/www.presstourism.ch\/wp-content\/uploads\/2019\/04\/HotelplanSuisse_Barometre-des-vacances_Budget.jpg?w=1168 1168w, https:\/\/i0.wp.com\/www.presstourism.ch\/wp-content\/uploads\/2019\/04\/HotelplanSuisse_Barometre-des-vacances_Budget.jpg?w=1752 1752w\" sizes=\"(max-width: 584px) 100vw, 584px\" data-recalc-dims=\"1\" \/><\/figure>\n\n\n\n<p>Si l\u2019on tient compte du budget moyen des Suisses, qui est de CHF 1&rsquo;350.- par personne et voyage, les jeunes entre 18 et 24 ans se situent au-dessous de la moyenne suisse avec CHF 1&rsquo;120.-. Ils accordent moins d\u2019importance au luxe et au confort. Les s\u00e9jours baln\u00e9aires ou les circuits en groupe sont surtout r\u00e9serv\u00e9s avec la marque directe Vacances Migros ou la marque traditionnelle Hotelplan. De plus, les jeunes adultes voyagent g\u00e9n\u00e9ralement entre juillet et octobre, car beaucoup d&rsquo;entre eux ont des vacances semestrielles \u00e0 cette p\u00e9riode.<\/p>\n\n\n\n<p><strong>Les jeunes voyagent majoritairement entre 25 et 29 ans<\/strong><strong><\/strong><\/p>\n\n\n\n<p>Avec 31%, les jeunes entre 25 et 29 ans voyagent le plus, si l\u2019on consid\u00e8re la structure d\u2019\u00e2ge.&nbsp;\u00c0 ce stade de leur vie, les voyageurs de plus de 25 ans disposent du budget de vacances le plus important: ils n\u2019ont pas encore d\u2019enfants et ont un travail avec un salaire r\u00e9gulier. 88% des jeunes de 25 \u00e0 29 ans voyagent en couple sans enfants: apr\u00e8s leur formation professionnelle et avant de passer \u00e0 la \u00abvie s\u00e9rieuse\u00bb, ils veulent souvent voyager autour du monde en couple ou avec leurs meilleurs amis.<\/p>\n\n\n\n<p> Glattbrugg, le 16 avril 2019 |\u00a0 <\/p>\n\n\n\n<p><\/p>\n\n\n\n<div class=\"wp-block-file\"><a href=\"http:\/\/www.presstourism.ch\/WP_ALEX\/wp-content\/uploads\/2019\/04\/2019-04-16_HotelplanSuisse_Barometre-des-vacances_Jeunes-en-voyage.pdf\">Barom\u00e8tre 2019<\/a><a href=\"http:\/\/www.presstourism.ch\/WP_ALEX\/wp-content\/uploads\/2019\/04\/2019-04-16_HotelplanSuisse_Barometre-des-vacances_Jeunes-en-voyage.pdf\" class=\"wp-block-file__button\" download>T\u00e9l\u00e9charger<\/a><\/div>\n","protected":false},"excerpt":{"rendered":"<p>D\u00e9couvrir le monde est devenu une seconde nature pour les jeunes adultes. Mais comment voyagent-ils et o\u00f9 r\u00e9servent-ils leurs vacances? Comment le comportement des vacances \u00e9volue-t-il dans les diff\u00e9rentes tranches d&rsquo;\u00e2ge entre 18 et 40 ans? Le barom\u00e8tre des vacances, &hellip; <a href=\"http:\/\/www.presstourism.ch\/?page_id=5466\">Continuer la lecture <span class=\"meta-nav\">&rarr;<\/span><\/a><\/p>\n","protected":false},"author":1,"featured_media":0,"parent":5130,"menu_order":0,"comment_status":"closed","ping_status":"closed","template":"","meta":{"ngg_post_thumbnail":0,"spay_email":""},"jetpack_sharing_enabled":true,"jetpack_shortlink":"https:\/\/wp.me\/P468TV-1qa","_links":{"self":[{"href":"http:\/\/www.presstourism.ch\/index.php?rest_route=\/wp\/v2\/pages\/5466"}],"collection":[{"href":"http:\/\/www.presstourism.ch\/index.php?rest_route=\/wp\/v2\/pages"}],"about":[{"href":"http:\/\/www.presstourism.ch\/index.php?rest_route=\/wp\/v2\/types\/page"}],"author":[{"embeddable":true,"href":"http:\/\/www.presstourism.ch\/index.php?rest_route=\/wp\/v2\/users\/1"}],"replies":[{"embeddable":true,"href":"http:\/\/www.presstourism.ch\/index.php?rest_route=%2Fwp%2Fv2%2Fcomments&post=5466"}],"version-history":[{"count":3,"href":"http:\/\/www.presstourism.ch\/index.php?rest_route=\/wp\/v2\/pages\/5466\/revisions"}],"predecessor-version":[{"id":5482,"href":"http:\/\/www.presstourism.ch\/index.php?rest_route=\/wp\/v2\/pages\/5466\/revisions\/5482"}],"up":[{"embeddable":true,"href":"http:\/\/www.presstourism.ch\/index.php?rest_route=\/wp\/v2\/pages\/5130"}],"wp:attachment":[{"href":"http:\/\/www.presstourism.ch\/index.php?rest_route=%2Fwp%2Fv2%2Fmedia&parent=5466"}],"curies":[{"name":"wp","href":"https:\/\/api.w.org\/{rel}","templated":true}]}}