{"id":5403,"date":"2019-04-07T14:17:19","date_gmt":"2019-04-07T13:17:19","guid":{"rendered":"http:\/\/www.presstourism.ch\/WP_ALEX\/?page_id=5403"},"modified":"2023-06-09T20:10:26","modified_gmt":"2023-06-09T18:10:26","slug":"ahmad-reane","status":"publish","type":"page","link":"http:\/\/www.presstourism.ch\/?page_id=5403","title":{"rendered":"Ahmad R\u00e9ane"},"content":{"rendered":"\n<figure class=\"wp-block-image is-resized\"><img loading=\"lazy\" src=\"https:\/\/i1.wp.com\/www.presstourism.ch\/WP_ALEX\/wp-content\/uploads\/2019\/04\/Ahmad-Reane_P1150471.jpg?fit=640%2C853\" alt=\"\" class=\"wp-image-5404\" width=\"133\" height=\"176\" srcset=\"https:\/\/i0.wp.com\/www.presstourism.ch\/wp-content\/uploads\/2019\/04\/Ahmad-Reane_P1150471.jpg?w=1350 1350w, https:\/\/i0.wp.com\/www.presstourism.ch\/wp-content\/uploads\/2019\/04\/Ahmad-Reane_P1150471.jpg?resize=225%2C300 225w, https:\/\/i0.wp.com\/www.presstourism.ch\/wp-content\/uploads\/2019\/04\/Ahmad-Reane_P1150471.jpg?resize=768%2C1024 768w, https:\/\/i0.wp.com\/www.presstourism.ch\/wp-content\/uploads\/2019\/04\/Ahmad-Reane_P1150471.jpg?resize=600%2C800 600w, https:\/\/i0.wp.com\/www.presstourism.ch\/wp-content\/uploads\/2019\/04\/Ahmad-Reane_P1150471.jpg?resize=1320%2C1760 1320w, https:\/\/i0.wp.com\/www.presstourism.ch\/wp-content\/uploads\/2019\/04\/Ahmad-Reane_P1150471.jpg?w=1168 1168w\" sizes=\"(max-width: 133px) 100vw, 133px\" \/><\/figure>\n\n\n\n<p><a href=\"http:\/\/www.presstourism.ch\/?page_id=6281\">Vibrante et hospitali\u00e8re, l\u2019Arm\u00e9nie rec\u00e8le de nombreux tr\u00e9sors<\/a><\/p>\n\n\n\n<p><a href=\"http:\/\/www.presstourism.ch\/?page_id=5393\">Equateur: Le chocolat Mashpi, de la Ferme \u00e0 la Tablette<\/a><\/p>\n\n\n\n<p><\/p>\n","protected":false},"excerpt":{"rendered":"<p>Vibrante et hospitali\u00e8re, l\u2019Arm\u00e9nie rec\u00e8le de nombreux tr\u00e9sors Equateur: Le chocolat Mashpi, de la Ferme \u00e0 la Tablette<\/p>\n","protected":false},"author":1,"featured_media":0,"parent":76,"menu_order":0,"comment_status":"open","ping_status":"closed","template":"","meta":{"ngg_post_thumbnail":0,"spay_email":""},"jetpack_sharing_enabled":true,"jetpack_shortlink":"https:\/\/wp.me\/P468TV-1p9","_links":{"self":[{"href":"http:\/\/www.presstourism.ch\/index.php?rest_route=\/wp\/v2\/pages\/5403"}],"collection":[{"href":"http:\/\/www.presstourism.ch\/index.php?rest_route=\/wp\/v2\/pages"}],"about":[{"href":"http:\/\/www.presstourism.ch\/index.php?rest_route=\/wp\/v2\/types\/page"}],"author":[{"embeddable":true,"href":"http:\/\/www.presstourism.ch\/index.php?rest_route=\/wp\/v2\/users\/1"}],"replies":[{"embeddable":true,"href":"http:\/\/www.presstourism.ch\/index.php?rest_route=%2Fwp%2Fv2%2Fcomments&post=5403"}],"version-history":[{"count":3,"href":"http:\/\/www.presstourism.ch\/index.php?rest_route=\/wp\/v2\/pages\/5403\/revisions"}],"predecessor-version":[{"id":9146,"href":"http:\/\/www.presstourism.ch\/index.php?rest_route=\/wp\/v2\/pages\/5403\/revisions\/9146"}],"up":[{"embeddable":true,"href":"http:\/\/www.presstourism.ch\/index.php?rest_route=\/wp\/v2\/pages\/76"}],"wp:attachment":[{"href":"http:\/\/www.presstourism.ch\/index.php?rest_route=%2Fwp%2Fv2%2Fmedia&parent=5403"}],"curies":[{"name":"wp","href":"https:\/\/api.w.org\/{rel}","templated":true}]}}