{"id":5386,"date":"2019-04-03T07:48:02","date_gmt":"2019-04-03T06:48:02","guid":{"rendered":"http:\/\/www.presstourism.ch\/WP_ALEX\/?page_id=5386"},"modified":"2019-04-03T07:49:19","modified_gmt":"2019-04-03T06:49:19","slug":"morat-la-medievale","status":"publish","type":"page","link":"http:\/\/www.presstourism.ch\/?page_id=5386","title":{"rendered":"Morat la m\u00e9di\u00e9vale"},"content":{"rendered":"\n<div class=\"wp-block-image\"><figure class=\"alignleft\"><a href=\"http:\/\/www.jepars.ch\/magazine\/?p=17256\"><img src=\"https:\/\/i1.wp.com\/www.jepars.ch\/magazine\/wp-content\/uploads\/2019\/03\/MG_7292-455x303.jpg?resize=455%2C303\" alt=\"\" data-recalc-dims=\"1\"\/><\/a><\/figure><\/div>\n\n\n\n<p>JE PARS TOUT PR\u00c8S<\/p>\n\n\n\n<h2><a href=\"http:\/\/www.jepars.ch\/magazine\/?p=17256\">Morat, la m\u00e9di\u00e9vale<\/a><\/h2>\n\n\n\n<p>28 mars 2019 | G\u00e9rard Blanc<\/p>\n\n\n\n<p>Auteur <a href=\"http:\/\/www.jepars.ch\/magazine\/?author=3\">Je pars&#8230;<\/a><\/p>\n\n\n\n<p>Certes, Morat (Murten) se targue d\u2019\u00eatre une ville vivant dans le pr\u00e9sent, mais tout en revendiquant ses origines historiques glorieuses&nbsp; avec un brin de solennit\u00e9, d\u2019o\u00f9 la c\u00e9l\u00e9bration portant ce nom en comm\u00e9morant la victoire des Suisses contre l\u2019arm\u00e9e de Charles le T\u00e9m\u00e9raire en 1476.<\/p>\n\n\n\n<p>Certes, Morat (Murten) se targue d\u2019\u00eatre une ville vivant dans le pr\u00e9sent, mais tout en revendiquant ses origines historiques glorieuses\u00a0 avec un brin de solennit\u00e9, d\u2019o\u00f9 la c\u00e9l\u00e9bration portant ce nom en comm\u00e9morant la victoire des Suisses contre l\u2019arm\u00e9e de Charles le T\u00e9m\u00e9raire en 1476.<\/p>\n\n\n\n<div class=\"wp-block-image\"><figure class=\"alignleft\"><a href=\"https:\/\/i1.wp.com\/www.jepars.ch\/magazine\/wp-content\/uploads\/2019\/03\/MG_7326.jpg\"><img src=\"https:\/\/i0.wp.com\/www.jepars.ch\/magazine\/wp-content\/uploads\/2019\/03\/MG_7326-455x682.jpg?resize=455%2C682\" alt=\"_MG_7326\" class=\"wp-image-17285\" data-recalc-dims=\"1\"\/><\/a><\/figure><\/div>\n\n\n\n<div class=\"wp-block-image\"><figure class=\"alignleft\"><a href=\"https:\/\/i0.wp.com\/www.jepars.ch\/magazine\/wp-content\/uploads\/2019\/03\/MG_7296.jpg\"><img src=\"https:\/\/i1.wp.com\/www.jepars.ch\/magazine\/wp-content\/uploads\/2019\/03\/MG_7296-455x303.jpg?resize=455%2C303\" alt=\"_MG_7296\" class=\"wp-image-17282\" data-recalc-dims=\"1\"\/><\/a><\/figure><\/div>\n\n\n\n<p>Ville fortifi\u00e9e, Morat a ce c\u00f4t\u00e9 particulier d\u2019\u00eatre une ville de confession protestante et de langue al\u00e9manique (le bernois) dans un canton (Fribourg) \u00e0 majorit\u00e9 catholique et francophone.&nbsp;Gr\u00e2ce \u00e0 des dispositions tr\u00e8s strictes de protection du patrimoine, il lui fut possible de pr\u00e9server le caract\u00e8re authentique de son centre historique.<br>Elle est devenue la coqueluche de beaucoup de Bernois qui l\u2019ont choisie comme lieu de r\u00e9sidence principale ou secondaire sur le pourtour de son lac depuis la construction de l\u2019autoroute A1 qui la relie aux villes environnantes.<br>D\u00e8s les beaux jours, les caf\u00e9s sous les arcades \u00e0 la Z\u00e4hringen, de part et d\u2019autre de la rue principale, ne d\u00e9semplissent pas et il en va de m\u00eame en contrebas, \u00e0 l\u2019embarcad\u00e8re, o\u00f9 les files d\u2019attente s\u2019appr\u00eatent \u00e0 embarquer \u00e0 bord d\u2019un bateau qui les entra\u00eenera pour un tour du lac de Morat ou des trois lacs (Morat, Bienne et Neuch\u00e2tel). Au port de plaisance, les amarrages s\u2019ach\u00e8tent \u00e0 prix d\u2019or pour les nombreux amateurs de voile.&nbsp; Sur la gr\u00e8ve, c\u2019est, les jours f\u00e9ri\u00e9s, le va-et-vient des promeneurs qui, aux cris des mouettes, des canards et de poules d\u2019eau prennent le frais et le soleil.&nbsp;Mais l\u2019attraction premi\u00e8re est celle des remparts qui, tourn\u00e9s vers l\u2019est, font face \u00e0 la colline du Bodem\u00fcnzi, sur laquelle se massaient les troupes de Charles le T\u00e9m\u00e9raire avant l\u2019attaque de la ville. A leurs pieds, de v\u00e9ritables \u0153uvres d\u2019art sont des jardins priv\u00e9s. Si vous montrez patte blanche, les propri\u00e9taires vous laisseront les admirer avec une fiert\u00e9 non dissimul\u00e9e. Ces remparts sont pris d\u2019assaut par les familles et l\u2019imagination des enfants va bon train, consciente ou non de ce qu\u2019ils ont repr\u00e9sent\u00e9 au fil du temps.<\/p>\n\n\n\n<p><strong>Retour sur histoire<\/strong><br>Il faut remonter \u00e0 1170, ann\u00e9e de la construction de la ville de Morat par les ducs de Z\u00e4hringen. Ils furent fondateurs de 12 autres villes tant en Suisse qu\u2019en Allemagne,\u00a0 dont Fribourg, Fribourg en Brisgau, Berne, Burgdorf, Rheinfelden, Thoune, etc. Les ducs de Z\u00e4hringen revendiquaient alors le fief imp\u00e9rial et voulaient placer Morat \u00e0 l\u2019avant-poste de leur fronti\u00e8re la plus occidentale. <\/p>\n\n\n\n<p>Apr\u00e8s l\u2019extinction de la maison des Z\u00e4hringen, en 1218, Morat se dota d\u2019un mur d\u2019enceinte, toujours debout, c\u00f4t\u00e9 campagne. \u00a0En 1255, la ville s\u2019assura la protection de la maison de Savoie, protectorat qui ne fut interrompu que par une br\u00e8ve p\u00e9riode de domination habsbourgeoise. Avec d\u2019habiles alliances, Morat renfor\u00e7a sa position politique et militaire et en domina les villages voisins. <\/p>\n\n\n\n<p>Comme beaucoup de villes m\u00e9di\u00e9vales construites en bois, elle n\u2019\u00e9chappa pas aux incendies dont le plus ravageur fut celui de 1416 qui incita la ville \u00e0 la reconstruction des maisons en pierre. Grand bien lui en pris, car c\u2019est une soixantaine d\u2019ann\u00e9es plus tard qu\u2019elle dut subir le si\u00e8ge des troupes de Charles le T\u00e9m\u00e9raire. Gr\u00e2ce \u00e0 l\u2019aide des troupes conf\u00e9d\u00e9r\u00e9es, les Bourguignons furent trucid\u00e9s et repouss\u00e9s dans le lac. On raconte que, les jours d\u2019\u00e9t\u00e9, le sang des Bourguignons remonte \u00e0 la surface. Ce n\u2019est\u00a0 qu\u2019une algue de couleur rouge mais l\u2019\u00e9v\u00e9nement n\u2019en est pas moins glorieux pour \u00eatre marqu\u00e9 dans les livres d\u2019histoire associ\u00e9e aux deux autres d\u00e9faites du duc de Bourgogne \u00e0 Grandson et \u00e0 Nancy. <\/p>\n\n\n\n<p>A l\u2019issue de la bataille de Morat, l\u2019un des victorieux Conf\u00e9d\u00e9r\u00e9s courut annoncer la bonne nouvelle \u00e0 Fribourg en brandissant un rameau de tilleul arrach\u00e9 sur le champ de bataille. Ce rameau donna naissance \u00e0 un tilleul toujours pr\u00e9sent au centre de la ville, \u00e0 l\u2019endroit o\u00f9 le messager mourut d\u2019\u00e9puisement apr\u00e8s avoir parcouru 6 km et 400 m\u00e8tres. Pour comm\u00e9morer cet exploit, la course \u00e0 pied Morat-Fribourg, qu\u2019on pourrait qualifier de semi-marathon, a lieu chaque ann\u00e9e depuis 1907. <\/p>\n\n\n\n<p>La c\u00e9l\u00e9bration de la bataille de Morat donne aussi lieu, chaque ann\u00e9e, \u00e0 une c\u00e9l\u00e9bration portant le nom de \u00ab\u00a0Solennit\u00e9\u00a0\u00bb,\u00a0 marqu\u00e9e par un cort\u00e8ge de jeunes filles v\u00eatues de blanc et de jeunes \u00ab\u00a0cadets\u00a0\u00bb en uniforme kaki. A cette occasion, et pour affirmer les traditions historiques, un concours de tir \u00e0 l\u2019arbal\u00e8te est organis\u00e9. Lors des jubil\u00e9s, la parade est agr\u00e9ment\u00e9e d\u2019un d\u00e9fil\u00e9 de chevaliers en armures et de paysans en costumes du Moyen Age.<\/p>\n\n\n\n<div class=\"wp-block-image\"><figure class=\"aligncenter\"><a href=\"https:\/\/i0.wp.com\/www.jepars.ch\/magazine\/wp-content\/uploads\/2019\/03\/IMG_7318.jpg\"><img src=\"https:\/\/i2.wp.com\/www.jepars.ch\/magazine\/wp-content\/uploads\/2019\/03\/IMG_7318-455x303.jpg?resize=455%2C303\" alt=\"IMG_7318\" class=\"wp-image-17287\" data-recalc-dims=\"1\"\/><\/a><\/figure><\/div>\n\n\n\n<p><a href=\"http:\/\/www.jepars.ch\/magazine\/?p=17256\">Lire l&rsquo;article complet&#8230;<\/a><\/p>\n","protected":false},"excerpt":{"rendered":"<p>JE PARS TOUT PR\u00c8S Morat, la m\u00e9di\u00e9vale 28 mars 2019 | G\u00e9rard Blanc Auteur Je pars&#8230; Certes, Morat (Murten) se targue d\u2019\u00eatre une ville vivant dans le pr\u00e9sent, mais tout en revendiquant ses origines historiques glorieuses&nbsp; avec un brin de &hellip; <a href=\"http:\/\/www.presstourism.ch\/?page_id=5386\">Continuer la lecture <span class=\"meta-nav\">&rarr;<\/span><\/a><\/p>\n","protected":false},"author":1,"featured_media":0,"parent":341,"menu_order":0,"comment_status":"open","ping_status":"closed","template":"","meta":{"ngg_post_thumbnail":0,"spay_email":""},"jetpack_sharing_enabled":true,"jetpack_shortlink":"https:\/\/wp.me\/P468TV-1oS","_links":{"self":[{"href":"http:\/\/www.presstourism.ch\/index.php?rest_route=\/wp\/v2\/pages\/5386"}],"collection":[{"href":"http:\/\/www.presstourism.ch\/index.php?rest_route=\/wp\/v2\/pages"}],"about":[{"href":"http:\/\/www.presstourism.ch\/index.php?rest_route=\/wp\/v2\/types\/page"}],"author":[{"embeddable":true,"href":"http:\/\/www.presstourism.ch\/index.php?rest_route=\/wp\/v2\/users\/1"}],"replies":[{"embeddable":true,"href":"http:\/\/www.presstourism.ch\/index.php?rest_route=%2Fwp%2Fv2%2Fcomments&post=5386"}],"version-history":[{"count":1,"href":"http:\/\/www.presstourism.ch\/index.php?rest_route=\/wp\/v2\/pages\/5386\/revisions"}],"predecessor-version":[{"id":5387,"href":"http:\/\/www.presstourism.ch\/index.php?rest_route=\/wp\/v2\/pages\/5386\/revisions\/5387"}],"up":[{"embeddable":true,"href":"http:\/\/www.presstourism.ch\/index.php?rest_route=\/wp\/v2\/pages\/341"}],"wp:attachment":[{"href":"http:\/\/www.presstourism.ch\/index.php?rest_route=%2Fwp%2Fv2%2Fmedia&parent=5386"}],"curies":[{"name":"wp","href":"https:\/\/api.w.org\/{rel}","templated":true}]}}