{"id":538,"date":"2013-11-17T18:38:17","date_gmt":"2013-11-17T17:38:17","guid":{"rendered":"http:\/\/www.presstourism.ch\/WP_ALEX\/?page_id=538"},"modified":"2016-06-28T11:14:07","modified_gmt":"2016-06-28T10:14:07","slug":"2013-compte-rendu","status":"publish","type":"page","link":"http:\/\/www.presstourism.ch\/?page_id=538","title":{"rendered":"2013 Assembl\u00e9e g\u00e9n\u00e9rale Dr\u00f4me"},"content":{"rendered":"<div>\n<p style=\"text-align: left;\" align=\"center\">Assembl\u00e9e g\u00e9n\u00e9rale de Presstourism.ch tenue dans les locaux de l\u2019ADT de la Dr\u00f4me, Valence &#8211; France, le 24 mai 2013<\/p>\n<p style=\"text-align: left;\" align=\"center\"><a href=\"http:\/\/www.presstourism.ch\/WP_ALEX\/wp-content\/uploads\/2013\/11\/2013-AG-Ordre-du-jour.pdf\">2013 AG Ordre du jour<\/a><\/p>\n<p style=\"text-align: left;\" align=\"center\"><a href=\"http:\/\/www.presstourism.ch\/WP_ALEX\/wp-content\/uploads\/2013\/11\/PV-Presstourism-Valence-2013.pdf\">2013 AG Proc\u00e8s-verbal<\/a><\/p>\n<p style=\"text-align: left;\" align=\"center\"><a href=\"http:\/\/www.presstourism.ch\/WP_ALEX\/wp-content\/uploads\/2013\/11\/Budget-2013.pdf\">2013 Budget<\/a><\/p>\n<p style=\"text-align: left;\" align=\"center\">\n<\/div>\n","protected":false},"excerpt":{"rendered":"<p>Assembl\u00e9e g\u00e9n\u00e9rale de Presstourism.ch tenue dans les locaux de l\u2019ADT de la Dr\u00f4me, Valence &#8211; France, le 24 mai 2013 2013 AG Ordre du jour 2013 AG Proc\u00e8s-verbal 2013 Budget<\/p>\n","protected":false},"author":1,"featured_media":0,"parent":490,"menu_order":0,"comment_status":"open","ping_status":"open","template":"","meta":{"ngg_post_thumbnail":0,"spay_email":""},"jetpack_sharing_enabled":true,"jetpack_shortlink":"https:\/\/wp.me\/P468TV-8G","_links":{"self":[{"href":"http:\/\/www.presstourism.ch\/index.php?rest_route=\/wp\/v2\/pages\/538"}],"collection":[{"href":"http:\/\/www.presstourism.ch\/index.php?rest_route=\/wp\/v2\/pages"}],"about":[{"href":"http:\/\/www.presstourism.ch\/index.php?rest_route=\/wp\/v2\/types\/page"}],"author":[{"embeddable":true,"href":"http:\/\/www.presstourism.ch\/index.php?rest_route=\/wp\/v2\/users\/1"}],"replies":[{"embeddable":true,"href":"http:\/\/www.presstourism.ch\/index.php?rest_route=%2Fwp%2Fv2%2Fcomments&post=538"}],"version-history":[{"count":8,"href":"http:\/\/www.presstourism.ch\/index.php?rest_route=\/wp\/v2\/pages\/538\/revisions"}],"predecessor-version":[{"id":2666,"href":"http:\/\/www.presstourism.ch\/index.php?rest_route=\/wp\/v2\/pages\/538\/revisions\/2666"}],"up":[{"embeddable":true,"href":"http:\/\/www.presstourism.ch\/index.php?rest_route=\/wp\/v2\/pages\/490"}],"wp:attachment":[{"href":"http:\/\/www.presstourism.ch\/index.php?rest_route=%2Fwp%2Fv2%2Fmedia&parent=538"}],"curies":[{"name":"wp","href":"https:\/\/api.w.org\/{rel}","templated":true}]}}