{"id":5379,"date":"2019-04-02T19:02:17","date_gmt":"2019-04-02T18:02:17","guid":{"rendered":"http:\/\/www.presstourism.ch\/WP_ALEX\/?page_id=5379"},"modified":"2019-04-02T19:02:18","modified_gmt":"2019-04-02T18:02:18","slug":"cannes-touristique-silence-on-tourne","status":"publish","type":"page","link":"http:\/\/www.presstourism.ch\/?page_id=5379","title":{"rendered":"Cannes touristique: silence on tourne !"},"content":{"rendered":"\n<div class=\"wp-block-image\"><figure class=\"alignleft\"><a href=\"http:\/\/www.jepars.ch\/magazine\/?p=17250\"><img src=\"https:\/\/i1.wp.com\/www.jepars.ch\/magazine\/wp-content\/uploads\/2019\/03\/IMG_9093-455x303.jpg?resize=455%2C303\" alt=\"\" data-recalc-dims=\"1\"\/><\/a><\/figure><\/div>\n\n\n\n<p>JE PARS \u00c0 LA D\u00c9COUVERTE<\/p>\n\n\n\n<h2><a href=\"http:\/\/www.jepars.ch\/magazine\/?p=17250\">Cannes touristique: silence on tourne !<\/a><\/h2>\n\n\n\n<p>27 mars 2019 | Auteur&nbsp;<a href=\"http:\/\/www.jepars.ch\/magazine\/?author=3\">Je pars&#8230;<\/a><\/p>\n\n\n\n<p>Si elle ne peut renier la r\u00e9putation octroy\u00e9e par son festival du cin\u00e9ma, elle n\u2019en est pas moins une station baln\u00e9aire de la C\u00f4te d\u2019Azur avec ses grandes plages de sable, et offre d\u2019autres attraits m\u00e9connus, comme le quartier du Suquet ou les \u00eeles de L\u00e9rins qui lui font face.<\/p>\n\n\n\n<div class=\"wp-block-image\"><figure class=\"alignleft\"><a href=\"https:\/\/i1.wp.com\/www.jepars.ch\/magazine\/wp-content\/uploads\/2019\/03\/MG_9023.jpg\"><img src=\"https:\/\/i1.wp.com\/www.jepars.ch\/magazine\/wp-content\/uploads\/2019\/03\/MG_9023-455x303.jpg?resize=455%2C303\" alt=\"H\u00f4tel Splendid \u00e0 Cannes\" class=\"wp-image-17262\" data-recalc-dims=\"1\"\/><\/a><\/figure><\/div>\n\n\n\n<p>Toute bonne visite de Cannes commence par les All\u00e9es de la Libert\u00e9, proche du Palais des festivals, face au vieux port, l\u00e0 o\u00f9 tr\u00f4ne la statue du Lord Henry Brougham, grand chancelier britannique. <\/p>\n\n\n\n<p><\/p>\n\n\n\n<p>Ce dernier, en 1834, souhaite se rendre en Italie avec sa fille El\u00e9onore-Louise pour l\u2019y faire soigner contre la tuberculose, et il trouve la fronti\u00e8re entre la France et l\u2019Italie ferm\u00e9e par le roi du Pi\u00e9mont par crainte de l\u2019\u00e9pid\u00e9mie du chol\u00e9ra qui s\u00e9vit dans le comt\u00e9 de Nice. Lord Brougham doit rebrousser chemin et s\u2019arr\u00eate au charmant petit village portuaire de Cannes, o\u00f9 il s\u00e9journe \u00e0 l\u2019auberge de Ma\u00eetre Pinchemal, rue du Port, pendant quelques jours. Il a le coup de foudre pour cette bourgade qui, \u00e0 l\u2019\u00e9poque, n\u2019a que 4\u2019000 habitants. Il ach\u00e8te un terrain \u00e0 la Croix-des-Gardes et y fait construire une grande maison, la villa \u00c9l\u00e9onore-Louise, pour recevoir ses amis britanniques qui ne vont pas tarder \u00e0 affluer.<\/p>\n\n\n\n<p><br>Ainsi commence la v\u00e9ritable histoire de Cannes qui devient alors la coqueluche de la noblesse britannique, principalement en hiver pour la douceur du climat. Et c\u2019est parti pour un essor \u00e9conomique qui transforme peu \u00e0 peu Cannes en une station baln\u00e9aire mondialement r\u00e9put\u00e9e. Il se d\u00e9veloppe alors toute une demande de services de jardiniers, de cuisiniers, de serviteurs, de nurses, de ma\u00e7ons, etc. Le personnel local devient vite d\u00e9bord\u00e9 et des nouveaux immigrants d\u00e9barquent, notamment du Pi\u00e9mont. La population devient un m\u00e9lange de Proven\u00e7aux et de Pi\u00e9montais qui vont se c\u00f4toyer, travailler ensemble et donner peu \u00e0 peu \u00e0 l\u2019agglom\u00e9ration la taille d\u2019une grande ville pour passer de 4\u2019000 habitants en 1834 \u00e0 plus de 75\u2019000 aujourd\u2019hui.<br><\/p>\n\n\n\n<p>Si la ville s\u2019\u00e9tend maintenant sur environ 20km2, son attrait serait plut\u00f4t concentr\u00e9 sur cet espace en forme de bicorne vu d\u2019avion qui serait d\u00e9limit\u00e9 par les boulevard Boualam, de la Lorraine et du G\u00e9n\u00e9ral Valentin avec la Croisette \u00e0 sa base, entre le Suquet \u00e0 l\u2019ouest et le port Pierre-Canto \u00e0 l\u2019est.<\/p>\n\n\n\n<figure class=\"wp-block-image\"><a href=\"https:\/\/i0.wp.com\/www.jepars.ch\/magazine\/wp-content\/uploads\/2019\/03\/IMG_9134.jpg\"><img src=\"https:\/\/i2.wp.com\/www.jepars.ch\/magazine\/wp-content\/uploads\/2019\/03\/IMG_9134-455x303.jpg?resize=455%2C303\" alt=\"Plage \u00e0 Cannes\" class=\"wp-image-17266\" data-recalc-dims=\"1\"\/><\/a><\/figure>\n\n\n\n<div class=\"wp-block-image\"><figure class=\"alignleft\"><a href=\"https:\/\/i0.wp.com\/www.jepars.ch\/magazine\/wp-content\/uploads\/2019\/03\/MG_9137.jpg\"><img src=\"https:\/\/i0.wp.com\/www.jepars.ch\/magazine\/wp-content\/uploads\/2019\/03\/MG_9137-455x303.jpg?resize=455%2C303\" alt=\"Cannes\" class=\"wp-image-17264\" data-recalc-dims=\"1\"\/><\/a><\/figure><\/div>\n\n\n\n<p><strong>La Croisette et son cin\u00e9ma<\/strong><br>Nul ne peut la manquer. Elle peut se targuer d\u2019avoir \u00e9t\u00e9 photographi\u00e9e des milliards de fois depuis 1946 \u00e0 l\u2019occasion du c\u00e9l\u00e8bre festival du cin\u00e9ma qui se d\u00e9roule au Palais des festivals chaque ann\u00e9e en mai. Cannes ne manque pas une occasion pour rappeler la cons\u00e9cration de ce festival ici et l\u00e0, sous forme d\u2019une quinzaine de fresques et autres \u00e9vocations diss\u00e9min\u00e9es dans la ville, o\u00f9 apparaissent les acteurs f\u00e9tiches et les grands r\u00e9alisateurs. <\/p>\n\n\n\n<p>Au pied du Palais des festivals, on trouve les empreintes dans le ciment des mains de Pedro Almodovar, Claudia Cardinale, Julie Andrews et bien d\u2019autres encore, preuves irr\u00e9futables de leur passage au festival. Les nostalgiques ne manqueront pas de faire un tour vers l\u2019escalier est pour voir les fameuses marches mille fois mont\u00e9es et descendues par les grands noms du cin\u00e9ma et sur lesquelles les congressistes, qui occupent le Palais des festivals pour d\u2019autres raisons, r\u00eavent parfois de les fouler en s\u2019imaginant, un instant, \u00eatre des stars, avec ou sans tapis rouge.<br><\/p>\n\n\n\n<p>La Croisette, o\u00f9 tant de starlettes ont inspir\u00e9 les paparazzis, est comme l\u2019axe principal de Cannes, bordant, c\u00f4t\u00e9 M\u00e9diterran\u00e9e, une plage g\u00e9ante qui, avec un apport de sable suppl\u00e9mentaire, a \u00e9t\u00e9 r\u00e9am\u00e9nag\u00e9e r\u00e9cemment pour le bonheur des estivants. C\u00f4t\u00e9 ville s\u2019alignent les grands palaces et les boutiques de marques mondiales, alliant la mode et les parfums. Mais Cannes ne s\u2019adresserait-elle qu\u2019aux gens fortun\u00e9s? Non, se d\u00e9fendent les Cannois, qui clament que les deux rues parall\u00e8les \u00e0 la Croisette, \u00e0 savoir la rue d\u2019Antibes et la rue Meynadier et leurs ruelles adjacentes vendent des produits \u00e0 des prix tout \u00e0 fait abordables pour des bourses moins garnies.<\/p>\n\n\n\n<p><strong>Texte et photos: G\u00e9rard Blanc.<\/strong><\/p>\n\n\n\n<p><a href=\"http:\/\/www.jepars.ch\/magazine\/?p=17250\"><strong>Lire l&rsquo;int\u00e9gralit\u00e9 de cet article&#8230;<\/strong><\/a><\/p>\n","protected":false},"excerpt":{"rendered":"<p>JE PARS \u00c0 LA D\u00c9COUVERTE Cannes touristique: silence on tourne ! 27 mars 2019 | Auteur&nbsp;Je pars&#8230; Si elle ne peut renier la r\u00e9putation octroy\u00e9e par son festival du cin\u00e9ma, elle n\u2019en est pas moins une station baln\u00e9aire de la &hellip; <a href=\"http:\/\/www.presstourism.ch\/?page_id=5379\">Continuer la lecture <span class=\"meta-nav\">&rarr;<\/span><\/a><\/p>\n","protected":false},"author":1,"featured_media":0,"parent":295,"menu_order":0,"comment_status":"closed","ping_status":"closed","template":"","meta":{"ngg_post_thumbnail":0,"spay_email":""},"jetpack_sharing_enabled":true,"jetpack_shortlink":"https:\/\/wp.me\/P468TV-1oL","_links":{"self":[{"href":"http:\/\/www.presstourism.ch\/index.php?rest_route=\/wp\/v2\/pages\/5379"}],"collection":[{"href":"http:\/\/www.presstourism.ch\/index.php?rest_route=\/wp\/v2\/pages"}],"about":[{"href":"http:\/\/www.presstourism.ch\/index.php?rest_route=\/wp\/v2\/types\/page"}],"author":[{"embeddable":true,"href":"http:\/\/www.presstourism.ch\/index.php?rest_route=\/wp\/v2\/users\/1"}],"replies":[{"embeddable":true,"href":"http:\/\/www.presstourism.ch\/index.php?rest_route=%2Fwp%2Fv2%2Fcomments&post=5379"}],"version-history":[{"count":1,"href":"http:\/\/www.presstourism.ch\/index.php?rest_route=\/wp\/v2\/pages\/5379\/revisions"}],"predecessor-version":[{"id":5380,"href":"http:\/\/www.presstourism.ch\/index.php?rest_route=\/wp\/v2\/pages\/5379\/revisions\/5380"}],"up":[{"embeddable":true,"href":"http:\/\/www.presstourism.ch\/index.php?rest_route=\/wp\/v2\/pages\/295"}],"wp:attachment":[{"href":"http:\/\/www.presstourism.ch\/index.php?rest_route=%2Fwp%2Fv2%2Fmedia&parent=5379"}],"curies":[{"name":"wp","href":"https:\/\/api.w.org\/{rel}","templated":true}]}}