{"id":5344,"date":"2019-02-06T11:09:57","date_gmt":"2019-02-06T10:09:57","guid":{"rendered":"http:\/\/www.presstourism.ch\/WP_ALEX\/?page_id=5344"},"modified":"2019-02-06T11:20:27","modified_gmt":"2019-02-06T10:20:27","slug":"se-marier-dans-une-maison-de-vacances","status":"publish","type":"page","link":"http:\/\/www.presstourism.ch\/?page_id=5344","title":{"rendered":"Se marier dans une maison de vacances"},"content":{"rendered":"\n<figure class=\"wp-block-image\"><img loading=\"lazy\" width=\"570\" height=\"428\" src=\"https:\/\/i1.wp.com\/www.presstourism.ch\/WP_ALEX\/wp-content\/uploads\/2019\/02\/figurine-poupee-kokeshi-02.jpg?resize=570%2C428\" alt=\"\" class=\"wp-image-5349\" srcset=\"https:\/\/i0.wp.com\/www.presstourism.ch\/wp-content\/uploads\/2019\/02\/figurine-poupee-kokeshi-02.jpg?w=570 570w, https:\/\/i0.wp.com\/www.presstourism.ch\/wp-content\/uploads\/2019\/02\/figurine-poupee-kokeshi-02.jpg?resize=300%2C225 300w\" sizes=\"(max-width: 570px) 100vw, 570px\" data-recalc-dims=\"1\" \/><\/figure>\n\n\n\n<p><strong>L&rsquo;heureux couple qui convole en justes noces n&rsquo;a pas n\u00e9cessairement besoin de c\u00e9l\u00e9brer son mariage en Suisse. Une maison de vacances \u00e0 l&rsquo;\u00e9tranger comme lieu de mariage pourrait \u00eatre le point sur le i du plus beau jour de leur vie.<\/strong><\/p>\n\n\n\n<p>Il faut non seulement trouver le bon partenaire et la tenue idoine, mais aussi l&rsquo;endroit parfait pour c\u00e9l\u00e9brer le \u00abplus beau jour de sa vie\u00bb. Que ce soit \u00e0 la plage ou \u00e0 la campagne: si l&rsquo;on d\u00e9sire s&rsquo;engager pour la vie de mani\u00e8re individuelle et dans un cadre priv\u00e9, on trouvera ce dernier dans une maison de vacances.<\/p>\n\n\n\n<p><strong>Mariage romantique en Italie<\/strong><strong><\/strong><\/p>\n\n\n\n<p>La villa de 20 pi\u00e8ces \u00abRavano\u00bb est le lieu de mariage id\u00e9al pour les \u00e2mes romantiques: la maison de vacances, ancienne et luxueusement am\u00e9nag\u00e9e, dispose d\u2019un parc g\u00e9n\u00e9reux dot\u00e9 d\u2019une piscine et offrant un cadre de r\u00eave pour un mariage en plein air. En cas de mauvais temps, le salon-salle \u00e0 manger compte&nbsp; suffisamment d&rsquo;espace pour accueillir tous les invit\u00e9s. Le bien-\u00eatre culinaire des participants \u00e0 la noce est \u00e9galement assur\u00e9: sur demande, un cuisinier priv\u00e9 pr\u00e9pare le repas pr\u00e9f\u00e9r\u00e9 des mari\u00e9s.<\/p>\n\n\n\n<figure class=\"wp-block-image\"><img loading=\"lazy\" width=\"1024\" height=\"682\" src=\"https:\/\/i0.wp.com\/www.presstourism.ch\/WP_ALEX\/wp-content\/uploads\/2019\/02\/Interhome_Ravano.jpg?fit=640%2C426\" alt=\"\" class=\"wp-image-5345\" srcset=\"https:\/\/i2.wp.com\/www.presstourism.ch\/wp-content\/uploads\/2019\/02\/Interhome_Ravano.jpg?w=1024 1024w, https:\/\/i2.wp.com\/www.presstourism.ch\/wp-content\/uploads\/2019\/02\/Interhome_Ravano.jpg?resize=300%2C200 300w, https:\/\/i2.wp.com\/www.presstourism.ch\/wp-content\/uploads\/2019\/02\/Interhome_Ravano.jpg?resize=768%2C512 768w, https:\/\/i2.wp.com\/www.presstourism.ch\/wp-content\/uploads\/2019\/02\/Interhome_Ravano.jpg?resize=600%2C400 600w\" sizes=\"(max-width: 584px) 100vw, 584px\" \/><\/figure>\n\n\n\n<p>Une semaine dans la maison de vacances 4&nbsp;\u00e9toiles \u00abRavano\u00bb \u00e0 San Giuliano Terme en Italie pour maximum 28&nbsp;personnes est propos\u00e9e chez Interhome \u00e0 partir de CHF&nbsp;8&rsquo;085.-, comprenant le nettoyage final, le linge de lit et de toilettes.&nbsp;<a rel=\"noreferrer noopener\" href=\"http:\/\/www.interhome.ch\/fr\/IT5183.800.1\" target=\"_blank\">Plus de d\u00e9tails&#8230;<\/a><\/p>\n\n\n\n<p><strong>Mariage de conte de f\u00e9es en France<\/strong><strong><\/strong><\/p>\n\n\n\n<p>Un mariage f\u00e9\u00e9rique peut \u00eatre v\u00e9cu dans la maison de vacances \u00abLe Manoir Des Touches\u00bb, car celui-ci ressemble \u00e0 un ch\u00e2teau, pr\u00e8s de la c\u00f4te occidentale de la France. La maison de ma\u00eetre de 8 pi\u00e8ces est meubl\u00e9e avec beaucoup de go\u00fbt et a un vaste parc bien entretenu. Les mari\u00e9s peuvent demander \u00e0 ce que leur mariage se d\u00e9roule en plein air ou dans la maison. Puis, apr\u00e8s la f\u00eate, plus rien ne s&rsquo;oppose \u00e0 la d\u00e9tente dans la piscine.<\/p>\n\n\n\n<figure class=\"wp-block-image\"><img loading=\"lazy\" width=\"1024\" height=\"768\" src=\"https:\/\/i2.wp.com\/www.presstourism.ch\/WP_ALEX\/wp-content\/uploads\/2019\/02\/Interhome_La-Manoire-Des-Touches.jpg?fit=640%2C480\" alt=\"\" class=\"wp-image-5346\" srcset=\"https:\/\/i0.wp.com\/www.presstourism.ch\/wp-content\/uploads\/2019\/02\/Interhome_La-Manoire-Des-Touches.jpg?w=1024 1024w, https:\/\/i0.wp.com\/www.presstourism.ch\/wp-content\/uploads\/2019\/02\/Interhome_La-Manoire-Des-Touches.jpg?resize=300%2C225 300w, https:\/\/i0.wp.com\/www.presstourism.ch\/wp-content\/uploads\/2019\/02\/Interhome_La-Manoire-Des-Touches.jpg?resize=768%2C576 768w, https:\/\/i0.wp.com\/www.presstourism.ch\/wp-content\/uploads\/2019\/02\/Interhome_La-Manoire-Des-Touches.jpg?resize=600%2C450 600w\" sizes=\"(max-width: 584px) 100vw, 584px\" \/><\/figure>\n\n\n\n<p>Une semaine dans la maison de vacances 4&nbsp;\u00e9toiles \u00abLe Manoir Des Touches\u00bb \u00e0 Villars-en-Pons en France pour maximum 14&nbsp;personnes est propos\u00e9e chez Interhome \u00e0 partir de CHF&nbsp;1&rsquo;576.-, comprenant le nettoyage final, le linge de lit et de toilettes.&nbsp;<a rel=\"noreferrer noopener\" href=\"http:\/\/www.interhome.ch\/fr\/FR3236.100.1\" target=\"_blank\">Plus de d\u00e9tails&#8230;<\/a><\/p>\n\n\n\n<p><strong>Mariage royal en Angleterre<\/strong><strong><\/strong><\/p>\n\n\n\n<p>La maison de vacances de 9 pi\u00e8ces \u00abWolborough\u00bb pourrait \u00eatre digne d\u2019appartenir \u00e0 Sa Tr\u00e8s Gracieuse Majest\u00e9. La villa, de style maison de campagne anglaise du XIX<sup>e<\/sup>&nbsp;si\u00e8cle, est situ\u00e9e sur la c\u00f4te sud de l&rsquo;Angleterre, elle est l&rsquo;endroit parfait pour une c\u00e9l\u00e9bration de mariage intime mais raffin\u00e9e. Dans le parc spacieux dot\u00e9 d\u2019une pelouse \u00e0 l&rsquo;anglaise et d\u2019une vue fantastique sur la mer, il est ais\u00e9 de faire des photos de mariage inoubliables.<\/p>\n\n\n\n<figure class=\"wp-block-image\"><img loading=\"lazy\" width=\"584\" height=\"390\" src=\"https:\/\/i1.wp.com\/www.presstourism.ch\/WP_ALEX\/wp-content\/uploads\/2019\/02\/Interhome_Wolborough.jpg?resize=584%2C390\" alt=\"\" class=\"wp-image-5347\" srcset=\"https:\/\/i2.wp.com\/www.presstourism.ch\/wp-content\/uploads\/2019\/02\/Interhome_Wolborough.jpg?w=1000 1000w, https:\/\/i2.wp.com\/www.presstourism.ch\/wp-content\/uploads\/2019\/02\/Interhome_Wolborough.jpg?resize=300%2C200 300w, https:\/\/i2.wp.com\/www.presstourism.ch\/wp-content\/uploads\/2019\/02\/Interhome_Wolborough.jpg?resize=768%2C512 768w, https:\/\/i2.wp.com\/www.presstourism.ch\/wp-content\/uploads\/2019\/02\/Interhome_Wolborough.jpg?resize=600%2C400 600w\" sizes=\"(max-width: 584px) 100vw, 584px\" data-recalc-dims=\"1\" \/><\/figure>\n\n\n\n<p>Une semaine dans la maison de vacances 5&nbsp;\u00e9toiles \u00abWolborough\u00bb \u00e0 Torquay en Angleterre pour maximum 16&nbsp;personnes est propos\u00e9e chez Interhome \u00e0 partir de CHF&nbsp;6&rsquo;633.-, comprenant nettoyage final, linge de lit et de toilettes.&nbsp;<a rel=\"noreferrer noopener\" href=\"http:\/\/www.interhome.ch\/fr\/GB5430.649.1\" target=\"_blank\">Plus de d\u00e9tails&#8230;<\/a><\/p>\n\n\n\n<p> Interhome \/ Communiqu\u00e9 de presse <\/p>\n\n\n\n<p><a href=\"http:\/\/www.interhome.ch\/\" target=\"_blank\" rel=\"noreferrer noopener\">www.interhome.ch<\/a><\/p>\n","protected":false},"excerpt":{"rendered":"<p>L&rsquo;heureux couple qui convole en justes noces n&rsquo;a pas n\u00e9cessairement besoin de c\u00e9l\u00e9brer son mariage en Suisse. Une maison de vacances \u00e0 l&rsquo;\u00e9tranger comme lieu de mariage pourrait \u00eatre le point sur le i du plus beau jour de leur &hellip; <a href=\"http:\/\/www.presstourism.ch\/?page_id=5344\">Continuer la lecture <span class=\"meta-nav\">&rarr;<\/span><\/a><\/p>\n","protected":false},"author":1,"featured_media":0,"parent":302,"menu_order":0,"comment_status":"closed","ping_status":"closed","template":"","meta":{"ngg_post_thumbnail":0,"spay_email":""},"jetpack_sharing_enabled":true,"jetpack_shortlink":"https:\/\/wp.me\/P468TV-1oc","_links":{"self":[{"href":"http:\/\/www.presstourism.ch\/index.php?rest_route=\/wp\/v2\/pages\/5344"}],"collection":[{"href":"http:\/\/www.presstourism.ch\/index.php?rest_route=\/wp\/v2\/pages"}],"about":[{"href":"http:\/\/www.presstourism.ch\/index.php?rest_route=\/wp\/v2\/types\/page"}],"author":[{"embeddable":true,"href":"http:\/\/www.presstourism.ch\/index.php?rest_route=\/wp\/v2\/users\/1"}],"replies":[{"embeddable":true,"href":"http:\/\/www.presstourism.ch\/index.php?rest_route=%2Fwp%2Fv2%2Fcomments&post=5344"}],"version-history":[{"count":2,"href":"http:\/\/www.presstourism.ch\/index.php?rest_route=\/wp\/v2\/pages\/5344\/revisions"}],"predecessor-version":[{"id":5356,"href":"http:\/\/www.presstourism.ch\/index.php?rest_route=\/wp\/v2\/pages\/5344\/revisions\/5356"}],"up":[{"embeddable":true,"href":"http:\/\/www.presstourism.ch\/index.php?rest_route=\/wp\/v2\/pages\/302"}],"wp:attachment":[{"href":"http:\/\/www.presstourism.ch\/index.php?rest_route=%2Fwp%2Fv2%2Fmedia&parent=5344"}],"curies":[{"name":"wp","href":"https:\/\/api.w.org\/{rel}","templated":true}]}}