{"id":5308,"date":"2019-01-26T09:53:52","date_gmt":"2019-01-26T08:53:52","guid":{"rendered":"http:\/\/www.presstourism.ch\/WP_ALEX\/?page_id=5308"},"modified":"2019-01-26T10:04:58","modified_gmt":"2019-01-26T09:04:58","slug":"de-la-nouvelle-orleans-au-pays-cajun","status":"publish","type":"page","link":"http:\/\/www.presstourism.ch\/?page_id=5308","title":{"rendered":"De la Nouvelle-Orl\u00e9ans au pays cajun"},"content":{"rendered":"\n<figure class=\"wp-block-image\"><img loading=\"lazy\" width=\"1024\" height=\"682\" src=\"https:\/\/i1.wp.com\/www.presstourism.ch\/WP_ALEX\/wp-content\/uploads\/2019\/01\/9A_PlantationLaura-2.jpg?fit=640%2C426\" alt=\"\" class=\"wp-image-5321\" srcset=\"https:\/\/i2.wp.com\/www.presstourism.ch\/wp-content\/uploads\/2019\/01\/9A_PlantationLaura-2.jpg?w=1024 1024w, https:\/\/i2.wp.com\/www.presstourism.ch\/wp-content\/uploads\/2019\/01\/9A_PlantationLaura-2.jpg?resize=300%2C200 300w, https:\/\/i2.wp.com\/www.presstourism.ch\/wp-content\/uploads\/2019\/01\/9A_PlantationLaura-2.jpg?resize=768%2C512 768w, https:\/\/i2.wp.com\/www.presstourism.ch\/wp-content\/uploads\/2019\/01\/9A_PlantationLaura-2.jpg?resize=600%2C400 600w\" sizes=\"(max-width: 584px) 100vw, 584px\" \/><figcaption>Plantation Laura<\/figcaption><\/figure>\n\n\n\n<p><strong>Textes et photos: Roger Juillerat<\/strong><\/p>\n\n\n\n<p>LOUISIANE. L&rsquo;arri\u00e8re-pays est riche de beaut\u00e9s naturelles et offre une multitude de petites villes et bourgades qui sentent bon la francophonie et sa culture. Dans ses bayous, un eldorado pour les passionn\u00e9s d&rsquo;ornithologie, l&rsquo;alligator tient la vedette.<\/p>\n\n\n\n<figure class=\"wp-block-image\"><img loading=\"lazy\" width=\"584\" height=\"683\" src=\"https:\/\/i1.wp.com\/www.presstourism.ch\/WP_ALEX\/wp-content\/uploads\/2019\/01\/1A_AligatorBayous-2.jpg?resize=584%2C683\" alt=\"\" class=\"wp-image-5322\" srcset=\"https:\/\/i0.wp.com\/www.presstourism.ch\/wp-content\/uploads\/2019\/01\/1A_AligatorBayous-2.jpg?w=657 657w, https:\/\/i0.wp.com\/www.presstourism.ch\/wp-content\/uploads\/2019\/01\/1A_AligatorBayous-2.jpg?resize=257%2C300 257w, https:\/\/i0.wp.com\/www.presstourism.ch\/wp-content\/uploads\/2019\/01\/1A_AligatorBayous-2.jpg?resize=600%2C701 600w\" sizes=\"(max-width: 584px) 100vw, 584px\" data-recalc-dims=\"1\" \/><figcaption> <br> <br> L&rsquo;alligator est la star des bayous, qui comptent aussi 300 esp\u00e8ces d&rsquo;oiseaux diff\u00e9rents. <\/figcaption><\/figure>\n\n\n\n<p>Apr\u00e8s la visite de la Nouvelle-Orl\u00e9ans, capitale fran\u00e7aise des Etats-Unis, il vaut la peine de partir \u00e0 la d\u00e9couverte de l&rsquo;arri\u00e8re-pays. Car la Louisiane a l&rsquo;art de vous toucher en plein coeur. En tout cas si vous prenez le temps de rencontrer ses habitants, qui sont&nbsp; tellement chaleureux, et si vous voulez vivre une \u00e9quip\u00e9e hors du commun, tout en prenant du bon temps.<\/p>\n\n\n\n<figure class=\"wp-block-image\"><img loading=\"lazy\" width=\"1024\" height=\"682\" src=\"https:\/\/i0.wp.com\/www.presstourism.ch\/WP_ALEX\/wp-content\/uploads\/2019\/01\/6LacMartin-2.jpg?fit=640%2C426\" alt=\"\" class=\"wp-image-5323\" srcset=\"https:\/\/i0.wp.com\/www.presstourism.ch\/wp-content\/uploads\/2019\/01\/6LacMartin-2.jpg?w=1024 1024w, https:\/\/i0.wp.com\/www.presstourism.ch\/wp-content\/uploads\/2019\/01\/6LacMartin-2.jpg?resize=300%2C200 300w, https:\/\/i0.wp.com\/www.presstourism.ch\/wp-content\/uploads\/2019\/01\/6LacMartin-2.jpg?resize=768%2C512 768w, https:\/\/i0.wp.com\/www.presstourism.ch\/wp-content\/uploads\/2019\/01\/6LacMartin-2.jpg?resize=600%2C400 600w\" sizes=\"(max-width: 584px) 100vw, 584px\" \/><figcaption> <br>Dans les bayous, ces mar\u00e9cages qui forment avec les rivi\u00e8res un r\u00e9seau navigable de plus de 14 000 km. <\/figcaption><\/figure>\n\n\n\n<p>C&rsquo;est le cas dans le pays cajun et ses bayous,\nvaste territoire de mar\u00e9cages, parfois jungle myst\u00e9rieuse, situ\u00e9s dans un\ntriangle entre les villes de Lafayette, Baton Rouge et Houma, en passant par\nplusieurs sites historiques, lacs et rivi\u00e8res, notamment l&rsquo;Atchafalaya, les villages\nacadiens, des paysages magnifiques et des c\u00f4tes sauvages quand on se rend jusqu&rsquo;\u00e0\nPointe-aux-Ch\u00eanes ou Port-Fourchon, tout au sud.<\/p>\n\n\n\n<figure class=\"wp-block-image\"><img loading=\"lazy\" width=\"1024\" height=\"682\" src=\"https:\/\/i2.wp.com\/www.presstourism.ch\/WP_ALEX\/wp-content\/uploads\/2019\/01\/7PointeAuxCh\u00eane-2.jpg?fit=640%2C426\" alt=\"\" class=\"wp-image-5324\" srcset=\"https:\/\/i2.wp.com\/www.presstourism.ch\/wp-content\/uploads\/2019\/01\/7PointeAuxCh\u00eane-2.jpg?w=1024 1024w, https:\/\/i2.wp.com\/www.presstourism.ch\/wp-content\/uploads\/2019\/01\/7PointeAuxCh\u00eane-2.jpg?resize=300%2C200 300w, https:\/\/i2.wp.com\/www.presstourism.ch\/wp-content\/uploads\/2019\/01\/7PointeAuxCh\u00eane-2.jpg?resize=768%2C512 768w, https:\/\/i2.wp.com\/www.presstourism.ch\/wp-content\/uploads\/2019\/01\/7PointeAuxCh\u00eane-2.jpg?resize=600%2C400 600w\" sizes=\"(max-width: 584px) 100vw, 584px\" \/><figcaption> <br>Les maisons de la Pointe-aux-Ch\u00eanes sont construites sur pilotis pour faire face aux inondations saisonni\u00e8res et aux temp\u00eates. <\/figcaption><\/figure>\n\n\n\n<p>Impossible de parler de tous ces endroits et autres lieux! Mais, pas loin de Lafayette, Pont Breaux est un passage oblig\u00e9. C&rsquo;est une jolie bourgade, d\u00e9sign\u00e9e capitale mondiale de l&rsquo;\u00e9crevisse par le Parlement louisianais en 1959. <\/p>\n\n\n\n<figure class=\"wp-block-image\"><img loading=\"lazy\" width=\"1024\" height=\"682\" src=\"https:\/\/i1.wp.com\/www.presstourism.ch\/WP_ALEX\/wp-content\/uploads\/2019\/01\/2PontBreaux-2.jpg?fit=640%2C426\" alt=\"\" class=\"wp-image-5332\" srcset=\"https:\/\/i2.wp.com\/www.presstourism.ch\/wp-content\/uploads\/2019\/01\/2PontBreaux-2.jpg?w=1024 1024w, https:\/\/i2.wp.com\/www.presstourism.ch\/wp-content\/uploads\/2019\/01\/2PontBreaux-2.jpg?resize=300%2C200 300w, https:\/\/i2.wp.com\/www.presstourism.ch\/wp-content\/uploads\/2019\/01\/2PontBreaux-2.jpg?resize=768%2C512 768w, https:\/\/i2.wp.com\/www.presstourism.ch\/wp-content\/uploads\/2019\/01\/2PontBreaux-2.jpg?resize=600%2C400 600w\" sizes=\"(max-width: 584px) 100vw, 584px\" \/><figcaption> <br>Le fameux pont&#8230; de Pont Breaux ou Breaux Bridge, capitale mondiale des \u00e9crevisses. <\/figcaption><\/figure>\n\n\n\n<p>Autant dire qu&rsquo;il faut les d\u00e9guster dans un de ses restos typiques, apr\u00e8s avoir pass\u00e9 dans ses magasins d&rsquo;antiquit\u00e9s. Avant de rejoindre le lac Martin et faire une balade en barque au milieu des arbres qui \u00ab\u00a0poussent dans l&rsquo;eau\u00a0\u00bb. La faune y est riche avec en particulier les \u00e9chassiers et les alligators, qui surgissent l\u00e0 o\u00f9 on les attend le moins ou bien go\u00fbtent au soleil sur un vieux tronc. Quel spectacle!<\/p>\n\n\n\n<figure class=\"wp-block-image\"><img loading=\"lazy\" width=\"584\" height=\"608\" src=\"https:\/\/i1.wp.com\/www.presstourism.ch\/WP_ALEX\/wp-content\/uploads\/2019\/01\/3AudreyBabineaux-2.jpg?resize=584%2C608\" alt=\"\" class=\"wp-image-5325\" srcset=\"https:\/\/i2.wp.com\/www.presstourism.ch\/wp-content\/uploads\/2019\/01\/3AudreyBabineaux-2.jpg?w=738 738w, https:\/\/i2.wp.com\/www.presstourism.ch\/wp-content\/uploads\/2019\/01\/3AudreyBabineaux-2.jpg?resize=288%2C300 288w, https:\/\/i2.wp.com\/www.presstourism.ch\/wp-content\/uploads\/2019\/01\/3AudreyBabineaux-2.jpg?resize=600%2C624 600w\" sizes=\"(max-width: 584px) 100vw, 584px\" data-recalc-dims=\"1\" \/><figcaption> <br>Audrey Babineaux, pr\u00e9sidente de l&rsquo;association B%B du pays cajun, a pr\u00e9par\u00e9 un plat d&rsquo;\u00e9crevisses. <\/figcaption><\/figure>\n\n\n\n<p><strong>Queue\nde Tortue&#8230;<\/strong><\/p>\n\n\n\n<p>Il y a encore Thibodaux, Napol\u00e9onville, Jeannerette,\nles bayous Mouchoir de l&rsquo;Ours et Queue de Tortue, etc. Sans oublier Saint-Martinville\navec son M\u00e9morial Acadien, son mus\u00e9e am\u00e9ricano-africain et Le Ch\u00eane Evangeline,&nbsp;qui a donn\u00e9 son nom au c\u00e9l\u00e8bre po\u00e8me du m\u00eame\nnom.&nbsp;Enfin, il faut visiter Houma, chef-lieu de la culture Cajun, surnomm\u00e9e\nla Venise de l&rsquo;Am\u00e9rique car sept bayous convergent vers son centre. Bienvenue\nen Louisiane!<\/p>\n\n\n\n<figure class=\"wp-block-image\"><img loading=\"lazy\" width=\"1024\" height=\"682\" src=\"https:\/\/i1.wp.com\/www.presstourism.ch\/WP_ALEX\/wp-content\/uploads\/2019\/01\/4Ch\u00eaneEvang\u00e9line-2.jpg?fit=640%2C426\" alt=\"\" class=\"wp-image-5326\" srcset=\"https:\/\/i0.wp.com\/www.presstourism.ch\/wp-content\/uploads\/2019\/01\/4Ch\u00eaneEvang\u00e9line-2.jpg?w=1024 1024w, https:\/\/i0.wp.com\/www.presstourism.ch\/wp-content\/uploads\/2019\/01\/4Ch\u00eaneEvang\u00e9line-2.jpg?resize=300%2C200 300w, https:\/\/i0.wp.com\/www.presstourism.ch\/wp-content\/uploads\/2019\/01\/4Ch\u00eaneEvang\u00e9line-2.jpg?resize=768%2C512 768w, https:\/\/i0.wp.com\/www.presstourism.ch\/wp-content\/uploads\/2019\/01\/4Ch\u00eaneEvang\u00e9line-2.jpg?resize=600%2C400 600w\" sizes=\"(max-width: 584px) 100vw, 584px\" \/><figcaption> <br>Le fameux ch\u00eane d&rsquo;Evang\u00e9line \u00e0 Saint-Martinville, qui a inspir\u00e9 le po\u00e8te am\u00e9ricain Henry Longfellow. <\/figcaption><\/figure>\n\n\n\n<p><strong>Infos pratiques<\/strong><\/p>\n\n\n\n<p><strong>Y aller:<\/strong> de Gen\u00e8ve, plusieurs compagnies proposent des vols pour la Nouvelle Orl\u00e9ans. Sur place, louer une voiture pour partir \u00e0 la d\u00e9couverte de la Louisiane profonde.<\/p>\n\n\n\n<figure class=\"wp-block-image\"><img loading=\"lazy\" width=\"1024\" height=\"682\" src=\"https:\/\/i1.wp.com\/www.presstourism.ch\/WP_ALEX\/wp-content\/uploads\/2019\/01\/5HoumaRueType-2.jpg?fit=640%2C426\" alt=\"\" class=\"wp-image-5327\" srcset=\"https:\/\/i0.wp.com\/www.presstourism.ch\/wp-content\/uploads\/2019\/01\/5HoumaRueType-2.jpg?w=1024 1024w, https:\/\/i0.wp.com\/www.presstourism.ch\/wp-content\/uploads\/2019\/01\/5HoumaRueType-2.jpg?resize=300%2C200 300w, https:\/\/i0.wp.com\/www.presstourism.ch\/wp-content\/uploads\/2019\/01\/5HoumaRueType-2.jpg?resize=768%2C512 768w, https:\/\/i0.wp.com\/www.presstourism.ch\/wp-content\/uploads\/2019\/01\/5HoumaRueType-2.jpg?resize=600%2C400 600w\" sizes=\"(max-width: 584px) 100vw, 584px\" \/><figcaption> <br>La petite ville de Houma avec ces grands arbres qui recouvrent compl\u00e8tement une rue typique bord\u00e9e de petites maisons. <\/figcaption><\/figure>\n\n\n\n<p><strong>Couettes et couverts:<\/strong> \u00e0 Houma, Audrey et Maudrey Babineaux, deux soeurs jumelles, vous accueillent chaleureusement dans leurs B&amp;B. La premi\u00e8re g\u00e8re l&rsquo;association des B&amp;B du pays cajun, <a href=\"http:\/\/www.cajunbedandbreakfast.com\">www.cajunbedandbreakfast.com<\/a><\/p>\n\n\n\n<figure class=\"wp-block-image\"><img loading=\"lazy\" width=\"1024\" height=\"682\" src=\"https:\/\/i1.wp.com\/www.presstourism.ch\/WP_ALEX\/wp-content\/uploads\/2019\/01\/8B_VermilionVille-2.jpg?fit=640%2C426\" alt=\"\" class=\"wp-image-5328\" srcset=\"https:\/\/i1.wp.com\/www.presstourism.ch\/wp-content\/uploads\/2019\/01\/8B_VermilionVille-2.jpg?w=1024 1024w, https:\/\/i1.wp.com\/www.presstourism.ch\/wp-content\/uploads\/2019\/01\/8B_VermilionVille-2.jpg?resize=300%2C200 300w, https:\/\/i1.wp.com\/www.presstourism.ch\/wp-content\/uploads\/2019\/01\/8B_VermilionVille-2.jpg?resize=768%2C512 768w, https:\/\/i1.wp.com\/www.presstourism.ch\/wp-content\/uploads\/2019\/01\/8B_VermilionVille-2.jpg?resize=600%2C400 600w\" sizes=\"(max-width: 584px) 100vw, 584px\" \/><figcaption> <br>Vermilionville est un mus\u00e9e vivant de la culture cajun \u00e0 Lafayette.  <\/figcaption><\/figure>\n\n\n\n<p><strong>Mais aussi:<\/strong> Vermilionville \u00e0 Lafayette, mus\u00e9e vivant de la culture cajun avec son village acadien du 19e si\u00e8cle reconstitu\u00e9, www.vermilionville.org. <\/p>\n\n\n\n<figure class=\"wp-block-image\"><img loading=\"lazy\" width=\"1024\" height=\"682\" src=\"https:\/\/i2.wp.com\/www.presstourism.ch\/WP_ALEX\/wp-content\/uploads\/2019\/01\/8A_VermilionForgeronJPG-2.jpg?fit=640%2C426\" alt=\"\" class=\"wp-image-5329\" srcset=\"https:\/\/i2.wp.com\/www.presstourism.ch\/wp-content\/uploads\/2019\/01\/8A_VermilionForgeronJPG-2.jpg?w=1024 1024w, https:\/\/i2.wp.com\/www.presstourism.ch\/wp-content\/uploads\/2019\/01\/8A_VermilionForgeronJPG-2.jpg?resize=300%2C200 300w, https:\/\/i2.wp.com\/www.presstourism.ch\/wp-content\/uploads\/2019\/01\/8A_VermilionForgeronJPG-2.jpg?resize=768%2C512 768w, https:\/\/i2.wp.com\/www.presstourism.ch\/wp-content\/uploads\/2019\/01\/8A_VermilionForgeronJPG-2.jpg?resize=600%2C400 600w\" sizes=\"(max-width: 584px) 100vw, 584px\" \/><figcaption> <br>Les artisans locaux y donnent des d\u00e9monstrations de techniques d&rsquo;antan. <\/figcaption><\/figure>\n\n\n\n<p>La route des plantations, dont celle de Laura, cr\u00e9ole, consid\u00e9r\u00e9e comme l\u2019un des t\u00e9moignages les plus fid\u00e8les de l\u2019histoire de&nbsp;la Louisiane depuis deux si\u00e8cles.<\/p>\n\n\n\n<figure class=\"wp-block-image\"><img loading=\"lazy\" width=\"1024\" height=\"682\" src=\"https:\/\/i1.wp.com\/www.presstourism.ch\/WP_ALEX\/wp-content\/uploads\/2019\/01\/9B_LauraCasesEsclaves-2.jpg?fit=640%2C426\" alt=\"\" class=\"wp-image-5330\" srcset=\"https:\/\/i2.wp.com\/www.presstourism.ch\/wp-content\/uploads\/2019\/01\/9B_LauraCasesEsclaves-2.jpg?w=1024 1024w, https:\/\/i2.wp.com\/www.presstourism.ch\/wp-content\/uploads\/2019\/01\/9B_LauraCasesEsclaves-2.jpg?resize=300%2C200 300w, https:\/\/i2.wp.com\/www.presstourism.ch\/wp-content\/uploads\/2019\/01\/9B_LauraCasesEsclaves-2.jpg?resize=768%2C512 768w, https:\/\/i2.wp.com\/www.presstourism.ch\/wp-content\/uploads\/2019\/01\/9B_LauraCasesEsclaves-2.jpg?resize=600%2C400 600w\" sizes=\"(max-width: 584px) 100vw, 584px\" \/><figcaption> <br>Autrefois maisons des riches planteurs cr\u00e9oles de coton et de canne \u00e0 sucre, les plantations sont devenues des mus\u00e9es. Ici la plantation Laura avec la maison de ma\u00eetre et les cases des esclaves. <\/figcaption><\/figure>\n\n\n\n<p><strong>Se renseigner:<\/strong> le guide du Petit Fut\u00e9 Louisiane, num\u00e9rique ou papier, <a href=\"http:\/\/www.petitfute.com\">www.petitfute.com<\/a><\/p>\n\n\n\n<figure class=\"wp-block-image\"><img loading=\"lazy\" width=\"1024\" height=\"682\" src=\"https:\/\/i1.wp.com\/www.presstourism.ch\/WP_ALEX\/wp-content\/uploads\/2019\/01\/IMG_1821-2.jpg?fit=640%2C426\" alt=\"\" class=\"wp-image-5331\" srcset=\"https:\/\/i0.wp.com\/www.presstourism.ch\/wp-content\/uploads\/2019\/01\/IMG_1821-2.jpg?w=1024 1024w, https:\/\/i0.wp.com\/www.presstourism.ch\/wp-content\/uploads\/2019\/01\/IMG_1821-2.jpg?resize=300%2C200 300w, https:\/\/i0.wp.com\/www.presstourism.ch\/wp-content\/uploads\/2019\/01\/IMG_1821-2.jpg?resize=768%2C512 768w, https:\/\/i0.wp.com\/www.presstourism.ch\/wp-content\/uploads\/2019\/01\/IMG_1821-2.jpg?resize=600%2C400 600w\" sizes=\"(max-width: 584px) 100vw, 584px\" \/><figcaption>Salle \u00e0 manger de la Plantation Laura<\/figcaption><\/figure>\n","protected":false},"excerpt":{"rendered":"<p>Textes et photos: Roger Juillerat LOUISIANE. L&rsquo;arri\u00e8re-pays est riche de beaut\u00e9s naturelles et offre une multitude de petites villes et bourgades qui sentent bon la francophonie et sa culture. Dans ses bayous, un eldorado pour les passionn\u00e9s d&rsquo;ornithologie, l&rsquo;alligator tient &hellip; <a href=\"http:\/\/www.presstourism.ch\/?page_id=5308\">Continuer la lecture <span class=\"meta-nav\">&rarr;<\/span><\/a><\/p>\n","protected":false},"author":1,"featured_media":0,"parent":225,"menu_order":0,"comment_status":"closed","ping_status":"closed","template":"","meta":{"ngg_post_thumbnail":0,"spay_email":""},"jetpack_sharing_enabled":true,"jetpack_shortlink":"https:\/\/wp.me\/P468TV-1nC","_links":{"self":[{"href":"http:\/\/www.presstourism.ch\/index.php?rest_route=\/wp\/v2\/pages\/5308"}],"collection":[{"href":"http:\/\/www.presstourism.ch\/index.php?rest_route=\/wp\/v2\/pages"}],"about":[{"href":"http:\/\/www.presstourism.ch\/index.php?rest_route=\/wp\/v2\/types\/page"}],"author":[{"embeddable":true,"href":"http:\/\/www.presstourism.ch\/index.php?rest_route=\/wp\/v2\/users\/1"}],"replies":[{"embeddable":true,"href":"http:\/\/www.presstourism.ch\/index.php?rest_route=%2Fwp%2Fv2%2Fcomments&post=5308"}],"version-history":[{"count":3,"href":"http:\/\/www.presstourism.ch\/index.php?rest_route=\/wp\/v2\/pages\/5308\/revisions"}],"predecessor-version":[{"id":5338,"href":"http:\/\/www.presstourism.ch\/index.php?rest_route=\/wp\/v2\/pages\/5308\/revisions\/5338"}],"up":[{"embeddable":true,"href":"http:\/\/www.presstourism.ch\/index.php?rest_route=\/wp\/v2\/pages\/225"}],"wp:attachment":[{"href":"http:\/\/www.presstourism.ch\/index.php?rest_route=%2Fwp%2Fv2%2Fmedia&parent=5308"}],"curies":[{"name":"wp","href":"https:\/\/api.w.org\/{rel}","templated":true}]}}