{"id":5259,"date":"2019-01-24T10:47:46","date_gmt":"2019-01-24T09:47:46","guid":{"rendered":"http:\/\/www.presstourism.ch\/WP_ALEX\/?page_id=5259"},"modified":"2019-01-24T10:47:47","modified_gmt":"2019-01-24T09:47:47","slug":"des-nouvelles-de-la-drome","status":"publish","type":"page","link":"http:\/\/www.presstourism.ch\/?page_id=5259","title":{"rendered":"Des nouvelles de la Dr\u00f4me"},"content":{"rendered":"\n<figure class=\"wp-block-image\"><img loading=\"lazy\" width=\"1024\" height=\"768\" src=\"https:\/\/i1.wp.com\/www.presstourism.ch\/WP_ALEX\/wp-content\/uploads\/2019\/01\/P1000261.jpg?fit=640%2C480\" alt=\"\" class=\"wp-image-5274\" srcset=\"https:\/\/i1.wp.com\/www.presstourism.ch\/wp-content\/uploads\/2019\/01\/P1000261.jpg?w=1024 1024w, https:\/\/i1.wp.com\/www.presstourism.ch\/wp-content\/uploads\/2019\/01\/P1000261.jpg?resize=300%2C225 300w, https:\/\/i1.wp.com\/www.presstourism.ch\/wp-content\/uploads\/2019\/01\/P1000261.jpg?resize=768%2C576 768w, https:\/\/i1.wp.com\/www.presstourism.ch\/wp-content\/uploads\/2019\/01\/P1000261.jpg?resize=600%2C450 600w\" sizes=\"(max-width: 584px) 100vw, 584px\" \/><\/figure>\n\n\n\n<p>A deux heures de voiture de Gen\u00e8ve, la Dr\u00f4me est \u00e0 la fois une destination proche et un univers exotique. Les journalistes de presstourism.ch ont une affection particuli\u00e8re pour ce charmant \u00e9clat d&rsquo;univers, au point d&rsquo;avoir tenu \u00e0 Valence, voil\u00e0 six ans d\u00e9j\u00e0, une m\u00e9morable assembl\u00e9e g\u00e9n\u00e9rale compl\u00e9t\u00e9e par une <a href=\"http:\/\/www.presstourism.ch\/WP_ALEX\/?page_id=5262\">passionnante visite<\/a> de la r\u00e9gion.<\/p>\n\n\n\n<figure class=\"wp-block-image\"><img loading=\"lazy\" width=\"1024\" height=\"646\" src=\"https:\/\/i2.wp.com\/www.presstourism.ch\/WP_ALEX\/wp-content\/uploads\/2019\/01\/PTCH-groupe-MG_7720sd-Copie.jpg?fit=640%2C404\" alt=\"\" class=\"wp-image-5275\" srcset=\"https:\/\/i1.wp.com\/www.presstourism.ch\/wp-content\/uploads\/2019\/01\/PTCH-groupe-MG_7720sd-Copie.jpg?w=1024 1024w, https:\/\/i1.wp.com\/www.presstourism.ch\/wp-content\/uploads\/2019\/01\/PTCH-groupe-MG_7720sd-Copie.jpg?resize=300%2C189 300w, https:\/\/i1.wp.com\/www.presstourism.ch\/wp-content\/uploads\/2019\/01\/PTCH-groupe-MG_7720sd-Copie.jpg?resize=768%2C485 768w, https:\/\/i1.wp.com\/www.presstourism.ch\/wp-content\/uploads\/2019\/01\/PTCH-groupe-MG_7720sd-Copie.jpg?resize=600%2C379 600w\" sizes=\"(max-width: 584px) 100vw, 584px\" \/><\/figure>\n\n\n\n<p>La Dr\u00f4me est \u00e9maill\u00e9e de mille merveilles. L&rsquo;une des plus connues est sans nul doute le <a href=\"http:\/\/www.facteurcheval.com\/\">Palais id\u00e9al du facteur Cheval<\/a>, \u00e0 Hauterives. <\/p>\n\n\n\n<figure class=\"wp-block-image\"><img loading=\"lazy\" width=\"1200\" height=\"970\" src=\"https:\/\/i2.wp.com\/www.presstourism.ch\/WP_ALEX\/wp-content\/uploads\/2019\/01\/facteur3.jpg?fit=640%2C518\" alt=\"\" class=\"wp-image-5266\" srcset=\"https:\/\/i1.wp.com\/www.presstourism.ch\/wp-content\/uploads\/2019\/01\/facteur3.jpg?w=1200 1200w, https:\/\/i1.wp.com\/www.presstourism.ch\/wp-content\/uploads\/2019\/01\/facteur3.jpg?resize=300%2C243 300w, https:\/\/i1.wp.com\/www.presstourism.ch\/wp-content\/uploads\/2019\/01\/facteur3.jpg?resize=768%2C621 768w, https:\/\/i1.wp.com\/www.presstourism.ch\/wp-content\/uploads\/2019\/01\/facteur3.jpg?resize=1024%2C828 1024w, https:\/\/i1.wp.com\/www.presstourism.ch\/wp-content\/uploads\/2019\/01\/facteur3.jpg?resize=600%2C485 600w\" sizes=\"(max-width: 584px) 100vw, 584px\" \/><\/figure>\n\n\n\n<p>A la fin du XIX\u00e8me, Joseph Ferdinand Cheval, est un simple facteur qui parcourt chaque jour la Dr\u00f4me, de village en village. Solitaire, il est boulevers\u00e9 quand il rencontre la femme de sa vie, Philom\u00e8ne. De leur union na\u00eet Alice. Pour cette enfant qu\u2019il aime plus que tout, Cheval se jette alors dans un pari fou : lui construire de ses propres mains, un incroyable palais. Jamais \u00e9pargn\u00e9 par les \u00e9preuves de la vie, cet homme ordinaire n\u2019abandonnera pas et consacrera 33 ans \u00e0 b\u00e2tir une \u0153uvre extraordinaire : \u00ab\u00a0Le Palais id\u00e9al\u00a0\u00bb. <\/p>\n\n\n\n<p>R\u00e9alis\u00e9 par Nils Tavernier avec Jacques Gamblin et Laetitia Casta, un tr\u00e8s beau film est sorti d\u00e9but 2019, qui raconte l&rsquo;extraordinaire aventure de ce facteur hors du commun.<\/p>\n\n\n\n<div class=\"wp-block-image\"><figure class=\"aligncenter\"><img loading=\"lazy\" width=\"547\" height=\"730\" src=\"https:\/\/i1.wp.com\/www.presstourism.ch\/WP_ALEX\/wp-content\/uploads\/2019\/01\/facteur-cheval-nils-tavernier817image1fr1541695715L547.jpg?resize=547%2C730\" alt=\"\" class=\"wp-image-5265\" srcset=\"https:\/\/i2.wp.com\/www.presstourism.ch\/wp-content\/uploads\/2019\/01\/facteur-cheval-nils-tavernier817image1fr1541695715L547.jpg?w=547 547w, https:\/\/i2.wp.com\/www.presstourism.ch\/wp-content\/uploads\/2019\/01\/facteur-cheval-nils-tavernier817image1fr1541695715L547.jpg?resize=225%2C300 225w\" sizes=\"(max-width: 547px) 100vw, 547px\" data-recalc-dims=\"1\" \/><\/figure><\/div>\n\n\n\n<p>Mais la Dr\u00f4me ne se r\u00e9sume pas au Palais id\u00e9al du facteur Cheval, aussi \u00e9bouriffant soit-il. R\u00e9guli\u00e8rement, l&rsquo;Office du Tourisme de la Dr\u00f4me s&rsquo;adresse aux journalistes pour leur signaler nombres de points d&rsquo;int\u00e9r\u00eat, souvent m\u00e9connus mais toujours \u00e9mouvants. Vous trouverez ici le plus r\u00e9cent communiqu\u00e9.<\/p>\n\n\n\n<div class=\"wp-block-file\"><a href=\"http:\/\/www.presstourism.ch\/WP_ALEX\/wp-content\/uploads\/2019\/01\/Cque_Bien-etre_La_Drome_Tourisme-1-1.pdf\">Vous trouverez ici le plus r\u00e9cent communiqu\u00e9 de Dr\u00f4me Tourisme.<\/a><a href=\"http:\/\/www.presstourism.ch\/WP_ALEX\/wp-content\/uploads\/2019\/01\/Cque_Bien-etre_La_Drome_Tourisme-1-1.pdf\" class=\"wp-block-file__button\" download>T\u00e9l\u00e9charger<\/a><\/div>\n\n\n\n<figure class=\"wp-block-image\"><img loading=\"lazy\" width=\"1024\" height=\"725\" src=\"https:\/\/i1.wp.com\/www.presstourism.ch\/WP_ALEX\/wp-content\/uploads\/2019\/01\/credit-photo-didier-rousselle-40.jpg?fit=640%2C453\" alt=\"\" class=\"wp-image-5276\" srcset=\"https:\/\/i2.wp.com\/www.presstourism.ch\/wp-content\/uploads\/2019\/01\/credit-photo-didier-rousselle-40.jpg?w=1024 1024w, https:\/\/i2.wp.com\/www.presstourism.ch\/wp-content\/uploads\/2019\/01\/credit-photo-didier-rousselle-40.jpg?resize=300%2C212 300w, https:\/\/i2.wp.com\/www.presstourism.ch\/wp-content\/uploads\/2019\/01\/credit-photo-didier-rousselle-40.jpg?resize=768%2C544 768w, https:\/\/i2.wp.com\/www.presstourism.ch\/wp-content\/uploads\/2019\/01\/credit-photo-didier-rousselle-40.jpg?resize=600%2C425 600w\" sizes=\"(max-width: 584px) 100vw, 584px\" \/><figcaption>Photo Didier Rousselle<\/figcaption><\/figure>\n\n\n\n<p><\/p>\n","protected":false},"excerpt":{"rendered":"<p>A deux heures de voiture de Gen\u00e8ve, la Dr\u00f4me est \u00e0 la fois une destination proche et un univers exotique. Les journalistes de presstourism.ch ont une affection particuli\u00e8re pour ce charmant \u00e9clat d&rsquo;univers, au point d&rsquo;avoir tenu \u00e0 Valence, voil\u00e0 &hellip; <a href=\"http:\/\/www.presstourism.ch\/?page_id=5259\">Continuer la lecture <span class=\"meta-nav\">&rarr;<\/span><\/a><\/p>\n","protected":false},"author":1,"featured_media":0,"parent":840,"menu_order":0,"comment_status":"closed","ping_status":"closed","template":"","meta":{"ngg_post_thumbnail":0,"spay_email":""},"jetpack_sharing_enabled":true,"jetpack_shortlink":"https:\/\/wp.me\/P468TV-1mP","_links":{"self":[{"href":"http:\/\/www.presstourism.ch\/index.php?rest_route=\/wp\/v2\/pages\/5259"}],"collection":[{"href":"http:\/\/www.presstourism.ch\/index.php?rest_route=\/wp\/v2\/pages"}],"about":[{"href":"http:\/\/www.presstourism.ch\/index.php?rest_route=\/wp\/v2\/types\/page"}],"author":[{"embeddable":true,"href":"http:\/\/www.presstourism.ch\/index.php?rest_route=\/wp\/v2\/users\/1"}],"replies":[{"embeddable":true,"href":"http:\/\/www.presstourism.ch\/index.php?rest_route=%2Fwp%2Fv2%2Fcomments&post=5259"}],"version-history":[{"count":7,"href":"http:\/\/www.presstourism.ch\/index.php?rest_route=\/wp\/v2\/pages\/5259\/revisions"}],"predecessor-version":[{"id":5277,"href":"http:\/\/www.presstourism.ch\/index.php?rest_route=\/wp\/v2\/pages\/5259\/revisions\/5277"}],"up":[{"embeddable":true,"href":"http:\/\/www.presstourism.ch\/index.php?rest_route=\/wp\/v2\/pages\/840"}],"wp:attachment":[{"href":"http:\/\/www.presstourism.ch\/index.php?rest_route=%2Fwp%2Fv2%2Fmedia&parent=5259"}],"curies":[{"name":"wp","href":"https:\/\/api.w.org\/{rel}","templated":true}]}}