{"id":5224,"date":"2019-01-14T22:26:39","date_gmt":"2019-01-14T21:26:39","guid":{"rendered":"http:\/\/www.presstourism.ch\/WP_ALEX\/?page_id=5224"},"modified":"2024-04-10T09:51:36","modified_gmt":"2024-04-10T07:51:36","slug":"immersion-dans-le-coeur-francais-des-etats-unis","status":"publish","type":"page","link":"http:\/\/www.presstourism.ch\/?page_id=5224","title":{"rendered":"Immersion dans le coeur fran\u00e7ais des Etats-Unis"},"content":{"rendered":"\n<figure class=\"wp-block-image\"><img loading=\"lazy\" width=\"584\" height=\"389\" src=\"https:\/\/i1.wp.com\/www.presstourism.ch\/WP_ALEX\/wp-content\/uploads\/2019\/01\/1A_QuartierFran\u00e7ais-1-1024x682.jpg?resize=584%2C389\" alt=\"\" class=\"wp-image-5236\" srcset=\"https:\/\/i2.wp.com\/www.presstourism.ch\/wp-content\/uploads\/2019\/01\/1A_QuartierFran\u00e7ais-1.jpg?w=1024 1024w, https:\/\/i2.wp.com\/www.presstourism.ch\/wp-content\/uploads\/2019\/01\/1A_QuartierFran\u00e7ais-1.jpg?resize=300%2C200 300w, https:\/\/i2.wp.com\/www.presstourism.ch\/wp-content\/uploads\/2019\/01\/1A_QuartierFran\u00e7ais-1.jpg?resize=768%2C512 768w, https:\/\/i2.wp.com\/www.presstourism.ch\/wp-content\/uploads\/2019\/01\/1A_QuartierFran\u00e7ais-1.jpg?resize=600%2C400 600w\" sizes=\"(max-width: 584px) 100vw, 584px\" data-recalc-dims=\"1\" \/><figcaption>Les belles maisons du Quartier fran\u00e7ais sont paradoxalement d&rsquo;influence espagnole avec leurs balcons en fer forg\u00e9.<\/figcaption><\/figure>\n\n\n\n<p><strong>Textes et photos: Roger Juillerat<\/strong><\/p>\n\n\n\n<p>LOUISIANE &#8211; La\nNouvelle-Orl\u00e9ans a f\u00eat\u00e9 l&rsquo;an dernier son 300e anniversaire. Quatorze ans apr\u00e8s le\npassage de l&rsquo;ouragan Katrina, elle conna\u00eet \u00e0 nouveau l&rsquo;effervescence au bord du\nMississipi et dans son fameux Quartier fran\u00e7ais avec ses clubs de jazz.<\/p>\n\n\n\n<figure class=\"wp-block-image\"><img loading=\"lazy\" width=\"584\" height=\"437\" src=\"https:\/\/i0.wp.com\/www.presstourism.ch\/WP_ALEX\/wp-content\/uploads\/2019\/01\/2JazzNewOrleans-1024x767.jpg?resize=584%2C437\" alt=\"\" class=\"wp-image-5229\" srcset=\"https:\/\/i1.wp.com\/www.presstourism.ch\/wp-content\/uploads\/2019\/01\/2JazzNewOrleans.jpg?w=1024 1024w, https:\/\/i1.wp.com\/www.presstourism.ch\/wp-content\/uploads\/2019\/01\/2JazzNewOrleans.jpg?resize=300%2C225 300w, https:\/\/i1.wp.com\/www.presstourism.ch\/wp-content\/uploads\/2019\/01\/2JazzNewOrleans.jpg?resize=768%2C575 768w, https:\/\/i1.wp.com\/www.presstourism.ch\/wp-content\/uploads\/2019\/01\/2JazzNewOrleans.jpg?resize=600%2C449 600w\" sizes=\"(max-width: 584px) 100vw, 584px\" data-recalc-dims=\"1\" \/><figcaption>Un concert de jazz \u00e0 la Maison Bourbon, sur la rue du m\u00eame nom, qui ne d\u00e9semplit pas en soir\u00e9e.<\/figcaption><\/figure>\n\n\n\n<p>Berceau du\njazz et du blues, la Nouvelle-Orl\u00e9ans a f\u00eat\u00e9 tout au long de l\u2019ann\u00e9e 2018 son tricentenaire\navec de nombreuses festivit\u00e9s au programme. Mais il vaut toujours la peine de\ns&rsquo;y rendre pour d\u00e9couvrir la ville la plus fran\u00e7aise des \u00c9tats-Unis, color\u00e9e et\npassionnante. Elle a \u00e9t\u00e9 fond\u00e9e par Jean-Baptiste Le Moyne, explorateur\nfran\u00e7ais de Montr\u00e9al, et des colons, qui l\u2019ont appel\u00e9e ainsi en hommage au duc\nd\u2019Orl\u00e9ans.<\/p>\n\n\n\n<figure class=\"wp-block-image\"><img loading=\"lazy\" width=\"584\" height=\"389\" src=\"https:\/\/i0.wp.com\/www.presstourism.ch\/WP_ALEX\/wp-content\/uploads\/2019\/01\/4ConcertImproRRoyale-1024x682.jpg?resize=584%2C389\" alt=\"\" class=\"wp-image-5231\" srcset=\"https:\/\/i2.wp.com\/www.presstourism.ch\/wp-content\/uploads\/2019\/01\/4ConcertImproRRoyale.jpg?w=1024 1024w, https:\/\/i2.wp.com\/www.presstourism.ch\/wp-content\/uploads\/2019\/01\/4ConcertImproRRoyale.jpg?resize=300%2C200 300w, https:\/\/i2.wp.com\/www.presstourism.ch\/wp-content\/uploads\/2019\/01\/4ConcertImproRRoyale.jpg?resize=768%2C512 768w, https:\/\/i2.wp.com\/www.presstourism.ch\/wp-content\/uploads\/2019\/01\/4ConcertImproRRoyale.jpg?resize=600%2C400 600w\" sizes=\"(max-width: 584px) 100vw, 584px\" data-recalc-dims=\"1\" \/><figcaption>Un concert de jazz improvis\u00e9 entre divers musiciens sur la rue Royale, sans doute la plus belle de la ville.<\/figcaption><\/figure>\n\n\n\n<p>Raison pour\nlaquelle elle a des noms de rues et de restaurants familiers tels que Saint-Louis,\nChartres, Toulouse, Le Faubourg, Le Sucr\u00e9, etc., group\u00e9s en particulier dans le\nquartier historique du Vieux Carr\u00e9, le French Quarter. Celui o\u00f9 on s&#8217;empresse\nd&rsquo;aller d\u00e8s son arriv\u00e9e pour y admirer ses maisons \u00e0 l&rsquo;architecture coloniale,\nses \u00e9glises, son march\u00e9 fran\u00e7ais, ses clubs et salles de concert de jazz. Sans\noublier de go\u00fbter sa cuisine aux multiples influences. Les amateurs\nd\u2019antiquit\u00e9s, d\u2019objets d\u2019art et de peintures y trouveront aussi leur bonheur.\nEt le soir venu, le quartier conna\u00eet une folle animation.<\/p>\n\n\n\n<p>A quelques pas du Vieux Carr\u00e9, l\u2019Art District est le quartier en vogue.\nSes entrep\u00f4ts ont \u00e9t\u00e9 r\u00e9habilit\u00e9s pour accueillir les principaux mus\u00e9es de la\nville, des galeries d\u2019art et des ateliers d\u2019artistes. Et de l&rsquo;autre c\u00f4t\u00e9 du pont\nqui enjambe le Mississipi, les s\u00e9quelles de l&rsquo;ouragan Katrina, qui d\u00e9vasta la\ncit\u00e9 il y a 13 ans, sont encore visibles.<\/p>\n\n\n\n<figure class=\"wp-block-image\"><img loading=\"lazy\" width=\"584\" height=\"389\" src=\"https:\/\/i1.wp.com\/www.presstourism.ch\/WP_ALEX\/wp-content\/uploads\/2019\/01\/7BateauNatchez-1024x682.jpg?resize=584%2C389\" alt=\"\" class=\"wp-image-5234\" srcset=\"https:\/\/i1.wp.com\/www.presstourism.ch\/wp-content\/uploads\/2019\/01\/7BateauNatchez.jpg?w=1024 1024w, https:\/\/i1.wp.com\/www.presstourism.ch\/wp-content\/uploads\/2019\/01\/7BateauNatchez.jpg?resize=300%2C200 300w, https:\/\/i1.wp.com\/www.presstourism.ch\/wp-content\/uploads\/2019\/01\/7BateauNatchez.jpg?resize=768%2C512 768w, https:\/\/i1.wp.com\/www.presstourism.ch\/wp-content\/uploads\/2019\/01\/7BateauNatchez.jpg?resize=600%2C400 600w\" sizes=\"(max-width: 584px) 100vw, 584px\" data-recalc-dims=\"1\" \/><figcaption>Trois authentiques bateaux avec des roues \u00e0 aube permettent de voir la ville sous un angle original, ici le Natchez.<\/figcaption><\/figure>\n\n\n\n<p><strong>Un tramway\n\u00ab\u00a0nomm\u00e9 d\u00e9sir\u00a0\u00bb.<\/strong><\/p>\n\n\n\n<p>En regagnant le port, c&rsquo;est le moment de monter \u00e0 bord d&rsquo;un des bateaux munis de roues \u00e0 aube pour faire une petite croisi\u00e8re sur le fleuve. <\/p>\n\n\n\n<figure class=\"wp-block-image\"><img loading=\"lazy\" width=\"584\" height=\"389\" src=\"https:\/\/i0.wp.com\/www.presstourism.ch\/WP_ALEX\/wp-content\/uploads\/2019\/01\/6TramNouvelleOrleans-1024x682.jpg?resize=584%2C389\" alt=\"\" class=\"wp-image-5233\" srcset=\"https:\/\/i0.wp.com\/www.presstourism.ch\/wp-content\/uploads\/2019\/01\/6TramNouvelleOrleans.jpg?w=1024 1024w, https:\/\/i0.wp.com\/www.presstourism.ch\/wp-content\/uploads\/2019\/01\/6TramNouvelleOrleans.jpg?resize=300%2C200 300w, https:\/\/i0.wp.com\/www.presstourism.ch\/wp-content\/uploads\/2019\/01\/6TramNouvelleOrleans.jpg?resize=768%2C512 768w, https:\/\/i0.wp.com\/www.presstourism.ch\/wp-content\/uploads\/2019\/01\/6TramNouvelleOrleans.jpg?resize=600%2C400 600w\" sizes=\"(max-width: 584px) 100vw, 584px\" data-recalc-dims=\"1\" \/><figcaption>Les embl\u00e9matiques tramways de la Nouvelle Orl\u00e9ans sont \u00e0 eux seuls une attraction touristique.<\/figcaption><\/figure>\n\n\n\n<p>Puis, de retour \u00e0 quai, de prendre le c\u00e9l\u00e8bre tramway \u00abnomm\u00e9 d\u00e9sir\u00bb, fid\u00e8le \u00e0 l\u2019univers de Tennessee Williams. Il m\u00e8ne au Garden District, un quartier qui doit son nom aux nombreux parcs et jardins truff\u00e9s de propri\u00e9t\u00e9s. Enfin, il faut encore se rendre dans l&rsquo;incontournable parc Louis Amstrong, le c\u00e9l\u00e8bre trompettiste, dans lequel se trouve le mus\u00e9e du jazz de la Nouvelle Orl\u00e9ans.<\/p>\n\n\n\n<figure class=\"wp-block-image\"><img loading=\"lazy\" width=\"432\" height=\"768\" src=\"https:\/\/i0.wp.com\/www.presstourism.ch\/WP_ALEX\/wp-content\/uploads\/2019\/01\/5LouisArmstrongStatue.jpg?resize=432%2C768\" alt=\"\" class=\"wp-image-5232\" srcset=\"https:\/\/i1.wp.com\/www.presstourism.ch\/wp-content\/uploads\/2019\/01\/5LouisArmstrongStatue.jpg?w=432 432w, https:\/\/i1.wp.com\/www.presstourism.ch\/wp-content\/uploads\/2019\/01\/5LouisArmstrongStatue.jpg?resize=169%2C300 169w\" sizes=\"(max-width: 432px) 100vw, 432px\" data-recalc-dims=\"1\" \/><figcaption>La statue de Louis Amstrong dans le parc qui lui est d\u00e9di\u00e9 et qui englobe aussi le mus\u00e9e du jazz.<\/figcaption><\/figure>\n\n\n\n<p><strong>Infos pratiques<\/strong><\/p>\n\n\n\n<p><strong>Y aller:<\/strong> trouver un vol Gen\u00e8ve-La Nouvelle-Orl\u00e9ans pas cher avec le moteur de recherches Jetcost, <a href=\"http:\/\/www.jetcost.com\">www.jetcost.com<\/a><\/p>\n\n\n\n<p><strong>Couettes et couverts:<\/strong> le News Orleans Guest House, 1118 Avenue des Ursulines, accueillant petit h\u00f4tel tout pr\u00e8s du Quartier fran\u00e7ais, <a href=\"http:\/\/www.neworleansguest.house\">www.neworleansguest.house<\/a>. Les bonnes assiettes et le joli cadre du Caf\u00e9 Am\u00e9lie, 912 rue Royale, <a href=\"http:\/\/www.cafeamelie.com\">www.cafeamelie.com<\/a><\/p>\n\n\n\n<figure class=\"wp-block-image\"><img loading=\"lazy\" width=\"584\" height=\"389\" src=\"https:\/\/i2.wp.com\/www.presstourism.ch\/WP_ALEX\/wp-content\/uploads\/2019\/01\/3AligatorsBayous-1024x682.jpg?resize=584%2C389\" alt=\"\" class=\"wp-image-5230\" srcset=\"https:\/\/i0.wp.com\/www.presstourism.ch\/wp-content\/uploads\/2019\/01\/3AligatorsBayous.jpg?w=1024 1024w, https:\/\/i0.wp.com\/www.presstourism.ch\/wp-content\/uploads\/2019\/01\/3AligatorsBayous.jpg?resize=300%2C200 300w, https:\/\/i0.wp.com\/www.presstourism.ch\/wp-content\/uploads\/2019\/01\/3AligatorsBayous.jpg?resize=768%2C512 768w, https:\/\/i0.wp.com\/www.presstourism.ch\/wp-content\/uploads\/2019\/01\/3AligatorsBayous.jpg?resize=600%2C400 600w\" sizes=\"(max-width: 584px) 100vw, 584px\" data-recalc-dims=\"1\" \/><figcaption>Dans les bayous, marais du delta du Mississipi, on est assur\u00e9 de croiser des alligators.<\/figcaption><\/figure>\n\n\n\n<p><strong>Mais aussi:<\/strong> une balade en bateau\npour voir les alligators dans les bayous, qui s\u2019\u00e9tendent au Sud-est de la\nLouisiane, dans le pays cajun. Les plus proches se situent \u00e0 Laplace, \u00e0 une\nvingtaine de minutes en voiture de La Nouvelle Orl\u00e9ans.<\/p>\n\n\n\n<div class=\"wp-block-image\"><figure class=\"aligncenter\"><img loading=\"lazy\" width=\"512\" height=\"768\" src=\"https:\/\/i2.wp.com\/www.presstourism.ch\/WP_ALEX\/wp-content\/uploads\/2019\/01\/8ContrasteNewOrleans.jpg?resize=512%2C768\" alt=\"\" class=\"wp-image-5235\" srcset=\"https:\/\/i0.wp.com\/www.presstourism.ch\/wp-content\/uploads\/2019\/01\/8ContrasteNewOrleans.jpg?w=512 512w, https:\/\/i0.wp.com\/www.presstourism.ch\/wp-content\/uploads\/2019\/01\/8ContrasteNewOrleans.jpg?resize=200%2C300 200w\" sizes=\"(max-width: 512px) 100vw, 512px\" data-recalc-dims=\"1\" \/><figcaption>Contraste architectural entre le Vieux Carr\u00e9 et la ville des affaires avec ses buildings.<\/figcaption><\/figure><\/div>\n\n\n\n<p><strong>S&rsquo;informer:<\/strong> avec le guide Louisiane du Petit Fut\u00e9, <a href=\"http:\/\/www.petitfute.com\">www.petitfute.com<\/a> et le site <a href=\"http:\/\/www.louisiane-tourisme.fr\">www.louisiane-tourisme.fr<\/a><\/p>\n\n\n\n<p><\/p>\n\n\n\n<p><\/p>\n","protected":false},"excerpt":{"rendered":"<p>Textes et photos: Roger Juillerat LOUISIANE &#8211; La Nouvelle-Orl\u00e9ans a f\u00eat\u00e9 l&rsquo;an dernier son 300e anniversaire. Quatorze ans apr\u00e8s le passage de l&rsquo;ouragan Katrina, elle conna\u00eet \u00e0 nouveau l&rsquo;effervescence au bord du Mississipi et dans son fameux Quartier fran\u00e7ais avec &hellip; <a href=\"http:\/\/www.presstourism.ch\/?page_id=5224\">Continuer la lecture <span class=\"meta-nav\">&rarr;<\/span><\/a><\/p>\n","protected":false},"author":1,"featured_media":0,"parent":225,"menu_order":0,"comment_status":"closed","ping_status":"closed","template":"","meta":{"ngg_post_thumbnail":0,"spay_email":""},"jetpack_sharing_enabled":true,"jetpack_shortlink":"https:\/\/wp.me\/P468TV-1mg","_links":{"self":[{"href":"http:\/\/www.presstourism.ch\/index.php?rest_route=\/wp\/v2\/pages\/5224"}],"collection":[{"href":"http:\/\/www.presstourism.ch\/index.php?rest_route=\/wp\/v2\/pages"}],"about":[{"href":"http:\/\/www.presstourism.ch\/index.php?rest_route=\/wp\/v2\/types\/page"}],"author":[{"embeddable":true,"href":"http:\/\/www.presstourism.ch\/index.php?rest_route=\/wp\/v2\/users\/1"}],"replies":[{"embeddable":true,"href":"http:\/\/www.presstourism.ch\/index.php?rest_route=%2Fwp%2Fv2%2Fcomments&post=5224"}],"version-history":[{"count":4,"href":"http:\/\/www.presstourism.ch\/index.php?rest_route=\/wp\/v2\/pages\/5224\/revisions"}],"predecessor-version":[{"id":9263,"href":"http:\/\/www.presstourism.ch\/index.php?rest_route=\/wp\/v2\/pages\/5224\/revisions\/9263"}],"up":[{"embeddable":true,"href":"http:\/\/www.presstourism.ch\/index.php?rest_route=\/wp\/v2\/pages\/225"}],"wp:attachment":[{"href":"http:\/\/www.presstourism.ch\/index.php?rest_route=%2Fwp%2Fv2%2Fmedia&parent=5224"}],"curies":[{"name":"wp","href":"https:\/\/api.w.org\/{rel}","templated":true}]}}