{"id":5207,"date":"2019-01-01T17:38:12","date_gmt":"2019-01-01T16:38:12","guid":{"rendered":"http:\/\/www.presstourism.ch\/WP_ALEX\/?page_id=5207"},"modified":"2019-01-01T17:38:13","modified_gmt":"2019-01-01T16:38:13","slug":"tenerife-le-volcan-teide","status":"publish","type":"page","link":"http:\/\/www.presstourism.ch\/?page_id=5207","title":{"rendered":"Tenerife: le volcan Teide"},"content":{"rendered":"\n<div class=\"wp-block-image\"><figure class=\"aligncenter\"><img src=\"https:\/\/i0.wp.com\/www.novo-monde.com\/app\/uploads\/2018\/11\/teide-nuage.jpg?w=584&#038;ssl=1\" alt=\"le volcan teide\" class=\"wp-image-8858\" data-recalc-dims=\"1\"\/><figcaption>Le volcan Teide<\/figcaption><\/figure><\/div>\n\n\n\n<p>Lorsqu\u2019on a choisi l\u2019\u00eele de\u00a0<strong>Tenerife<\/strong>\u00a0comme destination pour passer l\u2019hiver, le\u00a0<strong>volcan Teide<\/strong>\u00a0y \u00e9tait clairement pour quelque chose. Il faut dire que ce mastodonte de 3718m ne manque pas d\u2019int\u00e9r\u00eat! C\u2019est quand m\u00eame\u00a0<strong>le plus haut sommet d\u2019Espagne<\/strong>\u00a0et ses paysages volcaniques \/ lunaires ne laissent personne indiff\u00e9rent. Comme vous vous en doutez, c\u2019est aussi un terrain de jeu id\u00e9al pour les amoureux de la nature et de la rando que nous sommes. Et puis les volcans nous ont toujours laiss\u00e9s de tr\u00e8s fortes impressions en voyage comme en Indon\u00e9sie sur\u00a0<a href=\"https:\/\/www.novo-monde.com\/trek-volcan-rinjani-lombok\/\">le Rinjani<\/a>,\u00a0<a href=\"https:\/\/www.novo-monde.com\/java-indonesie-volcan-kawah-ijen\/\">l\u2019Ijen<\/a>\u00a0et\u00a0<a href=\"https:\/\/www.novo-monde.com\/indonesie-bromo-volcan\/\">le Bromo<\/a>\u00a0ou encore en Am\u00e9rique du sud avec\u00a0<a href=\"https:\/\/www.novo-monde.com\/ascension-volcan-cotopaxi-equateur\/\">le Cotopaxi<\/a>\u00a0en Equateur ou encore\u00a0<a href=\"https:\/\/www.novo-monde.com\/ascension-volcan-parinacota-bolivie\/\">le Parinacota<\/a>\u00a0en Bolivie. Pas \u00e9tonnant donc qu\u2019on ait eu envie de venir d\u00e9couvrir Tenerife et son Teide!<\/p>\n\n\n\n<p>Fabienne et Benoit \/ Novo-monde<\/p>\n\n\n\n<p><a href=\"https:\/\/www.novo-monde.com\/volcan-teide-tenerife\/\">Lire la suite&#8230;<\/a><\/p>\n","protected":false},"excerpt":{"rendered":"<p>Lorsqu\u2019on a choisi l\u2019\u00eele de\u00a0Tenerife\u00a0comme destination pour passer l\u2019hiver, le\u00a0volcan Teide\u00a0y \u00e9tait clairement pour quelque chose. Il faut dire que ce mastodonte de 3718m ne manque pas d\u2019int\u00e9r\u00eat! C\u2019est quand m\u00eame\u00a0le plus haut sommet d\u2019Espagne\u00a0et ses paysages volcaniques \/ lunaires &hellip; <a href=\"http:\/\/www.presstourism.ch\/?page_id=5207\">Continuer la lecture <span class=\"meta-nav\">&rarr;<\/span><\/a><\/p>\n","protected":false},"author":1,"featured_media":0,"parent":219,"menu_order":0,"comment_status":"closed","ping_status":"closed","template":"","meta":{"ngg_post_thumbnail":0,"spay_email":""},"jetpack_sharing_enabled":true,"jetpack_shortlink":"https:\/\/wp.me\/P468TV-1lZ","_links":{"self":[{"href":"http:\/\/www.presstourism.ch\/index.php?rest_route=\/wp\/v2\/pages\/5207"}],"collection":[{"href":"http:\/\/www.presstourism.ch\/index.php?rest_route=\/wp\/v2\/pages"}],"about":[{"href":"http:\/\/www.presstourism.ch\/index.php?rest_route=\/wp\/v2\/types\/page"}],"author":[{"embeddable":true,"href":"http:\/\/www.presstourism.ch\/index.php?rest_route=\/wp\/v2\/users\/1"}],"replies":[{"embeddable":true,"href":"http:\/\/www.presstourism.ch\/index.php?rest_route=%2Fwp%2Fv2%2Fcomments&post=5207"}],"version-history":[{"count":2,"href":"http:\/\/www.presstourism.ch\/index.php?rest_route=\/wp\/v2\/pages\/5207\/revisions"}],"predecessor-version":[{"id":5209,"href":"http:\/\/www.presstourism.ch\/index.php?rest_route=\/wp\/v2\/pages\/5207\/revisions\/5209"}],"up":[{"embeddable":true,"href":"http:\/\/www.presstourism.ch\/index.php?rest_route=\/wp\/v2\/pages\/219"}],"wp:attachment":[{"href":"http:\/\/www.presstourism.ch\/index.php?rest_route=%2Fwp%2Fv2%2Fmedia&parent=5207"}],"curies":[{"name":"wp","href":"https:\/\/api.w.org\/{rel}","templated":true}]}}