{"id":5188,"date":"2019-01-01T15:17:02","date_gmt":"2019-01-01T14:17:02","guid":{"rendered":"http:\/\/www.presstourism.ch\/WP_ALEX\/?page_id=5188"},"modified":"2019-01-01T15:40:24","modified_gmt":"2019-01-01T14:40:24","slug":"caravanes-de-sel","status":"publish","type":"page","link":"http:\/\/www.presstourism.ch\/?page_id=5188","title":{"rendered":"Caravanes de sel"},"content":{"rendered":"\n<figure class=\"wp-block-image\"><a href=\"https:\/\/i2.wp.com\/s169196779.onlinehome.fr\/wp-content\/uploads\/2013\/09\/C09c1nE-54N_P17_0005.jpg\"><img src=\"https:\/\/i2.wp.com\/s169196779.onlinehome.fr\/wp-content\/uploads\/2013\/09\/C09c1nE-54N_P17_0005.jpg?w=584\" alt=\"C09c1nE 54N_P17_0005\" class=\"wp-image-2036\" data-recalc-dims=\"1\"\/><\/a><\/figure>\n\n\n\n<p><strong>Texte: Alex D\u00e9cotte \/ Photos: Maximilien Bruggmann<\/strong><\/p>\n\n\n\n<p>Le r\u00e9cit de la vie des hommes qui composent les caravanes de sel ne prendra sa v\u00e9ritable signification que si vous voulez bien tout d&rsquo;abord vous reporter \u00e0 une carte g\u00e9ographique du continent africain.<\/p>\n\n\n\n<p>Prenons la c\u00f4te m\u00e9diterran\u00e9enne. Voici l&rsquo;Alg\u00e9rie, la Tunisie, puis la Libye. De l\u00e0, portez les yeux droit au sud. A vol d&rsquo;oiseau, 1600 km. Vous \u00eates au Niger. A contempler ainsi la carte, la chose para\u00eet simple&#8230;<\/p>\n\n\n\n<figure class=\"wp-block-image\"><img loading=\"lazy\" width=\"870\" height=\"1057\" src=\"https:\/\/i2.wp.com\/www.presstourism.ch\/WP_ALEX\/wp-content\/uploads\/2019\/01\/niger_2.jpg?fit=640%2C777\" alt=\"\" class=\"wp-image-5202\" srcset=\"https:\/\/i2.wp.com\/www.presstourism.ch\/wp-content\/uploads\/2019\/01\/niger_2.jpg?w=870 870w, https:\/\/i2.wp.com\/www.presstourism.ch\/wp-content\/uploads\/2019\/01\/niger_2.jpg?resize=247%2C300 247w, https:\/\/i2.wp.com\/www.presstourism.ch\/wp-content\/uploads\/2019\/01\/niger_2.jpg?resize=768%2C933 768w, https:\/\/i2.wp.com\/www.presstourism.ch\/wp-content\/uploads\/2019\/01\/niger_2.jpg?resize=843%2C1024 843w, https:\/\/i2.wp.com\/www.presstourism.ch\/wp-content\/uploads\/2019\/01\/niger_2.jpg?resize=600%2C729 600w\" sizes=\"(max-width: 584px) 100vw, 584px\" \/><\/figure>\n\n\n\n<p>C&rsquo;est l\u00e0 que d\u00e9bute l&rsquo;aventure. Bilma. Une sorte de grand village. On y trouve tout de m\u00eame de l&rsquo;eau, un bureau de poste, un m\u00e9decin et m\u00eame une piscine. A l&rsquo;est, quelques contreforts rocheux, arides. A l&rsquo;ouest, rien. Le sable. Mais c&rsquo;est \u00e0 Bilma qu&rsquo;est extrait, produit et vendu le sel utilis\u00e9 \u00e0 des centaines de kilom\u00e8tres \u00e0 la ronde. 2500 tonnes par an. Pour les bovins de la zone sah\u00e9lienne.<\/p>\n\n\n\n<div class=\"wp-block-image\"><figure class=\"aligncenter\"><a href=\"https:\/\/i2.wp.com\/s169196779.onlinehome.fr\/wp-content\/uploads\/2013\/09\/F37c1nE-18N-P09_0004.jpg\"><img src=\"https:\/\/i2.wp.com\/s169196779.onlinehome.fr\/wp-content\/uploads\/2013\/09\/F37c1nE-18N-P09_0004.jpg?w=584\" alt=\"F37c1nE 18N-P09_0004\" class=\"wp-image-2037\" data-recalc-dims=\"1\"\/><\/a><\/figure><\/div>\n\n\n\n<p>Ce sont des Noirs qui sont pr\u00e9pos\u00e9s \u00e0 l&rsquo;extraction. L&rsquo;op\u00e9ration est fort rudimentaire: ils versent, au fond de profonds puits de l&rsquo;eau qui dissout le sel diss\u00e9min\u00e9 dans le sable. Puis ces Noirs appartenant \u00e0 la tribu des Kanouris ou \u00e0 celle des Toubous, ajoutent du natron, c&rsquo;est-\u00e0-dire du carbonate de soude, pour \u00e9liminer les impuret\u00e9s.<\/p>\n\n\n\n<p>Ils tirent ensuite le m\u00e9lange jusqu\u2019au niveau du sol, \u00e0 l&rsquo;aide de r\u00e9cipients de peau fix\u00e9s au bout d&rsquo;une corde. Suivant le degr\u00e9 d&rsquo;\u00e9volution, ce sont soit les hommes eux-m\u00eames qui remontent le seau, \u00e0 la force des bras, soit des z\u00e9bus qui couvrent \u00e0 l&rsquo;horizontale la distance correspondant \u00e0 la profondeur du puits. Il faut pour cela une poulie, g\u00e9n\u00e9ralement un simple morceau de bois dans lequel les Toubous ont creus\u00e9 une gorge destin\u00e9e \u00e0 accueillir la corde, tress\u00e9e avec des palmes de dattier et donc rapidement us\u00e9e.<\/p>\n\n\n\n<figure class=\"wp-block-image\"><a href=\"https:\/\/i0.wp.com\/s169196779.onlinehome.fr\/wp-content\/uploads\/2013\/09\/F38c1nE-18N-P09_0003.jpg\"><img src=\"https:\/\/i0.wp.com\/s169196779.onlinehome.fr\/wp-content\/uploads\/2013\/09\/F38c1nE-18N-P09_0003.jpg?w=584\" alt=\"F38c1nE 18N-P09_0003\" class=\"wp-image-2038\" data-recalc-dims=\"1\"\/><\/a><\/figure>\n\n\n\n<p>Le m\u00e9lange sal\u00e9 est amen\u00e9 \u00e0 la surface. L&rsquo;\u00e9vaporation le transforme en une substance molle et homog\u00e8ne, vers\u00e9e dans des moules en forme de champignons. En plus gros, bien s\u00fbr, puisque chaque \u00e9l\u00e9ment, une fois d\u00e9moul\u00e9, p\u00e8sera pr\u00e8s de trente kilos.<\/p>\n\n\n\n<div class=\"wp-block-image\"><figure class=\"aligncenter\"><a href=\"https:\/\/i1.wp.com\/s169196779.onlinehome.fr\/wp-content\/uploads\/2013\/09\/F40c1nE-18N-P10_0001.jpg\"><img src=\"https:\/\/i1.wp.com\/s169196779.onlinehome.fr\/wp-content\/uploads\/2013\/09\/F40c1nE-18N-P10_0001.jpg?w=584\" alt=\"F40c1nE 18N-P10_0001\" class=\"wp-image-2033\" data-recalc-dims=\"1\"\/><\/a><\/figure><\/div>\n\n\n\n<p>Les hommes bleus, les caravaniers, venus du massif de l&rsquo;A\u00efr, ach\u00e8tent les champignons de sel. Ils les revendront dix fois plus cher \u00e0 l&rsquo;arriv\u00e9e. Trafic intense. Vingt \u00e0 trente caravanes par mois, qui se croisent parfois en autant de rencontres. Le silence du d\u00e9sert fait alors place \u00e0 d\u2019inextinguibles palabres nocturnes.<\/p>\n\n\n\n<p>La halte suivante, pour l&rsquo;eau, sera Tazol\u00e9. Pas vraiment une oasis, plut\u00f4t un simple point d&rsquo;eau, mais suffisant pour remplir les outres.<\/p>\n\n\n\n<div class=\"wp-block-image\"><figure class=\"aligncenter\"><a href=\"https:\/\/i2.wp.com\/s169196779.onlinehome.fr\/wp-content\/uploads\/2013\/09\/A02c1ne-44N_P50_0004.jpg\"><img src=\"https:\/\/i2.wp.com\/s169196779.onlinehome.fr\/wp-content\/uploads\/2013\/09\/A02c1ne-44N_P50_0004.jpg?w=584\" alt=\"A02c1ne 44N_P50_0004\" class=\"wp-image-2035\" data-recalc-dims=\"1\"\/><\/a><\/figure><\/div>\n\n\n\n<p>Trois semaines apr\u00e8s le d\u00e9part de Bilma, si tout s&rsquo;est bien pass\u00e9, si le vent de sable ne s&rsquo;est pas lev\u00e9 trop souvent, s&rsquo;il n&rsquo;a pas fallu abattre un chameau bless\u00e9 ou malade, si Allah a \u00e9t\u00e9 compr\u00e9hensif, c&rsquo;est l&rsquo;arriv\u00e9e \u00e0 Agadez.<\/p>\n\n\n\n<p>D&rsquo;Agadez, le sel sera exp\u00e9di\u00e9 vers le sud ou le sud-ouest, Tahoua, Tanout. Ce n&rsquo;est plus l&rsquo;affaire des hommes bleus. Leur voyage est termin\u00e9, mais ils ne vont gu\u00e8re tarder \u00e0 repartir pour Bilma, par le m\u00eame itin\u00e9raire, porteurs de millet, de petits objets d\u2019artisanat et de toutes sortes d&rsquo;autres choses bizarres qu&rsquo;ils vendront \u00e0 l&rsquo;arriv\u00e9e ou offri\u00adront \u00e0 la femme, rest\u00e9e au campement avec les enfants, tressant des cordes ou confectionnant des paniers.<\/p>\n\n\n\n<p>On dit qu&rsquo;existent des v\u00e9hicules tout-terrain et m\u00eame des avions. Ils en ont vus, parfois. Mais qu&rsquo;importe? Le chameau est toujours l\u00e0, fid\u00e8le, efficace. Alors, pourquoi changer ? Pourquoi renoncer ?<\/p>\n\n\n\n<div class=\"wp-block-image\"><figure class=\"aligncenter\"><a href=\"https:\/\/i2.wp.com\/s169196779.onlinehome.fr\/wp-content\/uploads\/2013\/09\/F41c1nE-07H-02-07001n5035_600.jpg\"><img src=\"https:\/\/i2.wp.com\/s169196779.onlinehome.fr\/wp-content\/uploads\/2013\/09\/F41c1nE-07H-02-07001n5035_600.jpg?w=584\" alt=\"F41c1nE 07H-02-07001n5035_600\" class=\"wp-image-2034\" data-recalc-dims=\"1\"\/><\/a><\/figure><\/div>\n\n\n\n<p><a href=\"http:\/\/www.presstourism.ch\/WP_ALEX\/?page_id=106\">Voir les autres publications d&rsquo;Alex D\u00e9cotte&#8230;<\/a><\/p>\n\n\n\n<p><a href=\"http:\/\/www.presstourism.ch\/WP_ALEX\/?page_id=102\">Voir les autres publications de Maximilien Bruggmann&#8230;<\/a><\/p>\n","protected":false},"excerpt":{"rendered":"<p>Texte: Alex D\u00e9cotte \/ Photos: Maximilien Bruggmann Le r\u00e9cit de la vie des hommes qui composent les caravanes de sel ne prendra sa v\u00e9ritable signification que si vous voulez bien tout d&rsquo;abord vous reporter \u00e0 une carte g\u00e9ographique du continent &hellip; <a href=\"http:\/\/www.presstourism.ch\/?page_id=5188\">Continuer la lecture <span class=\"meta-nav\">&rarr;<\/span><\/a><\/p>\n","protected":false},"author":1,"featured_media":0,"parent":5191,"menu_order":0,"comment_status":"closed","ping_status":"closed","template":"","meta":{"ngg_post_thumbnail":0,"spay_email":""},"jetpack_sharing_enabled":true,"jetpack_shortlink":"https:\/\/wp.me\/P468TV-1lG","_links":{"self":[{"href":"http:\/\/www.presstourism.ch\/index.php?rest_route=\/wp\/v2\/pages\/5188"}],"collection":[{"href":"http:\/\/www.presstourism.ch\/index.php?rest_route=\/wp\/v2\/pages"}],"about":[{"href":"http:\/\/www.presstourism.ch\/index.php?rest_route=\/wp\/v2\/types\/page"}],"author":[{"embeddable":true,"href":"http:\/\/www.presstourism.ch\/index.php?rest_route=\/wp\/v2\/users\/1"}],"replies":[{"embeddable":true,"href":"http:\/\/www.presstourism.ch\/index.php?rest_route=%2Fwp%2Fv2%2Fcomments&post=5188"}],"version-history":[{"count":4,"href":"http:\/\/www.presstourism.ch\/index.php?rest_route=\/wp\/v2\/pages\/5188\/revisions"}],"predecessor-version":[{"id":5203,"href":"http:\/\/www.presstourism.ch\/index.php?rest_route=\/wp\/v2\/pages\/5188\/revisions\/5203"}],"up":[{"embeddable":true,"href":"http:\/\/www.presstourism.ch\/index.php?rest_route=\/wp\/v2\/pages\/5191"}],"wp:attachment":[{"href":"http:\/\/www.presstourism.ch\/index.php?rest_route=%2Fwp%2Fv2%2Fmedia&parent=5188"}],"curies":[{"name":"wp","href":"https:\/\/api.w.org\/{rel}","templated":true}]}}