{"id":5147,"date":"2018-12-29T21:36:37","date_gmt":"2018-12-29T20:36:37","guid":{"rendered":"http:\/\/www.presstourism.ch\/WP_ALEX\/?page_id=5147"},"modified":"2018-12-29T21:36:39","modified_gmt":"2018-12-29T20:36:39","slug":"la-decouverte-des-montagnes-comme-destination-de-vacances","status":"publish","type":"page","link":"http:\/\/www.presstourism.ch\/?page_id=5147","title":{"rendered":"La d\u00e9couverte des montagnes comme destination de vacances"},"content":{"rendered":"\n<div class=\"wp-block-image\"><figure class=\"aligncenter\"><img src=\"https:\/\/i2.wp.com\/www.eda.admin.ch\/content\/dam\/PRS-Web\/bilder\/DS\/1untitled.png\/_jcr_content\/renditions\/cq5dam.thumbnail.180.270.png?w=584&#038;ssl=1\" alt=\"\" data-recalc-dims=\"1\"\/><figcaption>Winter waterfall \u00a9 Adelboden Tourism<\/figcaption><\/figure><\/div>\n\n\n\n<p>Jusqu\u2019\u00e0 l\u2019\u00e9poque moderne, la Suisse n\u2019\u00e9tait pas un lieu touristique. Les seuls voyageurs qui s\u2019y attardaient alors \u00e9taient des muletiers, des marchands et des p\u00e8lerins. Ils furent suivis par de courageux scientifiques \u00e0 la recherche de curiosit\u00e9s naturelles. Autant de montagnes, gorges, chutes d\u2019eau, lacs et glaciers sur un aussi petit territoire suscit\u00e8rent l\u2019enthousiasme des humanistes. Cependant, les guerres en Europe mirent un terme provisoire aux exp\u00e9ditions de d\u00e9couvertes, et ce n\u2019est qu\u2019\u00e0 partir du 17\u00e8me si\u00e8cle que ces derni\u00e8res connurent un nouvel essor.<\/p>\n\n\n\n<p><strong><a href=\"https:\/\/www.eda.admin.ch\/aboutswitzerland\/fr\/home\/dossiers\/die-schweiz-und-ihre-bergrekorde\/tourismus--die-entdeckung-der-berge-als-feriendestination.html\">Lire la suite&#8230;<\/a><\/strong><\/p>\n","protected":false},"excerpt":{"rendered":"<p>Jusqu\u2019\u00e0 l\u2019\u00e9poque moderne, la Suisse n\u2019\u00e9tait pas un lieu touristique. Les seuls voyageurs qui s\u2019y attardaient alors \u00e9taient des muletiers, des marchands et des p\u00e8lerins. Ils furent suivis par de courageux scientifiques \u00e0 la recherche de curiosit\u00e9s naturelles. Autant de &hellip; <a href=\"http:\/\/www.presstourism.ch\/?page_id=5147\">Continuer la lecture <span class=\"meta-nav\">&rarr;<\/span><\/a><\/p>\n","protected":false},"author":1,"featured_media":0,"parent":3983,"menu_order":0,"comment_status":"closed","ping_status":"closed","template":"","meta":{"ngg_post_thumbnail":0,"spay_email":""},"jetpack_sharing_enabled":true,"jetpack_shortlink":"https:\/\/wp.me\/P468TV-1l1","_links":{"self":[{"href":"http:\/\/www.presstourism.ch\/index.php?rest_route=\/wp\/v2\/pages\/5147"}],"collection":[{"href":"http:\/\/www.presstourism.ch\/index.php?rest_route=\/wp\/v2\/pages"}],"about":[{"href":"http:\/\/www.presstourism.ch\/index.php?rest_route=\/wp\/v2\/types\/page"}],"author":[{"embeddable":true,"href":"http:\/\/www.presstourism.ch\/index.php?rest_route=\/wp\/v2\/users\/1"}],"replies":[{"embeddable":true,"href":"http:\/\/www.presstourism.ch\/index.php?rest_route=%2Fwp%2Fv2%2Fcomments&post=5147"}],"version-history":[{"count":2,"href":"http:\/\/www.presstourism.ch\/index.php?rest_route=\/wp\/v2\/pages\/5147\/revisions"}],"predecessor-version":[{"id":5149,"href":"http:\/\/www.presstourism.ch\/index.php?rest_route=\/wp\/v2\/pages\/5147\/revisions\/5149"}],"up":[{"embeddable":true,"href":"http:\/\/www.presstourism.ch\/index.php?rest_route=\/wp\/v2\/pages\/3983"}],"wp:attachment":[{"href":"http:\/\/www.presstourism.ch\/index.php?rest_route=%2Fwp%2Fv2%2Fmedia&parent=5147"}],"curies":[{"name":"wp","href":"https:\/\/api.w.org\/{rel}","templated":true}]}}