{"id":5145,"date":"2018-12-29T21:29:49","date_gmt":"2018-12-29T20:29:49","guid":{"rendered":"http:\/\/www.presstourism.ch\/WP_ALEX\/?page_id=5145"},"modified":"2018-12-29T21:29:50","modified_gmt":"2018-12-29T20:29:50","slug":"quand-le-tourisme-servait-de-moteur-a-lessor-lemanique","status":"publish","type":"page","link":"http:\/\/www.presstourism.ch\/?page_id=5145","title":{"rendered":"Quand le tourisme servait de moteur \u00e0 l\u2019essor l\u00e9manique"},"content":{"rendered":"\n<h3>Entre 1850 et 1914, \u00abl\u2019industrie des \u00e9trangers\u00bb en plein boum entra\u00eene dans son sillage l\u2019\u00e9conomie de la r\u00e9gion.<\/h3>\n\n\n\n<figure class=\"wp-block-image\"><img src=\"https:\/\/i0.wp.com\/files.newsnetz.ch\/story\/1\/9\/8\/19822219\/5\/topelement.jpg?w=584&#038;ssl=1\" alt=\"Une carte postale du d\u00e9but du XXe si\u00e8cle figurant le Grand H\u00f4tel de Vevey. En 1867, l\u2019\u00e9tablissement fait parler de lui en installant un ascenseur \u00e0 traction hydraulique.\" data-recalc-dims=\"1\"\/><figcaption> <br>Une carte postale du d\u00e9but du XXe si\u00e8cle figurant le Grand H\u00f4tel de Vevey. En 1867, l\u2019\u00e9tablissement fait parler de lui en installant un ascenseur \u00e0 traction hydraulique.Image: DR <\/figcaption><\/figure>\n\n\n\n<p><strong><a href=\"https:\/\/www.24heures.ch\/vivre\/histoire\/Quand-le-tourisme-servait-de-moteur-a-l-essor-lemanique\/story\/19822219\">Lire la suite&#8230;<\/a><\/strong><\/p>\n","protected":false},"excerpt":{"rendered":"<p>Entre 1850 et 1914, \u00abl\u2019industrie des \u00e9trangers\u00bb en plein boum entra\u00eene dans son sillage l\u2019\u00e9conomie de la r\u00e9gion. Lire la suite&#8230;<\/p>\n","protected":false},"author":1,"featured_media":0,"parent":3983,"menu_order":0,"comment_status":"closed","ping_status":"closed","template":"","meta":{"ngg_post_thumbnail":0,"spay_email":""},"jetpack_sharing_enabled":true,"jetpack_shortlink":"https:\/\/wp.me\/P468TV-1kZ","_links":{"self":[{"href":"http:\/\/www.presstourism.ch\/index.php?rest_route=\/wp\/v2\/pages\/5145"}],"collection":[{"href":"http:\/\/www.presstourism.ch\/index.php?rest_route=\/wp\/v2\/pages"}],"about":[{"href":"http:\/\/www.presstourism.ch\/index.php?rest_route=\/wp\/v2\/types\/page"}],"author":[{"embeddable":true,"href":"http:\/\/www.presstourism.ch\/index.php?rest_route=\/wp\/v2\/users\/1"}],"replies":[{"embeddable":true,"href":"http:\/\/www.presstourism.ch\/index.php?rest_route=%2Fwp%2Fv2%2Fcomments&post=5145"}],"version-history":[{"count":1,"href":"http:\/\/www.presstourism.ch\/index.php?rest_route=\/wp\/v2\/pages\/5145\/revisions"}],"predecessor-version":[{"id":5146,"href":"http:\/\/www.presstourism.ch\/index.php?rest_route=\/wp\/v2\/pages\/5145\/revisions\/5146"}],"up":[{"embeddable":true,"href":"http:\/\/www.presstourism.ch\/index.php?rest_route=\/wp\/v2\/pages\/3983"}],"wp:attachment":[{"href":"http:\/\/www.presstourism.ch\/index.php?rest_route=%2Fwp%2Fv2%2Fmedia&parent=5145"}],"curies":[{"name":"wp","href":"https:\/\/api.w.org\/{rel}","templated":true}]}}