{"id":5143,"date":"2018-12-29T21:23:43","date_gmt":"2018-12-29T20:23:43","guid":{"rendered":"http:\/\/www.presstourism.ch\/WP_ALEX\/?page_id=5143"},"modified":"2018-12-29T21:23:44","modified_gmt":"2018-12-29T20:23:44","slug":"lhistoire-du-tourisme-en-suisse","status":"publish","type":"page","link":"http:\/\/www.presstourism.ch\/?page_id=5143","title":{"rendered":"L&rsquo;histoire du tourisme en Suisse"},"content":{"rendered":"\n<p>La destination touristique suisse existe depuis le 19\u00e8me si\u00e8cle, gr\u00e2ce notamment au mouvement romantique et aux passionn\u00e9s de la Nature.<\/p>\n\n\n\n<p>La destination touristique suisse n\u2019existe que depuis environ 150 ans. Auparavant, les rares visiteurs qui traversaient le pays, en particulier les Alpes, \u00e9taient des p\u00e8lerins en route pour l\u2019Italie ou l\u2019Espagne, des muletiers avec leurs montures charg\u00e9es de marchandises et, d\u00e8s le 16e si\u00e8cle, les premiers humanistes et naturalistes venus des villes suisses qui entreprenaient d\u2019explorer les Alpes pour leur flore et leur faune.<\/p>\n\n\n\n<p><strong>Le \u00abGrand Tour\u00bb<\/strong><\/p>\n\n\n\n<p>Au 18e si\u00e8cle, il \u00e9tait de bon ton pour les jeunes aristocrates et rejetons de grands bourgeois britanniques, allemands, scandinaves et parfois aussi am\u00e9ricains de compl\u00e9ter leurs \u00e9tudes par un voyage dans les villes historiques et les sites paysagers de France et surtout d\u2019Italie. On appelait cela le Grand Tour, en Allemagne \u00ab<em>Kavaliersreise<\/em>\u00bb ou \u00ab<em>Jungfernfahrt<\/em>\u00bb.<\/p>\n\n\n\n<p>Un des plus renomm\u00e9s gentlemen-touristes du 18e si\u00e8cle \u00e9tait James Boswell, plus tard biographe de l\u2019\u00e9rudit Samuel Johnson. A l\u2019aller comme au retour de son voyage en Italie, la Suisse faisait partie de son Grand Tour. Au 19e si\u00e8cle, des po\u00e8tes et \u00e9crivains romantiques comme Lord Byron et le couple Percy et Mary Shelley s\u00e9journ\u00e8rent aussi quelque temps sur les bords du L\u00e9man et dans les Alpes au cours de leur voyage \u00e0 travers l\u2019Europe et traduisirent leurs impressions dans de splendides po\u00e8mes ou des histoires fantastiques.<\/p>\n\n\n\n<p><strong>La conqu\u00eate des Alpes<\/strong><\/p>\n\n\n\n<p>Depuis le 18e si\u00e8cle, des savants suisses comme Horace-Benedict de Saussure entreprirent les premi\u00e8res escalades dans les hautes Alpes. Les sommets de la Jungfrau et du Finsteraarhorn ont \u00e9t\u00e9 conquis respectivement en 1811 et 1812, le&nbsp;<a href=\"http:\/\/www.zermatt.ch\/fr\/page.cfm\/zermatt_matterhorn\/4000er\/matterhorn\" target=\"_blank\" rel=\"noreferrer noopener\">Cervin&nbsp;<\/a>vaincu pour la premi\u00e8re fois en 1865, lors d\u2019une exp\u00e9dition qui finit mal.<\/p>\n\n\n\n<p>Apr\u00e8s le milieu du 19e si\u00e8cle, les Alpes furent conquises rapidement, sommet apr\u00e8s sommet, avant tout par des visiteurs britanniques qui ont aussi fond\u00e9 le&nbsp;<a href=\"http:\/\/www.sac-cas.ch\/index.php?id=1&amp;L=1\" target=\"_blank\" rel=\"noreferrer noopener\">Club alpin suisse<\/a>&nbsp;(CAS). Cette organisation existe toujours et entretient un vaste r\u00e9seau alpin de refuges de haute montagne \u00e0 l\u2019intention des alpinistes.<\/p>\n\n\n\n<p><strong>L\u2019av\u00e8nement du tourisme de masse<\/strong><\/p>\n\n\n\n<p>Le tourisme en Suisse d\u00e9buta vraiment en 1858, avec les premiers voyages de vacances \u00e0 forfait organis\u00e9s par le voyagiste anglais Thomas Cook. Parmi les premiers vacanciers, on note Sir Conan Doyle, tellement impressionn\u00e9 par les cascades du Reichenbach, pr\u00e8s de Meiringen (BE), qu\u2019il y mit en sc\u00e8ne la fin de son h\u00e9ros romanesque Sherlock Holmes.<\/p>\n\n\n\n<p>Des routes sillonnaient d\u00e9sormais les cols alpins. Et les nouveaux moyens de transport, en particulier le chemin de fer, ouvrir d\u00e9finitivement les Alpes au tourisme de masse. Par l\u2019invention de la cr\u00e9maill\u00e8re, les pentes les plus hardies purent bient\u00f4t \u00eatre parcourues sur le rail&nbsp;: un progr\u00e8s technique dont les constructeurs de voies ferr\u00e9es suisses allaient faire un usage g\u00e9n\u00e9reux.<\/p>\n\n\n\n<p>Vers la fin du 19e si\u00e8cle, on ne construisit plus seulement des lignes de chemin de fer mais aussi des h\u00f4tels o\u00f9 les touristes en nombre croissant pouvaient trouver le gite et le couvert.&nbsp;C\u2019est aussi de ce temps que datent les premi\u00e8res affiches grand format pour les destinations touristiques et, bien s\u00fbr, l\u2019anc\u00eatre de tous les souvenirs de voyage, la carte postale.<\/p>\n\n\n\n<p style=\"text-align:right\">D\u2019autres informations dans le&nbsp;<a href=\"http:\/\/www.hls-dhs-dss.ch\/textes\/f\/F24575.php\" target=\"_blank\" rel=\"noreferrer noopener\">Dictionnaire historique de la Suisse<\/a>.<\/p>\n\n\n\n<p style=\"text-align:right\">Premi\u00e8re publication: <a href=\"http:\/\/swissinfo.ch\">swissinfo.ch<\/a><\/p>\n","protected":false},"excerpt":{"rendered":"<p>La destination touristique suisse existe depuis le 19\u00e8me si\u00e8cle, gr\u00e2ce notamment au mouvement romantique et aux passionn\u00e9s de la Nature. La destination touristique suisse n\u2019existe que depuis environ 150 ans. Auparavant, les rares visiteurs qui traversaient le pays, en particulier &hellip; <a href=\"http:\/\/www.presstourism.ch\/?page_id=5143\">Continuer la lecture <span class=\"meta-nav\">&rarr;<\/span><\/a><\/p>\n","protected":false},"author":1,"featured_media":0,"parent":3983,"menu_order":0,"comment_status":"closed","ping_status":"closed","template":"","meta":{"ngg_post_thumbnail":0,"spay_email":""},"jetpack_sharing_enabled":true,"jetpack_shortlink":"https:\/\/wp.me\/P468TV-1kX","_links":{"self":[{"href":"http:\/\/www.presstourism.ch\/index.php?rest_route=\/wp\/v2\/pages\/5143"}],"collection":[{"href":"http:\/\/www.presstourism.ch\/index.php?rest_route=\/wp\/v2\/pages"}],"about":[{"href":"http:\/\/www.presstourism.ch\/index.php?rest_route=\/wp\/v2\/types\/page"}],"author":[{"embeddable":true,"href":"http:\/\/www.presstourism.ch\/index.php?rest_route=\/wp\/v2\/users\/1"}],"replies":[{"embeddable":true,"href":"http:\/\/www.presstourism.ch\/index.php?rest_route=%2Fwp%2Fv2%2Fcomments&post=5143"}],"version-history":[{"count":1,"href":"http:\/\/www.presstourism.ch\/index.php?rest_route=\/wp\/v2\/pages\/5143\/revisions"}],"predecessor-version":[{"id":5144,"href":"http:\/\/www.presstourism.ch\/index.php?rest_route=\/wp\/v2\/pages\/5143\/revisions\/5144"}],"up":[{"embeddable":true,"href":"http:\/\/www.presstourism.ch\/index.php?rest_route=\/wp\/v2\/pages\/3983"}],"wp:attachment":[{"href":"http:\/\/www.presstourism.ch\/index.php?rest_route=%2Fwp%2Fv2%2Fmedia&parent=5143"}],"curies":[{"name":"wp","href":"https:\/\/api.w.org\/{rel}","templated":true}]}}