{"id":5127,"date":"2018-12-29T20:56:40","date_gmt":"2018-12-29T19:56:40","guid":{"rendered":"http:\/\/www.presstourism.ch\/WP_ALEX\/?page_id=5127"},"modified":"2024-04-12T16:55:21","modified_gmt":"2024-04-12T14:55:21","slug":"les-destinations-qui-ont-la-cote-en-2019","status":"publish","type":"page","link":"http:\/\/www.presstourism.ch\/?page_id=5127","title":{"rendered":"Les destinations qui ont la cote en 2019"},"content":{"rendered":"\n<figure class=\"wp-block-image\"><img loading=\"lazy\" width=\"584\" height=\"389\" src=\"https:\/\/i2.wp.com\/www.presstourism.ch\/WP_ALEX\/wp-content\/uploads\/2018\/12\/1JordanBaladeWadiR-1024x682.jpg?resize=584%2C389\" alt=\"\" class=\"wp-image-5122\" srcset=\"https:\/\/i2.wp.com\/www.presstourism.ch\/wp-content\/uploads\/2018\/12\/1JordanBaladeWadiR.jpg?w=1024 1024w, https:\/\/i2.wp.com\/www.presstourism.ch\/wp-content\/uploads\/2018\/12\/1JordanBaladeWadiR.jpg?resize=300%2C200 300w, https:\/\/i2.wp.com\/www.presstourism.ch\/wp-content\/uploads\/2018\/12\/1JordanBaladeWadiR.jpg?resize=768%2C512 768w, https:\/\/i2.wp.com\/www.presstourism.ch\/wp-content\/uploads\/2018\/12\/1JordanBaladeWadiR.jpg?resize=600%2C400 600w\" sizes=\"(max-width: 584px) 100vw, 584px\" data-recalc-dims=\"1\" \/><figcaption>Le d\u00e9sert de Wadi Rum en Jordanie est en t\u00eate des destinations \u00e0 visiter l&rsquo;an prochain.<\/figcaption><\/figure>\n\n\n\n<p>TOURISME &#8211; Les\nsondages vont bon train dans le monde des agences et m\u00eame si notre plan\u00e8te poss\u00e8de un\nnombre incalculable d\u2019endroits \u00e0 d\u00e9couvrir, certains finissent par se d\u00e9marquer\naux yeux des voyageurs \u00e0 la recherche d\u2019une exp\u00e9rience extraordinaire.<\/p>\n\n\n\n<p>La nouvelle ann\u00e9e est\ntoujours un excellent pr\u00e9texte pour ressortir sa liste de pays \u00e0 visiter et\ncommencer \u00e0 r\u00e9fl\u00e9chir \u00e0 sa prochaine destination de vacances. Les agences europ\u00e9ennes\nsondent d&rsquo;ailleurs leurs clients, comme vient de la faire Booking.com aupr\u00e8s de\n21&nbsp;500 voyageurs de 30 pays, pour savoir o\u00f9 ils envisagent de se rendre au\ncours des douze prochains mois.<\/p>\n\n\n\n<figure class=\"wp-block-image\"><img loading=\"lazy\" width=\"584\" height=\"389\" src=\"https:\/\/i0.wp.com\/www.presstourism.ch\/WP_ALEX\/wp-content\/uploads\/2018\/12\/2D\u00e9sertWadiRum-1024x682.jpg?resize=584%2C389\" alt=\"\" class=\"wp-image-5123\" srcset=\"https:\/\/i0.wp.com\/www.presstourism.ch\/wp-content\/uploads\/2018\/12\/2D\u00e9sertWadiRum.jpg?w=1024 1024w, https:\/\/i0.wp.com\/www.presstourism.ch\/wp-content\/uploads\/2018\/12\/2D\u00e9sertWadiRum.jpg?resize=300%2C200 300w, https:\/\/i0.wp.com\/www.presstourism.ch\/wp-content\/uploads\/2018\/12\/2D\u00e9sertWadiRum.jpg?resize=768%2C512 768w, https:\/\/i0.wp.com\/www.presstourism.ch\/wp-content\/uploads\/2018\/12\/2D\u00e9sertWadiRum.jpg?resize=600%2C400 600w\" sizes=\"(max-width: 584px) 100vw, 584px\" data-recalc-dims=\"1\" \/><figcaption>Le d\u00e9sert de Wadi Rum.<\/figcaption><\/figure>\n\n\n\n<p>Dix destinations se\nd\u00e9tachent avec notamment le d\u00e9sert de Wadi Rum, en Jordanie, cette vaste\n\u00e9tendue de sable d&rsquo;ocre br\u00fbl\u00e9e ponctu\u00e9e de fantastiques formations rocheuses. Elle\na \u00e9t\u00e9 rendue c\u00e9l\u00e8bre par Lawrence d&rsquo;Arabie et a servi de d\u00e9cor \u00e0 plusieurs\nfilms dont ceux qui ont \u00e9t\u00e9 consacr\u00e9s \u00e0 l&rsquo;\u00e9crivain et officier britannique,\nainsi que Stars Wars. Il est possible d&rsquo;y faire des super randonn\u00e9es et\ns\u00e9journer dans des camps pour vivre l&rsquo;exp\u00e9rience de l&rsquo;observation des \u00e9toiles.<\/p>\n\n\n\n<figure class=\"wp-block-image\"><img loading=\"lazy\" width=\"584\" height=\"389\" src=\"https:\/\/i1.wp.com\/www.presstourism.ch\/WP_ALEX\/wp-content\/uploads\/2018\/12\/7Ethiopie-1024x682.jpg?resize=584%2C389\" alt=\"\" class=\"wp-image-5119\" srcset=\"https:\/\/i0.wp.com\/www.presstourism.ch\/wp-content\/uploads\/2018\/12\/7Ethiopie.jpg?w=1024 1024w, https:\/\/i0.wp.com\/www.presstourism.ch\/wp-content\/uploads\/2018\/12\/7Ethiopie.jpg?resize=300%2C200 300w, https:\/\/i0.wp.com\/www.presstourism.ch\/wp-content\/uploads\/2018\/12\/7Ethiopie.jpg?resize=768%2C512 768w, https:\/\/i0.wp.com\/www.presstourism.ch\/wp-content\/uploads\/2018\/12\/7Ethiopie.jpg?resize=600%2C400 600w\" sizes=\"(max-width: 584px) 100vw, 584px\" data-recalc-dims=\"1\" \/><figcaption>Une paysanne sur un versant du Simien, important massif de l&rsquo;Ethiopie.<\/figcaption><\/figure>\n\n\n\n<p>D&rsquo;autres donn\u00e9es\nmondiales confortent ce sondage et mettent elles aussi en exergue Ouarzazate au\nMaroc, l&rsquo;Ethiopie ou encore B\u00e9lize, en Am\u00e9rique du Sud, actuellement dans la\ncat\u00e9gorie des destinations \u00abhors des sentiers battus\u00bb avec ses plages magnifiques\net ses fameuses ruines mayas.&nbsp;Sans oublier le N\u00e9pal, ses plaines fertiles\nqui nichent sous les g\u00e9ants de l\u2019Himalaya, ses temples et nombreux sites\nclass\u00e9s.<\/p>\n\n\n\n<p><strong>Vardzia\net mille collines<\/strong><\/p>\n\n\n\n<figure class=\"wp-block-image\"><img loading=\"lazy\" width=\"584\" height=\"389\" src=\"https:\/\/i2.wp.com\/www.presstourism.ch\/WP_ALEX\/wp-content\/uploads\/2018\/12\/4TbilissiG\u00e9orgie1-1024x682.jpg?resize=584%2C389\" alt=\"\" class=\"wp-image-5125\" srcset=\"https:\/\/i0.wp.com\/www.presstourism.ch\/wp-content\/uploads\/2018\/12\/4TbilissiG\u00e9orgie1.jpg?w=1024 1024w, https:\/\/i0.wp.com\/www.presstourism.ch\/wp-content\/uploads\/2018\/12\/4TbilissiG\u00e9orgie1.jpg?resize=300%2C200 300w, https:\/\/i0.wp.com\/www.presstourism.ch\/wp-content\/uploads\/2018\/12\/4TbilissiG\u00e9orgie1.jpg?resize=768%2C512 768w, https:\/\/i0.wp.com\/www.presstourism.ch\/wp-content\/uploads\/2018\/12\/4TbilissiG\u00e9orgie1.jpg?resize=600%2C400 600w\" sizes=\"(max-width: 584px) 100vw, 584px\" data-recalc-dims=\"1\" \/><figcaption>Tbilissi, la capitale de la G\u00e9orgie a pris ses lettres de noblesse ces derni\u00e8res ann\u00e9es.<\/figcaption><\/figure>\n\n\n\n<p>La G\u00e9orgie et le Rwanda font \u00e9galement partie des voyages pris\u00e9s. Les attraits culturels, architecturaux et gustatifs de la capitale Tbilissi ont donn\u00e9 un grand essor au pays de l&rsquo;Europe de l&rsquo;Est. Et ce dernier s&rsquo;enorgueillit d&rsquo;un site extraordinaire parmi d&rsquo;autres: l&rsquo;ancienne ville troglodyte de Vardzia, qui abritait 50&nbsp;000&nbsp;personnes au XIIe si\u00e8cle. <\/p>\n\n\n\n<figure class=\"wp-block-image\"><img loading=\"lazy\" width=\"584\" height=\"389\" src=\"https:\/\/i2.wp.com\/www.presstourism.ch\/WP_ALEX\/wp-content\/uploads\/2018\/12\/3VardziaSiteTroglodyte-1024x682.jpg?resize=584%2C389\" alt=\"\" class=\"wp-image-5124\" srcset=\"https:\/\/i0.wp.com\/www.presstourism.ch\/wp-content\/uploads\/2018\/12\/3VardziaSiteTroglodyte.jpg?w=1024 1024w, https:\/\/i0.wp.com\/www.presstourism.ch\/wp-content\/uploads\/2018\/12\/3VardziaSiteTroglodyte.jpg?resize=300%2C200 300w, https:\/\/i0.wp.com\/www.presstourism.ch\/wp-content\/uploads\/2018\/12\/3VardziaSiteTroglodyte.jpg?resize=768%2C512 768w, https:\/\/i0.wp.com\/www.presstourism.ch\/wp-content\/uploads\/2018\/12\/3VardziaSiteTroglodyte.jpg?resize=600%2C400 600w\" sizes=\"(max-width: 584px) 100vw, 584px\" data-recalc-dims=\"1\" \/><figcaption>Une partie de l&rsquo;ancienne ville troglodyte de Vardzia, site incontournable en G\u00e9orgie.<\/figcaption><\/figure>\n\n\n\n<p>Au Rwanda, les parcs nationaux d&rsquo;animaux dont celui des fameux gorilles, le lac Kivu et Kigali, couronn\u00e9e meilleure capitale africaine l&rsquo;an dernier, permettent au pays des milles collines de faire partie des must-visites pour 2019.<\/p>\n\n\n\n<figure class=\"wp-block-image\"><img loading=\"lazy\" width=\"584\" height=\"389\" src=\"https:\/\/i2.wp.com\/www.presstourism.ch\/WP_ALEX\/wp-content\/uploads\/2018\/12\/5RwandaMilleCollines-1024x682.jpg?resize=584%2C389\" alt=\"\" class=\"wp-image-5126\" srcset=\"https:\/\/i1.wp.com\/www.presstourism.ch\/wp-content\/uploads\/2018\/12\/5RwandaMilleCollines.jpg?w=1024 1024w, https:\/\/i1.wp.com\/www.presstourism.ch\/wp-content\/uploads\/2018\/12\/5RwandaMilleCollines.jpg?resize=300%2C200 300w, https:\/\/i1.wp.com\/www.presstourism.ch\/wp-content\/uploads\/2018\/12\/5RwandaMilleCollines.jpg?resize=768%2C512 768w, https:\/\/i1.wp.com\/www.presstourism.ch\/wp-content\/uploads\/2018\/12\/5RwandaMilleCollines.jpg?resize=600%2C400 600w\" sizes=\"(max-width: 584px) 100vw, 584px\" data-recalc-dims=\"1\" \/><figcaption>Un village typique et ses plantations de bananes au Rwanda, le pays des mille collines.<\/figcaption><\/figure>\n\n\n\n<figure class=\"wp-block-image\"><img loading=\"lazy\" width=\"584\" height=\"396\" src=\"https:\/\/i0.wp.com\/www.presstourism.ch\/WP_ALEX\/wp-content\/uploads\/2018\/12\/6RwandaParcsNat_modifi\u00e9-1-1024x695.jpg?resize=584%2C396\" alt=\"\" class=\"wp-image-5118\" srcset=\"https:\/\/i1.wp.com\/www.presstourism.ch\/wp-content\/uploads\/2018\/12\/6RwandaParcsNat_modifi\u00e9-1.jpg?w=1024 1024w, https:\/\/i1.wp.com\/www.presstourism.ch\/wp-content\/uploads\/2018\/12\/6RwandaParcsNat_modifi\u00e9-1.jpg?resize=300%2C204 300w, https:\/\/i1.wp.com\/www.presstourism.ch\/wp-content\/uploads\/2018\/12\/6RwandaParcsNat_modifi\u00e9-1.jpg?resize=768%2C521 768w, https:\/\/i1.wp.com\/www.presstourism.ch\/wp-content\/uploads\/2018\/12\/6RwandaParcsNat_modifi\u00e9-1.jpg?resize=600%2C407 600w\" sizes=\"(max-width: 584px) 100vw, 584px\" data-recalc-dims=\"1\" \/><figcaption>Dans le parc de l&rsquo;Akagera, au Rwanda, il est facile d&rsquo;observer tous les animaux sauvages.<\/figcaption><\/figure>\n\n\n\n<p><strong>Textes et photos: Roger Juillerat<\/strong><\/p>\n\n\n\n<figure class=\"wp-block-image\"><img loading=\"lazy\" width=\"584\" height=\"390\" src=\"https:\/\/i0.wp.com\/www.presstourism.ch\/WP_ALEX\/wp-content\/uploads\/2018\/12\/8BerlinLeMur-1024x683.jpg?resize=584%2C390\" alt=\"\" class=\"wp-image-5120\" srcset=\"https:\/\/i1.wp.com\/www.presstourism.ch\/wp-content\/uploads\/2018\/12\/8BerlinLeMur.jpg?w=1024 1024w, https:\/\/i1.wp.com\/www.presstourism.ch\/wp-content\/uploads\/2018\/12\/8BerlinLeMur.jpg?resize=300%2C200 300w, https:\/\/i1.wp.com\/www.presstourism.ch\/wp-content\/uploads\/2018\/12\/8BerlinLeMur.jpg?resize=768%2C512 768w, https:\/\/i1.wp.com\/www.presstourism.ch\/wp-content\/uploads\/2018\/12\/8BerlinLeMur.jpg?resize=600%2C400 600w\" sizes=\"(max-width: 584px) 100vw, 584px\" data-recalc-dims=\"1\" \/><figcaption>Berlin, avec ici un pan de son mur, fait toujours partie des capitales europ\u00e9ennes pr\u00e9f\u00e9r\u00e9es.  <\/figcaption><\/figure>\n\n\n\n<p><strong>Plus pr\u00e8s de chez nous<\/strong><\/p>\n\n\n\n<p><strong>En\nEurope:<\/strong> Leeuwarden sur les canaux hollandais, capitale\neurop\u00e9enne de la culture 2018, est souvent cit\u00e9e parmi les nouveaux endroits \u00e0\nd\u00e9couvrir, tandis que Paris, Bordeaux, Londres, Berlin, Barcelone, Rome,\nVenise, Copenhague, Prague et Vienne font toujours partie des tops.<\/p>\n\n\n\n<p><strong>Destinations pr\u00e9f\u00e9r\u00e9es des Suisses:<\/strong> Selon Travel Inside, le journal professionnel du tourisme en Suisse, la France (7 millions), est en t\u00eate devant l&rsquo;Allemagne (3,1), l&rsquo;Italie (2,9), l&rsquo;Espagne (2,1) et l&rsquo;Autriche (1,4) pour 2017. La Tha\u00eflande (226810) devant Duba\u00ef (105156) et Singapour (104759) pour l&rsquo;Asie\/Oc\u00e9anie. Les Etats-Unis (441271) devant le Canada (127138) et le Br\u00e9sil (69484) pour les Am\u00e9riques. Le Maroc (80254) devant l&rsquo;Egypte (70840) et l&rsquo;Afrique du Sud (59024) pour l&rsquo;Afrique.<\/p>\n\n\n\n<figure class=\"wp-block-embed is-type-wp-embed is-provider-presstourism-ch wp-block-embed-presstourism-ch\"><div class=\"wp-block-embed__wrapper\">\n<blockquote class=\"wp-embedded-content\" data-secret=\"AOFgkNGkUB\"><a href=\"http:\/\/www.presstourism.ch\/?page_id=122\">Juillerat Roger<\/a><\/blockquote><iframe class=\"wp-embedded-content\" sandbox=\"allow-scripts\" security=\"restricted\" style=\"position: absolute; clip: rect(1px, 1px, 1px, 1px);\" title=\"\u00ab\u00a0Juillerat Roger\u00a0\u00bb &#8212; presstourism.ch\" src=\"http:\/\/www.presstourism.ch\/?page_id=122&#038;embed=true#?secret=AOFgkNGkUB\" data-secret=\"AOFgkNGkUB\" width=\"584\" height=\"329\" frameborder=\"0\" marginwidth=\"0\" marginheight=\"0\" scrolling=\"no\"><\/iframe>\n<\/div><\/figure>\n","protected":false},"excerpt":{"rendered":"<p>TOURISME &#8211; Les sondages vont bon train dans le monde des agences et m\u00eame si notre plan\u00e8te poss\u00e8de un nombre incalculable d\u2019endroits \u00e0 d\u00e9couvrir, certains finissent par se d\u00e9marquer aux yeux des voyageurs \u00e0 la recherche d\u2019une exp\u00e9rience extraordinaire. La &hellip; <a href=\"http:\/\/www.presstourism.ch\/?page_id=5127\">Continuer la lecture <span class=\"meta-nav\">&rarr;<\/span><\/a><\/p>\n","protected":false},"author":1,"featured_media":0,"parent":5130,"menu_order":0,"comment_status":"closed","ping_status":"closed","template":"","meta":{"ngg_post_thumbnail":0,"spay_email":""},"jetpack_sharing_enabled":true,"jetpack_shortlink":"https:\/\/wp.me\/P468TV-1kH","_links":{"self":[{"href":"http:\/\/www.presstourism.ch\/index.php?rest_route=\/wp\/v2\/pages\/5127"}],"collection":[{"href":"http:\/\/www.presstourism.ch\/index.php?rest_route=\/wp\/v2\/pages"}],"about":[{"href":"http:\/\/www.presstourism.ch\/index.php?rest_route=\/wp\/v2\/types\/page"}],"author":[{"embeddable":true,"href":"http:\/\/www.presstourism.ch\/index.php?rest_route=\/wp\/v2\/users\/1"}],"replies":[{"embeddable":true,"href":"http:\/\/www.presstourism.ch\/index.php?rest_route=%2Fwp%2Fv2%2Fcomments&post=5127"}],"version-history":[{"count":7,"href":"http:\/\/www.presstourism.ch\/index.php?rest_route=\/wp\/v2\/pages\/5127\/revisions"}],"predecessor-version":[{"id":9324,"href":"http:\/\/www.presstourism.ch\/index.php?rest_route=\/wp\/v2\/pages\/5127\/revisions\/9324"}],"up":[{"embeddable":true,"href":"http:\/\/www.presstourism.ch\/index.php?rest_route=\/wp\/v2\/pages\/5130"}],"wp:attachment":[{"href":"http:\/\/www.presstourism.ch\/index.php?rest_route=%2Fwp%2Fv2%2Fmedia&parent=5127"}],"curies":[{"name":"wp","href":"https:\/\/api.w.org\/{rel}","templated":true}]}}