{"id":5091,"date":"2018-12-27T08:48:18","date_gmt":"2018-12-27T07:48:18","guid":{"rendered":"http:\/\/www.presstourism.ch\/WP_ALEX\/?page_id=5091"},"modified":"2018-12-27T08:50:00","modified_gmt":"2018-12-27T07:50:00","slug":"dans-les-vignobles-du-prestigieux-champagne","status":"publish","type":"page","link":"http:\/\/www.presstourism.ch\/?page_id=5091","title":{"rendered":"Dans les vignobles du prestigieux champagne"},"content":{"rendered":"\n<figure class=\"wp-block-image\"><img loading=\"lazy\" width=\"584\" height=\"389\" src=\"https:\/\/i0.wp.com\/www.presstourism.ch\/WP_ALEX\/wp-content\/uploads\/2018\/12\/1ChampagneCampagne-1024x682.jpg?resize=584%2C389\" alt=\"\" class=\"wp-image-5095\" srcset=\"https:\/\/i2.wp.com\/www.presstourism.ch\/wp-content\/uploads\/2018\/12\/1ChampagneCampagne.jpg?w=1024 1024w, https:\/\/i2.wp.com\/www.presstourism.ch\/wp-content\/uploads\/2018\/12\/1ChampagneCampagne.jpg?resize=300%2C200 300w, https:\/\/i2.wp.com\/www.presstourism.ch\/wp-content\/uploads\/2018\/12\/1ChampagneCampagne.jpg?resize=768%2C512 768w, https:\/\/i2.wp.com\/www.presstourism.ch\/wp-content\/uploads\/2018\/12\/1ChampagneCampagne.jpg?resize=600%2C400 600w\" sizes=\"(max-width: 584px) 100vw, 584px\" data-recalc-dims=\"1\" \/><figcaption>Vignobles typiques de la Champagne dans la r\u00e9gion de la C\u00f4te des Blancs, pas loin de la capitale Epernay.<\/figcaption><\/figure>\n\n\n\n<p>VALLEE DE LA MARNE- La\nChampagne est un but de randonn\u00e9e qui tombe \u00e0 pic \u00e0 l&rsquo;approche des f\u00eates. Car\nen plus de ses \u00ab\u00a0fines bulles\u00a0\u00bb, ses deux villes phares comptent bien d&rsquo;autres\natouts historiques et architecturaux, comme la fameuse cath\u00e9drale de Reims.<\/p>\n\n\n\n<figure class=\"wp-block-image\"><img loading=\"lazy\" width=\"584\" height=\"389\" src=\"https:\/\/i2.wp.com\/www.presstourism.ch\/WP_ALEX\/wp-content\/uploads\/2018\/12\/4JeannedArcReims-1024x682.jpg?resize=584%2C389\" alt=\"\" class=\"wp-image-5098\" srcset=\"https:\/\/i2.wp.com\/www.presstourism.ch\/wp-content\/uploads\/2018\/12\/4JeannedArcReims.jpg?w=1024 1024w, https:\/\/i2.wp.com\/www.presstourism.ch\/wp-content\/uploads\/2018\/12\/4JeannedArcReims.jpg?resize=300%2C200 300w, https:\/\/i2.wp.com\/www.presstourism.ch\/wp-content\/uploads\/2018\/12\/4JeannedArcReims.jpg?resize=768%2C512 768w, https:\/\/i2.wp.com\/www.presstourism.ch\/wp-content\/uploads\/2018\/12\/4JeannedArcReims.jpg?resize=600%2C400 600w\" sizes=\"(max-width: 584px) 100vw, 584px\" data-recalc-dims=\"1\" \/><figcaption>Des enfants font un jeu avec leur instituteur sous la statue de Jeanne d&rsquo;Arc, place du Parvis, \u00e0 Reims.<\/figcaption><\/figure>\n\n\n\n<p>Pour qui n&rsquo;aurait pas encore fait le plein du vin\nde f\u00eate par excellence, c&rsquo;est le bon moment de passer quelques jours en\nChampagne et de faire une randonn\u00e9e dans ses vignobles, et quelques\nd\u00e9gustations dans ses caves. D&rsquo;autant plus que les villes de Reims et d&rsquo;Epernay\nne manquent pas d&rsquo;attraits et ont marqu\u00e9 l&rsquo;histoire de France par des faits\nmarquants, se targuant ainsi de poss\u00e9der un patrimoine tout aussi prestigieux\nque le fameux vin p\u00e9tillant.<\/p>\n\n\n\n<figure class=\"wp-block-image\"><img loading=\"lazy\" width=\"584\" height=\"438\" src=\"https:\/\/i2.wp.com\/www.presstourism.ch\/WP_ALEX\/wp-content\/uploads\/2018\/12\/9PhilippeWibrotte-1024x768.jpg?resize=584%2C438\" alt=\"\" class=\"wp-image-5103\" srcset=\"https:\/\/i2.wp.com\/www.presstourism.ch\/wp-content\/uploads\/2018\/12\/9PhilippeWibrotte.jpg?w=1024 1024w, https:\/\/i2.wp.com\/www.presstourism.ch\/wp-content\/uploads\/2018\/12\/9PhilippeWibrotte.jpg?resize=300%2C225 300w, https:\/\/i2.wp.com\/www.presstourism.ch\/wp-content\/uploads\/2018\/12\/9PhilippeWibrotte.jpg?resize=768%2C576 768w, https:\/\/i2.wp.com\/www.presstourism.ch\/wp-content\/uploads\/2018\/12\/9PhilippeWibrotte.jpg?resize=600%2C450 600w\" sizes=\"(max-width: 584px) 100vw, 584px\" data-recalc-dims=\"1\" \/><figcaption>Philippe Wibrotte, responsable des visites et des r\u00e9ceptions du Comit\u00e9 Champagne, qui rassemble les vignerons et maisons de Champagne<\/figcaption><\/figure>\n\n\n\n<p>Les sous-sols de Reims renferment pas moins de 250 km de caves et de tunnels qui lui sont exclusivement d\u00e9di\u00e9s. Ceux d&rsquo;Epernay, la capitale du Champagne, en comptent 110 km pour 200 millions de bouteilles. <\/p>\n\n\n\n<figure class=\"wp-block-image\"><img loading=\"lazy\" width=\"584\" height=\"389\" src=\"https:\/\/i2.wp.com\/www.presstourism.ch\/WP_ALEX\/wp-content\/uploads\/2018\/12\/2BollingerCaves8751-1024x682.jpg?resize=584%2C389\" alt=\"\" class=\"wp-image-5096\" srcset=\"https:\/\/i1.wp.com\/www.presstourism.ch\/wp-content\/uploads\/2018\/12\/2BollingerCaves8751.jpg?w=1024 1024w, https:\/\/i1.wp.com\/www.presstourism.ch\/wp-content\/uploads\/2018\/12\/2BollingerCaves8751.jpg?resize=300%2C200 300w, https:\/\/i1.wp.com\/www.presstourism.ch\/wp-content\/uploads\/2018\/12\/2BollingerCaves8751.jpg?resize=768%2C512 768w, https:\/\/i1.wp.com\/www.presstourism.ch\/wp-content\/uploads\/2018\/12\/2BollingerCaves8751.jpg?resize=600%2C400 600w\" sizes=\"(max-width: 584px) 100vw, 584px\" data-recalc-dims=\"1\" \/><figcaption>Les caves et tunnels de la Maison Bollinger, dans le village d&rsquo;A\u00ff, le Champagne officiel de James Bond.<\/figcaption><\/figure>\n\n\n\n<p>Dans cette ville, l&rsquo;avenue de Champagne compte des grands h\u00f4tels particuliers de style classique ou Renaissance, qui abritent notamment aujourd&rsquo;hui Mo\u00ebt et Chandon, ainsi que Mercier (18&nbsp;km de caves et 47 galeries taill\u00e9es dans la craie). <\/p>\n\n\n\n<figure class=\"wp-block-image\"><img loading=\"lazy\" width=\"584\" height=\"389\" src=\"https:\/\/i0.wp.com\/www.presstourism.ch\/WP_ALEX\/wp-content\/uploads\/2018\/12\/3ChampagneTonneau-1024x682.jpg?resize=584%2C389\" alt=\"\" class=\"wp-image-5097\" srcset=\"https:\/\/i1.wp.com\/www.presstourism.ch\/wp-content\/uploads\/2018\/12\/3ChampagneTonneau.jpg?w=1024 1024w, https:\/\/i1.wp.com\/www.presstourism.ch\/wp-content\/uploads\/2018\/12\/3ChampagneTonneau.jpg?resize=300%2C200 300w, https:\/\/i1.wp.com\/www.presstourism.ch\/wp-content\/uploads\/2018\/12\/3ChampagneTonneau.jpg?resize=768%2C512 768w, https:\/\/i1.wp.com\/www.presstourism.ch\/wp-content\/uploads\/2018\/12\/3ChampagneTonneau.jpg?resize=600%2C400 600w\" sizes=\"(max-width: 584px) 100vw, 584px\" data-recalc-dims=\"1\" \/><figcaption>Le d\u00e9placement des tonneaux se fait encore \u00e0 la main avant la pr\u00e9paration de la mise en bouteille.<\/figcaption><\/figure>\n\n\n\n<p>De nombreux circuits touristiques permettent aussi de se rendre dans d&rsquo;accueillants villages champenois, avec leurs diff\u00e9rents c\u00e9pages. Comme ceux, pour n&rsquo;en citer que trois, de la Montagne de Reims, de la Vall\u00e9e de la Marne et de la C\u00f4te des Blancs.<\/p>\n\n\n\n<figure class=\"wp-block-image\"><img loading=\"lazy\" width=\"584\" height=\"389\" src=\"https:\/\/i0.wp.com\/www.presstourism.ch\/WP_ALEX\/wp-content\/uploads\/2018\/12\/12AvizeChampagne-1-1024x682.jpg?resize=584%2C389\" alt=\"\" class=\"wp-image-5107\" srcset=\"https:\/\/i2.wp.com\/www.presstourism.ch\/wp-content\/uploads\/2018\/12\/12AvizeChampagne-1.jpg?w=1024 1024w, https:\/\/i2.wp.com\/www.presstourism.ch\/wp-content\/uploads\/2018\/12\/12AvizeChampagne-1.jpg?resize=300%2C200 300w, https:\/\/i2.wp.com\/www.presstourism.ch\/wp-content\/uploads\/2018\/12\/12AvizeChampagne-1.jpg?resize=768%2C512 768w, https:\/\/i2.wp.com\/www.presstourism.ch\/wp-content\/uploads\/2018\/12\/12AvizeChampagne-1.jpg?resize=600%2C400 600w\" sizes=\"(max-width: 584px) 100vw, 584px\" data-recalc-dims=\"1\" \/><figcaption>Avize, un petit village accueillant o\u00f9 il y a plusieurs bonnes adresses de viticulteurs.<\/figcaption><\/figure>\n\n\n\n<p><strong>2303 statues<\/strong><strong><\/strong><\/p>\n\n\n\n<p>Le centre-ville de Reims se parcourt \u00e0 pied avec l&rsquo;incontournable passage \u00e0 la cath\u00e9drale Notre-Dame et ses 2303 statues, lieu du bapt\u00eame de Clovis et du sacre de 25 rois de France. <\/p>\n\n\n\n<div class=\"wp-block-image\"><figure class=\"aligncenter\"><img loading=\"lazy\" width=\"512\" height=\"768\" src=\"https:\/\/i1.wp.com\/www.presstourism.ch\/WP_ALEX\/wp-content\/uploads\/2018\/12\/5ReimsCath\u00e9drale.jpg?resize=512%2C768\" alt=\"\" class=\"wp-image-5099\" srcset=\"https:\/\/i1.wp.com\/www.presstourism.ch\/wp-content\/uploads\/2018\/12\/5ReimsCath\u00e9drale.jpg?w=512 512w, https:\/\/i1.wp.com\/www.presstourism.ch\/wp-content\/uploads\/2018\/12\/5ReimsCath\u00e9drale.jpg?resize=200%2C300 200w\" sizes=\"(max-width: 512px) 100vw, 512px\" data-recalc-dims=\"1\" \/><figcaption>La cath\u00e9drale Notre-Dame, fleuron de l&rsquo;architecture gothique, dont les deux tours de fa\u00e7ade atteignent 81,5 m\u00e8tres.<\/figcaption><\/figure><\/div>\n\n\n\n<p>C&rsquo;est un splendide \u00e9difice gothique (13e si\u00e8cle), avec ses incroyables dimensions, la vo\u00fbte de la nef montant \u00e0 38&nbsp;m\u00e8tres. La chapelle absidiale est orn\u00e9e par de vitraux de Chagall.<\/p>\n\n\n\n<figure class=\"wp-block-image\"><img loading=\"lazy\" width=\"584\" height=\"389\" src=\"https:\/\/i2.wp.com\/www.presstourism.ch\/WP_ALEX\/wp-content\/uploads\/2018\/12\/6PlaceRoyaleReims-1024x682.jpg?resize=584%2C389\" alt=\"\" class=\"wp-image-5100\" srcset=\"https:\/\/i0.wp.com\/www.presstourism.ch\/wp-content\/uploads\/2018\/12\/6PlaceRoyaleReims.jpg?w=1024 1024w, https:\/\/i0.wp.com\/www.presstourism.ch\/wp-content\/uploads\/2018\/12\/6PlaceRoyaleReims.jpg?resize=300%2C200 300w, https:\/\/i0.wp.com\/www.presstourism.ch\/wp-content\/uploads\/2018\/12\/6PlaceRoyaleReims.jpg?resize=768%2C512 768w, https:\/\/i0.wp.com\/www.presstourism.ch\/wp-content\/uploads\/2018\/12\/6PlaceRoyaleReims.jpg?resize=600%2C400 600w\" sizes=\"(max-width: 584px) 100vw, 584px\" data-recalc-dims=\"1\" \/><figcaption>La place Royale, avec au fond le b\u00e2timent de la Sous-Pr\u00e9fecture, a \u00e9t\u00e9 am\u00e9nag\u00e9e en l&rsquo;honneur de Louis XV.<\/figcaption><\/figure>\n\n\n\n<p>A voir aussi la place Royale, la Porte de Mars, les \u00e9difices Art d\u00e9co et de riches mus\u00e9es mettant en exergue son histoire. <\/p>\n\n\n\n<figure class=\"wp-block-image\"><img loading=\"lazy\" width=\"584\" height=\"389\" src=\"https:\/\/i1.wp.com\/www.presstourism.ch\/WP_ALEX\/wp-content\/uploads\/2018\/12\/8TaittingerCaves8792-1024x682.jpg?resize=584%2C389\" alt=\"\" class=\"wp-image-5102\" srcset=\"https:\/\/i0.wp.com\/www.presstourism.ch\/wp-content\/uploads\/2018\/12\/8TaittingerCaves8792.jpg?w=1024 1024w, https:\/\/i0.wp.com\/www.presstourism.ch\/wp-content\/uploads\/2018\/12\/8TaittingerCaves8792.jpg?resize=300%2C200 300w, https:\/\/i0.wp.com\/www.presstourism.ch\/wp-content\/uploads\/2018\/12\/8TaittingerCaves8792.jpg?resize=768%2C512 768w, https:\/\/i0.wp.com\/www.presstourism.ch\/wp-content\/uploads\/2018\/12\/8TaittingerCaves8792.jpg?resize=600%2C400 600w\" sizes=\"(max-width: 584px) 100vw, 584px\" data-recalc-dims=\"1\" \/><figcaption>On fait une balade dans l&rsquo;histoire en traversant les caves et cray\u00e8res de la Maison Taittinger.<\/figcaption><\/figure>\n\n\n\n<p>Enfin, dans les caves de la Maison Taittinger, le visiteur fait un v\u00e9ritable voyage dans le temps, parcourant les vestiges de l&rsquo;abbaye Saint-Nicaise (13e si\u00e8cle) puis, \u00e0 18 m\u00e8tres de profondeur, des fameuses cray\u00e8res gallo-romaines. <\/p>\n\n\n\n<p><strong>Textes et photos:\nRoger Juillerat<\/strong><\/p>\n\n\n\n<figure class=\"wp-block-image\"><img loading=\"lazy\" width=\"584\" height=\"389\" src=\"https:\/\/i1.wp.com\/www.presstourism.ch\/WP_ALEX\/wp-content\/uploads\/2018\/12\/10LaurentPerrier8639-1024x682.jpg?resize=584%2C389\" alt=\"\" class=\"wp-image-5104\" srcset=\"https:\/\/i1.wp.com\/www.presstourism.ch\/wp-content\/uploads\/2018\/12\/10LaurentPerrier8639.jpg?w=1024 1024w, https:\/\/i1.wp.com\/www.presstourism.ch\/wp-content\/uploads\/2018\/12\/10LaurentPerrier8639.jpg?resize=300%2C200 300w, https:\/\/i1.wp.com\/www.presstourism.ch\/wp-content\/uploads\/2018\/12\/10LaurentPerrier8639.jpg?resize=768%2C512 768w, https:\/\/i1.wp.com\/www.presstourism.ch\/wp-content\/uploads\/2018\/12\/10LaurentPerrier8639.jpg?resize=600%2C400 600w\" sizes=\"(max-width: 584px) 100vw, 584px\" data-recalc-dims=\"1\" \/><figcaption>A l&rsquo;entr\u00e9e de la maison Laurent Perrier, install\u00e9e \u00e0 Tours-sur-Marne depuis 1812, on annonce la couleur&#8230;<\/figcaption><\/figure>\n\n\n\n<p><strong>Infos pratiques<\/strong><\/p>\n\n\n\n<p><strong>Y aller:<\/strong> train CFF depuis la\nSuisse romande jusqu&rsquo;\u00e0 B\u00e2le puis TER jusqu&rsquo;\u00e0 Strasbourg et TGV jusqu&rsquo;\u00e0 la gare\nde Champagne-Ardenne. En voiture via Besan\u00e7on, Dijon, Troyes,\nChalons-en-Champagne et Reims (un peu plus de 5 heures).<\/p>\n\n\n\n<p><strong>Couettes et couverts:<\/strong> L&rsquo;H\u00f4tel de la Paix, \u00e0 Reims, alliant modernit\u00e9 et patrimoine culturel au coeur de la ville, <a href=\"http:\/\/www.bestwestern.fr\">www.bestwestern.fr<\/a>. La bonne cuisine du terroir au Caf\u00e9 du Palais, \u00e0 Reims, dans un super d\u00e9cor, <a href=\"http:\/\/www.cafedupalais.fr\">www.cafedupalais.fr<\/a>. Les produits de saison et la saveur des cuissons aux Avis\u00e9s, \u00e0 Avize, pr\u00e8s d&rsquo;Epernay, <a href=\"http:\/\/www.selosse-lesavises.com\">www.selosse-lesavises.com<\/a><\/p>\n\n\n\n<figure class=\"wp-block-image\"><img loading=\"lazy\" width=\"584\" height=\"438\" src=\"https:\/\/i2.wp.com\/www.presstourism.ch\/WP_ALEX\/wp-content\/uploads\/2018\/12\/7ReimsCaf\u00e9Palais-1024x768.jpg?resize=584%2C438\" alt=\"\" class=\"wp-image-5101\" srcset=\"https:\/\/i0.wp.com\/www.presstourism.ch\/wp-content\/uploads\/2018\/12\/7ReimsCaf\u00e9Palais.jpg?w=1024 1024w, https:\/\/i0.wp.com\/www.presstourism.ch\/wp-content\/uploads\/2018\/12\/7ReimsCaf\u00e9Palais.jpg?resize=300%2C225 300w, https:\/\/i0.wp.com\/www.presstourism.ch\/wp-content\/uploads\/2018\/12\/7ReimsCaf\u00e9Palais.jpg?resize=768%2C576 768w, https:\/\/i0.wp.com\/www.presstourism.ch\/wp-content\/uploads\/2018\/12\/7ReimsCaf\u00e9Palais.jpg?resize=600%2C450 600w\" sizes=\"(max-width: 584px) 100vw, 584px\" data-recalc-dims=\"1\" \/><figcaption>Le superbe d\u00e9cor du Caf\u00e9 du Palais avec sa verri\u00e8re Art D\u00e9co et notamment un dessin de Marc Chagall.<\/figcaption><\/figure>\n\n\n\n<p><strong>Il faut savoir:<\/strong> selon la l\u00e9gende, Dom\nPierre P\u00e9rignon (1668-1715),&nbsp;moine b\u00e9n\u00e9dictin de l&rsquo;abbaye de Hautvillers,\npr\u00e8s d&rsquo;\u00c9pernay, est le g\u00e9nial inventeur du champagne.<\/p>\n\n\n\n<p><strong>S&rsquo;informer:<\/strong> <a href=\"http:\/\/www.champagne.fr\">www.champagne.fr<\/a>, <a href=\"http:\/\/www.tourisme-en-champagne.com\">www.tourisme-en-champagne.com<\/a>, <a href=\"http:\/\/www.reims-tourisme.com\">www.reims-tourisme.com<\/a>, <a href=\"http:\/\/www.ot-epernay.fr\">www.ot-epernay.fr<\/a><\/p>\n\n\n\n<div class=\"wp-block-image\"><figure class=\"aligncenter\"><img loading=\"lazy\" width=\"512\" height=\"768\" src=\"https:\/\/i2.wp.com\/www.presstourism.ch\/WP_ALEX\/wp-content\/uploads\/2018\/12\/11JacquartFlorianeEznack-1.jpg?resize=512%2C768\" alt=\"\" class=\"wp-image-5106\" srcset=\"https:\/\/i2.wp.com\/www.presstourism.ch\/wp-content\/uploads\/2018\/12\/11JacquartFlorianeEznack-1.jpg?w=512 512w, https:\/\/i2.wp.com\/www.presstourism.ch\/wp-content\/uploads\/2018\/12\/11JacquartFlorianeEznack-1.jpg?resize=200%2C300 200w\" sizes=\"(max-width: 512px) 100vw, 512px\" data-recalc-dims=\"1\" \/><figcaption>Floriane Eznack, une oenologue qui assure le succ\u00e8s des champagnes Jacquart, \u00e0 Reims.<\/figcaption><\/figure><\/div>\n","protected":false},"excerpt":{"rendered":"<p>VALLEE DE LA MARNE- La Champagne est un but de randonn\u00e9e qui tombe \u00e0 pic \u00e0 l&rsquo;approche des f\u00eates. Car en plus de ses \u00ab\u00a0fines bulles\u00a0\u00bb, ses deux villes phares comptent bien d&rsquo;autres atouts historiques et architecturaux, comme la fameuse &hellip; <a href=\"http:\/\/www.presstourism.ch\/?page_id=5091\">Continuer la lecture <span class=\"meta-nav\">&rarr;<\/span><\/a><\/p>\n","protected":false},"author":1,"featured_media":0,"parent":289,"menu_order":0,"comment_status":"closed","ping_status":"closed","template":"","meta":{"ngg_post_thumbnail":0,"spay_email":""},"jetpack_sharing_enabled":true,"jetpack_shortlink":"https:\/\/wp.me\/P468TV-1k7","_links":{"self":[{"href":"http:\/\/www.presstourism.ch\/index.php?rest_route=\/wp\/v2\/pages\/5091"}],"collection":[{"href":"http:\/\/www.presstourism.ch\/index.php?rest_route=\/wp\/v2\/pages"}],"about":[{"href":"http:\/\/www.presstourism.ch\/index.php?rest_route=\/wp\/v2\/types\/page"}],"author":[{"embeddable":true,"href":"http:\/\/www.presstourism.ch\/index.php?rest_route=\/wp\/v2\/users\/1"}],"replies":[{"embeddable":true,"href":"http:\/\/www.presstourism.ch\/index.php?rest_route=%2Fwp%2Fv2%2Fcomments&post=5091"}],"version-history":[{"count":2,"href":"http:\/\/www.presstourism.ch\/index.php?rest_route=\/wp\/v2\/pages\/5091\/revisions"}],"predecessor-version":[{"id":5110,"href":"http:\/\/www.presstourism.ch\/index.php?rest_route=\/wp\/v2\/pages\/5091\/revisions\/5110"}],"up":[{"embeddable":true,"href":"http:\/\/www.presstourism.ch\/index.php?rest_route=\/wp\/v2\/pages\/289"}],"wp:attachment":[{"href":"http:\/\/www.presstourism.ch\/index.php?rest_route=%2Fwp%2Fv2%2Fmedia&parent=5091"}],"curies":[{"name":"wp","href":"https:\/\/api.w.org\/{rel}","templated":true}]}}