{"id":5016,"date":"2018-12-25T21:20:07","date_gmt":"2018-12-25T20:20:07","guid":{"rendered":"http:\/\/www.presstourism.ch\/WP_ALEX\/?page_id=5016"},"modified":"2018-12-25T22:43:50","modified_gmt":"2018-12-25T21:43:50","slug":"guatemala-chichicastenango","status":"publish","type":"page","link":"http:\/\/www.presstourism.ch\/?page_id=5016","title":{"rendered":"Guatemala: Chichicastenango"},"content":{"rendered":"\n<figure class=\"wp-block-image\"><a href=\"https:\/\/i0.wp.com\/s169196779.onlinehome.fr\/wp-content\/uploads\/2013\/09\/Dia031.0046.jpg\"><img src=\"https:\/\/i0.wp.com\/s169196779.onlinehome.fr\/wp-content\/uploads\/2013\/09\/Dia031.0046.jpg?w=584\" alt=\"Dia031.0046\" class=\"wp-image-1933\" data-recalc-dims=\"1\"\/><\/a><\/figure>\n\n\n\n<p><strong>Texte et photos: Alex D\u00e9cotte<\/strong><\/p>\n\n\n\n<p>Dans les montagnes, \u00e0 150 km de Guatemala City, Chichicastenango est sans doute l&rsquo;un des lieux les plus \u00e9tonnants du Guat\u00e9mala. Pour les historiens, les explorateurs, les arch\u00e9ologues, il existe certes des sites autrement importants mais pour quiconque veut en quelques jours imaginer ce que pouvait \u00eatre la vie des Indiens d&rsquo;Am\u00e9rique centrale avant l&rsquo;arriv\u00e9e de l&rsquo;homme blanc, Chichicastenango est vraiment la r\u00e9v\u00e9lation.<\/p>\n\n\n\n<p>La ville est tir\u00e9e au cordeau et le centre de la vie indig\u00e8ne se trouve entre les deux \u00e9glises, construites par les Espagnols et tr\u00e8s ab\u00eem\u00e9es par le tremblement de terre de 1076. Le jeudi et le dimanche, jours de march\u00e9, c&rsquo;est l\u00e0, sur les quelque 200 m\u00e8tres s\u00e9parant l&rsquo;\u00e9glise de St Tomas de celle du Calvaire, que se r\u00e9unissent les Indiens.<\/p>\n\n\n\n<div class=\"wp-block-image\"><figure class=\"aligncenter\"><a href=\"https:\/\/i2.wp.com\/s169196779.onlinehome.fr\/wp-content\/uploads\/2013\/09\/Dia031.0038.jpg\"><img src=\"https:\/\/i2.wp.com\/s169196779.onlinehome.fr\/wp-content\/uploads\/2013\/09\/Dia031.0038.jpg?w=584\" alt=\"Dia031.0038\" class=\"wp-image-1932\" data-recalc-dims=\"1\"\/><\/a><\/figure><\/div>\n\n\n\n<p>Les stands improvis\u00e9s regorgent de bananes \u00e0 cuire, de radis, de tomates, de graines de toutes sortes , de crevettes et de poissons s\u00e9ch\u00e9s, de l\u00e9gumes, de chapeaux, de ceintures, et de milliers de boites de conserve, vides, reconverties par la main de l&rsquo;homme en seaux,&nbsp; gamelles ou lampes \u00e0 p\u00e9trole.<\/p>\n\n\n\n<p>Les Indios, qui viennent acheter ou vendre, sont descendus des collines voisines. De ces collines o\u00f9, devant une pierre sacr\u00e9e, ils allument des bougies et sacrifient leurs plus beaux coqs au rite ancestral.<\/p>\n\n\n\n<p>A Chichicastenango, ils entrent dans l&rsquo;\u00e9glise en portant&nbsp; un encensoir fait d&rsquo;une boite de conserve ainsi qu&rsquo;un fagot de bougies et quelques fleurs. Des roses dont les p\u00e9tales&nbsp; joncheront le sol entre les bougies allum\u00e9es. Rituel pa\u00efen dans l&rsquo;\u00e9glise catholique. Une vieille femme \u00e0 genoux \u00e9lucubre, hagarde, des paten\u00f4tres dans une langue inconnue. Un homme, visage ravag\u00e9 par l&rsquo;alcool ou la maladie, reprend ses supplications.<\/p>\n\n\n\n<figure class=\"wp-block-image\"><a href=\"https:\/\/i0.wp.com\/s169196779.onlinehome.fr\/wp-content\/uploads\/2013\/09\/NB35079_0026.jpg\"><img src=\"https:\/\/i0.wp.com\/s169196779.onlinehome.fr\/wp-content\/uploads\/2013\/09\/NB35079_0026.jpg?w=584\" alt=\"NB35079_0026\" class=\"wp-image-1931\" data-recalc-dims=\"1\"\/><\/a><\/figure>\n\n\n\n<p>Un cercle se forme autour des bougies. Incantations \u00e0 voix basse, bougies qu&rsquo;on se passe pour aller former un nouveau cercle, un peu plus loin. Sur le perron, un feu a \u00e9t\u00e9 allum\u00e9, sur lequel&nbsp; les participants jettent de l&rsquo;encens. De grosses femmes vendent des brass\u00e9es de fleurs aux nouveaux arrivants . Deux ou trois Indios se l\u00e8vent, quittent les marches et traversent&nbsp; lentement la place jusqu&rsquo;aux marches de l&rsquo;\u00e9glise du Calvaire, insensibles aux marchands, aux acheteurs et aux trop nombreux touristes.<\/p>\n\n\n\n<p>Au Guatemala, les Indios sont en nette majorit\u00e9, ce qui n&#8217;emp\u00eache pas le pays d&rsquo;\u00eatre dirig\u00e9 &#8211; et les grandes entreprises g\u00e9r\u00e9es &#8211; par les seuls Blancs descendants des colons espagnols On les appelle ici les <em>latinos<\/em>. Les deux mondes se c\u00f4toient et s&rsquo;ignorent. A Chichicastenango, par exemple, les Indios sont cens\u00e9s ob\u00e9ir aux m\u00eames lois, aux m\u00eames autorit\u00e9s mais en fait, ils reconnaissent d&rsquo;autres chefs. D&rsquo;abord le Chichicahao, pr\u00eatre du rituel chichi.<\/p>\n\n\n\n<p>Les croyances des Indios sont bien d\u00e9finies et s&rsquo;adressent \u00e0 des esprits, plantes, animaux, qui sons les repr\u00e9sentants su du seul vrai dieu, le soleil. C&rsquo;est que les chichis sont d&rsquo;authentiques repr\u00e9sentants des Mayas. Le Chichicahao, le pr\u00eatre, est bien s\u00fbr indio. Pourtant, dans les ann\u00e9es trente, il y eut pendant quelque temps un chichicahao venu, je vous le donne en mille&#8230; d&rsquo;Allemagne.<\/p>\n\n\n\n<p>Les Indios n&rsquo;ob\u00e9issent pas aux gendarmes ou aux agents du pouvoir mais \u00e0 l&rsquo;<em>auxiliatura indigena<\/em>, les auxiliaires indig\u00e8nes , sorte de gardes communaux, indios eux-m\u00eames.<\/p>\n\n\n\n<p>Il est m\u00eame une p\u00e9riode o\u00f9 les chichis n&rsquo;ob\u00e9issent plus \u00e0 personne ! Du 18 au 21 d\u00e9cembre, c&rsquo;est la f\u00eate annuelle \u00e0 Chichicastenago. 10.000 litres d&rsquo;aguardiente vendus en quatre jours. Vous imagines le tableau. Mais les chichis ne sont pas violents et tout rentre dans l&rsquo;ordre, d\u00e8s le 22, jusqu&rsquo;\u00e0 l&rsquo;ann\u00e9e suivante.<\/p>\n\n\n\n<figure class=\"wp-block-image\"><a href=\"https:\/\/i1.wp.com\/s169196779.onlinehome.fr\/wp-content\/uploads\/2013\/09\/DS060223104209.jpg\"><img src=\"https:\/\/i1.wp.com\/s169196779.onlinehome.fr\/wp-content\/uploads\/2013\/09\/DS060223104209.jpg?w=584\" alt=\"DS060223104209\" class=\"wp-image-1929\" data-recalc-dims=\"1\"\/><\/a><\/figure>\n\n\n\n<p><strong><a href=\"http:\/\/www.presstourism.ch\/WP_ALEX\/?page_id=106\">Voir les autres publications d\u2019Alex D\u00e9cotte<\/a><\/strong><\/p>\n","protected":false},"excerpt":{"rendered":"<p>Texte et photos: Alex D\u00e9cotte Dans les montagnes, \u00e0 150 km de Guatemala City, Chichicastenango est sans doute l&rsquo;un des lieux les plus \u00e9tonnants du Guat\u00e9mala. Pour les historiens, les explorateurs, les arch\u00e9ologues, il existe certes des sites autrement importants &hellip; <a href=\"http:\/\/www.presstourism.ch\/?page_id=5016\">Continuer la lecture <span class=\"meta-nav\">&rarr;<\/span><\/a><\/p>\n","protected":false},"author":1,"featured_media":0,"parent":2695,"menu_order":0,"comment_status":"closed","ping_status":"closed","template":"","meta":{"ngg_post_thumbnail":0,"spay_email":""},"jetpack_sharing_enabled":true,"jetpack_shortlink":"https:\/\/wp.me\/P468TV-1iU","_links":{"self":[{"href":"http:\/\/www.presstourism.ch\/index.php?rest_route=\/wp\/v2\/pages\/5016"}],"collection":[{"href":"http:\/\/www.presstourism.ch\/index.php?rest_route=\/wp\/v2\/pages"}],"about":[{"href":"http:\/\/www.presstourism.ch\/index.php?rest_route=\/wp\/v2\/types\/page"}],"author":[{"embeddable":true,"href":"http:\/\/www.presstourism.ch\/index.php?rest_route=\/wp\/v2\/users\/1"}],"replies":[{"embeddable":true,"href":"http:\/\/www.presstourism.ch\/index.php?rest_route=%2Fwp%2Fv2%2Fcomments&post=5016"}],"version-history":[{"count":2,"href":"http:\/\/www.presstourism.ch\/index.php?rest_route=\/wp\/v2\/pages\/5016\/revisions"}],"predecessor-version":[{"id":5043,"href":"http:\/\/www.presstourism.ch\/index.php?rest_route=\/wp\/v2\/pages\/5016\/revisions\/5043"}],"up":[{"embeddable":true,"href":"http:\/\/www.presstourism.ch\/index.php?rest_route=\/wp\/v2\/pages\/2695"}],"wp:attachment":[{"href":"http:\/\/www.presstourism.ch\/index.php?rest_route=%2Fwp%2Fv2%2Fmedia&parent=5016"}],"curies":[{"name":"wp","href":"https:\/\/api.w.org\/{rel}","templated":true}]}}