{"id":4931,"date":"2018-12-24T16:27:48","date_gmt":"2018-12-24T15:27:48","guid":{"rendered":"http:\/\/www.presstourism.ch\/WP_ALEX\/?page_id=4931"},"modified":"2018-12-31T14:26:26","modified_gmt":"2018-12-31T13:26:26","slug":"les-fameuses-gourmandises-de-la-bresse","status":"publish","type":"page","link":"http:\/\/www.presstourism.ch\/?page_id=4931","title":{"rendered":"Les fameuses gourmandises de la Bresse"},"content":{"rendered":"\n<figure class=\"wp-block-image\"><img loading=\"lazy\" width=\"584\" height=\"386\" src=\"https:\/\/i0.wp.com\/www.presstourism.ch\/WP_ALEX\/wp-content\/uploads\/2018\/12\/1BressePoulets-Glorieuses-1024x677.jpg?resize=584%2C386\" alt=\"\" class=\"wp-image-4923\" srcset=\"https:\/\/i0.wp.com\/www.presstourism.ch\/wp-content\/uploads\/2018\/12\/1BressePoulets-Glorieuses.jpg?w=1024 1024w, https:\/\/i0.wp.com\/www.presstourism.ch\/wp-content\/uploads\/2018\/12\/1BressePoulets-Glorieuses.jpg?resize=300%2C198 300w, https:\/\/i0.wp.com\/www.presstourism.ch\/wp-content\/uploads\/2018\/12\/1BressePoulets-Glorieuses.jpg?resize=768%2C508 768w, https:\/\/i0.wp.com\/www.presstourism.ch\/wp-content\/uploads\/2018\/12\/1BressePoulets-Glorieuses.jpg?resize=600%2C397 600w\" sizes=\"(max-width: 584px) 100vw, 584px\" data-recalc-dims=\"1\" \/><figcaption>Les Glorieuses de Bresse, concours de volaille et manifestation phare du mois de d\u00e9cembre.<\/figcaption><\/figure>\n\n\n\n<p>FRANCE VOISINE &#8211; Gastronomie\net patrimoine sont les composants essentiels du d\u00e9partement de l&rsquo;Ain, dont Bourg-en-Bresse\net trois autres lieux s&rsquo;appr\u00eatent \u00e0 c\u00e9l\u00e9brer poulets, poulardes et chapons. <\/p>\n\n\n\n<figure class=\"wp-block-image\"><img loading=\"lazy\" width=\"584\" height=\"389\" src=\"https:\/\/i1.wp.com\/www.presstourism.ch\/WP_ALEX\/wp-content\/uploads\/2018\/12\/2PouletsBresse-EnLibert\u00e9-1024x682.jpg?resize=584%2C389\" alt=\"\" class=\"wp-image-4924\" srcset=\"https:\/\/i2.wp.com\/www.presstourism.ch\/wp-content\/uploads\/2018\/12\/2PouletsBresse-EnLibert\u00e9.jpg?w=1024 1024w, https:\/\/i2.wp.com\/www.presstourism.ch\/wp-content\/uploads\/2018\/12\/2PouletsBresse-EnLibert\u00e9.jpg?resize=300%2C200 300w, https:\/\/i2.wp.com\/www.presstourism.ch\/wp-content\/uploads\/2018\/12\/2PouletsBresse-EnLibert\u00e9.jpg?resize=768%2C512 768w, https:\/\/i2.wp.com\/www.presstourism.ch\/wp-content\/uploads\/2018\/12\/2PouletsBresse-EnLibert\u00e9.jpg?resize=600%2C400 600w\" sizes=\"(max-width: 584px) 100vw, 584px\" data-recalc-dims=\"1\" \/><figcaption>Les poulets en libert\u00e9 dans l&rsquo;\u00e9levage de Cyril D\u00e9gluaire, pas loin de Bourg-en-Bresse.<\/figcaption><\/figure>\n\n\n\n<p>Apr\u00e8s la Champagne et son vin p\u00e9tillant (La\nR\u00e9gion Nord vaudois du 16 novembre), la Bresse est aussi une r\u00e9gion privil\u00e9gi\u00e9e\n\u00e0 l&rsquo;approche des f\u00eates de fin d&rsquo;ann\u00e9e gr\u00e2ce \u00e0 sa volaille. Celle-ci se conjugue\nen quatre sortes: le poulet de\nBresse, le plus connu et le plus facilement reconnaissable \u00e0 ses pattes bleues,\nson plumage blanc et sa cr\u00eate rouge (\u00e0 l&rsquo;image du drapeau fran\u00e7ais). \u00c0 ses\nc\u00f4t\u00e9s figurent la poularde, \u00e0 la chair tendre et juteuse, la dinde et le\nchapon. Ils seront c\u00e9l\u00e9br\u00e9s les 14 et 15 d\u00e9cembre prochain lors de la f\u00eate des\nGlorieuses.<\/p>\n\n\n\n<div class=\"wp-block-image\"><figure class=\"aligncenter\"><img loading=\"lazy\" width=\"512\" height=\"768\" src=\"https:\/\/i0.wp.com\/www.presstourism.ch\/WP_ALEX\/wp-content\/uploads\/2018\/12\/3LaBresseCuisine-DidierGoiffin.jpg?resize=512%2C768\" alt=\"\" class=\"wp-image-4925\" srcset=\"https:\/\/i1.wp.com\/www.presstourism.ch\/wp-content\/uploads\/2018\/12\/3LaBresseCuisine-DidierGoiffin.jpg?w=512 512w, https:\/\/i1.wp.com\/www.presstourism.ch\/wp-content\/uploads\/2018\/12\/3LaBresseCuisine-DidierGoiffin.jpg?resize=200%2C300 200w\" sizes=\"(max-width: 512px) 100vw, 512px\" data-recalc-dims=\"1\" \/><figcaption>Le chef \u00e9toil\u00e9 Didier Goiffin avant la pr\u00e9paration d&rsquo;un poulet.\n<\/figcaption><\/figure><\/div>\n\n\n\n<p>Gourmande donc cette\nbelle contr\u00e9e de France voisine, qui doit ce renom gastronomique\n\u00e0 ses \u00e9leveurs et producteurs et, dans la suite de la cha\u00eene, \u00e0 ses chefs de\ncuisine perp\u00e9tuant la tradition avec passion. Des randonn\u00e9es qui combinent la\nvisite d&rsquo;\u00e9levages avec les plaisirs de la table et un riche patrimoine sont\ndonc le meilleur ingr\u00e9dient afin de faire connaissance avec cette r\u00e9gion et Bourg-en-Bresse:\nune jolie petite ville qui s&rsquo;enorgueillit de poss\u00e9der un des plus beaux\n\u00e9difices de l&rsquo;Hexagone, le monast\u00e8re royal de Brou, chef d&rsquo;oeuvre du gothique\nflamboyant. Ce dernier a d&rsquo;ailleurs \u00e9t\u00e9 choisi il y a quatre ans comme le\nmonument pr\u00e9f\u00e9r\u00e9 des Fran\u00e7ais. Tant il est vrai qu&rsquo;il rec\u00e8le des tr\u00e9sors: \u00e9glise somptueusement orn\u00e9e, clo\u00eetres aux\nstyles vari\u00e9s, superbes salles vo\u00fbt\u00e9es d&rsquo;ogives, grands jardins alentour et mus\u00e9e\naux riches collections. A deux pas du monument, il y a aussi l&rsquo;apothicairerie,\no\u00f9 il est possible de visiter un laboratoire parfaitement conserv\u00e9.<\/p>\n\n\n\n<figure class=\"wp-block-image\"><img loading=\"lazy\" width=\"584\" height=\"389\" src=\"https:\/\/i0.wp.com\/www.presstourism.ch\/WP_ALEX\/wp-content\/uploads\/2018\/12\/4BourgBresse-Monast\u00e8reBrou-1024x682.jpg?resize=584%2C389\" alt=\"\" class=\"wp-image-4926\" srcset=\"https:\/\/i2.wp.com\/www.presstourism.ch\/wp-content\/uploads\/2018\/12\/4BourgBresse-Monast\u00e8reBrou.jpg?w=1024 1024w, https:\/\/i2.wp.com\/www.presstourism.ch\/wp-content\/uploads\/2018\/12\/4BourgBresse-Monast\u00e8reBrou.jpg?resize=300%2C200 300w, https:\/\/i2.wp.com\/www.presstourism.ch\/wp-content\/uploads\/2018\/12\/4BourgBresse-Monast\u00e8reBrou.jpg?resize=768%2C512 768w, https:\/\/i2.wp.com\/www.presstourism.ch\/wp-content\/uploads\/2018\/12\/4BourgBresse-Monast\u00e8reBrou.jpg?resize=600%2C400 600w\" sizes=\"(max-width: 584px) 100vw, 584px\" data-recalc-dims=\"1\" \/><figcaption>Le monast\u00e8re royal de Brou, un des plus beaux \u00e9difices de France, construit au d\u00e9but du XVIe si\u00e8cle.<\/figcaption><\/figure>\n\n\n\n<p><strong>Jusqu&rsquo;aux Planons<\/strong><\/p>\n\n\n\n<p>Avant de faire un tour\ndans la cit\u00e9 et son quartier historique avec des maisons m\u00e9di\u00e9vales \u00e0\ncolombages, d&rsquo;\u00e9l\u00e9gantes fa\u00e7ades des 18e et 19e et des petites places sympas\norn\u00e9es de fontaines. Dans les environs, il faut entre autres aller visiter le\nDomaine des Planons, \u00e0 Saint-Cyr-sur-Menthon, mus\u00e9e et site culturel\nembl\u00e9matique de la Bresse.<\/p>\n\n\n\n<figure class=\"wp-block-image\"><img loading=\"lazy\" width=\"584\" height=\"389\" src=\"https:\/\/i2.wp.com\/www.presstourism.ch\/WP_ALEX\/wp-content\/uploads\/2018\/12\/5PlanonsStCyrBresse-1024x682.jpg?resize=584%2C389\" alt=\"\" class=\"wp-image-4927\" srcset=\"https:\/\/i0.wp.com\/www.presstourism.ch\/wp-content\/uploads\/2018\/12\/5PlanonsStCyrBresse.jpg?w=1024 1024w, https:\/\/i0.wp.com\/www.presstourism.ch\/wp-content\/uploads\/2018\/12\/5PlanonsStCyrBresse.jpg?resize=300%2C200 300w, https:\/\/i0.wp.com\/www.presstourism.ch\/wp-content\/uploads\/2018\/12\/5PlanonsStCyrBresse.jpg?resize=768%2C512 768w, https:\/\/i0.wp.com\/www.presstourism.ch\/wp-content\/uploads\/2018\/12\/5PlanonsStCyrBresse.jpg?resize=600%2C400 600w\" sizes=\"(max-width: 584px) 100vw, 584px\" data-recalc-dims=\"1\" \/><figcaption>Le Domaine des Planons, o\u00f9 a \u00e9t\u00e9 am\u00e9nag\u00e9 le mus\u00e9e de la Bresse, \u00e0 St-Cyr-sur-Menthon.<\/figcaption><\/figure>\n\n\n\n<p><strong>Textes et photos: Roger Juillerat<\/strong><\/p>\n\n\n\n<figure class=\"wp-block-image\"><img loading=\"lazy\" width=\"584\" height=\"389\" src=\"https:\/\/i2.wp.com\/www.presstourism.ch\/WP_ALEX\/wp-content\/uploads\/2018\/12\/6BourgEnBresseCentre-1024x682.jpg?resize=584%2C389\" alt=\"\" class=\"wp-image-4928\" srcset=\"https:\/\/i2.wp.com\/www.presstourism.ch\/wp-content\/uploads\/2018\/12\/6BourgEnBresseCentre.jpg?w=1024 1024w, https:\/\/i2.wp.com\/www.presstourism.ch\/wp-content\/uploads\/2018\/12\/6BourgEnBresseCentre.jpg?resize=300%2C200 300w, https:\/\/i2.wp.com\/www.presstourism.ch\/wp-content\/uploads\/2018\/12\/6BourgEnBresseCentre.jpg?resize=768%2C512 768w, https:\/\/i2.wp.com\/www.presstourism.ch\/wp-content\/uploads\/2018\/12\/6BourgEnBresseCentre.jpg?resize=600%2C400 600w\" sizes=\"(max-width: 584px) 100vw, 584px\" data-recalc-dims=\"1\" \/><figcaption>Le centre de Bourg-en-Bresse avec la coll\u00e9giale Notre-Dame et, \u00e0 droite, le restaurant \u00ab\u00a0Le Fran\u00e7ais\u00a0\u00bb.<\/figcaption><\/figure>\n\n\n\n<p style=\"text-align:center\"><strong>Infos pratiques<\/strong><\/p>\n\n\n\n<p><strong>Y aller:<\/strong> TGV Lyria (1h20) et TER (2h20) entre Gen\u00e8ve et Bourg-en-Bresse. En\nvoiture, il faut compter deux heures depuis Yverdon, via Gen\u00e8ve et Annecy.<\/p>\n\n\n\n<p><strong>Couettes et couverts:<\/strong> l&rsquo;h\u00f4tel de France et sa brasserie, \u00e0 Bourg-en-Bresse, <a href=\"http:\/\/www.bestwestern-hoteldefrance.com\">www.bestwestern-hoteldefrance.com<\/a>, bien plac\u00e9 pour rayonner en ville et dans la r\u00e9gion. Restaurant Le Fran\u00e7ais, son d\u00e9cor, son ambiance et ses bons plats du terroir, <a href=\"http:\/\/www.brasserielefrancais,com\">www.brasserielefrancais,com<\/a>. La Marelle, \u00e0 P\u00e9ronnas, pour go\u00fbter la cuisine cr\u00e9ative et les saveurs de Didier Goiffon, un chef \u00e9toil\u00e9.<\/p>\n\n\n\n<p><strong>Les Glorieuses:<\/strong> ce sont des concours de volaille organis\u00e9s cette ann\u00e9e les 14 et 15 d\u00e9cembre et se d\u00e9roulant dans quatre communes, soit Bourg-en-Bresse, Montrevel-en-Bresse, Pont-de-Vaux et Louhans, <a href=\"http:\/\/www.glorieusesdebresse.com\">www.glorieusesdebresse.com<\/a><\/p>\n\n\n\n<div class=\"wp-block-image\"><figure class=\"aligncenter\"><img loading=\"lazy\" width=\"512\" height=\"768\" src=\"https:\/\/i2.wp.com\/www.presstourism.ch\/WP_ALEX\/wp-content\/uploads\/2018\/12\/7PouletBresse.jpg?resize=512%2C768\" alt=\"\" class=\"wp-image-4930\" srcset=\"https:\/\/i1.wp.com\/www.presstourism.ch\/wp-content\/uploads\/2018\/12\/7PouletBresse.jpg?w=512 512w, https:\/\/i1.wp.com\/www.presstourism.ch\/wp-content\/uploads\/2018\/12\/7PouletBresse.jpg?resize=200%2C300 200w\" sizes=\"(max-width: 512px) 100vw, 512px\" data-recalc-dims=\"1\" \/><\/figure><\/div>\n\n\n\n<p><strong>Se renseigner:<\/strong> <a href=\"http:\/\/www.bourgenbressetourisme.fr\">www.bourgenbressetourisme.fr<\/a>, avenue Alsace-Lorraine 6, t\u00e9l. 0334 74 22 49 40 ou <a href=\"accueil@bourgenbressetourisme.fr\">accueil@bourgenbressetourisme.fr<\/a><\/p>\n\n\n\n<div class=\"wp-block-file\"><a href=\"http:\/\/www.presstourism.ch\/WP_ALEX\/wp-content\/uploads\/2018\/12\/NVT_301118-Balade-BourgEnBresse2.pdf\">Lire ou t\u00e9l\u00e9charger l&rsquo;article de presse<\/a><a href=\"http:\/\/www.presstourism.ch\/WP_ALEX\/wp-content\/uploads\/2018\/12\/NVT_301118-Balade-BourgEnBresse2.pdf\" class=\"wp-block-file__button\" download>T\u00e9l\u00e9charger<\/a><\/div>\n\n\n\n<figure class=\"wp-block-embed is-type-rich is-provider-presstourism-ch\"><div class=\"wp-block-embed__wrapper\">\n<blockquote class=\"wp-embedded-content\" data-secret=\"HZO7xJbXmX\"><a href=\"http:\/\/www.presstourism.ch\/WP_ALEX\/?page_id=122\">Juillerat Roger<\/a><\/blockquote><iframe class=\"wp-embedded-content\" sandbox=\"allow-scripts\" security=\"restricted\" style=\"position: absolute; clip: rect(1px, 1px, 1px, 1px);\" src=\"http:\/\/www.presstourism.ch\/WP_ALEX\/?page_id=122&#038;embed=true#?secret=HZO7xJbXmX\" data-secret=\"HZO7xJbXmX\" width=\"584\" height=\"329\" title=\"\u00ab\u00a0Juillerat Roger\u00a0\u00bb &#8212; presstourism.ch\" frameborder=\"0\" marginwidth=\"0\" marginheight=\"0\" scrolling=\"no\"><\/iframe>\n<\/div><\/figure>\n","protected":false},"excerpt":{"rendered":"<p>FRANCE VOISINE &#8211; Gastronomie et patrimoine sont les composants essentiels du d\u00e9partement de l&rsquo;Ain, dont Bourg-en-Bresse et trois autres lieux s&rsquo;appr\u00eatent \u00e0 c\u00e9l\u00e9brer poulets, poulardes et chapons. Apr\u00e8s la Champagne et son vin p\u00e9tillant (La R\u00e9gion Nord vaudois du 16 &hellip; <a href=\"http:\/\/www.presstourism.ch\/?page_id=4931\">Continuer la lecture <span class=\"meta-nav\">&rarr;<\/span><\/a><\/p>\n","protected":false},"author":1,"featured_media":0,"parent":293,"menu_order":0,"comment_status":"closed","ping_status":"closed","template":"","meta":{"ngg_post_thumbnail":0,"spay_email":""},"jetpack_sharing_enabled":true,"jetpack_shortlink":"https:\/\/wp.me\/P468TV-1hx","_links":{"self":[{"href":"http:\/\/www.presstourism.ch\/index.php?rest_route=\/wp\/v2\/pages\/4931"}],"collection":[{"href":"http:\/\/www.presstourism.ch\/index.php?rest_route=\/wp\/v2\/pages"}],"about":[{"href":"http:\/\/www.presstourism.ch\/index.php?rest_route=\/wp\/v2\/types\/page"}],"author":[{"embeddable":true,"href":"http:\/\/www.presstourism.ch\/index.php?rest_route=\/wp\/v2\/users\/1"}],"replies":[{"embeddable":true,"href":"http:\/\/www.presstourism.ch\/index.php?rest_route=%2Fwp%2Fv2%2Fcomments&post=4931"}],"version-history":[{"count":4,"href":"http:\/\/www.presstourism.ch\/index.php?rest_route=\/wp\/v2\/pages\/4931\/revisions"}],"predecessor-version":[{"id":5160,"href":"http:\/\/www.presstourism.ch\/index.php?rest_route=\/wp\/v2\/pages\/4931\/revisions\/5160"}],"up":[{"embeddable":true,"href":"http:\/\/www.presstourism.ch\/index.php?rest_route=\/wp\/v2\/pages\/293"}],"wp:attachment":[{"href":"http:\/\/www.presstourism.ch\/index.php?rest_route=%2Fwp%2Fv2%2Fmedia&parent=4931"}],"curies":[{"name":"wp","href":"https:\/\/api.w.org\/{rel}","templated":true}]}}