{"id":4859,"date":"2018-12-03T19:51:03","date_gmt":"2018-12-03T18:51:03","guid":{"rendered":"http:\/\/www.presstourism.ch\/WP_ALEX\/?page_id=4859"},"modified":"2019-06-05T14:41:47","modified_gmt":"2019-06-05T13:41:47","slug":"2018-assemblee-generale-delemont","status":"publish","type":"page","link":"http:\/\/www.presstourism.ch\/?page_id=4859","title":{"rendered":"2018 Assembl\u00e9e g\u00e9n\u00e9rale Del\u00e9mont"},"content":{"rendered":"<p><em><strong>Ce proc\u00e8s verbal a \u00e9t\u00e9 approuv\u00e9 lors de l&rsquo;assembl\u00e9e g\u00e9n\u00e9rale du 23 mai 2019.<\/strong><\/em><\/p>\n<p>\u00a0<\/p>\n\n\n<div class=\"wp-block-file\"><a href=\"http:\/\/www.presstourism.ch\/WP_ALEX\/wp-content\/uploads\/2019\/06\/PV-AG-Del\u00e9mont-approuv\u00e9.pdf\">PV-AG-Del\u00e9mont-approuv\u00e9<\/a><a href=\"http:\/\/www.presstourism.ch\/WP_ALEX\/wp-content\/uploads\/2019\/06\/PV-AG-Del\u00e9mont-approuv\u00e9.pdf\" class=\"wp-block-file__button\" download>T\u00e9l\u00e9charger<\/a><\/div>\n","protected":false},"excerpt":{"rendered":"<p>Ce proc\u00e8s verbal a \u00e9t\u00e9 approuv\u00e9 lors de l&rsquo;assembl\u00e9e g\u00e9n\u00e9rale du 23 mai 2019. \u00a0<\/p>\n","protected":false},"author":1,"featured_media":0,"parent":490,"menu_order":0,"comment_status":"closed","ping_status":"closed","template":"","meta":{"ngg_post_thumbnail":0,"spay_email":""},"jetpack_sharing_enabled":true,"jetpack_shortlink":"https:\/\/wp.me\/P468TV-1gn","_links":{"self":[{"href":"http:\/\/www.presstourism.ch\/index.php?rest_route=\/wp\/v2\/pages\/4859"}],"collection":[{"href":"http:\/\/www.presstourism.ch\/index.php?rest_route=\/wp\/v2\/pages"}],"about":[{"href":"http:\/\/www.presstourism.ch\/index.php?rest_route=\/wp\/v2\/types\/page"}],"author":[{"embeddable":true,"href":"http:\/\/www.presstourism.ch\/index.php?rest_route=\/wp\/v2\/users\/1"}],"replies":[{"embeddable":true,"href":"http:\/\/www.presstourism.ch\/index.php?rest_route=%2Fwp%2Fv2%2Fcomments&post=4859"}],"version-history":[{"count":4,"href":"http:\/\/www.presstourism.ch\/index.php?rest_route=\/wp\/v2\/pages\/4859\/revisions"}],"predecessor-version":[{"id":5622,"href":"http:\/\/www.presstourism.ch\/index.php?rest_route=\/wp\/v2\/pages\/4859\/revisions\/5622"}],"up":[{"embeddable":true,"href":"http:\/\/www.presstourism.ch\/index.php?rest_route=\/wp\/v2\/pages\/490"}],"wp:attachment":[{"href":"http:\/\/www.presstourism.ch\/index.php?rest_route=%2Fwp%2Fv2%2Fmedia&parent=4859"}],"curies":[{"name":"wp","href":"https:\/\/api.w.org\/{rel}","templated":true}]}}