{"id":4847,"date":"2018-11-16T20:04:55","date_gmt":"2018-11-16T19:04:55","guid":{"rendered":"http:\/\/www.presstourism.ch\/WP_ALEX\/?page_id=4847"},"modified":"2018-11-16T20:16:35","modified_gmt":"2018-11-16T19:16:35","slug":"tourisme-on-reste-dans-les-classiques-pour-cet-ete","status":"publish","type":"page","link":"http:\/\/www.presstourism.ch\/?page_id=4847","title":{"rendered":"Tourisme 2018:  \u00abOn reste dans les classiques pour cet \u00e9t\u00e9\u00bb"},"content":{"rendered":"<div id=\"attachment_4852\" style=\"width: 650px\" class=\"wp-caption aligncenter\"><a href=\"https:\/\/i0.wp.com\/www.presstourism.ch\/WP_ALEX\/wp-content\/uploads\/2018\/11\/P1010341.jpg\"><img aria-describedby=\"caption-attachment-4852\" loading=\"lazy\" class=\"wp-image-4852 size-large\" src=\"https:\/\/i0.wp.com\/www.presstourism.ch\/WP_ALEX\/wp-content\/uploads\/2018\/11\/P1010341-1024x768.jpg?resize=584%2C438\" alt=\"\" width=\"584\" height=\"438\" srcset=\"https:\/\/i2.wp.com\/www.presstourism.ch\/wp-content\/uploads\/2018\/11\/P1010341.jpg?w=1024 1024w, https:\/\/i2.wp.com\/www.presstourism.ch\/wp-content\/uploads\/2018\/11\/P1010341.jpg?resize=300%2C225 300w, https:\/\/i2.wp.com\/www.presstourism.ch\/wp-content\/uploads\/2018\/11\/P1010341.jpg?resize=768%2C576 768w, https:\/\/i2.wp.com\/www.presstourism.ch\/wp-content\/uploads\/2018\/11\/P1010341.jpg?resize=600%2C450 600w\" sizes=\"(max-width: 584px) 100vw, 584px\" data-recalc-dims=\"1\" \/><\/a><p id=\"caption-attachment-4852\" class=\"wp-caption-text\">Le port de La Can\u00e9e (Cr\u00e8te). Photo A.D.<\/p><\/div>\n<p>Les \u00eeles grecques, Cr\u00e8te en t\u00eate, Bal\u00e9ares et Canaries, sont les destinations de vacances privil\u00e9gi\u00e9es des Suisses cet \u00e9t\u00e9. Plus surprenant, les pays nordiques gagnent en popularit\u00e9. Le point en compagnie du Vaudois St\u00e9phane Jayet, vice-pr\u00e9sident de la F\u00e9d\u00e9ration Suisse du Voyage (FSV), et responsable de la formation des agents de voyages romands.<\/p>\n<div id=\"attachment_4848\" style=\"width: 310px\" class=\"wp-caption aligncenter\"><a href=\"https:\/\/i0.wp.com\/www.presstourism.ch\/WP_ALEX\/wp-content\/uploads\/2018\/11\/Jayet_Stephane.jpg\"><img aria-describedby=\"caption-attachment-4848\" loading=\"lazy\" class=\"wp-image-4848 size-medium\" src=\"https:\/\/i2.wp.com\/www.presstourism.ch\/WP_ALEX\/wp-content\/uploads\/2018\/11\/Jayet_Stephane-300x225.jpg?resize=300%2C225\" alt=\"\" width=\"300\" height=\"225\" srcset=\"https:\/\/i0.wp.com\/www.presstourism.ch\/wp-content\/uploads\/2018\/11\/Jayet_Stephane.jpg?resize=300%2C225 300w, https:\/\/i0.wp.com\/www.presstourism.ch\/wp-content\/uploads\/2018\/11\/Jayet_Stephane.jpg?resize=768%2C576 768w, https:\/\/i0.wp.com\/www.presstourism.ch\/wp-content\/uploads\/2018\/11\/Jayet_Stephane.jpg?resize=1024%2C768 1024w, https:\/\/i0.wp.com\/www.presstourism.ch\/wp-content\/uploads\/2018\/11\/Jayet_Stephane.jpg?resize=600%2C450 600w, https:\/\/i0.wp.com\/www.presstourism.ch\/wp-content\/uploads\/2018\/11\/Jayet_Stephane.jpg?w=1168 1168w, https:\/\/i0.wp.com\/www.presstourism.ch\/wp-content\/uploads\/2018\/11\/Jayet_Stephane.jpg?w=1752 1752w\" sizes=\"(max-width: 300px) 100vw, 300px\" data-recalc-dims=\"1\" \/><\/a><p id=\"caption-attachment-4848\" class=\"wp-caption-text\">St\u00e9phane Jayet, vice-pr\u00e9sident de la F\u00e9d\u00e9ration Suisse du Voyage.<\/p><\/div>\n<p><strong>Quelles sont les destinations de vacances favorites des Suisses cet \u00e9t\u00e9?<\/strong><\/p>\n<p>On reste dans les classiques, \u00e0 savoir les \u00eeles Canaries, principalement la Grande Canarie, et Bal\u00e9ares, avec Majorque en t\u00eate, et la Gr\u00e8ce \u2013 la Cr\u00e8te surtout. Il faut dire qu\u2019il y a eu un fort d\u00e9veloppement vers ces lieux au d\u00e9part des principales plateformes a\u00e9roportuaires de notre pays.<\/p>\n<p><strong>Que peut-on dire au niveau des prix?<\/strong><\/p>\n<p>C\u2019est le statu quo par rapport \u00e0 l\u2019\u00e9t\u00e9 2017, notamment Majorque.<\/p>\n<p><strong>Quid de la Tunisie, de l\u2019Egypte et de la Turquie?<\/strong><\/p>\n<p>La premi\u00e8re et la deuxi\u00e8me remontent un peu, la Turquie pas du tout. Cette derni\u00e8re proposait des offres familiales tr\u00e8s int\u00e9ressantes et \u00e0 l\u2019excellent rapport qualit\u00e9-prix, qui ne se retrouve nulle part ailleurs sur le bassin m\u00e9diterran\u00e9en. Si la situation politique se stabilise, la Turquie va de nouveau cartonner et r\u00e9\u00e9quilibrer l\u2019offre et la demande baln\u00e9aires en Europe.<\/p>\n<p><strong>Et concernant les villes?<\/strong><\/p>\n<p>Barcelone, Madrid, en raison de la dynamique des vols low cost, Dubrovnik, ainsi que l\u2019\u00eele de Santorin, dans les Cyclades, deux escales croisi\u00e8res par excellence, attirent les foules. C\u2019est pr\u00e9cis\u00e9ment pourquoi ces derni\u00e8res destinations commencent \u00e0 \u00eatre victimes du tourisme de masse. Il s\u2019agit du ph\u00e9nom\u00e8ne des croisi\u00e8res, qui d\u00e9versent des centaines, voire des milliers de passagers \u00e0 un endroit pour une journ\u00e9e. Par cons\u00e9quent, les voyageurs commencent \u00e0 se d\u00e9tourner de certains hauts lieux touristiques.<\/p>\n<p>Dans le cas de Dubrovnik, c\u2019est m\u00eame pire, puisque des menaces planent sur sa certification UNESCO si elle continue \u00e0 \u00eatre pareillement envahie.<strong>\u00a0<\/strong><\/p>\n<p><strong>Les pays du Nord deviennent financi\u00e8rement accessibles.\u00a0<\/strong><strong>Des surprises?\u00a0\u00a0<\/strong><\/p>\n<p>Oui, les pays du nord de l\u2019Europe exercent un fort pouvoir d\u2019attraction. C\u2019est ainsi que nos compatriotes r\u00e9servent pour la Scandinavie en g\u00e9n\u00e9ral et l\u2019Islande.<\/p>\n<p>A part leur int\u00e9r\u00eat touristique, bien qu\u2019elles ne soient pas baln\u00e9aires \u00e0 proprement parler, ces destinations d\u00e9couverte sont rest\u00e9es longtemps on\u00e9reuses. Or, leur accessibilit\u00e9 a\u00e9rienne s\u2019est am\u00e9lior\u00e9e et il y a d\u00e9sormais des tarifs promotionnels.<\/p>\n<p>Ajoutons que des \u00e9v\u00e9nements comme l\u2019Euro 2016, o\u00f9 l\u2019Islande s\u2019est illustr\u00e9e, lui a donn\u00e9 une visibilit\u00e9 in\u00e9dite, qui a ouvert l\u2019\u0153il des touristes.<\/p>\n<p><strong>Et outre-mer? <\/strong><\/p>\n<p>L\u2019effet Trump n\u2019a pas eu lieu et les Suisses continuent de se rendre aux Etats-Unis. Le Canada jouit aussi d\u2019une belle cote.<\/p>\n<p>L\u2019Asie du Sud-Est, avec la Tha\u00eflande comme fer de lance, demeure une valeur s\u00fbre.<\/p>\n<p>A l\u2019horizon 2019 ou 2020 et si la d\u00e9sescalade se poursuit, la Cor\u00e9e du Nord pourrait commencer d\u2019attirer les visiteurs en nombre. Avec son littoral, le potentiel est \u00e9norme. <strong>\u00a0\u00a0\u00a0\u00a0<\/strong><\/p>\n<p><strong>Qu\u2019en est-il sur le front des r\u00e9servations, Internet est-il toujours un outil privil\u00e9gi\u00e9?<\/strong><\/p>\n<p>On assiste \u00e0 une stabilisation \u00e0 50% des r\u00e9servations sur le net. Dans les agences de voyages traditionnelles, qui vendent des forfaits, le personnel se r\u00e9duit. En revanche, les bureaux sp\u00e9cialis\u00e9s proposant des produits th\u00e9matiques ou compliqu\u00e9s \u00e0 organiser, voient leurs collaborateurs augmenter.<\/p>\n<p><strong>Propos recueillis par Didier Walzer<\/strong><\/p>\n","protected":false},"excerpt":{"rendered":"<p>Les \u00eeles grecques, Cr\u00e8te en t\u00eate, Bal\u00e9ares et Canaries, sont les destinations de vacances privil\u00e9gi\u00e9es des Suisses cet \u00e9t\u00e9. Plus surprenant, les pays nordiques gagnent en popularit\u00e9. Le point en compagnie du Vaudois St\u00e9phane Jayet, vice-pr\u00e9sident de la F\u00e9d\u00e9ration Suisse &hellip; <a href=\"http:\/\/www.presstourism.ch\/?page_id=4847\">Continuer la lecture <span class=\"meta-nav\">&rarr;<\/span><\/a><\/p>\n","protected":false},"author":1,"featured_media":0,"parent":341,"menu_order":0,"comment_status":"closed","ping_status":"closed","template":"","meta":{"ngg_post_thumbnail":0,"spay_email":""},"jetpack_sharing_enabled":true,"jetpack_shortlink":"https:\/\/wp.me\/P468TV-1gb","_links":{"self":[{"href":"http:\/\/www.presstourism.ch\/index.php?rest_route=\/wp\/v2\/pages\/4847"}],"collection":[{"href":"http:\/\/www.presstourism.ch\/index.php?rest_route=\/wp\/v2\/pages"}],"about":[{"href":"http:\/\/www.presstourism.ch\/index.php?rest_route=\/wp\/v2\/types\/page"}],"author":[{"embeddable":true,"href":"http:\/\/www.presstourism.ch\/index.php?rest_route=\/wp\/v2\/users\/1"}],"replies":[{"embeddable":true,"href":"http:\/\/www.presstourism.ch\/index.php?rest_route=%2Fwp%2Fv2%2Fcomments&post=4847"}],"version-history":[{"count":3,"href":"http:\/\/www.presstourism.ch\/index.php?rest_route=\/wp\/v2\/pages\/4847\/revisions"}],"predecessor-version":[{"id":4853,"href":"http:\/\/www.presstourism.ch\/index.php?rest_route=\/wp\/v2\/pages\/4847\/revisions\/4853"}],"up":[{"embeddable":true,"href":"http:\/\/www.presstourism.ch\/index.php?rest_route=\/wp\/v2\/pages\/341"}],"wp:attachment":[{"href":"http:\/\/www.presstourism.ch\/index.php?rest_route=%2Fwp%2Fv2%2Fmedia&parent=4847"}],"curies":[{"name":"wp","href":"https:\/\/api.w.org\/{rel}","templated":true}]}}